{"id":6175,"date":"2026-04-15T12:34:03","date_gmt":"2026-04-15T12:34:03","guid":{"rendered":"https:\/\/stategridargentina.com.ar\/catalogo\/?post_type=product&#038;p=6175"},"modified":"2026-04-15T12:34:03","modified_gmt":"2026-04-15T12:34:03","slug":"gtin7798424760336","status":"publish","type":"product","link":"https:\/\/stategridargentina.com.ar\/catalogo\/producto\/gtin7798424760336\/","title":{"rendered":"Cacao en Polvo Desgrasado Sin Gluten LECHE VIT 180 g"},"content":{"rendered":"<p>Descripci\u00f3n: Cacao en Polvo Desgrasado a Base de Cacao, Az\u00facar y Almid\u00f3n de Ma\u00edz con Esencia Artificial de Vainilla Sin Gluten LECHE VIT 180,00 GRAMOS (GR)<br data-start=\"267\" data-end=\"270\" \/><br data-start=\"288\" data-end=\"291\" \/>Marca: LECHE VIT<br data-start=\"307\" data-end=\"310\" \/>Variedad: SIN GLUTEN<br data-start=\"330\" data-end=\"333\" \/>Contenido Neto: 180<br data-start=\"426\" data-end=\"429\" \/>Unidad de Medida: GRAMOS (GR)<br data-start=\"458\" data-end=\"461\" \/>Sodio: NO<br data-start=\"470\" data-end=\"473\" \/>Az\u00facares: SI<br data-start=\"485\" data-end=\"488\" \/>Grasas saturadas: NO<br data-start=\"508\" data-end=\"511\" \/>Grasas totales: NO<br data-start=\"529\" data-end=\"532\" \/>Calor\u00edas: SI<br data-start=\"544\" data-end=\"547\" \/>Edulcorantes: NO<br data-start=\"563\" data-end=\"566\" \/>Cafe\u00edna: NO<\/p>\n","protected":false},"excerpt":{"rendered":"<p>GTIN: 7798424760336<br data-start=\"109\" data-end=\"112\" \/>Descripci\u00f3n: Cacao en Polvo Desgrasado a Base de Cacao, Az\u00facar y Almid\u00f3n de Ma\u00edz con Esencia Artificial de Vainilla Sin Gluten LECHE VIT 180,00 GRAMOS (GR)<br data-start=\"267\" data-end=\"270\" \/>Marca: LECHE VIT<br data-start=\"307\" data-end=\"310\" \/>Variedad: SIN GLUTEN<br data-start=\"330\" data-end=\"333\" \/>Contenido Neto: 180<br data-start=\"426\" data-end=\"429\" \/>Unidad de Medida: GRAMOS (GR)<br data-start=\"458\" data-end=\"461\" \/>Sodio: NO<br data-start=\"470\" data-end=\"473\" \/>Az\u00facares: SI<br data-start=\"485\" data-end=\"488\" \/>Grasas saturadas: NO<br data-start=\"508\" data-end=\"511\" \/>Grasas totales: NO<br data-start=\"529\" data-end=\"532\" \/>Calor\u00edas: SI<br data-start=\"544\" data-end=\"547\" \/>Edulcorantes: NO<br data-start=\"563\" data-end=\"566\" \/>Cafe\u00edna: NO<\/p>\n","protected":false},"featured_media":6176,"template":"","meta":{"_joinchat":[]},"product_cat":[235],"product_tag":[],"class_list":{"0":"post-6175","1":"product","2":"type-product","3":"status-publish","4":"has-post-thumbnail","6":"product_cat-paquetes-variados-de-alimentos-bebidas-tabaco","8":"first","9":"instock","10":"shipping-taxable","11":"product-type-simple","12":"col-xs-6 col-sm-4","13":"col-md-3 col-lg-3","14":"un-4-cols"},"yoast_head":"<!-- This site is optimized with the Yoast SEO plugin v27.5 - https:\/\/yoast.com\/product\/yoast-seo-wordpress\/ -->\n<title>GTIN:7798424760336 Cacao en Polvo Desgrasado Sin Gluten LECHE VIT 180 g - STATE GRID<\/title>\n<meta name=\"description\" content=\"Cacao en Polvo Desgrasado a Base de Cacao, Az\u00facar y Almid\u00f3n de Ma\u00edz con Esencia Artificial de Vainilla Sin Gluten LECHE VIT 180,00 GRAMOS (GR)\" \/>\n<meta name=\"robots\" content=\"index, follow, max-snippet:-1, max-image-preview:large, max-video-preview:-1\" \/>\n<link rel=\"canonical\" href=\"https:\/\/stategridargentina.com.ar\/catalogo\/producto\/gtin7798424760336\/\" \/>\n<meta property=\"og:locale\" content=\"es_ES\" \/>\n<meta property=\"og:type\" content=\"article\" \/>\n<meta property=\"og:title\" content=\"GTIN:7798424760336 Cacao en Polvo Desgrasado Sin Gluten LECHE VIT 180 g - STATE GRID\" \/>\n<meta property=\"og:description\" content=\"Cacao en Polvo Desgrasado a Base de Cacao, Az\u00facar y Almid\u00f3n de Ma\u00edz con Esencia Artificial de Vainilla Sin Gluten LECHE VIT 180,00 GRAMOS (GR)\" \/>\n<meta property=\"og:url\" content=\"https:\/\/stategridargentina.com.ar\/catalogo\/producto\/gtin7798424760336\/\" \/>\n<meta property=\"og:site_name\" content=\"STATE GRID ARGENTINA - Cat\u00e1logo\" \/>\n<meta property=\"og:image\" content=\"https:\/\/stategridargentina.com.ar\/catalogo\/wp-content\/uploads\/2026\/04\/1-36.jpg\" \/>\n\t<meta property=\"og:image:width\" content=\"795\" \/>\n\t<meta property=\"og:image:height\" content=\"653\" \/>\n\t<meta property=\"og:image:type\" content=\"image\/jpeg\" \/>\n<meta name=\"twitter:card\" content=\"summary_large_image\" \/>\n<script type=\"application\/ld+json\" class=\"yoast-schema-graph\">{\"@context\":\"https:\\\/\\\/schema.org\",\"@graph\":[{\"@type\":\"WebPage\",\"@id\":\"https:\\\/\\\/stategridargentina.com.ar\\\/catalogo\\\/producto\\\/gtin7798424760336\\\/\",\"url\":\"https:\\\/\\\/stategridargentina.com.ar\\\/catalogo\\\/producto\\\/gtin7798424760336\\\/\",\"name\":\"GTIN:7798424760336 Cacao en Polvo Desgrasado Sin Gluten LECHE VIT 180 g - STATE GRID\",\"isPartOf\":{\"@id\":\"https:\\\/\\\/stategridargentina.com.ar\\\/catalogo\\\/#website\"},\"primaryImageOfPage\":{\"@id\":\"https:\\\/\\\/stategridargentina.com.ar\\\/catalogo\\\/producto\\\/gtin7798424760336\\\/#primaryimage\"},\"image\":{\"@id\":\"https:\\\/\\\/stategridargentina.com.ar\\\/catalogo\\\/producto\\\/gtin7798424760336\\\/#primaryimage\"},\"thumbnailUrl\":\"https:\\\/\\\/stategridargentina.com.ar\\\/catalogo\\\/wp-content\\\/uploads\\\/2026\\\/04\\\/1-36.jpg\",\"datePublished\":\"2026-04-15T12:34:03+00:00\",\"description\":\"Cacao en Polvo Desgrasado a Base de Cacao, Az\u00facar y Almid\u00f3n de Ma\u00edz con Esencia Artificial de Vainilla Sin Gluten LECHE VIT 180,00 GRAMOS (GR)\",\"breadcrumb\":{\"@id\":\"https:\\\/\\\/stategridargentina.com.ar\\\/catalogo\\\/producto\\\/gtin7798424760336\\\/#breadcrumb\"},\"inLanguage\":\"es\",\"potentialAction\":[{\"@type\":\"ReadAction\",\"target\":[\"https:\\\/\\\/stategridargentina.com.ar\\\/catalogo\\\/producto\\\/gtin7798424760336\\\/\"]}]},{\"@type\":\"ImageObject\",\"inLanguage\":\"es\",\"@id\":\"https:\\\/\\\/stategridargentina.com.ar\\\/catalogo\\\/producto\\\/gtin7798424760336\\\/#primaryimage\",\"url\":\"https:\\\/\\\/stategridargentina.com.ar\\\/catalogo\\\/wp-content\\\/uploads\\\/2026\\\/04\\\/1-36.jpg\",\"contentUrl\":\"https:\\\/\\\/stategridargentina.com.ar\\\/catalogo\\\/wp-content\\\/uploads\\\/2026\\\/04\\\/1-36.jpg\",\"width\":795,\"height\":653},{\"@type\":\"BreadcrumbList\",\"@id\":\"https:\\\/\\\/stategridargentina.com.ar\\\/catalogo\\\/producto\\\/gtin7798424760336\\\/#breadcrumb\",\"itemListElement\":[{\"@type\":\"ListItem\",\"position\":1,\"name\":\"Portada\",\"item\":\"https:\\\/\\\/stategridargentina.com.ar\\\/catalogo\\\/\"},{\"@type\":\"ListItem\",\"position\":2,\"name\":\"Catalogo\",\"item\":\"https:\\\/\\\/stategridargentina.com.ar\\\/catalogo\\\/\"},{\"@type\":\"ListItem\",\"position\":3,\"name\":\"Cacao en Polvo Desgrasado Sin Gluten LECHE VIT 180 g\"}]},{\"@type\":\"WebSite\",\"@id\":\"https:\\\/\\\/stategridargentina.com.ar\\\/catalogo\\\/#website\",\"url\":\"https:\\\/\\\/stategridargentina.com.ar\\\/catalogo\\\/\",\"name\":\"STATE GRID Catalogo\",\"description\":\"\",\"potentialAction\":[{\"@type\":\"SearchAction\",\"target\":{\"@type\":\"EntryPoint\",\"urlTemplate\":\"https:\\\/\\\/stategridargentina.com.ar\\\/catalogo\\\/?s={search_term_string}\"},\"query-input\":{\"@type\":\"PropertyValueSpecification\",\"valueRequired\":true,\"valueName\":\"search_term_string\"}}],\"inLanguage\":\"es\"}]}<\/script>\n<!-- \/ Yoast SEO plugin. -->","yoast_head_json":{"title":"GTIN:7798424760336 Cacao en Polvo Desgrasado Sin Gluten LECHE VIT 180 g - STATE GRID","description":"Cacao en Polvo Desgrasado a Base de Cacao, Az\u00facar y Almid\u00f3n de Ma\u00edz con Esencia Artificial de Vainilla Sin Gluten LECHE VIT 180,00 GRAMOS (GR)","robots":{"index":"index","follow":"follow","max-snippet":"max-snippet:-1","max-image-preview":"max-image-preview:large","max-video-preview":"max-video-preview:-1"},"canonical":"https:\/\/stategridargentina.com.ar\/catalogo\/producto\/gtin7798424760336\/","og_locale":"es_ES","og_type":"article","og_title":"GTIN:7798424760336 Cacao en Polvo Desgrasado Sin Gluten LECHE VIT 180 g - STATE GRID","og_description":"Cacao en Polvo Desgrasado a Base de Cacao, Az\u00facar y Almid\u00f3n de Ma\u00edz con Esencia Artificial de Vainilla Sin Gluten LECHE VIT 180,00 GRAMOS (GR)","og_url":"https:\/\/stategridargentina.com.ar\/catalogo\/producto\/gtin7798424760336\/","og_site_name":"STATE GRID ARGENTINA - Cat\u00e1logo","og_image":[{"width":795,"height":653,"url":"https:\/\/stategridargentina.com.ar\/catalogo\/wp-content\/uploads\/2026\/04\/1-36.jpg","type":"image\/jpeg"}],"twitter_card":"summary_large_image","schema":{"@context":"https:\/\/schema.org","@graph":[{"@type":"WebPage","@id":"https:\/\/stategridargentina.com.ar\/catalogo\/producto\/gtin7798424760336\/","url":"https:\/\/stategridargentina.com.ar\/catalogo\/producto\/gtin7798424760336\/","name":"GTIN:7798424760336 Cacao en Polvo Desgrasado Sin Gluten LECHE VIT 180 g - STATE GRID","isPartOf":{"@id":"https:\/\/stategridargentina.com.ar\/catalogo\/#website"},"primaryImageOfPage":{"@id":"https:\/\/stategridargentina.com.ar\/catalogo\/producto\/gtin7798424760336\/#primaryimage"},"image":{"@id":"https:\/\/stategridargentina.com.ar\/catalogo\/producto\/gtin7798424760336\/#primaryimage"},"thumbnailUrl":"https:\/\/stategridargentina.com.ar\/catalogo\/wp-content\/uploads\/2026\/04\/1-36.jpg","datePublished":"2026-04-15T12:34:03+00:00","description":"Cacao en Polvo Desgrasado a Base de Cacao, Az\u00facar y Almid\u00f3n de Ma\u00edz con Esencia Artificial de Vainilla Sin Gluten LECHE VIT 180,00 GRAMOS (GR)","breadcrumb":{"@id":"https:\/\/stategridargentina.com.ar\/catalogo\/producto\/gtin7798424760336\/#breadcrumb"},"inLanguage":"es","potentialAction":[{"@type":"ReadAction","target":["https:\/\/stategridargentina.com.ar\/catalogo\/producto\/gtin7798424760336\/"]}]},{"@type":"ImageObject","inLanguage":"es","@id":"https:\/\/stategridargentina.com.ar\/catalogo\/producto\/gtin7798424760336\/#primaryimage","url":"https:\/\/stategridargentina.com.ar\/catalogo\/wp-content\/uploads\/2026\/04\/1-36.jpg","contentUrl":"https:\/\/stategridargentina.com.ar\/catalogo\/wp-content\/uploads\/2026\/04\/1-36.jpg","width":795,"height":653},{"@type":"BreadcrumbList","@id":"https:\/\/stategridargentina.com.ar\/catalogo\/producto\/gtin7798424760336\/#breadcrumb","itemListElement":[{"@type":"ListItem","position":1,"name":"Portada","item":"https:\/\/stategridargentina.com.ar\/catalogo\/"},{"@type":"ListItem","position":2,"name":"Catalogo","item":"https:\/\/stategridargentina.com.ar\/catalogo\/"},{"@type":"ListItem","position":3,"name":"Cacao en Polvo Desgrasado Sin Gluten LECHE VIT 180 g"}]},{"@type":"WebSite","@id":"https:\/\/stategridargentina.com.ar\/catalogo\/#website","url":"https:\/\/stategridargentina.com.ar\/catalogo\/","name":"STATE GRID Catalogo","description":"","potentialAction":[{"@type":"SearchAction","target":{"@type":"EntryPoint","urlTemplate":"https:\/\/stategridargentina.com.ar\/catalogo\/?s={search_term_string}"},"query-input":{"@type":"PropertyValueSpecification","valueRequired":true,"valueName":"search_term_string"}}],"inLanguage":"es"}]}},"_links":{"self":[{"href":"https:\/\/stategridargentina.com.ar\/catalogo\/wp-json\/wp\/v2\/product\/6175","targetHints":{"allow":["GET"]}}],"collection":[{"href":"https:\/\/stategridargentina.com.ar\/catalogo\/wp-json\/wp\/v2\/product"}],"about":[{"href":"https:\/\/stategridargentina.com.ar\/catalogo\/wp-json\/wp\/v2\/types\/product"}],"wp:featuredmedia":[{"embeddable":true,"href":"https:\/\/stategridargentina.com.ar\/catalogo\/wp-json\/wp\/v2\/media\/6176"}],"wp:attachment":[{"href":"https:\/\/stategridargentina.com.ar\/catalogo\/wp-json\/wp\/v2\/media?parent=6175"}],"wp:term":[{"taxonomy":"product_cat","embeddable":true,"href":"https:\/\/stategridargentina.com.ar\/catalogo\/wp-json\/wp\/v2\/product_cat?post=6175"},{"taxonomy":"product_tag","embeddable":true,"href":"https:\/\/stategridargentina.com.ar\/catalogo\/wp-json\/wp\/v2\/product_tag?post=6175"}],"curies":[{"name":"wp","href":"https:\/\/api.w.org\/{rel}","templated":true}]}}