{"id":6165,"date":"2026-04-12T18:24:16","date_gmt":"2026-04-12T18:24:16","guid":{"rendered":"https:\/\/stategridargentina.com.ar\/catalogo\/?post_type=product&#038;p=6165"},"modified":"2026-04-14T14:06:01","modified_gmt":"2026-04-14T14:06:01","slug":"gtin7798424760022","status":"publish","type":"product","link":"https:\/\/stategridargentina.com.ar\/catalogo\/producto\/gtin7798424760022\/","title":{"rendered":"Bebida L\u00e1ctea en Polvo Fortificada FORTELAC 1 kg"},"content":{"rendered":"<p>Descripci\u00f3n: POLVO PARA PREPARAR BEBIDA L\u00c1CTEA INSTANT\u00c1NEA FORTIFICADA CON VITAMINAS A Y D SABOR LECHE. NO ES SUSTITUTO DE LA LECHE FORTELAC 1000,00 GRAMOS (GR)<br data-start=\"301\" data-end=\"304\" \/><br data-start=\"322\" data-end=\"325\" \/>Marca: FORTELAC<br data-start=\"340\" data-end=\"343\" \/>Variedad: SABOR LECHE. NO ES SUSTITUTO DE LA LECHE<br data-start=\"393\" data-end=\"396\" \/>Contenido Neto: 1000<br data-start=\"502\" data-end=\"505\" \/>Unidad de Medida: GRAMOS (GR)<br data-start=\"534\" data-end=\"537\" \/>Sodio: NO<br data-start=\"546\" data-end=\"549\" \/>Az\u00facares: NO<br data-start=\"561\" data-end=\"564\" \/>Grasas saturadas: NO<br data-start=\"584\" data-end=\"587\" \/>Grasas totales: NO<br data-start=\"605\" data-end=\"608\" \/>Calor\u00edas: NO<br data-start=\"620\" data-end=\"623\" \/>Edulcorantes: NO<br data-start=\"639\" data-end=\"642\" \/>Cafe\u00edna: NO<\/p>\n","protected":false},"excerpt":{"rendered":"<p>GTIN: 7798424760022<br data-start=\"138\" data-end=\"141\" \/>Descripci\u00f3n: POLVO PARA PREPARAR BEBIDA L\u00c1CTEA INSTANT\u00c1NEA FORTIFICADA CON VITAMINAS A Y D SABOR LECHE. NO ES SUSTITUTO DE LA LECHE FORTELAC 1000,00 GRAMOS (GR)<br data-start=\"301\" data-end=\"304\" \/>Marca: FORTELAC<br data-start=\"340\" data-end=\"343\" \/>Variedad: SABOR LECHE. NO ES SUSTITUTO DE LA LECHE<br data-start=\"393\" data-end=\"396\" \/>Contenido Neto: 1000<br data-start=\"502\" data-end=\"505\" \/>Unidad de Medida: GRAMOS (GR)<br data-start=\"534\" data-end=\"537\" \/>Sodio: NO<br data-start=\"546\" data-end=\"549\" \/>Az\u00facares: NO<br data-start=\"561\" data-end=\"564\" \/>Grasas saturadas: NO<br data-start=\"584\" data-end=\"587\" \/>Grasas totales: NO<br data-start=\"605\" data-end=\"608\" \/>Calor\u00edas: NO<br data-start=\"620\" data-end=\"623\" \/>Edulcorantes: NO<br data-start=\"639\" data-end=\"642\" \/>Cafe\u00edna: NO<\/p>\n","protected":false},"featured_media":6170,"template":"","meta":{"_joinchat":[]},"product_cat":[237],"product_tag":[],"class_list":{"0":"post-6165","1":"product","2":"type-product","3":"status-publish","4":"has-post-thumbnail","6":"product_cat-leche-sustitutos-de-la-leche-no-necesitan-refrigeracion","8":"first","9":"instock","10":"shipping-taxable","11":"product-type-simple","12":"col-xs-6 col-sm-4","13":"col-md-3 col-lg-3","14":"un-4-cols"},"yoast_head":"<!-- This site is optimized with the Yoast SEO plugin v27.5 - https:\/\/yoast.com\/product\/yoast-seo-wordpress\/ -->\n<title>GTIN:7798424760022 Bebida L\u00e1ctea en Polvo Fortificada FORTELAC 1 kg - STATE GRID<\/title>\n<meta name=\"description\" content=\"POLVO PARA PREPARAR BEBIDA L\u00c1CTEA INSTANT\u00c1NEA FORTIFICADA CON VITAMINAS A Y D SABOR LECHE. NO ES SUSTITUTO DE LA LECHE FORTELAC 1000,00 GRAMOS (GR)\" \/>\n<meta name=\"robots\" content=\"index, follow, max-snippet:-1, max-image-preview:large, max-video-preview:-1\" \/>\n<link rel=\"canonical\" href=\"https:\/\/stategridargentina.com.ar\/catalogo\/producto\/gtin7798424760022\/\" \/>\n<meta property=\"og:locale\" content=\"es_ES\" \/>\n<meta property=\"og:type\" content=\"article\" \/>\n<meta property=\"og:title\" content=\"GTIN:7798424760022 Bebida L\u00e1ctea en Polvo Fortificada FORTELAC 1 kg - STATE GRID\" \/>\n<meta property=\"og:description\" content=\"POLVO PARA PREPARAR BEBIDA L\u00c1CTEA INSTANT\u00c1NEA FORTIFICADA CON VITAMINAS A Y D SABOR LECHE. NO ES SUSTITUTO DE LA LECHE FORTELAC 1000,00 GRAMOS (GR)\" \/>\n<meta property=\"og:url\" content=\"https:\/\/stategridargentina.com.ar\/catalogo\/producto\/gtin7798424760022\/\" \/>\n<meta property=\"og:site_name\" content=\"STATE GRID ARGENTINA - Cat\u00e1logo\" \/>\n<meta property=\"article:modified_time\" content=\"2026-04-14T14:06:01+00:00\" \/>\n<meta property=\"og:image\" content=\"https:\/\/stategridargentina.com.ar\/catalogo\/wp-content\/uploads\/2026\/04\/1-34.jpg\" \/>\n\t<meta property=\"og:image:width\" content=\"1301\" \/>\n\t<meta property=\"og:image:height\" content=\"738\" \/>\n\t<meta property=\"og:image:type\" content=\"image\/jpeg\" \/>\n<meta name=\"twitter:card\" content=\"summary_large_image\" \/>\n<script type=\"application\/ld+json\" class=\"yoast-schema-graph\">{\"@context\":\"https:\\\/\\\/schema.org\",\"@graph\":[{\"@type\":\"WebPage\",\"@id\":\"https:\\\/\\\/stategridargentina.com.ar\\\/catalogo\\\/producto\\\/gtin7798424760022\\\/\",\"url\":\"https:\\\/\\\/stategridargentina.com.ar\\\/catalogo\\\/producto\\\/gtin7798424760022\\\/\",\"name\":\"GTIN:7798424760022 Bebida L\u00e1ctea en Polvo Fortificada FORTELAC 1 kg - STATE GRID\",\"isPartOf\":{\"@id\":\"https:\\\/\\\/stategridargentina.com.ar\\\/catalogo\\\/#website\"},\"primaryImageOfPage\":{\"@id\":\"https:\\\/\\\/stategridargentina.com.ar\\\/catalogo\\\/producto\\\/gtin7798424760022\\\/#primaryimage\"},\"image\":{\"@id\":\"https:\\\/\\\/stategridargentina.com.ar\\\/catalogo\\\/producto\\\/gtin7798424760022\\\/#primaryimage\"},\"thumbnailUrl\":\"https:\\\/\\\/stategridargentina.com.ar\\\/catalogo\\\/wp-content\\\/uploads\\\/2026\\\/04\\\/1-34.jpg\",\"datePublished\":\"2026-04-12T18:24:16+00:00\",\"dateModified\":\"2026-04-14T14:06:01+00:00\",\"description\":\"POLVO PARA PREPARAR BEBIDA L\u00c1CTEA INSTANT\u00c1NEA FORTIFICADA CON VITAMINAS A Y D SABOR LECHE. NO ES SUSTITUTO DE LA LECHE FORTELAC 1000,00 GRAMOS (GR)\",\"breadcrumb\":{\"@id\":\"https:\\\/\\\/stategridargentina.com.ar\\\/catalogo\\\/producto\\\/gtin7798424760022\\\/#breadcrumb\"},\"inLanguage\":\"es\",\"potentialAction\":[{\"@type\":\"ReadAction\",\"target\":[\"https:\\\/\\\/stategridargentina.com.ar\\\/catalogo\\\/producto\\\/gtin7798424760022\\\/\"]}]},{\"@type\":\"ImageObject\",\"inLanguage\":\"es\",\"@id\":\"https:\\\/\\\/stategridargentina.com.ar\\\/catalogo\\\/producto\\\/gtin7798424760022\\\/#primaryimage\",\"url\":\"https:\\\/\\\/stategridargentina.com.ar\\\/catalogo\\\/wp-content\\\/uploads\\\/2026\\\/04\\\/1-34.jpg\",\"contentUrl\":\"https:\\\/\\\/stategridargentina.com.ar\\\/catalogo\\\/wp-content\\\/uploads\\\/2026\\\/04\\\/1-34.jpg\",\"width\":1301,\"height\":738},{\"@type\":\"BreadcrumbList\",\"@id\":\"https:\\\/\\\/stategridargentina.com.ar\\\/catalogo\\\/producto\\\/gtin7798424760022\\\/#breadcrumb\",\"itemListElement\":[{\"@type\":\"ListItem\",\"position\":1,\"name\":\"Portada\",\"item\":\"https:\\\/\\\/stategridargentina.com.ar\\\/catalogo\\\/\"},{\"@type\":\"ListItem\",\"position\":2,\"name\":\"Catalogo\",\"item\":\"https:\\\/\\\/stategridargentina.com.ar\\\/catalogo\\\/\"},{\"@type\":\"ListItem\",\"position\":3,\"name\":\"Bebida L\u00e1ctea en Polvo Fortificada FORTELAC 1 kg\"}]},{\"@type\":\"WebSite\",\"@id\":\"https:\\\/\\\/stategridargentina.com.ar\\\/catalogo\\\/#website\",\"url\":\"https:\\\/\\\/stategridargentina.com.ar\\\/catalogo\\\/\",\"name\":\"STATE GRID Catalogo\",\"description\":\"\",\"potentialAction\":[{\"@type\":\"SearchAction\",\"target\":{\"@type\":\"EntryPoint\",\"urlTemplate\":\"https:\\\/\\\/stategridargentina.com.ar\\\/catalogo\\\/?s={search_term_string}\"},\"query-input\":{\"@type\":\"PropertyValueSpecification\",\"valueRequired\":true,\"valueName\":\"search_term_string\"}}],\"inLanguage\":\"es\"}]}<\/script>\n<!-- \/ Yoast SEO plugin. -->","yoast_head_json":{"title":"GTIN:7798424760022 Bebida L\u00e1ctea en Polvo Fortificada FORTELAC 1 kg - STATE GRID","description":"POLVO PARA PREPARAR BEBIDA L\u00c1CTEA INSTANT\u00c1NEA FORTIFICADA CON VITAMINAS A Y D SABOR LECHE. NO ES SUSTITUTO DE LA LECHE FORTELAC 1000,00 GRAMOS (GR)","robots":{"index":"index","follow":"follow","max-snippet":"max-snippet:-1","max-image-preview":"max-image-preview:large","max-video-preview":"max-video-preview:-1"},"canonical":"https:\/\/stategridargentina.com.ar\/catalogo\/producto\/gtin7798424760022\/","og_locale":"es_ES","og_type":"article","og_title":"GTIN:7798424760022 Bebida L\u00e1ctea en Polvo Fortificada FORTELAC 1 kg - STATE GRID","og_description":"POLVO PARA PREPARAR BEBIDA L\u00c1CTEA INSTANT\u00c1NEA FORTIFICADA CON VITAMINAS A Y D SABOR LECHE. NO ES SUSTITUTO DE LA LECHE FORTELAC 1000,00 GRAMOS (GR)","og_url":"https:\/\/stategridargentina.com.ar\/catalogo\/producto\/gtin7798424760022\/","og_site_name":"STATE GRID ARGENTINA - Cat\u00e1logo","article_modified_time":"2026-04-14T14:06:01+00:00","og_image":[{"width":1301,"height":738,"url":"https:\/\/stategridargentina.com.ar\/catalogo\/wp-content\/uploads\/2026\/04\/1-34.jpg","type":"image\/jpeg"}],"twitter_card":"summary_large_image","schema":{"@context":"https:\/\/schema.org","@graph":[{"@type":"WebPage","@id":"https:\/\/stategridargentina.com.ar\/catalogo\/producto\/gtin7798424760022\/","url":"https:\/\/stategridargentina.com.ar\/catalogo\/producto\/gtin7798424760022\/","name":"GTIN:7798424760022 Bebida L\u00e1ctea en Polvo Fortificada FORTELAC 1 kg - STATE GRID","isPartOf":{"@id":"https:\/\/stategridargentina.com.ar\/catalogo\/#website"},"primaryImageOfPage":{"@id":"https:\/\/stategridargentina.com.ar\/catalogo\/producto\/gtin7798424760022\/#primaryimage"},"image":{"@id":"https:\/\/stategridargentina.com.ar\/catalogo\/producto\/gtin7798424760022\/#primaryimage"},"thumbnailUrl":"https:\/\/stategridargentina.com.ar\/catalogo\/wp-content\/uploads\/2026\/04\/1-34.jpg","datePublished":"2026-04-12T18:24:16+00:00","dateModified":"2026-04-14T14:06:01+00:00","description":"POLVO PARA PREPARAR BEBIDA L\u00c1CTEA INSTANT\u00c1NEA FORTIFICADA CON VITAMINAS A Y D SABOR LECHE. NO ES SUSTITUTO DE LA LECHE FORTELAC 1000,00 GRAMOS (GR)","breadcrumb":{"@id":"https:\/\/stategridargentina.com.ar\/catalogo\/producto\/gtin7798424760022\/#breadcrumb"},"inLanguage":"es","potentialAction":[{"@type":"ReadAction","target":["https:\/\/stategridargentina.com.ar\/catalogo\/producto\/gtin7798424760022\/"]}]},{"@type":"ImageObject","inLanguage":"es","@id":"https:\/\/stategridargentina.com.ar\/catalogo\/producto\/gtin7798424760022\/#primaryimage","url":"https:\/\/stategridargentina.com.ar\/catalogo\/wp-content\/uploads\/2026\/04\/1-34.jpg","contentUrl":"https:\/\/stategridargentina.com.ar\/catalogo\/wp-content\/uploads\/2026\/04\/1-34.jpg","width":1301,"height":738},{"@type":"BreadcrumbList","@id":"https:\/\/stategridargentina.com.ar\/catalogo\/producto\/gtin7798424760022\/#breadcrumb","itemListElement":[{"@type":"ListItem","position":1,"name":"Portada","item":"https:\/\/stategridargentina.com.ar\/catalogo\/"},{"@type":"ListItem","position":2,"name":"Catalogo","item":"https:\/\/stategridargentina.com.ar\/catalogo\/"},{"@type":"ListItem","position":3,"name":"Bebida L\u00e1ctea en Polvo Fortificada FORTELAC 1 kg"}]},{"@type":"WebSite","@id":"https:\/\/stategridargentina.com.ar\/catalogo\/#website","url":"https:\/\/stategridargentina.com.ar\/catalogo\/","name":"STATE GRID Catalogo","description":"","potentialAction":[{"@type":"SearchAction","target":{"@type":"EntryPoint","urlTemplate":"https:\/\/stategridargentina.com.ar\/catalogo\/?s={search_term_string}"},"query-input":{"@type":"PropertyValueSpecification","valueRequired":true,"valueName":"search_term_string"}}],"inLanguage":"es"}]}},"_links":{"self":[{"href":"https:\/\/stategridargentina.com.ar\/catalogo\/wp-json\/wp\/v2\/product\/6165","targetHints":{"allow":["GET"]}}],"collection":[{"href":"https:\/\/stategridargentina.com.ar\/catalogo\/wp-json\/wp\/v2\/product"}],"about":[{"href":"https:\/\/stategridargentina.com.ar\/catalogo\/wp-json\/wp\/v2\/types\/product"}],"wp:featuredmedia":[{"embeddable":true,"href":"https:\/\/stategridargentina.com.ar\/catalogo\/wp-json\/wp\/v2\/media\/6170"}],"wp:attachment":[{"href":"https:\/\/stategridargentina.com.ar\/catalogo\/wp-json\/wp\/v2\/media?parent=6165"}],"wp:term":[{"taxonomy":"product_cat","embeddable":true,"href":"https:\/\/stategridargentina.com.ar\/catalogo\/wp-json\/wp\/v2\/product_cat?post=6165"},{"taxonomy":"product_tag","embeddable":true,"href":"https:\/\/stategridargentina.com.ar\/catalogo\/wp-json\/wp\/v2\/product_tag?post=6165"}],"curies":[{"name":"wp","href":"https:\/\/api.w.org\/{rel}","templated":true}]}}