{"id":6153,"date":"2026-04-12T18:09:58","date_gmt":"2026-04-12T18:09:58","guid":{"rendered":"https:\/\/stategridargentina.com.ar\/catalogo\/?post_type=product&#038;p=6153"},"modified":"2026-04-12T18:37:35","modified_gmt":"2026-04-12T18:37:35","slug":"gtin7798424760190","status":"publish","type":"product","link":"https:\/\/stategridargentina.com.ar\/catalogo\/producto\/gtin7798424760190\/","title":{"rendered":"Leche Descremada en Polvo Fortificada FORTELAC 800 g"},"content":{"rendered":"<p>Descripci\u00f3n: LECHE DESCREMADA EN POLVO INSTANT\u00c1NEA FORTIFICADA CON HIERRO, ZINC Y VITAMINA C. LIBRE DE GLUTEN FORTELAC 800,00 GRAMOS (GR)<br data-start=\"238\" data-end=\"241\" \/>Marca: FORTELAC<br data-start=\"278\" data-end=\"281\" \/>Variedad: FORTIFICADA CON HIERRO, ZINC Y VITAMINA C. LIBRE DE GLUTEN<br data-start=\"349\" data-end=\"352\" \/>Contenido Neto: 800<br data-start=\"457\" data-end=\"460\" \/>Unidad de Medida: GRAMOS (GR)<br data-start=\"489\" data-end=\"492\" \/>Sodio: NO<br data-start=\"501\" data-end=\"504\" \/>Az\u00facares: NO<br data-start=\"516\" data-end=\"519\" \/>Grasas saturadas: NO<br data-start=\"539\" data-end=\"542\" \/>Grasas totales: NO<br data-start=\"560\" data-end=\"563\" \/>Calor\u00edas: NO<br data-start=\"575\" data-end=\"578\" \/>Edulcorantes: NO<br data-start=\"594\" data-end=\"597\" \/>Cafe\u00edna: NO<\/p>\n","protected":false},"excerpt":{"rendered":"<p>Descripci\u00f3n: LECHE DESCREMADA EN POLVO INSTANT\u00c1NEA FORTIFICADA CON HIERRO, ZINC Y VITAMINA C. LIBRE DE GLUTEN FORTELAC 800,00 GRAMOS (GR)Marca: FORTELACVariedad: FORTIFICADA CON HIERRO, ZINC Y VITAMINA C. LIBRE DE GLUTENContenido Neto: 800Unidad de Medida: GRAMOS (GR)Sodio: NOAz\u00facares: NOGrasas saturadas: NOGrasas totales: NOCalor\u00edas: NOEdulcorantes: NOCafe\u00edna: NO<\/p>\n","protected":false},"featured_media":6154,"template":"","meta":{"_joinchat":[]},"product_cat":[237],"product_tag":[],"class_list":{"0":"post-6153","1":"product","2":"type-product","3":"status-publish","4":"has-post-thumbnail","6":"product_cat-leche-sustitutos-de-la-leche-no-necesitan-refrigeracion","8":"first","9":"instock","10":"shipping-taxable","11":"product-type-simple","12":"col-xs-6 col-sm-4","13":"col-md-3 col-lg-3","14":"un-4-cols"},"yoast_head":"<!-- This site is optimized with the Yoast SEO plugin v27.5 - https:\/\/yoast.com\/product\/yoast-seo-wordpress\/ -->\n<title>GTIN:7798424760190 Leche Descremada en Polvo Fortificada FORTELAC 800 g - STATE GRID<\/title>\n<meta name=\"description\" content=\"LECHE DESCREMADA EN POLVO INSTANT\u00c1NEA FORTIFICADA CON HIERRO, ZINC Y VITAMINA C. LIBRE DE GLUTEN FORTELAC 800,00 GRAMOS (GR)\" \/>\n<meta name=\"robots\" content=\"index, follow, max-snippet:-1, max-image-preview:large, max-video-preview:-1\" \/>\n<link rel=\"canonical\" href=\"https:\/\/stategridargentina.com.ar\/catalogo\/producto\/gtin7798424760190\/\" \/>\n<meta property=\"og:locale\" content=\"es_ES\" \/>\n<meta property=\"og:type\" content=\"article\" \/>\n<meta property=\"og:title\" content=\"GTIN:7798424760190 Leche Descremada en Polvo Fortificada FORTELAC 800 g - STATE GRID\" \/>\n<meta property=\"og:description\" content=\"LECHE DESCREMADA EN POLVO INSTANT\u00c1NEA FORTIFICADA CON HIERRO, ZINC Y VITAMINA C. LIBRE DE GLUTEN FORTELAC 800,00 GRAMOS (GR)\" \/>\n<meta property=\"og:url\" content=\"https:\/\/stategridargentina.com.ar\/catalogo\/producto\/gtin7798424760190\/\" \/>\n<meta property=\"og:site_name\" content=\"STATE GRID ARGENTINA - Cat\u00e1logo\" \/>\n<meta property=\"article:modified_time\" content=\"2026-04-12T18:37:35+00:00\" \/>\n<meta property=\"og:image\" content=\"https:\/\/stategridargentina.com.ar\/catalogo\/wp-content\/uploads\/2026\/04\/1-27.jpg\" \/>\n\t<meta property=\"og:image:width\" content=\"648\" \/>\n\t<meta property=\"og:image:height\" content=\"460\" \/>\n\t<meta property=\"og:image:type\" content=\"image\/jpeg\" \/>\n<meta name=\"twitter:card\" content=\"summary_large_image\" \/>\n<script type=\"application\/ld+json\" class=\"yoast-schema-graph\">{\"@context\":\"https:\\\/\\\/schema.org\",\"@graph\":[{\"@type\":\"WebPage\",\"@id\":\"https:\\\/\\\/stategridargentina.com.ar\\\/catalogo\\\/producto\\\/gtin7798424760190\\\/\",\"url\":\"https:\\\/\\\/stategridargentina.com.ar\\\/catalogo\\\/producto\\\/gtin7798424760190\\\/\",\"name\":\"GTIN:7798424760190 Leche Descremada en Polvo Fortificada FORTELAC 800 g - STATE GRID\",\"isPartOf\":{\"@id\":\"https:\\\/\\\/stategridargentina.com.ar\\\/catalogo\\\/#website\"},\"primaryImageOfPage\":{\"@id\":\"https:\\\/\\\/stategridargentina.com.ar\\\/catalogo\\\/producto\\\/gtin7798424760190\\\/#primaryimage\"},\"image\":{\"@id\":\"https:\\\/\\\/stategridargentina.com.ar\\\/catalogo\\\/producto\\\/gtin7798424760190\\\/#primaryimage\"},\"thumbnailUrl\":\"https:\\\/\\\/stategridargentina.com.ar\\\/catalogo\\\/wp-content\\\/uploads\\\/2026\\\/04\\\/1-27.jpg\",\"datePublished\":\"2026-04-12T18:09:58+00:00\",\"dateModified\":\"2026-04-12T18:37:35+00:00\",\"description\":\"LECHE DESCREMADA EN POLVO INSTANT\u00c1NEA FORTIFICADA CON HIERRO, ZINC Y VITAMINA C. LIBRE DE GLUTEN FORTELAC 800,00 GRAMOS (GR)\",\"breadcrumb\":{\"@id\":\"https:\\\/\\\/stategridargentina.com.ar\\\/catalogo\\\/producto\\\/gtin7798424760190\\\/#breadcrumb\"},\"inLanguage\":\"es\",\"potentialAction\":[{\"@type\":\"ReadAction\",\"target\":[\"https:\\\/\\\/stategridargentina.com.ar\\\/catalogo\\\/producto\\\/gtin7798424760190\\\/\"]}]},{\"@type\":\"ImageObject\",\"inLanguage\":\"es\",\"@id\":\"https:\\\/\\\/stategridargentina.com.ar\\\/catalogo\\\/producto\\\/gtin7798424760190\\\/#primaryimage\",\"url\":\"https:\\\/\\\/stategridargentina.com.ar\\\/catalogo\\\/wp-content\\\/uploads\\\/2026\\\/04\\\/1-27.jpg\",\"contentUrl\":\"https:\\\/\\\/stategridargentina.com.ar\\\/catalogo\\\/wp-content\\\/uploads\\\/2026\\\/04\\\/1-27.jpg\",\"width\":648,\"height\":460},{\"@type\":\"BreadcrumbList\",\"@id\":\"https:\\\/\\\/stategridargentina.com.ar\\\/catalogo\\\/producto\\\/gtin7798424760190\\\/#breadcrumb\",\"itemListElement\":[{\"@type\":\"ListItem\",\"position\":1,\"name\":\"Portada\",\"item\":\"https:\\\/\\\/stategridargentina.com.ar\\\/catalogo\\\/\"},{\"@type\":\"ListItem\",\"position\":2,\"name\":\"Catalogo\",\"item\":\"https:\\\/\\\/stategridargentina.com.ar\\\/catalogo\\\/\"},{\"@type\":\"ListItem\",\"position\":3,\"name\":\"Leche Descremada en Polvo Fortificada FORTELAC 800 g\"}]},{\"@type\":\"WebSite\",\"@id\":\"https:\\\/\\\/stategridargentina.com.ar\\\/catalogo\\\/#website\",\"url\":\"https:\\\/\\\/stategridargentina.com.ar\\\/catalogo\\\/\",\"name\":\"STATE GRID Catalogo\",\"description\":\"\",\"potentialAction\":[{\"@type\":\"SearchAction\",\"target\":{\"@type\":\"EntryPoint\",\"urlTemplate\":\"https:\\\/\\\/stategridargentina.com.ar\\\/catalogo\\\/?s={search_term_string}\"},\"query-input\":{\"@type\":\"PropertyValueSpecification\",\"valueRequired\":true,\"valueName\":\"search_term_string\"}}],\"inLanguage\":\"es\"}]}<\/script>\n<!-- \/ Yoast SEO plugin. -->","yoast_head_json":{"title":"GTIN:7798424760190 Leche Descremada en Polvo Fortificada FORTELAC 800 g - STATE GRID","description":"LECHE DESCREMADA EN POLVO INSTANT\u00c1NEA FORTIFICADA CON HIERRO, ZINC Y VITAMINA C. LIBRE DE GLUTEN FORTELAC 800,00 GRAMOS (GR)","robots":{"index":"index","follow":"follow","max-snippet":"max-snippet:-1","max-image-preview":"max-image-preview:large","max-video-preview":"max-video-preview:-1"},"canonical":"https:\/\/stategridargentina.com.ar\/catalogo\/producto\/gtin7798424760190\/","og_locale":"es_ES","og_type":"article","og_title":"GTIN:7798424760190 Leche Descremada en Polvo Fortificada FORTELAC 800 g - STATE GRID","og_description":"LECHE DESCREMADA EN POLVO INSTANT\u00c1NEA FORTIFICADA CON HIERRO, ZINC Y VITAMINA C. LIBRE DE GLUTEN FORTELAC 800,00 GRAMOS (GR)","og_url":"https:\/\/stategridargentina.com.ar\/catalogo\/producto\/gtin7798424760190\/","og_site_name":"STATE GRID ARGENTINA - Cat\u00e1logo","article_modified_time":"2026-04-12T18:37:35+00:00","og_image":[{"width":648,"height":460,"url":"https:\/\/stategridargentina.com.ar\/catalogo\/wp-content\/uploads\/2026\/04\/1-27.jpg","type":"image\/jpeg"}],"twitter_card":"summary_large_image","schema":{"@context":"https:\/\/schema.org","@graph":[{"@type":"WebPage","@id":"https:\/\/stategridargentina.com.ar\/catalogo\/producto\/gtin7798424760190\/","url":"https:\/\/stategridargentina.com.ar\/catalogo\/producto\/gtin7798424760190\/","name":"GTIN:7798424760190 Leche Descremada en Polvo Fortificada FORTELAC 800 g - STATE GRID","isPartOf":{"@id":"https:\/\/stategridargentina.com.ar\/catalogo\/#website"},"primaryImageOfPage":{"@id":"https:\/\/stategridargentina.com.ar\/catalogo\/producto\/gtin7798424760190\/#primaryimage"},"image":{"@id":"https:\/\/stategridargentina.com.ar\/catalogo\/producto\/gtin7798424760190\/#primaryimage"},"thumbnailUrl":"https:\/\/stategridargentina.com.ar\/catalogo\/wp-content\/uploads\/2026\/04\/1-27.jpg","datePublished":"2026-04-12T18:09:58+00:00","dateModified":"2026-04-12T18:37:35+00:00","description":"LECHE DESCREMADA EN POLVO INSTANT\u00c1NEA FORTIFICADA CON HIERRO, ZINC Y VITAMINA C. LIBRE DE GLUTEN FORTELAC 800,00 GRAMOS (GR)","breadcrumb":{"@id":"https:\/\/stategridargentina.com.ar\/catalogo\/producto\/gtin7798424760190\/#breadcrumb"},"inLanguage":"es","potentialAction":[{"@type":"ReadAction","target":["https:\/\/stategridargentina.com.ar\/catalogo\/producto\/gtin7798424760190\/"]}]},{"@type":"ImageObject","inLanguage":"es","@id":"https:\/\/stategridargentina.com.ar\/catalogo\/producto\/gtin7798424760190\/#primaryimage","url":"https:\/\/stategridargentina.com.ar\/catalogo\/wp-content\/uploads\/2026\/04\/1-27.jpg","contentUrl":"https:\/\/stategridargentina.com.ar\/catalogo\/wp-content\/uploads\/2026\/04\/1-27.jpg","width":648,"height":460},{"@type":"BreadcrumbList","@id":"https:\/\/stategridargentina.com.ar\/catalogo\/producto\/gtin7798424760190\/#breadcrumb","itemListElement":[{"@type":"ListItem","position":1,"name":"Portada","item":"https:\/\/stategridargentina.com.ar\/catalogo\/"},{"@type":"ListItem","position":2,"name":"Catalogo","item":"https:\/\/stategridargentina.com.ar\/catalogo\/"},{"@type":"ListItem","position":3,"name":"Leche Descremada en Polvo Fortificada FORTELAC 800 g"}]},{"@type":"WebSite","@id":"https:\/\/stategridargentina.com.ar\/catalogo\/#website","url":"https:\/\/stategridargentina.com.ar\/catalogo\/","name":"STATE GRID Catalogo","description":"","potentialAction":[{"@type":"SearchAction","target":{"@type":"EntryPoint","urlTemplate":"https:\/\/stategridargentina.com.ar\/catalogo\/?s={search_term_string}"},"query-input":{"@type":"PropertyValueSpecification","valueRequired":true,"valueName":"search_term_string"}}],"inLanguage":"es"}]}},"_links":{"self":[{"href":"https:\/\/stategridargentina.com.ar\/catalogo\/wp-json\/wp\/v2\/product\/6153","targetHints":{"allow":["GET"]}}],"collection":[{"href":"https:\/\/stategridargentina.com.ar\/catalogo\/wp-json\/wp\/v2\/product"}],"about":[{"href":"https:\/\/stategridargentina.com.ar\/catalogo\/wp-json\/wp\/v2\/types\/product"}],"wp:featuredmedia":[{"embeddable":true,"href":"https:\/\/stategridargentina.com.ar\/catalogo\/wp-json\/wp\/v2\/media\/6154"}],"wp:attachment":[{"href":"https:\/\/stategridargentina.com.ar\/catalogo\/wp-json\/wp\/v2\/media?parent=6153"}],"wp:term":[{"taxonomy":"product_cat","embeddable":true,"href":"https:\/\/stategridargentina.com.ar\/catalogo\/wp-json\/wp\/v2\/product_cat?post=6153"},{"taxonomy":"product_tag","embeddable":true,"href":"https:\/\/stategridargentina.com.ar\/catalogo\/wp-json\/wp\/v2\/product_tag?post=6153"}],"curies":[{"name":"wp","href":"https:\/\/api.w.org\/{rel}","templated":true}]}}