{"id":6134,"date":"2026-04-12T17:46:23","date_gmt":"2026-04-12T17:46:23","guid":{"rendered":"https:\/\/stategridargentina.com.ar\/catalogo\/?post_type=product&#038;p=6134"},"modified":"2026-04-12T18:31:57","modified_gmt":"2026-04-12T18:31:57","slug":"gtin779842476009","status":"publish","type":"product","link":"https:\/\/stategridargentina.com.ar\/catalogo\/producto\/gtin779842476009\/","title":{"rendered":"Leche en Polvo Entera Instant\u00e1nea Fortificada LECHE VIT 25 kg"},"content":{"rendered":"<p>Descripci\u00f3n: LECHE EN POLVO ENTERA INSTANT\u00c1NEA FORTIFICADA CON VITAMINAS A Y D. LIBRE DE GLUTEN LECHE VIT 25,00 KILOGRAMOS (KG)<br data-start=\"205\" data-end=\"208\" \/><br data-start=\"226\" data-end=\"229\" \/>Marca: LECHE VIT<br data-start=\"245\" data-end=\"248\" \/>Variedad: ENTERA INSTANT\u00c1NEA FORTIFICADA CON VITAMINAS A Y D. LIBRE DE GLUTEN<br data-start=\"325\" data-end=\"328\" \/>Contenido Neto: 25<br data-start=\"432\" data-end=\"435\" \/>Unidad de Medida: KILOGRAMOS (KG)<br data-start=\"468\" data-end=\"471\" \/>Sodio: NO<br data-start=\"480\" data-end=\"483\" \/>Az\u00facares: NO<br data-start=\"495\" data-end=\"498\" \/>Grasas saturadas: NO<br data-start=\"518\" data-end=\"521\" \/>Grasas totales: NO<br data-start=\"539\" data-end=\"542\" \/>Calor\u00edas: NO<br data-start=\"554\" data-end=\"557\" \/>Edulcorantes: NO<br data-start=\"573\" data-end=\"576\" \/>Cafe\u00edna: NO<\/p>\n","protected":false},"excerpt":{"rendered":"<p>GTIN: 7798424760091<br data-start=\"75\" data-end=\"78\" data-is-only-node=\"\" \/>Descripci\u00f3n: LECHE EN POLVO ENTERA INSTANT\u00c1NEA FORTIFICADA CON VITAMINAS A Y D. LIBRE DE GLUTEN LECHE VIT 25,00 KILOGRAMOS (KG)<br data-start=\"205\" data-end=\"208\" \/>Marca: LECHE VIT<br data-start=\"245\" data-end=\"248\" \/>Variedad: ENTERA INSTANT\u00c1NEA FORTIFICADA CON VITAMINAS A Y D. LIBRE DE GLUTEN<br data-start=\"325\" data-end=\"328\" \/>Contenido Neto: 25<br data-start=\"432\" data-end=\"435\" \/>Unidad de Medida: KILOGRAMOS (KG)<br data-start=\"468\" data-end=\"471\" \/>Sodio: NO<br data-start=\"480\" data-end=\"483\" \/>Az\u00facares: NO<br data-start=\"495\" data-end=\"498\" \/>Grasas saturadas: NO<br data-start=\"518\" data-end=\"521\" \/>Grasas totales: NO<br data-start=\"539\" data-end=\"542\" \/>Calor\u00edas: NO<br data-start=\"554\" data-end=\"557\" \/>Edulcorantes: NO<br data-start=\"573\" data-end=\"576\" \/>Cafe\u00edna: NO<\/p>\n","protected":false},"featured_media":6135,"template":"","meta":{"_joinchat":[]},"product_cat":[237],"product_tag":[],"class_list":{"0":"post-6134","1":"product","2":"type-product","3":"status-publish","4":"has-post-thumbnail","6":"product_cat-leche-sustitutos-de-la-leche-no-necesitan-refrigeracion","8":"first","9":"instock","10":"shipping-taxable","11":"product-type-simple","12":"col-xs-6 col-sm-4","13":"col-md-3 col-lg-3","14":"un-4-cols"},"yoast_head":"<!-- This site is optimized with the Yoast SEO plugin v27.5 - https:\/\/yoast.com\/product\/yoast-seo-wordpress\/ -->\n<title>GTIN:7798424760091 Leche en Polvo Entera Instant\u00e1nea Fortificada LECHE VIT 25 kg - STATE GRID<\/title>\n<meta name=\"description\" content=\"LECHE EN POLVO ENTERA INSTANT\u00c1NEA FORTIFICADA CON VITAMINAS A Y D. LIBRE DE GLUTEN LECHE VIT 25,00 KILOGRAMOS (KG)\" \/>\n<meta name=\"robots\" content=\"index, follow, max-snippet:-1, max-image-preview:large, max-video-preview:-1\" \/>\n<link rel=\"canonical\" href=\"https:\/\/stategridargentina.com.ar\/catalogo\/producto\/gtin779842476009\/\" \/>\n<meta property=\"og:locale\" content=\"es_ES\" \/>\n<meta property=\"og:type\" content=\"article\" \/>\n<meta property=\"og:title\" content=\"GTIN:7798424760091 Leche en Polvo Entera Instant\u00e1nea Fortificada LECHE VIT 25 kg - STATE GRID\" \/>\n<meta property=\"og:description\" content=\"LECHE EN POLVO ENTERA INSTANT\u00c1NEA FORTIFICADA CON VITAMINAS A Y D. LIBRE DE GLUTEN LECHE VIT 25,00 KILOGRAMOS (KG)\" \/>\n<meta property=\"og:url\" content=\"https:\/\/stategridargentina.com.ar\/catalogo\/producto\/gtin779842476009\/\" \/>\n<meta property=\"og:site_name\" content=\"STATE GRID ARGENTINA - Cat\u00e1logo\" \/>\n<meta property=\"article:modified_time\" content=\"2026-04-12T18:31:57+00:00\" \/>\n<meta property=\"og:image\" content=\"https:\/\/stategridargentina.com.ar\/catalogo\/wp-content\/uploads\/2026\/04\/1-20.jpg\" \/>\n\t<meta property=\"og:image:width\" content=\"1800\" \/>\n\t<meta property=\"og:image:height\" content=\"853\" \/>\n\t<meta property=\"og:image:type\" content=\"image\/jpeg\" \/>\n<meta name=\"twitter:card\" content=\"summary_large_image\" \/>\n<script type=\"application\/ld+json\" class=\"yoast-schema-graph\">{\"@context\":\"https:\\\/\\\/schema.org\",\"@graph\":[{\"@type\":\"WebPage\",\"@id\":\"https:\\\/\\\/stategridargentina.com.ar\\\/catalogo\\\/producto\\\/gtin779842476009\\\/\",\"url\":\"https:\\\/\\\/stategridargentina.com.ar\\\/catalogo\\\/producto\\\/gtin779842476009\\\/\",\"name\":\"GTIN:7798424760091 Leche en Polvo Entera Instant\u00e1nea Fortificada LECHE VIT 25 kg - STATE GRID\",\"isPartOf\":{\"@id\":\"https:\\\/\\\/stategridargentina.com.ar\\\/catalogo\\\/#website\"},\"primaryImageOfPage\":{\"@id\":\"https:\\\/\\\/stategridargentina.com.ar\\\/catalogo\\\/producto\\\/gtin779842476009\\\/#primaryimage\"},\"image\":{\"@id\":\"https:\\\/\\\/stategridargentina.com.ar\\\/catalogo\\\/producto\\\/gtin779842476009\\\/#primaryimage\"},\"thumbnailUrl\":\"https:\\\/\\\/stategridargentina.com.ar\\\/catalogo\\\/wp-content\\\/uploads\\\/2026\\\/04\\\/1-20.jpg\",\"datePublished\":\"2026-04-12T17:46:23+00:00\",\"dateModified\":\"2026-04-12T18:31:57+00:00\",\"description\":\"LECHE EN POLVO ENTERA INSTANT\u00c1NEA FORTIFICADA CON VITAMINAS A Y D. LIBRE DE GLUTEN LECHE VIT 25,00 KILOGRAMOS (KG)\",\"breadcrumb\":{\"@id\":\"https:\\\/\\\/stategridargentina.com.ar\\\/catalogo\\\/producto\\\/gtin779842476009\\\/#breadcrumb\"},\"inLanguage\":\"es\",\"potentialAction\":[{\"@type\":\"ReadAction\",\"target\":[\"https:\\\/\\\/stategridargentina.com.ar\\\/catalogo\\\/producto\\\/gtin779842476009\\\/\"]}]},{\"@type\":\"ImageObject\",\"inLanguage\":\"es\",\"@id\":\"https:\\\/\\\/stategridargentina.com.ar\\\/catalogo\\\/producto\\\/gtin779842476009\\\/#primaryimage\",\"url\":\"https:\\\/\\\/stategridargentina.com.ar\\\/catalogo\\\/wp-content\\\/uploads\\\/2026\\\/04\\\/1-20.jpg\",\"contentUrl\":\"https:\\\/\\\/stategridargentina.com.ar\\\/catalogo\\\/wp-content\\\/uploads\\\/2026\\\/04\\\/1-20.jpg\",\"width\":1800,\"height\":853},{\"@type\":\"BreadcrumbList\",\"@id\":\"https:\\\/\\\/stategridargentina.com.ar\\\/catalogo\\\/producto\\\/gtin779842476009\\\/#breadcrumb\",\"itemListElement\":[{\"@type\":\"ListItem\",\"position\":1,\"name\":\"Portada\",\"item\":\"https:\\\/\\\/stategridargentina.com.ar\\\/catalogo\\\/\"},{\"@type\":\"ListItem\",\"position\":2,\"name\":\"Catalogo\",\"item\":\"https:\\\/\\\/stategridargentina.com.ar\\\/catalogo\\\/\"},{\"@type\":\"ListItem\",\"position\":3,\"name\":\"Leche en Polvo Entera Instant\u00e1nea Fortificada LECHE VIT 25 kg\"}]},{\"@type\":\"WebSite\",\"@id\":\"https:\\\/\\\/stategridargentina.com.ar\\\/catalogo\\\/#website\",\"url\":\"https:\\\/\\\/stategridargentina.com.ar\\\/catalogo\\\/\",\"name\":\"STATE GRID Catalogo\",\"description\":\"\",\"potentialAction\":[{\"@type\":\"SearchAction\",\"target\":{\"@type\":\"EntryPoint\",\"urlTemplate\":\"https:\\\/\\\/stategridargentina.com.ar\\\/catalogo\\\/?s={search_term_string}\"},\"query-input\":{\"@type\":\"PropertyValueSpecification\",\"valueRequired\":true,\"valueName\":\"search_term_string\"}}],\"inLanguage\":\"es\"}]}<\/script>\n<!-- \/ Yoast SEO plugin. -->","yoast_head_json":{"title":"GTIN:7798424760091 Leche en Polvo Entera Instant\u00e1nea Fortificada LECHE VIT 25 kg - STATE GRID","description":"LECHE EN POLVO ENTERA INSTANT\u00c1NEA FORTIFICADA CON VITAMINAS A Y D. LIBRE DE GLUTEN LECHE VIT 25,00 KILOGRAMOS (KG)","robots":{"index":"index","follow":"follow","max-snippet":"max-snippet:-1","max-image-preview":"max-image-preview:large","max-video-preview":"max-video-preview:-1"},"canonical":"https:\/\/stategridargentina.com.ar\/catalogo\/producto\/gtin779842476009\/","og_locale":"es_ES","og_type":"article","og_title":"GTIN:7798424760091 Leche en Polvo Entera Instant\u00e1nea Fortificada LECHE VIT 25 kg - STATE GRID","og_description":"LECHE EN POLVO ENTERA INSTANT\u00c1NEA FORTIFICADA CON VITAMINAS A Y D. LIBRE DE GLUTEN LECHE VIT 25,00 KILOGRAMOS (KG)","og_url":"https:\/\/stategridargentina.com.ar\/catalogo\/producto\/gtin779842476009\/","og_site_name":"STATE GRID ARGENTINA - Cat\u00e1logo","article_modified_time":"2026-04-12T18:31:57+00:00","og_image":[{"width":1800,"height":853,"url":"https:\/\/stategridargentina.com.ar\/catalogo\/wp-content\/uploads\/2026\/04\/1-20.jpg","type":"image\/jpeg"}],"twitter_card":"summary_large_image","schema":{"@context":"https:\/\/schema.org","@graph":[{"@type":"WebPage","@id":"https:\/\/stategridargentina.com.ar\/catalogo\/producto\/gtin779842476009\/","url":"https:\/\/stategridargentina.com.ar\/catalogo\/producto\/gtin779842476009\/","name":"GTIN:7798424760091 Leche en Polvo Entera Instant\u00e1nea Fortificada LECHE VIT 25 kg - STATE GRID","isPartOf":{"@id":"https:\/\/stategridargentina.com.ar\/catalogo\/#website"},"primaryImageOfPage":{"@id":"https:\/\/stategridargentina.com.ar\/catalogo\/producto\/gtin779842476009\/#primaryimage"},"image":{"@id":"https:\/\/stategridargentina.com.ar\/catalogo\/producto\/gtin779842476009\/#primaryimage"},"thumbnailUrl":"https:\/\/stategridargentina.com.ar\/catalogo\/wp-content\/uploads\/2026\/04\/1-20.jpg","datePublished":"2026-04-12T17:46:23+00:00","dateModified":"2026-04-12T18:31:57+00:00","description":"LECHE EN POLVO ENTERA INSTANT\u00c1NEA FORTIFICADA CON VITAMINAS A Y D. LIBRE DE GLUTEN LECHE VIT 25,00 KILOGRAMOS (KG)","breadcrumb":{"@id":"https:\/\/stategridargentina.com.ar\/catalogo\/producto\/gtin779842476009\/#breadcrumb"},"inLanguage":"es","potentialAction":[{"@type":"ReadAction","target":["https:\/\/stategridargentina.com.ar\/catalogo\/producto\/gtin779842476009\/"]}]},{"@type":"ImageObject","inLanguage":"es","@id":"https:\/\/stategridargentina.com.ar\/catalogo\/producto\/gtin779842476009\/#primaryimage","url":"https:\/\/stategridargentina.com.ar\/catalogo\/wp-content\/uploads\/2026\/04\/1-20.jpg","contentUrl":"https:\/\/stategridargentina.com.ar\/catalogo\/wp-content\/uploads\/2026\/04\/1-20.jpg","width":1800,"height":853},{"@type":"BreadcrumbList","@id":"https:\/\/stategridargentina.com.ar\/catalogo\/producto\/gtin779842476009\/#breadcrumb","itemListElement":[{"@type":"ListItem","position":1,"name":"Portada","item":"https:\/\/stategridargentina.com.ar\/catalogo\/"},{"@type":"ListItem","position":2,"name":"Catalogo","item":"https:\/\/stategridargentina.com.ar\/catalogo\/"},{"@type":"ListItem","position":3,"name":"Leche en Polvo Entera Instant\u00e1nea Fortificada LECHE VIT 25 kg"}]},{"@type":"WebSite","@id":"https:\/\/stategridargentina.com.ar\/catalogo\/#website","url":"https:\/\/stategridargentina.com.ar\/catalogo\/","name":"STATE GRID Catalogo","description":"","potentialAction":[{"@type":"SearchAction","target":{"@type":"EntryPoint","urlTemplate":"https:\/\/stategridargentina.com.ar\/catalogo\/?s={search_term_string}"},"query-input":{"@type":"PropertyValueSpecification","valueRequired":true,"valueName":"search_term_string"}}],"inLanguage":"es"}]}},"_links":{"self":[{"href":"https:\/\/stategridargentina.com.ar\/catalogo\/wp-json\/wp\/v2\/product\/6134","targetHints":{"allow":["GET"]}}],"collection":[{"href":"https:\/\/stategridargentina.com.ar\/catalogo\/wp-json\/wp\/v2\/product"}],"about":[{"href":"https:\/\/stategridargentina.com.ar\/catalogo\/wp-json\/wp\/v2\/types\/product"}],"wp:featuredmedia":[{"embeddable":true,"href":"https:\/\/stategridargentina.com.ar\/catalogo\/wp-json\/wp\/v2\/media\/6135"}],"wp:attachment":[{"href":"https:\/\/stategridargentina.com.ar\/catalogo\/wp-json\/wp\/v2\/media?parent=6134"}],"wp:term":[{"taxonomy":"product_cat","embeddable":true,"href":"https:\/\/stategridargentina.com.ar\/catalogo\/wp-json\/wp\/v2\/product_cat?post=6134"},{"taxonomy":"product_tag","embeddable":true,"href":"https:\/\/stategridargentina.com.ar\/catalogo\/wp-json\/wp\/v2\/product_tag?post=6134"}],"curies":[{"name":"wp","href":"https:\/\/api.w.org\/{rel}","templated":true}]}}