{"id":6086,"date":"2026-04-12T13:11:32","date_gmt":"2026-04-12T13:11:32","guid":{"rendered":"https:\/\/stategridargentina.com.ar\/catalogo\/?post_type=product&#038;p=6086"},"modified":"2026-04-12T18:30:01","modified_gmt":"2026-04-12T18:30:01","slug":"gtin7798424760077","status":"publish","type":"product","link":"https:\/\/stategridargentina.com.ar\/catalogo\/producto\/gtin7798424760077\/","title":{"rendered":"Leche en Polvo Entera Instant\u00e1nea Fortificada LECHEVIT 800 g"},"content":{"rendered":"<p>LECHE EN POLVO ENTERA INSTANT\u00c1NEA FORTIFICADA CON VITAMINAS A Y D Leche Instant\u00e1nea Fortificada con Vitaminas A y D LECHEVIT 800,00 GRAMOS (GR)<\/p>\n<p><br data-start=\"324\" data-end=\"327\" \/>Marca: LECHEVIT<br data-start=\"342\" data-end=\"345\" \/>Variedad: Leche Instant\u00e1nea Fortificada con Vitaminas A y D<br data-start=\"404\" data-end=\"407\" \/>Contenido Neto: 800<br data-start=\"512\" data-end=\"515\" \/>Unidad de Medida: GRAMOS (GR)<br data-start=\"544\" data-end=\"547\" \/>Sodio: NO<br data-start=\"556\" data-end=\"559\" \/>Az\u00facares: NO<br data-start=\"571\" data-end=\"574\" \/>Grasas saturadas: NO<br data-start=\"594\" data-end=\"597\" \/>Grasas totales: NO<br data-start=\"615\" data-end=\"618\" \/>Calor\u00edas: NO<br data-start=\"630\" data-end=\"633\" \/>Edulcorantes: NO<br data-start=\"649\" data-end=\"652\" \/>Cafe\u00edna: NO<\/p>\n","protected":false},"excerpt":{"rendered":"<p>GTIN: 7798424760077<br data-start=\"144\" data-end=\"147\" data-is-only-node=\"\" \/>Descripci\u00f3n: LECHE EN POLVO ENTERA INSTANT\u00c1NEA FORTIFICADA CON VITAMINAS A Y D Leche Instant\u00e1nea Fortificada con Vitaminas A y D LECHEVIT 800,00 GRAMOS (GR)<br data-start=\"303\" data-end=\"306\" \/>C\u00f3digo Art\u00edculo: 7<br data-start=\"324\" data-end=\"327\" \/>Marca: LECHEVIT<br data-start=\"342\" data-end=\"345\" \/>Variedad: Leche Instant\u00e1nea Fortificada con Vitaminas A y D<br data-start=\"404\" data-end=\"407\" \/>Clasificaci\u00f3n: Leche\/sustitutos de la leche (no necesitan refrigeraci\u00f3n) (10000026)<br data-start=\"490\" data-end=\"493\" \/>Contenido Neto: 800<br data-start=\"512\" data-end=\"515\" \/>Unidad de Medida: GRAMOS (GR)<br data-start=\"544\" data-end=\"547\" \/>Sodio: NO<br data-start=\"556\" data-end=\"559\" \/>Az\u00facares: NO<br data-start=\"571\" data-end=\"574\" \/>Grasas saturadas: NO<br data-start=\"594\" data-end=\"597\" \/>Grasas totales: NO<br data-start=\"615\" data-end=\"618\" \/>Calor\u00edas: NO<br data-start=\"630\" data-end=\"633\" \/>Edulcorantes: NO<br data-start=\"649\" data-end=\"652\" \/>Cafe\u00edna: NO<\/p>\n","protected":false},"featured_media":6087,"template":"","meta":{"_joinchat":[]},"product_cat":[237],"product_tag":[],"class_list":{"0":"post-6086","1":"product","2":"type-product","3":"status-publish","4":"has-post-thumbnail","6":"product_cat-leche-sustitutos-de-la-leche-no-necesitan-refrigeracion","8":"first","9":"instock","10":"shipping-taxable","11":"product-type-simple","12":"col-xs-6 col-sm-4","13":"col-md-3 col-lg-3","14":"un-4-cols"},"yoast_head":"<!-- This site is optimized with the Yoast SEO plugin v27.5 - https:\/\/yoast.com\/product\/yoast-seo-wordpress\/ -->\n<title>GTIN:7798424760077 Leche en Polvo Entera Instant\u00e1nea Fortificada LECHEVIT 800 g - STATE GRID<\/title>\n<meta name=\"description\" content=\"LECHE EN POLVO ENTERA INSTANT\u00c1NEA FORTIFICADA CON VITAMINAS A Y D Leche Instant\u00e1nea Fortificada con Vitaminas A y D LECHEVIT 800,00 GRAMOS (GR)\" \/>\n<meta name=\"robots\" content=\"index, follow, max-snippet:-1, max-image-preview:large, max-video-preview:-1\" \/>\n<link rel=\"canonical\" href=\"https:\/\/stategridargentina.com.ar\/catalogo\/producto\/gtin7798424760077\/\" \/>\n<meta property=\"og:locale\" content=\"es_ES\" \/>\n<meta property=\"og:type\" content=\"article\" \/>\n<meta property=\"og:title\" content=\"GTIN:7798424760077 Leche en Polvo Entera Instant\u00e1nea Fortificada LECHEVIT 800 g - STATE GRID\" \/>\n<meta property=\"og:description\" content=\"LECHE EN POLVO ENTERA INSTANT\u00c1NEA FORTIFICADA CON VITAMINAS A Y D Leche Instant\u00e1nea Fortificada con Vitaminas A y D LECHEVIT 800,00 GRAMOS (GR)\" \/>\n<meta property=\"og:url\" content=\"https:\/\/stategridargentina.com.ar\/catalogo\/producto\/gtin7798424760077\/\" \/>\n<meta property=\"og:site_name\" content=\"STATE GRID ARGENTINA - Cat\u00e1logo\" \/>\n<meta property=\"article:modified_time\" content=\"2026-04-12T18:30:01+00:00\" \/>\n<meta property=\"og:image\" content=\"https:\/\/stategridargentina.com.ar\/catalogo\/wp-content\/uploads\/2026\/04\/1.jpg\" \/>\n\t<meta property=\"og:image:width\" content=\"1800\" \/>\n\t<meta property=\"og:image:height\" content=\"1207\" \/>\n\t<meta property=\"og:image:type\" content=\"image\/jpeg\" \/>\n<meta name=\"twitter:card\" content=\"summary_large_image\" \/>\n<script type=\"application\/ld+json\" class=\"yoast-schema-graph\">{\"@context\":\"https:\\\/\\\/schema.org\",\"@graph\":[{\"@type\":\"WebPage\",\"@id\":\"https:\\\/\\\/stategridargentina.com.ar\\\/catalogo\\\/producto\\\/gtin7798424760077\\\/\",\"url\":\"https:\\\/\\\/stategridargentina.com.ar\\\/catalogo\\\/producto\\\/gtin7798424760077\\\/\",\"name\":\"GTIN:7798424760077 Leche en Polvo Entera Instant\u00e1nea Fortificada LECHEVIT 800 g - STATE GRID\",\"isPartOf\":{\"@id\":\"https:\\\/\\\/stategridargentina.com.ar\\\/catalogo\\\/#website\"},\"primaryImageOfPage\":{\"@id\":\"https:\\\/\\\/stategridargentina.com.ar\\\/catalogo\\\/producto\\\/gtin7798424760077\\\/#primaryimage\"},\"image\":{\"@id\":\"https:\\\/\\\/stategridargentina.com.ar\\\/catalogo\\\/producto\\\/gtin7798424760077\\\/#primaryimage\"},\"thumbnailUrl\":\"https:\\\/\\\/stategridargentina.com.ar\\\/catalogo\\\/wp-content\\\/uploads\\\/2026\\\/04\\\/1.jpg\",\"datePublished\":\"2026-04-12T13:11:32+00:00\",\"dateModified\":\"2026-04-12T18:30:01+00:00\",\"description\":\"LECHE EN POLVO ENTERA INSTANT\u00c1NEA FORTIFICADA CON VITAMINAS A Y D Leche Instant\u00e1nea Fortificada con Vitaminas A y D LECHEVIT 800,00 GRAMOS (GR)\",\"breadcrumb\":{\"@id\":\"https:\\\/\\\/stategridargentina.com.ar\\\/catalogo\\\/producto\\\/gtin7798424760077\\\/#breadcrumb\"},\"inLanguage\":\"es\",\"potentialAction\":[{\"@type\":\"ReadAction\",\"target\":[\"https:\\\/\\\/stategridargentina.com.ar\\\/catalogo\\\/producto\\\/gtin7798424760077\\\/\"]}]},{\"@type\":\"ImageObject\",\"inLanguage\":\"es\",\"@id\":\"https:\\\/\\\/stategridargentina.com.ar\\\/catalogo\\\/producto\\\/gtin7798424760077\\\/#primaryimage\",\"url\":\"https:\\\/\\\/stategridargentina.com.ar\\\/catalogo\\\/wp-content\\\/uploads\\\/2026\\\/04\\\/1.jpg\",\"contentUrl\":\"https:\\\/\\\/stategridargentina.com.ar\\\/catalogo\\\/wp-content\\\/uploads\\\/2026\\\/04\\\/1.jpg\",\"width\":1800,\"height\":1207},{\"@type\":\"BreadcrumbList\",\"@id\":\"https:\\\/\\\/stategridargentina.com.ar\\\/catalogo\\\/producto\\\/gtin7798424760077\\\/#breadcrumb\",\"itemListElement\":[{\"@type\":\"ListItem\",\"position\":1,\"name\":\"Portada\",\"item\":\"https:\\\/\\\/stategridargentina.com.ar\\\/catalogo\\\/\"},{\"@type\":\"ListItem\",\"position\":2,\"name\":\"Catalogo\",\"item\":\"https:\\\/\\\/stategridargentina.com.ar\\\/catalogo\\\/\"},{\"@type\":\"ListItem\",\"position\":3,\"name\":\"Leche en Polvo Entera Instant\u00e1nea Fortificada LECHEVIT 800 g\"}]},{\"@type\":\"WebSite\",\"@id\":\"https:\\\/\\\/stategridargentina.com.ar\\\/catalogo\\\/#website\",\"url\":\"https:\\\/\\\/stategridargentina.com.ar\\\/catalogo\\\/\",\"name\":\"STATE GRID Catalogo\",\"description\":\"\",\"potentialAction\":[{\"@type\":\"SearchAction\",\"target\":{\"@type\":\"EntryPoint\",\"urlTemplate\":\"https:\\\/\\\/stategridargentina.com.ar\\\/catalogo\\\/?s={search_term_string}\"},\"query-input\":{\"@type\":\"PropertyValueSpecification\",\"valueRequired\":true,\"valueName\":\"search_term_string\"}}],\"inLanguage\":\"es\"}]}<\/script>\n<!-- \/ Yoast SEO plugin. -->","yoast_head_json":{"title":"GTIN:7798424760077 Leche en Polvo Entera Instant\u00e1nea Fortificada LECHEVIT 800 g - STATE GRID","description":"LECHE EN POLVO ENTERA INSTANT\u00c1NEA FORTIFICADA CON VITAMINAS A Y D Leche Instant\u00e1nea Fortificada con Vitaminas A y D LECHEVIT 800,00 GRAMOS (GR)","robots":{"index":"index","follow":"follow","max-snippet":"max-snippet:-1","max-image-preview":"max-image-preview:large","max-video-preview":"max-video-preview:-1"},"canonical":"https:\/\/stategridargentina.com.ar\/catalogo\/producto\/gtin7798424760077\/","og_locale":"es_ES","og_type":"article","og_title":"GTIN:7798424760077 Leche en Polvo Entera Instant\u00e1nea Fortificada LECHEVIT 800 g - STATE GRID","og_description":"LECHE EN POLVO ENTERA INSTANT\u00c1NEA FORTIFICADA CON VITAMINAS A Y D Leche Instant\u00e1nea Fortificada con Vitaminas A y D LECHEVIT 800,00 GRAMOS (GR)","og_url":"https:\/\/stategridargentina.com.ar\/catalogo\/producto\/gtin7798424760077\/","og_site_name":"STATE GRID ARGENTINA - Cat\u00e1logo","article_modified_time":"2026-04-12T18:30:01+00:00","og_image":[{"width":1800,"height":1207,"url":"https:\/\/stategridargentina.com.ar\/catalogo\/wp-content\/uploads\/2026\/04\/1.jpg","type":"image\/jpeg"}],"twitter_card":"summary_large_image","schema":{"@context":"https:\/\/schema.org","@graph":[{"@type":"WebPage","@id":"https:\/\/stategridargentina.com.ar\/catalogo\/producto\/gtin7798424760077\/","url":"https:\/\/stategridargentina.com.ar\/catalogo\/producto\/gtin7798424760077\/","name":"GTIN:7798424760077 Leche en Polvo Entera Instant\u00e1nea Fortificada LECHEVIT 800 g - STATE GRID","isPartOf":{"@id":"https:\/\/stategridargentina.com.ar\/catalogo\/#website"},"primaryImageOfPage":{"@id":"https:\/\/stategridargentina.com.ar\/catalogo\/producto\/gtin7798424760077\/#primaryimage"},"image":{"@id":"https:\/\/stategridargentina.com.ar\/catalogo\/producto\/gtin7798424760077\/#primaryimage"},"thumbnailUrl":"https:\/\/stategridargentina.com.ar\/catalogo\/wp-content\/uploads\/2026\/04\/1.jpg","datePublished":"2026-04-12T13:11:32+00:00","dateModified":"2026-04-12T18:30:01+00:00","description":"LECHE EN POLVO ENTERA INSTANT\u00c1NEA FORTIFICADA CON VITAMINAS A Y D Leche Instant\u00e1nea Fortificada con Vitaminas A y D LECHEVIT 800,00 GRAMOS (GR)","breadcrumb":{"@id":"https:\/\/stategridargentina.com.ar\/catalogo\/producto\/gtin7798424760077\/#breadcrumb"},"inLanguage":"es","potentialAction":[{"@type":"ReadAction","target":["https:\/\/stategridargentina.com.ar\/catalogo\/producto\/gtin7798424760077\/"]}]},{"@type":"ImageObject","inLanguage":"es","@id":"https:\/\/stategridargentina.com.ar\/catalogo\/producto\/gtin7798424760077\/#primaryimage","url":"https:\/\/stategridargentina.com.ar\/catalogo\/wp-content\/uploads\/2026\/04\/1.jpg","contentUrl":"https:\/\/stategridargentina.com.ar\/catalogo\/wp-content\/uploads\/2026\/04\/1.jpg","width":1800,"height":1207},{"@type":"BreadcrumbList","@id":"https:\/\/stategridargentina.com.ar\/catalogo\/producto\/gtin7798424760077\/#breadcrumb","itemListElement":[{"@type":"ListItem","position":1,"name":"Portada","item":"https:\/\/stategridargentina.com.ar\/catalogo\/"},{"@type":"ListItem","position":2,"name":"Catalogo","item":"https:\/\/stategridargentina.com.ar\/catalogo\/"},{"@type":"ListItem","position":3,"name":"Leche en Polvo Entera Instant\u00e1nea Fortificada LECHEVIT 800 g"}]},{"@type":"WebSite","@id":"https:\/\/stategridargentina.com.ar\/catalogo\/#website","url":"https:\/\/stategridargentina.com.ar\/catalogo\/","name":"STATE GRID Catalogo","description":"","potentialAction":[{"@type":"SearchAction","target":{"@type":"EntryPoint","urlTemplate":"https:\/\/stategridargentina.com.ar\/catalogo\/?s={search_term_string}"},"query-input":{"@type":"PropertyValueSpecification","valueRequired":true,"valueName":"search_term_string"}}],"inLanguage":"es"}]}},"_links":{"self":[{"href":"https:\/\/stategridargentina.com.ar\/catalogo\/wp-json\/wp\/v2\/product\/6086","targetHints":{"allow":["GET"]}}],"collection":[{"href":"https:\/\/stategridargentina.com.ar\/catalogo\/wp-json\/wp\/v2\/product"}],"about":[{"href":"https:\/\/stategridargentina.com.ar\/catalogo\/wp-json\/wp\/v2\/types\/product"}],"wp:featuredmedia":[{"embeddable":true,"href":"https:\/\/stategridargentina.com.ar\/catalogo\/wp-json\/wp\/v2\/media\/6087"}],"wp:attachment":[{"href":"https:\/\/stategridargentina.com.ar\/catalogo\/wp-json\/wp\/v2\/media?parent=6086"}],"wp:term":[{"taxonomy":"product_cat","embeddable":true,"href":"https:\/\/stategridargentina.com.ar\/catalogo\/wp-json\/wp\/v2\/product_cat?post=6086"},{"taxonomy":"product_tag","embeddable":true,"href":"https:\/\/stategridargentina.com.ar\/catalogo\/wp-json\/wp\/v2\/product_tag?post=6086"}],"curies":[{"name":"wp","href":"https:\/\/api.w.org\/{rel}","templated":true}]}}