{"id":5931,"date":"2025-03-29T21:50:29","date_gmt":"2025-03-29T21:50:29","guid":{"rendered":"https:\/\/stategridargentina.com.ar\/catalogo\/?post_type=product&#038;p=5931"},"modified":"2025-03-29T21:50:29","modified_gmt":"2025-03-29T21:50:29","slug":"vinagre-de-alcohol-cuisine-co-1l","status":"publish","type":"product","link":"https:\/\/stategridargentina.com.ar\/catalogo\/producto\/vinagre-de-alcohol-cuisine-co-1l\/","title":{"rendered":"Vinagre De Alcohol Cuisine &#038; Co 1l"},"content":{"rendered":"<p>Eleg\u00ed el Vinagre De Alcohol Cuisine & Co para elevar el sabor de tus comidas. Este vinagre de alta calidad es la elecci\u00f3n perfecta para quienes buscan frescura y autenticidad en cada bocado.<\/p>\n<h3>Porque elegir Vinagre De Alcohol Cuisine & Co<\/h3>\n<ul>\n<li>Ideal para aderezos y marinados, realza el sabor de tus ensaladas y carnes.<\/li>\n<li>1 litro de pureza y frescura, para que nunca falte en tu cocina.<\/li>\n<li>Vers\u00e1til y f\u00e1cil de usar, perfecto para cualquier receta.<\/li>\n<li>Con un toque de acidez que despierta los sabores y convierte lo cotidiano en extraordinario.<\/li>\n<\/ul>\n","protected":false},"excerpt":{"rendered":"<p>Eleg\u00ed el Vinagre De Alcohol Cuisine &amp; Co para elevar el sabor de tus comidas. Este vinagre de alta calidad es la elecci\u00f3n perfecta para quienes buscan frescura y autenticidad en cada bocado.<\/p>\n<h3>Porque elegir Vinagre De Alcohol Cuisine &amp; Co<\/h3>\n<ul>\n<li>Ideal para aderezos y marinados, realza el sabor de tus ensaladas y carnes.<\/li>\n<li>1 litro de pureza y frescura, para que nunca falte en tu cocina.<\/li>\n<li>Vers\u00e1til y f\u00e1cil de usar, perfecto para cualquier receta.<\/li>\n<li>Con un toque de acidez que despierta los sabores y convierte lo cotidiano en extraordinario.<\/li>\n<\/ul>\n","protected":false},"featured_media":5910,"template":"","meta":{"_joinchat":[]},"product_cat":[234],"product_tag":[],"class_list":{"0":"post-5931","1":"product","2":"type-product","3":"status-publish","4":"has-post-thumbnail","6":"product_cat-vinagres","8":"first","9":"instock","10":"shipping-taxable","11":"product-type-simple","12":"col-xs-6 col-sm-4","13":"col-md-3 col-lg-3","14":"un-4-cols"},"yoast_head":"<!-- This site is optimized with the Yoast SEO plugin v27.5 - https:\/\/yoast.com\/product\/yoast-seo-wordpress\/ -->\n<title>Vinagre De Alcohol Cuisine &amp; Co 1l - STATE GRID ARGENTINA - Cat\u00e1logo<\/title>\n<meta name=\"robots\" content=\"index, follow, max-snippet:-1, max-image-preview:large, max-video-preview:-1\" \/>\n<link rel=\"canonical\" href=\"https:\/\/stategridargentina.com.ar\/catalogo\/producto\/vinagre-de-alcohol-cuisine-co-1l\/\" \/>\n<meta property=\"og:locale\" content=\"es_ES\" \/>\n<meta property=\"og:type\" content=\"article\" \/>\n<meta property=\"og:title\" content=\"Vinagre De Alcohol Cuisine &amp; Co 1l - STATE GRID ARGENTINA - Cat\u00e1logo\" \/>\n<meta property=\"og:description\" content=\"Eleg\u00ed el Vinagre De Alcohol Cuisine &amp; Co para elevar el sabor de tus comidas. Este vinagre de alta calidad es la elecci\u00f3n perfecta para quienes buscan frescura y autenticidad en cada bocado. Porque elegir Vinagre De Alcohol Cuisine &amp; Co   Ideal para aderezos y marinados, realza el sabor de tus ensaladas y carnes.  1 litro de pureza y frescura, para que nunca falte en tu cocina.  Vers\u00e1til y f\u00e1cil de usar, perfecto para cualquier receta.  Con un toque de acidez que despierta los sabores y convierte lo cotidiano en extraordinario.\" \/>\n<meta property=\"og:url\" content=\"https:\/\/stategridargentina.com.ar\/catalogo\/producto\/vinagre-de-alcohol-cuisine-co-1l\/\" \/>\n<meta property=\"og:site_name\" content=\"STATE GRID ARGENTINA - Cat\u00e1logo\" \/>\n<meta property=\"og:image\" content=\"https:\/\/stategridargentina.com.ar\/catalogo\/wp-content\/uploads\/2025\/03\/1-10.webp\" \/>\n\t<meta property=\"og:image:width\" content=\"1000\" \/>\n\t<meta property=\"og:image:height\" content=\"1000\" \/>\n\t<meta property=\"og:image:type\" content=\"image\/webp\" \/>\n<meta name=\"twitter:card\" content=\"summary_large_image\" \/>\n<meta name=\"twitter:label1\" content=\"Tiempo de lectura\" \/>\n\t<meta name=\"twitter:data1\" content=\"1 minuto\" \/>\n<script type=\"application\/ld+json\" class=\"yoast-schema-graph\">{\"@context\":\"https:\\\/\\\/schema.org\",\"@graph\":[{\"@type\":\"WebPage\",\"@id\":\"https:\\\/\\\/stategridargentina.com.ar\\\/catalogo\\\/producto\\\/vinagre-de-alcohol-cuisine-co-1l\\\/\",\"url\":\"https:\\\/\\\/stategridargentina.com.ar\\\/catalogo\\\/producto\\\/vinagre-de-alcohol-cuisine-co-1l\\\/\",\"name\":\"Vinagre De Alcohol Cuisine & Co 1l - STATE GRID ARGENTINA - Cat\u00e1logo\",\"isPartOf\":{\"@id\":\"https:\\\/\\\/stategridargentina.com.ar\\\/catalogo\\\/#website\"},\"primaryImageOfPage\":{\"@id\":\"https:\\\/\\\/stategridargentina.com.ar\\\/catalogo\\\/producto\\\/vinagre-de-alcohol-cuisine-co-1l\\\/#primaryimage\"},\"image\":{\"@id\":\"https:\\\/\\\/stategridargentina.com.ar\\\/catalogo\\\/producto\\\/vinagre-de-alcohol-cuisine-co-1l\\\/#primaryimage\"},\"thumbnailUrl\":\"https:\\\/\\\/stategridargentina.com.ar\\\/catalogo\\\/wp-content\\\/uploads\\\/2025\\\/03\\\/1-10.webp\",\"datePublished\":\"2025-03-29T21:50:29+00:00\",\"breadcrumb\":{\"@id\":\"https:\\\/\\\/stategridargentina.com.ar\\\/catalogo\\\/producto\\\/vinagre-de-alcohol-cuisine-co-1l\\\/#breadcrumb\"},\"inLanguage\":\"es\",\"potentialAction\":[{\"@type\":\"ReadAction\",\"target\":[\"https:\\\/\\\/stategridargentina.com.ar\\\/catalogo\\\/producto\\\/vinagre-de-alcohol-cuisine-co-1l\\\/\"]}]},{\"@type\":\"ImageObject\",\"inLanguage\":\"es\",\"@id\":\"https:\\\/\\\/stategridargentina.com.ar\\\/catalogo\\\/producto\\\/vinagre-de-alcohol-cuisine-co-1l\\\/#primaryimage\",\"url\":\"https:\\\/\\\/stategridargentina.com.ar\\\/catalogo\\\/wp-content\\\/uploads\\\/2025\\\/03\\\/1-10.webp\",\"contentUrl\":\"https:\\\/\\\/stategridargentina.com.ar\\\/catalogo\\\/wp-content\\\/uploads\\\/2025\\\/03\\\/1-10.webp\",\"width\":1000,\"height\":1000,\"caption\":\"Vinagre De Alcohol Cuisine & Co 1l\"},{\"@type\":\"BreadcrumbList\",\"@id\":\"https:\\\/\\\/stategridargentina.com.ar\\\/catalogo\\\/producto\\\/vinagre-de-alcohol-cuisine-co-1l\\\/#breadcrumb\",\"itemListElement\":[{\"@type\":\"ListItem\",\"position\":1,\"name\":\"Portada\",\"item\":\"https:\\\/\\\/stategridargentina.com.ar\\\/catalogo\\\/\"},{\"@type\":\"ListItem\",\"position\":2,\"name\":\"Catalogo\",\"item\":\"https:\\\/\\\/stategridargentina.com.ar\\\/catalogo\\\/\"},{\"@type\":\"ListItem\",\"position\":3,\"name\":\"Vinagre De Alcohol Cuisine &#038; Co 1l\"}]},{\"@type\":\"WebSite\",\"@id\":\"https:\\\/\\\/stategridargentina.com.ar\\\/catalogo\\\/#website\",\"url\":\"https:\\\/\\\/stategridargentina.com.ar\\\/catalogo\\\/\",\"name\":\"STATE GRID Catalogo\",\"description\":\"\",\"potentialAction\":[{\"@type\":\"SearchAction\",\"target\":{\"@type\":\"EntryPoint\",\"urlTemplate\":\"https:\\\/\\\/stategridargentina.com.ar\\\/catalogo\\\/?s={search_term_string}\"},\"query-input\":{\"@type\":\"PropertyValueSpecification\",\"valueRequired\":true,\"valueName\":\"search_term_string\"}}],\"inLanguage\":\"es\"}]}<\/script>\n<!-- \/ Yoast SEO plugin. -->","yoast_head_json":{"title":"Vinagre De Alcohol Cuisine & Co 1l - STATE GRID ARGENTINA - Cat\u00e1logo","robots":{"index":"index","follow":"follow","max-snippet":"max-snippet:-1","max-image-preview":"max-image-preview:large","max-video-preview":"max-video-preview:-1"},"canonical":"https:\/\/stategridargentina.com.ar\/catalogo\/producto\/vinagre-de-alcohol-cuisine-co-1l\/","og_locale":"es_ES","og_type":"article","og_title":"Vinagre De Alcohol Cuisine & Co 1l - STATE GRID ARGENTINA - Cat\u00e1logo","og_description":"Eleg\u00ed el Vinagre De Alcohol Cuisine &amp; Co para elevar el sabor de tus comidas. Este vinagre de alta calidad es la elecci\u00f3n perfecta para quienes buscan frescura y autenticidad en cada bocado. Porque elegir Vinagre De Alcohol Cuisine &amp; Co   Ideal para aderezos y marinados, realza el sabor de tus ensaladas y carnes.  1 litro de pureza y frescura, para que nunca falte en tu cocina.  Vers\u00e1til y f\u00e1cil de usar, perfecto para cualquier receta.  Con un toque de acidez que despierta los sabores y convierte lo cotidiano en extraordinario.","og_url":"https:\/\/stategridargentina.com.ar\/catalogo\/producto\/vinagre-de-alcohol-cuisine-co-1l\/","og_site_name":"STATE GRID ARGENTINA - Cat\u00e1logo","og_image":[{"width":1000,"height":1000,"url":"https:\/\/stategridargentina.com.ar\/catalogo\/wp-content\/uploads\/2025\/03\/1-10.webp","type":"image\/webp"}],"twitter_card":"summary_large_image","twitter_misc":{"Tiempo de lectura":"1 minuto"},"schema":{"@context":"https:\/\/schema.org","@graph":[{"@type":"WebPage","@id":"https:\/\/stategridargentina.com.ar\/catalogo\/producto\/vinagre-de-alcohol-cuisine-co-1l\/","url":"https:\/\/stategridargentina.com.ar\/catalogo\/producto\/vinagre-de-alcohol-cuisine-co-1l\/","name":"Vinagre De Alcohol Cuisine & Co 1l - STATE GRID ARGENTINA - Cat\u00e1logo","isPartOf":{"@id":"https:\/\/stategridargentina.com.ar\/catalogo\/#website"},"primaryImageOfPage":{"@id":"https:\/\/stategridargentina.com.ar\/catalogo\/producto\/vinagre-de-alcohol-cuisine-co-1l\/#primaryimage"},"image":{"@id":"https:\/\/stategridargentina.com.ar\/catalogo\/producto\/vinagre-de-alcohol-cuisine-co-1l\/#primaryimage"},"thumbnailUrl":"https:\/\/stategridargentina.com.ar\/catalogo\/wp-content\/uploads\/2025\/03\/1-10.webp","datePublished":"2025-03-29T21:50:29+00:00","breadcrumb":{"@id":"https:\/\/stategridargentina.com.ar\/catalogo\/producto\/vinagre-de-alcohol-cuisine-co-1l\/#breadcrumb"},"inLanguage":"es","potentialAction":[{"@type":"ReadAction","target":["https:\/\/stategridargentina.com.ar\/catalogo\/producto\/vinagre-de-alcohol-cuisine-co-1l\/"]}]},{"@type":"ImageObject","inLanguage":"es","@id":"https:\/\/stategridargentina.com.ar\/catalogo\/producto\/vinagre-de-alcohol-cuisine-co-1l\/#primaryimage","url":"https:\/\/stategridargentina.com.ar\/catalogo\/wp-content\/uploads\/2025\/03\/1-10.webp","contentUrl":"https:\/\/stategridargentina.com.ar\/catalogo\/wp-content\/uploads\/2025\/03\/1-10.webp","width":1000,"height":1000,"caption":"Vinagre De Alcohol Cuisine & Co 1l"},{"@type":"BreadcrumbList","@id":"https:\/\/stategridargentina.com.ar\/catalogo\/producto\/vinagre-de-alcohol-cuisine-co-1l\/#breadcrumb","itemListElement":[{"@type":"ListItem","position":1,"name":"Portada","item":"https:\/\/stategridargentina.com.ar\/catalogo\/"},{"@type":"ListItem","position":2,"name":"Catalogo","item":"https:\/\/stategridargentina.com.ar\/catalogo\/"},{"@type":"ListItem","position":3,"name":"Vinagre De Alcohol Cuisine &#038; Co 1l"}]},{"@type":"WebSite","@id":"https:\/\/stategridargentina.com.ar\/catalogo\/#website","url":"https:\/\/stategridargentina.com.ar\/catalogo\/","name":"STATE GRID Catalogo","description":"","potentialAction":[{"@type":"SearchAction","target":{"@type":"EntryPoint","urlTemplate":"https:\/\/stategridargentina.com.ar\/catalogo\/?s={search_term_string}"},"query-input":{"@type":"PropertyValueSpecification","valueRequired":true,"valueName":"search_term_string"}}],"inLanguage":"es"}]}},"_links":{"self":[{"href":"https:\/\/stategridargentina.com.ar\/catalogo\/wp-json\/wp\/v2\/product\/5931","targetHints":{"allow":["GET"]}}],"collection":[{"href":"https:\/\/stategridargentina.com.ar\/catalogo\/wp-json\/wp\/v2\/product"}],"about":[{"href":"https:\/\/stategridargentina.com.ar\/catalogo\/wp-json\/wp\/v2\/types\/product"}],"wp:featuredmedia":[{"embeddable":true,"href":"https:\/\/stategridargentina.com.ar\/catalogo\/wp-json\/wp\/v2\/media\/5910"}],"wp:attachment":[{"href":"https:\/\/stategridargentina.com.ar\/catalogo\/wp-json\/wp\/v2\/media?parent=5931"}],"wp:term":[{"taxonomy":"product_cat","embeddable":true,"href":"https:\/\/stategridargentina.com.ar\/catalogo\/wp-json\/wp\/v2\/product_cat?post=5931"},{"taxonomy":"product_tag","embeddable":true,"href":"https:\/\/stategridargentina.com.ar\/catalogo\/wp-json\/wp\/v2\/product_tag?post=5931"}],"curies":[{"name":"wp","href":"https:\/\/api.w.org\/{rel}","templated":true}]}}