{"id":5907,"date":"2025-03-28T12:51:50","date_gmt":"2025-03-28T12:51:50","guid":{"rendered":"https:\/\/stategridargentina.com.ar\/catalogo\/?post_type=product&#038;p=5907"},"modified":"2025-03-28T12:51:50","modified_gmt":"2025-03-28T12:51:50","slug":"yogur-firme-descremado-la-serenisima-clasico-frutilla-190-gr","status":"publish","type":"product","link":"https:\/\/stategridargentina.com.ar\/catalogo\/producto\/yogur-firme-descremado-la-serenisima-clasico-frutilla-190-gr\/","title":{"rendered":"Yogur Firme Descremado La Seren\u00edsima Cl\u00e1sico Frutilla 190 Gr"},"content":{"rendered":"<article>\n<article>LA SERENISIMA CLASICO firme, descremado, frutilla.De la mejor leche salen los mejores yogures, disfruta del yogur en bocas de todos.<\/p>\n<p>FIRME 190gr.Yogur con probi\u00f3ticos diet\u00e9tico descremado fortificado con vitaminas A, B12, D y \u00e1cido f\u00f3lico sabor frutilla libre de gluten \u2013 firme. Sin TACC.<\/p>\n<\/article>\n<\/article>\n<div>\n<div class=\"v-c_descripcion_subtitle\">Ingredientes<\/div>\n<article>Leche descremada pasteurizada, almid\u00f3n modificado de ma\u00edz, gelatina, cultivos l\u00e1cticos, cultivo probi\u00f3tico bifidobacterium, cultivo probi\u00f3tico l. casei, vitamina b12, vitamina a, vitamina d, \u00e1cido f\u00f3lico (vitamina b9), aromas, colorante natural carm\u00edn, edulcorante acesulfame k, edulcorante sucralosa, leche<\/article>\n<\/div>\n","protected":false},"excerpt":{"rendered":"<article>\n<article>LA SERENISIMA CLASICO firme, descremado, frutilla.De la mejor leche salen los mejores yogures, disfruta del yogur en bocas de todos.<\/p>\n<p>FIRME 190gr.Yogur con probi\u00f3ticos diet\u00e9tico descremado fortificado con vitaminas A, B12, D y \u00e1cido f\u00f3lico sabor frutilla libre de gluten &#8211; firme. Sin TACC.<\/p>\n<\/article>\n<\/article>\n<div>\n<div class=\"v-c_descripcion_subtitle\">Ingredientes<\/div>\n<article>Leche descremada pasteurizada, almid\u00f3n modificado de ma\u00edz, gelatina, cultivos l\u00e1cticos, cultivo probi\u00f3tico bifidobacterium, cultivo probi\u00f3tico l. casei, vitamina b12, vitamina a, vitamina d, \u00e1cido f\u00f3lico (vitamina b9), aromas, colorante natural carm\u00edn, edulcorante acesulfame k, edulcorante sucralosa, leche<\/article>\n<\/div>\n","protected":false},"featured_media":5875,"template":"","meta":{"_joinchat":[]},"product_cat":[233],"product_tag":[],"class_list":{"0":"post-5907","1":"product","2":"type-product","3":"status-publish","4":"has-post-thumbnail","6":"product_cat-yogur","8":"first","9":"instock","10":"shipping-taxable","11":"product-type-simple","12":"col-xs-6 col-sm-4","13":"col-md-3 col-lg-3","14":"un-4-cols"},"yoast_head":"<!-- This site is optimized with the Yoast SEO plugin v27.5 - https:\/\/yoast.com\/product\/yoast-seo-wordpress\/ -->\n<title>Yogur Firme Descremado La Seren\u00edsima Cl\u00e1sico Frutilla 190 Gr - STATE GRID ARGENTINA - Cat\u00e1logo<\/title>\n<meta name=\"robots\" content=\"index, follow, max-snippet:-1, max-image-preview:large, max-video-preview:-1\" \/>\n<link rel=\"canonical\" href=\"https:\/\/stategridargentina.com.ar\/catalogo\/producto\/yogur-firme-descremado-la-serenisima-clasico-frutilla-190-gr\/\" \/>\n<meta property=\"og:locale\" content=\"es_ES\" \/>\n<meta property=\"og:type\" content=\"article\" \/>\n<meta property=\"og:title\" content=\"Yogur Firme Descremado La Seren\u00edsima Cl\u00e1sico Frutilla 190 Gr - STATE GRID ARGENTINA - Cat\u00e1logo\" \/>\n<meta property=\"og:description\" content=\"LA SERENISIMA CLASICO firme, descremado, frutilla.De la mejor leche salen los mejores yogures, disfruta del yogur en bocas de todos.  FIRME 190gr.Yogur con probi\u00f3ticos diet\u00e9tico descremado fortificado con vitaminas A, B12, D y \u00e1cido f\u00f3lico sabor frutilla libre de gluten - firme. Sin TACC.    Ingredientes Leche descremada pasteurizada, almid\u00f3n modificado de ma\u00edz, gelatina, cultivos l\u00e1cticos, cultivo probi\u00f3tico bifidobacterium, cultivo probi\u00f3tico l. casei, vitamina b12, vitamina a, vitamina d, \u00e1cido f\u00f3lico (vitamina b9), aromas, colorante natural carm\u00edn, edulcorante acesulfame k, edulcorante sucralosa, leche\" \/>\n<meta property=\"og:url\" content=\"https:\/\/stategridargentina.com.ar\/catalogo\/producto\/yogur-firme-descremado-la-serenisima-clasico-frutilla-190-gr\/\" \/>\n<meta property=\"og:site_name\" content=\"STATE GRID ARGENTINA - Cat\u00e1logo\" \/>\n<meta property=\"og:image\" content=\"https:\/\/stategridargentina.com.ar\/catalogo\/wp-content\/uploads\/2025\/03\/20-7.webp\" \/>\n\t<meta property=\"og:image:width\" content=\"1000\" \/>\n\t<meta property=\"og:image:height\" content=\"1000\" \/>\n\t<meta property=\"og:image:type\" content=\"image\/webp\" \/>\n<meta name=\"twitter:card\" content=\"summary_large_image\" \/>\n<meta name=\"twitter:label1\" content=\"Tiempo de lectura\" \/>\n\t<meta name=\"twitter:data1\" content=\"1 minuto\" \/>\n<script type=\"application\/ld+json\" class=\"yoast-schema-graph\">{\"@context\":\"https:\\\/\\\/schema.org\",\"@graph\":[{\"@type\":\"WebPage\",\"@id\":\"https:\\\/\\\/stategridargentina.com.ar\\\/catalogo\\\/producto\\\/yogur-firme-descremado-la-serenisima-clasico-frutilla-190-gr\\\/\",\"url\":\"https:\\\/\\\/stategridargentina.com.ar\\\/catalogo\\\/producto\\\/yogur-firme-descremado-la-serenisima-clasico-frutilla-190-gr\\\/\",\"name\":\"Yogur Firme Descremado La Seren\u00edsima Cl\u00e1sico Frutilla 190 Gr - STATE GRID ARGENTINA - Cat\u00e1logo\",\"isPartOf\":{\"@id\":\"https:\\\/\\\/stategridargentina.com.ar\\\/catalogo\\\/#website\"},\"primaryImageOfPage\":{\"@id\":\"https:\\\/\\\/stategridargentina.com.ar\\\/catalogo\\\/producto\\\/yogur-firme-descremado-la-serenisima-clasico-frutilla-190-gr\\\/#primaryimage\"},\"image\":{\"@id\":\"https:\\\/\\\/stategridargentina.com.ar\\\/catalogo\\\/producto\\\/yogur-firme-descremado-la-serenisima-clasico-frutilla-190-gr\\\/#primaryimage\"},\"thumbnailUrl\":\"https:\\\/\\\/stategridargentina.com.ar\\\/catalogo\\\/wp-content\\\/uploads\\\/2025\\\/03\\\/20-7.webp\",\"datePublished\":\"2025-03-28T12:51:50+00:00\",\"breadcrumb\":{\"@id\":\"https:\\\/\\\/stategridargentina.com.ar\\\/catalogo\\\/producto\\\/yogur-firme-descremado-la-serenisima-clasico-frutilla-190-gr\\\/#breadcrumb\"},\"inLanguage\":\"es\",\"potentialAction\":[{\"@type\":\"ReadAction\",\"target\":[\"https:\\\/\\\/stategridargentina.com.ar\\\/catalogo\\\/producto\\\/yogur-firme-descremado-la-serenisima-clasico-frutilla-190-gr\\\/\"]}]},{\"@type\":\"ImageObject\",\"inLanguage\":\"es\",\"@id\":\"https:\\\/\\\/stategridargentina.com.ar\\\/catalogo\\\/producto\\\/yogur-firme-descremado-la-serenisima-clasico-frutilla-190-gr\\\/#primaryimage\",\"url\":\"https:\\\/\\\/stategridargentina.com.ar\\\/catalogo\\\/wp-content\\\/uploads\\\/2025\\\/03\\\/20-7.webp\",\"contentUrl\":\"https:\\\/\\\/stategridargentina.com.ar\\\/catalogo\\\/wp-content\\\/uploads\\\/2025\\\/03\\\/20-7.webp\",\"width\":1000,\"height\":1000,\"caption\":\"Yogur Firme Descremado La Seren\u00edsima Cl\u00e1sico Frutilla 190 Gr\"},{\"@type\":\"BreadcrumbList\",\"@id\":\"https:\\\/\\\/stategridargentina.com.ar\\\/catalogo\\\/producto\\\/yogur-firme-descremado-la-serenisima-clasico-frutilla-190-gr\\\/#breadcrumb\",\"itemListElement\":[{\"@type\":\"ListItem\",\"position\":1,\"name\":\"Portada\",\"item\":\"https:\\\/\\\/stategridargentina.com.ar\\\/catalogo\\\/\"},{\"@type\":\"ListItem\",\"position\":2,\"name\":\"Catalogo\",\"item\":\"https:\\\/\\\/stategridargentina.com.ar\\\/catalogo\\\/\"},{\"@type\":\"ListItem\",\"position\":3,\"name\":\"Yogur Firme Descremado La Seren\u00edsima Cl\u00e1sico Frutilla 190 Gr\"}]},{\"@type\":\"WebSite\",\"@id\":\"https:\\\/\\\/stategridargentina.com.ar\\\/catalogo\\\/#website\",\"url\":\"https:\\\/\\\/stategridargentina.com.ar\\\/catalogo\\\/\",\"name\":\"STATE GRID Catalogo\",\"description\":\"\",\"potentialAction\":[{\"@type\":\"SearchAction\",\"target\":{\"@type\":\"EntryPoint\",\"urlTemplate\":\"https:\\\/\\\/stategridargentina.com.ar\\\/catalogo\\\/?s={search_term_string}\"},\"query-input\":{\"@type\":\"PropertyValueSpecification\",\"valueRequired\":true,\"valueName\":\"search_term_string\"}}],\"inLanguage\":\"es\"}]}<\/script>\n<!-- \/ Yoast SEO plugin. -->","yoast_head_json":{"title":"Yogur Firme Descremado La Seren\u00edsima Cl\u00e1sico Frutilla 190 Gr - STATE GRID ARGENTINA - Cat\u00e1logo","robots":{"index":"index","follow":"follow","max-snippet":"max-snippet:-1","max-image-preview":"max-image-preview:large","max-video-preview":"max-video-preview:-1"},"canonical":"https:\/\/stategridargentina.com.ar\/catalogo\/producto\/yogur-firme-descremado-la-serenisima-clasico-frutilla-190-gr\/","og_locale":"es_ES","og_type":"article","og_title":"Yogur Firme Descremado La Seren\u00edsima Cl\u00e1sico Frutilla 190 Gr - STATE GRID ARGENTINA - Cat\u00e1logo","og_description":"LA SERENISIMA CLASICO firme, descremado, frutilla.De la mejor leche salen los mejores yogures, disfruta del yogur en bocas de todos.  FIRME 190gr.Yogur con probi\u00f3ticos diet\u00e9tico descremado fortificado con vitaminas A, B12, D y \u00e1cido f\u00f3lico sabor frutilla libre de gluten - firme. Sin TACC.    Ingredientes Leche descremada pasteurizada, almid\u00f3n modificado de ma\u00edz, gelatina, cultivos l\u00e1cticos, cultivo probi\u00f3tico bifidobacterium, cultivo probi\u00f3tico l. casei, vitamina b12, vitamina a, vitamina d, \u00e1cido f\u00f3lico (vitamina b9), aromas, colorante natural carm\u00edn, edulcorante acesulfame k, edulcorante sucralosa, leche","og_url":"https:\/\/stategridargentina.com.ar\/catalogo\/producto\/yogur-firme-descremado-la-serenisima-clasico-frutilla-190-gr\/","og_site_name":"STATE GRID ARGENTINA - Cat\u00e1logo","og_image":[{"width":1000,"height":1000,"url":"https:\/\/stategridargentina.com.ar\/catalogo\/wp-content\/uploads\/2025\/03\/20-7.webp","type":"image\/webp"}],"twitter_card":"summary_large_image","twitter_misc":{"Tiempo de lectura":"1 minuto"},"schema":{"@context":"https:\/\/schema.org","@graph":[{"@type":"WebPage","@id":"https:\/\/stategridargentina.com.ar\/catalogo\/producto\/yogur-firme-descremado-la-serenisima-clasico-frutilla-190-gr\/","url":"https:\/\/stategridargentina.com.ar\/catalogo\/producto\/yogur-firme-descremado-la-serenisima-clasico-frutilla-190-gr\/","name":"Yogur Firme Descremado La Seren\u00edsima Cl\u00e1sico Frutilla 190 Gr - STATE GRID ARGENTINA - Cat\u00e1logo","isPartOf":{"@id":"https:\/\/stategridargentina.com.ar\/catalogo\/#website"},"primaryImageOfPage":{"@id":"https:\/\/stategridargentina.com.ar\/catalogo\/producto\/yogur-firme-descremado-la-serenisima-clasico-frutilla-190-gr\/#primaryimage"},"image":{"@id":"https:\/\/stategridargentina.com.ar\/catalogo\/producto\/yogur-firme-descremado-la-serenisima-clasico-frutilla-190-gr\/#primaryimage"},"thumbnailUrl":"https:\/\/stategridargentina.com.ar\/catalogo\/wp-content\/uploads\/2025\/03\/20-7.webp","datePublished":"2025-03-28T12:51:50+00:00","breadcrumb":{"@id":"https:\/\/stategridargentina.com.ar\/catalogo\/producto\/yogur-firme-descremado-la-serenisima-clasico-frutilla-190-gr\/#breadcrumb"},"inLanguage":"es","potentialAction":[{"@type":"ReadAction","target":["https:\/\/stategridargentina.com.ar\/catalogo\/producto\/yogur-firme-descremado-la-serenisima-clasico-frutilla-190-gr\/"]}]},{"@type":"ImageObject","inLanguage":"es","@id":"https:\/\/stategridargentina.com.ar\/catalogo\/producto\/yogur-firme-descremado-la-serenisima-clasico-frutilla-190-gr\/#primaryimage","url":"https:\/\/stategridargentina.com.ar\/catalogo\/wp-content\/uploads\/2025\/03\/20-7.webp","contentUrl":"https:\/\/stategridargentina.com.ar\/catalogo\/wp-content\/uploads\/2025\/03\/20-7.webp","width":1000,"height":1000,"caption":"Yogur Firme Descremado La Seren\u00edsima Cl\u00e1sico Frutilla 190 Gr"},{"@type":"BreadcrumbList","@id":"https:\/\/stategridargentina.com.ar\/catalogo\/producto\/yogur-firme-descremado-la-serenisima-clasico-frutilla-190-gr\/#breadcrumb","itemListElement":[{"@type":"ListItem","position":1,"name":"Portada","item":"https:\/\/stategridargentina.com.ar\/catalogo\/"},{"@type":"ListItem","position":2,"name":"Catalogo","item":"https:\/\/stategridargentina.com.ar\/catalogo\/"},{"@type":"ListItem","position":3,"name":"Yogur Firme Descremado La Seren\u00edsima Cl\u00e1sico Frutilla 190 Gr"}]},{"@type":"WebSite","@id":"https:\/\/stategridargentina.com.ar\/catalogo\/#website","url":"https:\/\/stategridargentina.com.ar\/catalogo\/","name":"STATE GRID Catalogo","description":"","potentialAction":[{"@type":"SearchAction","target":{"@type":"EntryPoint","urlTemplate":"https:\/\/stategridargentina.com.ar\/catalogo\/?s={search_term_string}"},"query-input":{"@type":"PropertyValueSpecification","valueRequired":true,"valueName":"search_term_string"}}],"inLanguage":"es"}]}},"_links":{"self":[{"href":"https:\/\/stategridargentina.com.ar\/catalogo\/wp-json\/wp\/v2\/product\/5907","targetHints":{"allow":["GET"]}}],"collection":[{"href":"https:\/\/stategridargentina.com.ar\/catalogo\/wp-json\/wp\/v2\/product"}],"about":[{"href":"https:\/\/stategridargentina.com.ar\/catalogo\/wp-json\/wp\/v2\/types\/product"}],"wp:featuredmedia":[{"embeddable":true,"href":"https:\/\/stategridargentina.com.ar\/catalogo\/wp-json\/wp\/v2\/media\/5875"}],"wp:attachment":[{"href":"https:\/\/stategridargentina.com.ar\/catalogo\/wp-json\/wp\/v2\/media?parent=5907"}],"wp:term":[{"taxonomy":"product_cat","embeddable":true,"href":"https:\/\/stategridargentina.com.ar\/catalogo\/wp-json\/wp\/v2\/product_cat?post=5907"},{"taxonomy":"product_tag","embeddable":true,"href":"https:\/\/stategridargentina.com.ar\/catalogo\/wp-json\/wp\/v2\/product_tag?post=5907"}],"curies":[{"name":"wp","href":"https:\/\/api.w.org\/{rel}","templated":true}]}}