{"id":5901,"date":"2025-03-28T12:47:07","date_gmt":"2025-03-28T12:47:07","guid":{"rendered":"https:\/\/stategridargentina.com.ar\/catalogo\/?post_type=product&#038;p=5901"},"modified":"2025-03-28T12:47:07","modified_gmt":"2025-03-28T12:47:07","slug":"yogur-batido-la-serenisima-clasico-vainilla-120g","status":"publish","type":"product","link":"https:\/\/stategridargentina.com.ar\/catalogo\/producto\/yogur-batido-la-serenisima-clasico-vainilla-120g\/","title":{"rendered":"Yogur Batido La Seren\u00edsima Cl\u00e1sico Vainilla 120g"},"content":{"rendered":"<p>Aprovech\u00e1 la oportunidad de disfrutar el sabor cl\u00e1sico de La Seren\u00edsima con este yogur batido de vainilla. Con probi\u00f3ticos y fortificado con vitaminas, es la opci\u00f3n perfecta para sumar salud y placer a tu d\u00eda. Delicioso, nutritivo y libre de gluten, ideal para cualquier momento.<\/p>\n<h3>Porque elegir el Yogur Batido Vainilla La Seren\u00edsima Cl\u00e1sico<\/h3>\n<ul>\n<li>Sabor suave y delicioso a vainilla<\/li>\n<li>Fortificado con vitaminas A, B12, D y \u00e1cido f\u00f3lico<\/li>\n<li>Contiene probi\u00f3ticos que favorecen tu digesti\u00f3n<\/li>\n<li>Parcialmente descremado, ideal para una alimentaci\u00f3n balanceada<\/li>\n<li>Libre de gluten (Sin TACC), perfecto para quienes buscan opciones saludables Este es el momento de sumar un cl\u00e1sico a tu d\u00eda a d\u00eda.<\/li>\n<\/ul>\n","protected":false},"excerpt":{"rendered":"<p>Aprovech\u00e1 la oportunidad de disfrutar el sabor cl\u00e1sico de La Seren\u00edsima con este yogur batido de vainilla. Con probi\u00f3ticos y fortificado con vitaminas, es la opci\u00f3n perfecta para sumar salud y placer a tu d\u00eda. Delicioso, nutritivo y libre de gluten, ideal para cualquier momento.<\/p>\n<h3>Porque elegir el Yogur Batido Vainilla La Seren\u00edsima Cl\u00e1sico<\/h3>\n<ul>\n<li>Sabor suave y delicioso a vainilla<\/li>\n<li>Fortificado con vitaminas A, B12, D y \u00e1cido f\u00f3lico<\/li>\n<li>Contiene probi\u00f3ticos que favorecen tu digesti\u00f3n<\/li>\n<li>Parcialmente descremado, ideal para una alimentaci\u00f3n balanceada<\/li>\n<li>Libre de gluten (Sin TACC), perfecto para quienes buscan opciones saludables Este es el momento de sumar un cl\u00e1sico a tu d\u00eda a d\u00eda.<\/li>\n<\/ul>\n","protected":false},"featured_media":5871,"template":"","meta":{"_joinchat":[]},"product_cat":[233],"product_tag":[],"class_list":{"0":"post-5901","1":"product","2":"type-product","3":"status-publish","4":"has-post-thumbnail","6":"product_cat-yogur","8":"first","9":"instock","10":"shipping-taxable","11":"product-type-simple","12":"col-xs-6 col-sm-4","13":"col-md-3 col-lg-3","14":"un-4-cols"},"yoast_head":"<!-- This site is optimized with the Yoast SEO plugin v27.5 - https:\/\/yoast.com\/product\/yoast-seo-wordpress\/ -->\n<title>Yogur Batido La Seren\u00edsima Cl\u00e1sico Vainilla 120g - STATE GRID ARGENTINA - Cat\u00e1logo<\/title>\n<meta name=\"robots\" content=\"index, follow, max-snippet:-1, max-image-preview:large, max-video-preview:-1\" \/>\n<link rel=\"canonical\" href=\"https:\/\/stategridargentina.com.ar\/catalogo\/producto\/yogur-batido-la-serenisima-clasico-vainilla-120g\/\" \/>\n<meta property=\"og:locale\" content=\"es_ES\" \/>\n<meta property=\"og:type\" content=\"article\" \/>\n<meta property=\"og:title\" content=\"Yogur Batido La Seren\u00edsima Cl\u00e1sico Vainilla 120g - STATE GRID ARGENTINA - Cat\u00e1logo\" \/>\n<meta property=\"og:description\" content=\"Aprovech\u00e1 la oportunidad de disfrutar el sabor cl\u00e1sico de La Seren\u00edsima con este yogur batido de vainilla. Con probi\u00f3ticos y fortificado con vitaminas, es la opci\u00f3n perfecta para sumar salud y placer a tu d\u00eda. Delicioso, nutritivo y libre de gluten, ideal para cualquier momento. Porque elegir el Yogur Batido Vainilla La Seren\u00edsima Cl\u00e1sico   Sabor suave y delicioso a vainilla  Fortificado con vitaminas A, B12, D y \u00e1cido f\u00f3lico  Contiene probi\u00f3ticos que favorecen tu digesti\u00f3n  Parcialmente descremado, ideal para una alimentaci\u00f3n balanceada  Libre de gluten (Sin TACC), perfecto para quienes buscan opciones saludables Este es el momento de sumar un cl\u00e1sico a tu d\u00eda a d\u00eda.\" \/>\n<meta property=\"og:url\" content=\"https:\/\/stategridargentina.com.ar\/catalogo\/producto\/yogur-batido-la-serenisima-clasico-vainilla-120g\/\" \/>\n<meta property=\"og:site_name\" content=\"STATE GRID ARGENTINA - Cat\u00e1logo\" \/>\n<meta property=\"og:image\" content=\"https:\/\/stategridargentina.com.ar\/catalogo\/wp-content\/uploads\/2025\/03\/16-7.webp\" \/>\n\t<meta property=\"og:image:width\" content=\"1000\" \/>\n\t<meta property=\"og:image:height\" content=\"1000\" \/>\n\t<meta property=\"og:image:type\" content=\"image\/webp\" \/>\n<meta name=\"twitter:card\" content=\"summary_large_image\" \/>\n<meta name=\"twitter:label1\" content=\"Tiempo de lectura\" \/>\n\t<meta name=\"twitter:data1\" content=\"1 minuto\" \/>\n<script type=\"application\/ld+json\" class=\"yoast-schema-graph\">{\"@context\":\"https:\\\/\\\/schema.org\",\"@graph\":[{\"@type\":\"WebPage\",\"@id\":\"https:\\\/\\\/stategridargentina.com.ar\\\/catalogo\\\/producto\\\/yogur-batido-la-serenisima-clasico-vainilla-120g\\\/\",\"url\":\"https:\\\/\\\/stategridargentina.com.ar\\\/catalogo\\\/producto\\\/yogur-batido-la-serenisima-clasico-vainilla-120g\\\/\",\"name\":\"Yogur Batido La Seren\u00edsima Cl\u00e1sico Vainilla 120g - STATE GRID ARGENTINA - Cat\u00e1logo\",\"isPartOf\":{\"@id\":\"https:\\\/\\\/stategridargentina.com.ar\\\/catalogo\\\/#website\"},\"primaryImageOfPage\":{\"@id\":\"https:\\\/\\\/stategridargentina.com.ar\\\/catalogo\\\/producto\\\/yogur-batido-la-serenisima-clasico-vainilla-120g\\\/#primaryimage\"},\"image\":{\"@id\":\"https:\\\/\\\/stategridargentina.com.ar\\\/catalogo\\\/producto\\\/yogur-batido-la-serenisima-clasico-vainilla-120g\\\/#primaryimage\"},\"thumbnailUrl\":\"https:\\\/\\\/stategridargentina.com.ar\\\/catalogo\\\/wp-content\\\/uploads\\\/2025\\\/03\\\/16-7.webp\",\"datePublished\":\"2025-03-28T12:47:07+00:00\",\"breadcrumb\":{\"@id\":\"https:\\\/\\\/stategridargentina.com.ar\\\/catalogo\\\/producto\\\/yogur-batido-la-serenisima-clasico-vainilla-120g\\\/#breadcrumb\"},\"inLanguage\":\"es\",\"potentialAction\":[{\"@type\":\"ReadAction\",\"target\":[\"https:\\\/\\\/stategridargentina.com.ar\\\/catalogo\\\/producto\\\/yogur-batido-la-serenisima-clasico-vainilla-120g\\\/\"]}]},{\"@type\":\"ImageObject\",\"inLanguage\":\"es\",\"@id\":\"https:\\\/\\\/stategridargentina.com.ar\\\/catalogo\\\/producto\\\/yogur-batido-la-serenisima-clasico-vainilla-120g\\\/#primaryimage\",\"url\":\"https:\\\/\\\/stategridargentina.com.ar\\\/catalogo\\\/wp-content\\\/uploads\\\/2025\\\/03\\\/16-7.webp\",\"contentUrl\":\"https:\\\/\\\/stategridargentina.com.ar\\\/catalogo\\\/wp-content\\\/uploads\\\/2025\\\/03\\\/16-7.webp\",\"width\":1000,\"height\":1000,\"caption\":\"Yogur Batido La Seren\u00edsima Cl\u00e1sico Vainilla 120g\"},{\"@type\":\"BreadcrumbList\",\"@id\":\"https:\\\/\\\/stategridargentina.com.ar\\\/catalogo\\\/producto\\\/yogur-batido-la-serenisima-clasico-vainilla-120g\\\/#breadcrumb\",\"itemListElement\":[{\"@type\":\"ListItem\",\"position\":1,\"name\":\"Portada\",\"item\":\"https:\\\/\\\/stategridargentina.com.ar\\\/catalogo\\\/\"},{\"@type\":\"ListItem\",\"position\":2,\"name\":\"Catalogo\",\"item\":\"https:\\\/\\\/stategridargentina.com.ar\\\/catalogo\\\/\"},{\"@type\":\"ListItem\",\"position\":3,\"name\":\"Yogur Batido La Seren\u00edsima Cl\u00e1sico Vainilla 120g\"}]},{\"@type\":\"WebSite\",\"@id\":\"https:\\\/\\\/stategridargentina.com.ar\\\/catalogo\\\/#website\",\"url\":\"https:\\\/\\\/stategridargentina.com.ar\\\/catalogo\\\/\",\"name\":\"STATE GRID Catalogo\",\"description\":\"\",\"potentialAction\":[{\"@type\":\"SearchAction\",\"target\":{\"@type\":\"EntryPoint\",\"urlTemplate\":\"https:\\\/\\\/stategridargentina.com.ar\\\/catalogo\\\/?s={search_term_string}\"},\"query-input\":{\"@type\":\"PropertyValueSpecification\",\"valueRequired\":true,\"valueName\":\"search_term_string\"}}],\"inLanguage\":\"es\"}]}<\/script>\n<!-- \/ Yoast SEO plugin. -->","yoast_head_json":{"title":"Yogur Batido La Seren\u00edsima Cl\u00e1sico Vainilla 120g - STATE GRID ARGENTINA - Cat\u00e1logo","robots":{"index":"index","follow":"follow","max-snippet":"max-snippet:-1","max-image-preview":"max-image-preview:large","max-video-preview":"max-video-preview:-1"},"canonical":"https:\/\/stategridargentina.com.ar\/catalogo\/producto\/yogur-batido-la-serenisima-clasico-vainilla-120g\/","og_locale":"es_ES","og_type":"article","og_title":"Yogur Batido La Seren\u00edsima Cl\u00e1sico Vainilla 120g - STATE GRID ARGENTINA - Cat\u00e1logo","og_description":"Aprovech\u00e1 la oportunidad de disfrutar el sabor cl\u00e1sico de La Seren\u00edsima con este yogur batido de vainilla. Con probi\u00f3ticos y fortificado con vitaminas, es la opci\u00f3n perfecta para sumar salud y placer a tu d\u00eda. Delicioso, nutritivo y libre de gluten, ideal para cualquier momento. Porque elegir el Yogur Batido Vainilla La Seren\u00edsima Cl\u00e1sico   Sabor suave y delicioso a vainilla  Fortificado con vitaminas A, B12, D y \u00e1cido f\u00f3lico  Contiene probi\u00f3ticos que favorecen tu digesti\u00f3n  Parcialmente descremado, ideal para una alimentaci\u00f3n balanceada  Libre de gluten (Sin TACC), perfecto para quienes buscan opciones saludables Este es el momento de sumar un cl\u00e1sico a tu d\u00eda a d\u00eda.","og_url":"https:\/\/stategridargentina.com.ar\/catalogo\/producto\/yogur-batido-la-serenisima-clasico-vainilla-120g\/","og_site_name":"STATE GRID ARGENTINA - Cat\u00e1logo","og_image":[{"width":1000,"height":1000,"url":"https:\/\/stategridargentina.com.ar\/catalogo\/wp-content\/uploads\/2025\/03\/16-7.webp","type":"image\/webp"}],"twitter_card":"summary_large_image","twitter_misc":{"Tiempo de lectura":"1 minuto"},"schema":{"@context":"https:\/\/schema.org","@graph":[{"@type":"WebPage","@id":"https:\/\/stategridargentina.com.ar\/catalogo\/producto\/yogur-batido-la-serenisima-clasico-vainilla-120g\/","url":"https:\/\/stategridargentina.com.ar\/catalogo\/producto\/yogur-batido-la-serenisima-clasico-vainilla-120g\/","name":"Yogur Batido La Seren\u00edsima Cl\u00e1sico Vainilla 120g - STATE GRID ARGENTINA - Cat\u00e1logo","isPartOf":{"@id":"https:\/\/stategridargentina.com.ar\/catalogo\/#website"},"primaryImageOfPage":{"@id":"https:\/\/stategridargentina.com.ar\/catalogo\/producto\/yogur-batido-la-serenisima-clasico-vainilla-120g\/#primaryimage"},"image":{"@id":"https:\/\/stategridargentina.com.ar\/catalogo\/producto\/yogur-batido-la-serenisima-clasico-vainilla-120g\/#primaryimage"},"thumbnailUrl":"https:\/\/stategridargentina.com.ar\/catalogo\/wp-content\/uploads\/2025\/03\/16-7.webp","datePublished":"2025-03-28T12:47:07+00:00","breadcrumb":{"@id":"https:\/\/stategridargentina.com.ar\/catalogo\/producto\/yogur-batido-la-serenisima-clasico-vainilla-120g\/#breadcrumb"},"inLanguage":"es","potentialAction":[{"@type":"ReadAction","target":["https:\/\/stategridargentina.com.ar\/catalogo\/producto\/yogur-batido-la-serenisima-clasico-vainilla-120g\/"]}]},{"@type":"ImageObject","inLanguage":"es","@id":"https:\/\/stategridargentina.com.ar\/catalogo\/producto\/yogur-batido-la-serenisima-clasico-vainilla-120g\/#primaryimage","url":"https:\/\/stategridargentina.com.ar\/catalogo\/wp-content\/uploads\/2025\/03\/16-7.webp","contentUrl":"https:\/\/stategridargentina.com.ar\/catalogo\/wp-content\/uploads\/2025\/03\/16-7.webp","width":1000,"height":1000,"caption":"Yogur Batido La Seren\u00edsima Cl\u00e1sico Vainilla 120g"},{"@type":"BreadcrumbList","@id":"https:\/\/stategridargentina.com.ar\/catalogo\/producto\/yogur-batido-la-serenisima-clasico-vainilla-120g\/#breadcrumb","itemListElement":[{"@type":"ListItem","position":1,"name":"Portada","item":"https:\/\/stategridargentina.com.ar\/catalogo\/"},{"@type":"ListItem","position":2,"name":"Catalogo","item":"https:\/\/stategridargentina.com.ar\/catalogo\/"},{"@type":"ListItem","position":3,"name":"Yogur Batido La Seren\u00edsima Cl\u00e1sico Vainilla 120g"}]},{"@type":"WebSite","@id":"https:\/\/stategridargentina.com.ar\/catalogo\/#website","url":"https:\/\/stategridargentina.com.ar\/catalogo\/","name":"STATE GRID Catalogo","description":"","potentialAction":[{"@type":"SearchAction","target":{"@type":"EntryPoint","urlTemplate":"https:\/\/stategridargentina.com.ar\/catalogo\/?s={search_term_string}"},"query-input":{"@type":"PropertyValueSpecification","valueRequired":true,"valueName":"search_term_string"}}],"inLanguage":"es"}]}},"_links":{"self":[{"href":"https:\/\/stategridargentina.com.ar\/catalogo\/wp-json\/wp\/v2\/product\/5901","targetHints":{"allow":["GET"]}}],"collection":[{"href":"https:\/\/stategridargentina.com.ar\/catalogo\/wp-json\/wp\/v2\/product"}],"about":[{"href":"https:\/\/stategridargentina.com.ar\/catalogo\/wp-json\/wp\/v2\/types\/product"}],"wp:featuredmedia":[{"embeddable":true,"href":"https:\/\/stategridargentina.com.ar\/catalogo\/wp-json\/wp\/v2\/media\/5871"}],"wp:attachment":[{"href":"https:\/\/stategridargentina.com.ar\/catalogo\/wp-json\/wp\/v2\/media?parent=5901"}],"wp:term":[{"taxonomy":"product_cat","embeddable":true,"href":"https:\/\/stategridargentina.com.ar\/catalogo\/wp-json\/wp\/v2\/product_cat?post=5901"},{"taxonomy":"product_tag","embeddable":true,"href":"https:\/\/stategridargentina.com.ar\/catalogo\/wp-json\/wp\/v2\/product_tag?post=5901"}],"curies":[{"name":"wp","href":"https:\/\/api.w.org\/{rel}","templated":true}]}}