{"id":5898,"date":"2025-03-28T12:45:20","date_gmt":"2025-03-28T12:45:20","guid":{"rendered":"https:\/\/stategridargentina.com.ar\/catalogo\/?post_type=product&#038;p=5898"},"modified":"2025-03-28T12:45:20","modified_gmt":"2025-03-28T12:45:20","slug":"flan-deli-con-caramelo-ser-95-gr","status":"publish","type":"product","link":"https:\/\/stategridargentina.com.ar\/catalogo\/producto\/flan-deli-con-caramelo-ser-95-gr\/","title":{"rendered":"Flan Deli Con Caramelo Ser 95 Gr"},"content":{"rendered":"<p>Dejate seducir por el delicioso Flan Deli con Caramelo Ser. Con solo 99 kcal, es el postre perfecto para satisfacer tu antojo en cualquier momento del d\u00eda.<\/p>\n<h3>Porque elegir Flan Deli con Caramelo Ser 95gr<\/h3>\n<ul>\n<li>Riqu\u00edsimo sabor a flan con caramelo que deleita a todos.<\/li>\n<li>Bajo en calor\u00edas, solo 99 kcal por porci\u00f3n.<\/li>\n<li>Fortificado con Zinc para sumar beneficios a tu dulce elecci\u00f3n.<\/li>\n<li>Sin huevo y libre de gluten, apto para todos.<\/li>\n<\/ul>\n","protected":false},"excerpt":{"rendered":"<p>Dejate seducir por el delicioso Flan Deli con Caramelo Ser. Con solo 99 kcal, es el postre perfecto para satisfacer tu antojo en cualquier momento del d\u00eda.<\/p>\n<h3>Porque elegir Flan Deli con Caramelo Ser 95gr<\/h3>\n<ul>\n<li>Riqu\u00edsimo sabor a flan con caramelo que deleita a todos.<\/li>\n<li>Bajo en calor\u00edas, solo 99 kcal por porci\u00f3n.<\/li>\n<li>Fortificado con Zinc para sumar beneficios a tu dulce elecci\u00f3n.<\/li>\n<li>Sin huevo y libre de gluten, apto para todos.<\/li>\n<\/ul>\n","protected":false},"featured_media":5869,"template":"","meta":{"_joinchat":[]},"product_cat":[233],"product_tag":[],"class_list":{"0":"post-5898","1":"product","2":"type-product","3":"status-publish","4":"has-post-thumbnail","6":"product_cat-yogur","8":"first","9":"instock","10":"shipping-taxable","11":"product-type-simple","12":"col-xs-6 col-sm-4","13":"col-md-3 col-lg-3","14":"un-4-cols"},"yoast_head":"<!-- This site is optimized with the Yoast SEO plugin v27.5 - https:\/\/yoast.com\/product\/yoast-seo-wordpress\/ -->\n<title>Flan Deli Con Caramelo Ser 95 Gr - STATE GRID ARGENTINA - Cat\u00e1logo<\/title>\n<meta name=\"robots\" content=\"index, follow, max-snippet:-1, max-image-preview:large, max-video-preview:-1\" \/>\n<link rel=\"canonical\" href=\"https:\/\/stategridargentina.com.ar\/catalogo\/producto\/flan-deli-con-caramelo-ser-95-gr\/\" \/>\n<meta property=\"og:locale\" content=\"es_ES\" \/>\n<meta property=\"og:type\" content=\"article\" \/>\n<meta property=\"og:title\" content=\"Flan Deli Con Caramelo Ser 95 Gr - STATE GRID ARGENTINA - Cat\u00e1logo\" \/>\n<meta property=\"og:description\" content=\"Dejate seducir por el delicioso Flan Deli con Caramelo Ser. Con solo 99 kcal, es el postre perfecto para satisfacer tu antojo en cualquier momento del d\u00eda. Porque elegir Flan Deli con Caramelo Ser 95gr   Riqu\u00edsimo sabor a flan con caramelo que deleita a todos.  Bajo en calor\u00edas, solo 99 kcal por porci\u00f3n.  Fortificado con Zinc para sumar beneficios a tu dulce elecci\u00f3n.  Sin huevo y libre de gluten, apto para todos.\" \/>\n<meta property=\"og:url\" content=\"https:\/\/stategridargentina.com.ar\/catalogo\/producto\/flan-deli-con-caramelo-ser-95-gr\/\" \/>\n<meta property=\"og:site_name\" content=\"STATE GRID ARGENTINA - Cat\u00e1logo\" \/>\n<meta property=\"og:image\" content=\"https:\/\/stategridargentina.com.ar\/catalogo\/wp-content\/uploads\/2025\/03\/14-7.webp\" \/>\n\t<meta property=\"og:image:width\" content=\"1000\" \/>\n\t<meta property=\"og:image:height\" content=\"1000\" \/>\n\t<meta property=\"og:image:type\" content=\"image\/webp\" \/>\n<meta name=\"twitter:card\" content=\"summary_large_image\" \/>\n<meta name=\"twitter:label1\" content=\"Tiempo de lectura\" \/>\n\t<meta name=\"twitter:data1\" content=\"1 minuto\" \/>\n<script type=\"application\/ld+json\" class=\"yoast-schema-graph\">{\"@context\":\"https:\\\/\\\/schema.org\",\"@graph\":[{\"@type\":\"WebPage\",\"@id\":\"https:\\\/\\\/stategridargentina.com.ar\\\/catalogo\\\/producto\\\/flan-deli-con-caramelo-ser-95-gr\\\/\",\"url\":\"https:\\\/\\\/stategridargentina.com.ar\\\/catalogo\\\/producto\\\/flan-deli-con-caramelo-ser-95-gr\\\/\",\"name\":\"Flan Deli Con Caramelo Ser 95 Gr - STATE GRID ARGENTINA - Cat\u00e1logo\",\"isPartOf\":{\"@id\":\"https:\\\/\\\/stategridargentina.com.ar\\\/catalogo\\\/#website\"},\"primaryImageOfPage\":{\"@id\":\"https:\\\/\\\/stategridargentina.com.ar\\\/catalogo\\\/producto\\\/flan-deli-con-caramelo-ser-95-gr\\\/#primaryimage\"},\"image\":{\"@id\":\"https:\\\/\\\/stategridargentina.com.ar\\\/catalogo\\\/producto\\\/flan-deli-con-caramelo-ser-95-gr\\\/#primaryimage\"},\"thumbnailUrl\":\"https:\\\/\\\/stategridargentina.com.ar\\\/catalogo\\\/wp-content\\\/uploads\\\/2025\\\/03\\\/14-7.webp\",\"datePublished\":\"2025-03-28T12:45:20+00:00\",\"breadcrumb\":{\"@id\":\"https:\\\/\\\/stategridargentina.com.ar\\\/catalogo\\\/producto\\\/flan-deli-con-caramelo-ser-95-gr\\\/#breadcrumb\"},\"inLanguage\":\"es\",\"potentialAction\":[{\"@type\":\"ReadAction\",\"target\":[\"https:\\\/\\\/stategridargentina.com.ar\\\/catalogo\\\/producto\\\/flan-deli-con-caramelo-ser-95-gr\\\/\"]}]},{\"@type\":\"ImageObject\",\"inLanguage\":\"es\",\"@id\":\"https:\\\/\\\/stategridargentina.com.ar\\\/catalogo\\\/producto\\\/flan-deli-con-caramelo-ser-95-gr\\\/#primaryimage\",\"url\":\"https:\\\/\\\/stategridargentina.com.ar\\\/catalogo\\\/wp-content\\\/uploads\\\/2025\\\/03\\\/14-7.webp\",\"contentUrl\":\"https:\\\/\\\/stategridargentina.com.ar\\\/catalogo\\\/wp-content\\\/uploads\\\/2025\\\/03\\\/14-7.webp\",\"width\":1000,\"height\":1000,\"caption\":\"Flan Deli Con Caramelo Ser 95 Gr\"},{\"@type\":\"BreadcrumbList\",\"@id\":\"https:\\\/\\\/stategridargentina.com.ar\\\/catalogo\\\/producto\\\/flan-deli-con-caramelo-ser-95-gr\\\/#breadcrumb\",\"itemListElement\":[{\"@type\":\"ListItem\",\"position\":1,\"name\":\"Portada\",\"item\":\"https:\\\/\\\/stategridargentina.com.ar\\\/catalogo\\\/\"},{\"@type\":\"ListItem\",\"position\":2,\"name\":\"Catalogo\",\"item\":\"https:\\\/\\\/stategridargentina.com.ar\\\/catalogo\\\/\"},{\"@type\":\"ListItem\",\"position\":3,\"name\":\"Flan Deli Con Caramelo Ser 95 Gr\"}]},{\"@type\":\"WebSite\",\"@id\":\"https:\\\/\\\/stategridargentina.com.ar\\\/catalogo\\\/#website\",\"url\":\"https:\\\/\\\/stategridargentina.com.ar\\\/catalogo\\\/\",\"name\":\"STATE GRID Catalogo\",\"description\":\"\",\"potentialAction\":[{\"@type\":\"SearchAction\",\"target\":{\"@type\":\"EntryPoint\",\"urlTemplate\":\"https:\\\/\\\/stategridargentina.com.ar\\\/catalogo\\\/?s={search_term_string}\"},\"query-input\":{\"@type\":\"PropertyValueSpecification\",\"valueRequired\":true,\"valueName\":\"search_term_string\"}}],\"inLanguage\":\"es\"}]}<\/script>\n<!-- \/ Yoast SEO plugin. -->","yoast_head_json":{"title":"Flan Deli Con Caramelo Ser 95 Gr - STATE GRID ARGENTINA - Cat\u00e1logo","robots":{"index":"index","follow":"follow","max-snippet":"max-snippet:-1","max-image-preview":"max-image-preview:large","max-video-preview":"max-video-preview:-1"},"canonical":"https:\/\/stategridargentina.com.ar\/catalogo\/producto\/flan-deli-con-caramelo-ser-95-gr\/","og_locale":"es_ES","og_type":"article","og_title":"Flan Deli Con Caramelo Ser 95 Gr - STATE GRID ARGENTINA - Cat\u00e1logo","og_description":"Dejate seducir por el delicioso Flan Deli con Caramelo Ser. Con solo 99 kcal, es el postre perfecto para satisfacer tu antojo en cualquier momento del d\u00eda. Porque elegir Flan Deli con Caramelo Ser 95gr   Riqu\u00edsimo sabor a flan con caramelo que deleita a todos.  Bajo en calor\u00edas, solo 99 kcal por porci\u00f3n.  Fortificado con Zinc para sumar beneficios a tu dulce elecci\u00f3n.  Sin huevo y libre de gluten, apto para todos.","og_url":"https:\/\/stategridargentina.com.ar\/catalogo\/producto\/flan-deli-con-caramelo-ser-95-gr\/","og_site_name":"STATE GRID ARGENTINA - Cat\u00e1logo","og_image":[{"width":1000,"height":1000,"url":"https:\/\/stategridargentina.com.ar\/catalogo\/wp-content\/uploads\/2025\/03\/14-7.webp","type":"image\/webp"}],"twitter_card":"summary_large_image","twitter_misc":{"Tiempo de lectura":"1 minuto"},"schema":{"@context":"https:\/\/schema.org","@graph":[{"@type":"WebPage","@id":"https:\/\/stategridargentina.com.ar\/catalogo\/producto\/flan-deli-con-caramelo-ser-95-gr\/","url":"https:\/\/stategridargentina.com.ar\/catalogo\/producto\/flan-deli-con-caramelo-ser-95-gr\/","name":"Flan Deli Con Caramelo Ser 95 Gr - STATE GRID ARGENTINA - Cat\u00e1logo","isPartOf":{"@id":"https:\/\/stategridargentina.com.ar\/catalogo\/#website"},"primaryImageOfPage":{"@id":"https:\/\/stategridargentina.com.ar\/catalogo\/producto\/flan-deli-con-caramelo-ser-95-gr\/#primaryimage"},"image":{"@id":"https:\/\/stategridargentina.com.ar\/catalogo\/producto\/flan-deli-con-caramelo-ser-95-gr\/#primaryimage"},"thumbnailUrl":"https:\/\/stategridargentina.com.ar\/catalogo\/wp-content\/uploads\/2025\/03\/14-7.webp","datePublished":"2025-03-28T12:45:20+00:00","breadcrumb":{"@id":"https:\/\/stategridargentina.com.ar\/catalogo\/producto\/flan-deli-con-caramelo-ser-95-gr\/#breadcrumb"},"inLanguage":"es","potentialAction":[{"@type":"ReadAction","target":["https:\/\/stategridargentina.com.ar\/catalogo\/producto\/flan-deli-con-caramelo-ser-95-gr\/"]}]},{"@type":"ImageObject","inLanguage":"es","@id":"https:\/\/stategridargentina.com.ar\/catalogo\/producto\/flan-deli-con-caramelo-ser-95-gr\/#primaryimage","url":"https:\/\/stategridargentina.com.ar\/catalogo\/wp-content\/uploads\/2025\/03\/14-7.webp","contentUrl":"https:\/\/stategridargentina.com.ar\/catalogo\/wp-content\/uploads\/2025\/03\/14-7.webp","width":1000,"height":1000,"caption":"Flan Deli Con Caramelo Ser 95 Gr"},{"@type":"BreadcrumbList","@id":"https:\/\/stategridargentina.com.ar\/catalogo\/producto\/flan-deli-con-caramelo-ser-95-gr\/#breadcrumb","itemListElement":[{"@type":"ListItem","position":1,"name":"Portada","item":"https:\/\/stategridargentina.com.ar\/catalogo\/"},{"@type":"ListItem","position":2,"name":"Catalogo","item":"https:\/\/stategridargentina.com.ar\/catalogo\/"},{"@type":"ListItem","position":3,"name":"Flan Deli Con Caramelo Ser 95 Gr"}]},{"@type":"WebSite","@id":"https:\/\/stategridargentina.com.ar\/catalogo\/#website","url":"https:\/\/stategridargentina.com.ar\/catalogo\/","name":"STATE GRID Catalogo","description":"","potentialAction":[{"@type":"SearchAction","target":{"@type":"EntryPoint","urlTemplate":"https:\/\/stategridargentina.com.ar\/catalogo\/?s={search_term_string}"},"query-input":{"@type":"PropertyValueSpecification","valueRequired":true,"valueName":"search_term_string"}}],"inLanguage":"es"}]}},"_links":{"self":[{"href":"https:\/\/stategridargentina.com.ar\/catalogo\/wp-json\/wp\/v2\/product\/5898","targetHints":{"allow":["GET"]}}],"collection":[{"href":"https:\/\/stategridargentina.com.ar\/catalogo\/wp-json\/wp\/v2\/product"}],"about":[{"href":"https:\/\/stategridargentina.com.ar\/catalogo\/wp-json\/wp\/v2\/types\/product"}],"wp:featuredmedia":[{"embeddable":true,"href":"https:\/\/stategridargentina.com.ar\/catalogo\/wp-json\/wp\/v2\/media\/5869"}],"wp:attachment":[{"href":"https:\/\/stategridargentina.com.ar\/catalogo\/wp-json\/wp\/v2\/media?parent=5898"}],"wp:term":[{"taxonomy":"product_cat","embeddable":true,"href":"https:\/\/stategridargentina.com.ar\/catalogo\/wp-json\/wp\/v2\/product_cat?post=5898"},{"taxonomy":"product_tag","embeddable":true,"href":"https:\/\/stategridargentina.com.ar\/catalogo\/wp-json\/wp\/v2\/product_tag?post=5898"}],"curies":[{"name":"wp","href":"https:\/\/api.w.org\/{rel}","templated":true}]}}