{"id":5894,"date":"2025-03-28T12:43:38","date_gmt":"2025-03-28T12:43:38","guid":{"rendered":"https:\/\/stategridargentina.com.ar\/catalogo\/?post_type=product&#038;p=5894"},"modified":"2025-03-28T12:43:39","modified_gmt":"2025-03-28T12:43:39","slug":"yogur-natur-big-pot-natural-ser-300-gr","status":"publish","type":"product","link":"https:\/\/stategridargentina.com.ar\/catalogo\/producto\/yogur-natur-big-pot-natural-ser-300-gr\/","title":{"rendered":"Yogur Natur Big Pot Natural Ser 300 Gr"},"content":{"rendered":"<article>\n<article>\n<h3>Yogur Natur big pot natural Ser 300gr<\/h3>\n<p>SER Natur, big pot, parcialmente descremado, sabor natural.?Un pote extra grande para combinar con lo que m\u00e1s te guste, cuando mezcl\u00e1s cosas \u00fanicas, ten\u00e9s resultados incre\u00edbles.<\/p>\n<p>Sin lactosa. Sin edulcorantes artificiales. Endulzado s\u00f3lo con stevia.<\/p>\n<p>BIG POT 300gr.?Yogur con probi\u00f3ticos diet\u00e9tico parcialmente descremado sin lactosa sabor natural libre de gluten. Sin TACC.<\/p>\n<\/article>\n<\/article>\n","protected":false},"excerpt":{"rendered":"<article>\n<article>\n<h3>Yogur Natur big pot natural Ser 300gr<\/h3>\n<p>SER Natur, big pot, parcialmente descremado, sabor natural.?Un pote extra grande para combinar con lo que m\u00e1s te guste, cuando mezcl\u00e1s cosas \u00fanicas, ten\u00e9s resultados incre\u00edbles.<\/p>\n<p>Sin lactosa. Sin edulcorantes artificiales. Endulzado s\u00f3lo con stevia.<\/p>\n<p>BIG POT 300gr.?Yogur con probi\u00f3ticos diet\u00e9tico parcialmente descremado sin lactosa sabor natural libre de gluten. Sin TACC.<\/p>\n<\/article>\n<\/article>\n","protected":false},"featured_media":5867,"template":"","meta":{"_joinchat":[]},"product_cat":[233],"product_tag":[],"class_list":{"0":"post-5894","1":"product","2":"type-product","3":"status-publish","4":"has-post-thumbnail","6":"product_cat-yogur","8":"first","9":"instock","10":"shipping-taxable","11":"product-type-simple","12":"col-xs-6 col-sm-4","13":"col-md-3 col-lg-3","14":"un-4-cols"},"yoast_head":"<!-- This site is optimized with the Yoast SEO plugin v27.5 - https:\/\/yoast.com\/product\/yoast-seo-wordpress\/ -->\n<title>Yogur Natur Big Pot Natural Ser 300 Gr - STATE GRID ARGENTINA - Cat\u00e1logo<\/title>\n<meta name=\"robots\" content=\"index, follow, max-snippet:-1, max-image-preview:large, max-video-preview:-1\" \/>\n<link rel=\"canonical\" href=\"https:\/\/stategridargentina.com.ar\/catalogo\/producto\/yogur-natur-big-pot-natural-ser-300-gr\/\" \/>\n<meta property=\"og:locale\" content=\"es_ES\" \/>\n<meta property=\"og:type\" content=\"article\" \/>\n<meta property=\"og:title\" content=\"Yogur Natur Big Pot Natural Ser 300 Gr - STATE GRID ARGENTINA - Cat\u00e1logo\" \/>\n<meta property=\"og:description\" content=\"Yogur Natur big pot natural Ser 300gr SER Natur, big pot, parcialmente descremado, sabor natural.?Un pote extra grande para combinar con lo que m\u00e1s te guste, cuando mezcl\u00e1s cosas \u00fanicas, ten\u00e9s resultados incre\u00edbles.  Sin lactosa. Sin edulcorantes artificiales. Endulzado s\u00f3lo con stevia.  BIG POT 300gr.?Yogur con probi\u00f3ticos diet\u00e9tico parcialmente descremado sin lactosa sabor natural libre de gluten. Sin TACC.\" \/>\n<meta property=\"og:url\" content=\"https:\/\/stategridargentina.com.ar\/catalogo\/producto\/yogur-natur-big-pot-natural-ser-300-gr\/\" \/>\n<meta property=\"og:site_name\" content=\"STATE GRID ARGENTINA - Cat\u00e1logo\" \/>\n<meta property=\"article:modified_time\" content=\"2025-03-28T12:43:39+00:00\" \/>\n<meta property=\"og:image\" content=\"https:\/\/stategridargentina.com.ar\/catalogo\/wp-content\/uploads\/2025\/03\/12-7.webp\" \/>\n\t<meta property=\"og:image:width\" content=\"1000\" \/>\n\t<meta property=\"og:image:height\" content=\"1000\" \/>\n\t<meta property=\"og:image:type\" content=\"image\/webp\" \/>\n<meta name=\"twitter:card\" content=\"summary_large_image\" \/>\n<meta name=\"twitter:label1\" content=\"Tiempo de lectura\" \/>\n\t<meta name=\"twitter:data1\" content=\"1 minuto\" \/>\n<script type=\"application\/ld+json\" class=\"yoast-schema-graph\">{\"@context\":\"https:\\\/\\\/schema.org\",\"@graph\":[{\"@type\":\"WebPage\",\"@id\":\"https:\\\/\\\/stategridargentina.com.ar\\\/catalogo\\\/producto\\\/yogur-natur-big-pot-natural-ser-300-gr\\\/\",\"url\":\"https:\\\/\\\/stategridargentina.com.ar\\\/catalogo\\\/producto\\\/yogur-natur-big-pot-natural-ser-300-gr\\\/\",\"name\":\"Yogur Natur Big Pot Natural Ser 300 Gr - STATE GRID ARGENTINA - Cat\u00e1logo\",\"isPartOf\":{\"@id\":\"https:\\\/\\\/stategridargentina.com.ar\\\/catalogo\\\/#website\"},\"primaryImageOfPage\":{\"@id\":\"https:\\\/\\\/stategridargentina.com.ar\\\/catalogo\\\/producto\\\/yogur-natur-big-pot-natural-ser-300-gr\\\/#primaryimage\"},\"image\":{\"@id\":\"https:\\\/\\\/stategridargentina.com.ar\\\/catalogo\\\/producto\\\/yogur-natur-big-pot-natural-ser-300-gr\\\/#primaryimage\"},\"thumbnailUrl\":\"https:\\\/\\\/stategridargentina.com.ar\\\/catalogo\\\/wp-content\\\/uploads\\\/2025\\\/03\\\/12-7.webp\",\"datePublished\":\"2025-03-28T12:43:38+00:00\",\"dateModified\":\"2025-03-28T12:43:39+00:00\",\"breadcrumb\":{\"@id\":\"https:\\\/\\\/stategridargentina.com.ar\\\/catalogo\\\/producto\\\/yogur-natur-big-pot-natural-ser-300-gr\\\/#breadcrumb\"},\"inLanguage\":\"es\",\"potentialAction\":[{\"@type\":\"ReadAction\",\"target\":[\"https:\\\/\\\/stategridargentina.com.ar\\\/catalogo\\\/producto\\\/yogur-natur-big-pot-natural-ser-300-gr\\\/\"]}]},{\"@type\":\"ImageObject\",\"inLanguage\":\"es\",\"@id\":\"https:\\\/\\\/stategridargentina.com.ar\\\/catalogo\\\/producto\\\/yogur-natur-big-pot-natural-ser-300-gr\\\/#primaryimage\",\"url\":\"https:\\\/\\\/stategridargentina.com.ar\\\/catalogo\\\/wp-content\\\/uploads\\\/2025\\\/03\\\/12-7.webp\",\"contentUrl\":\"https:\\\/\\\/stategridargentina.com.ar\\\/catalogo\\\/wp-content\\\/uploads\\\/2025\\\/03\\\/12-7.webp\",\"width\":1000,\"height\":1000,\"caption\":\"Yogur Natur Big Pot Natural Ser 300 Gr\"},{\"@type\":\"BreadcrumbList\",\"@id\":\"https:\\\/\\\/stategridargentina.com.ar\\\/catalogo\\\/producto\\\/yogur-natur-big-pot-natural-ser-300-gr\\\/#breadcrumb\",\"itemListElement\":[{\"@type\":\"ListItem\",\"position\":1,\"name\":\"Portada\",\"item\":\"https:\\\/\\\/stategridargentina.com.ar\\\/catalogo\\\/\"},{\"@type\":\"ListItem\",\"position\":2,\"name\":\"Catalogo\",\"item\":\"https:\\\/\\\/stategridargentina.com.ar\\\/catalogo\\\/\"},{\"@type\":\"ListItem\",\"position\":3,\"name\":\"Yogur Natur Big Pot Natural Ser 300 Gr\"}]},{\"@type\":\"WebSite\",\"@id\":\"https:\\\/\\\/stategridargentina.com.ar\\\/catalogo\\\/#website\",\"url\":\"https:\\\/\\\/stategridargentina.com.ar\\\/catalogo\\\/\",\"name\":\"STATE GRID Catalogo\",\"description\":\"\",\"potentialAction\":[{\"@type\":\"SearchAction\",\"target\":{\"@type\":\"EntryPoint\",\"urlTemplate\":\"https:\\\/\\\/stategridargentina.com.ar\\\/catalogo\\\/?s={search_term_string}\"},\"query-input\":{\"@type\":\"PropertyValueSpecification\",\"valueRequired\":true,\"valueName\":\"search_term_string\"}}],\"inLanguage\":\"es\"}]}<\/script>\n<!-- \/ Yoast SEO plugin. -->","yoast_head_json":{"title":"Yogur Natur Big Pot Natural Ser 300 Gr - STATE GRID ARGENTINA - Cat\u00e1logo","robots":{"index":"index","follow":"follow","max-snippet":"max-snippet:-1","max-image-preview":"max-image-preview:large","max-video-preview":"max-video-preview:-1"},"canonical":"https:\/\/stategridargentina.com.ar\/catalogo\/producto\/yogur-natur-big-pot-natural-ser-300-gr\/","og_locale":"es_ES","og_type":"article","og_title":"Yogur Natur Big Pot Natural Ser 300 Gr - STATE GRID ARGENTINA - Cat\u00e1logo","og_description":"Yogur Natur big pot natural Ser 300gr SER Natur, big pot, parcialmente descremado, sabor natural.?Un pote extra grande para combinar con lo que m\u00e1s te guste, cuando mezcl\u00e1s cosas \u00fanicas, ten\u00e9s resultados incre\u00edbles.  Sin lactosa. Sin edulcorantes artificiales. Endulzado s\u00f3lo con stevia.  BIG POT 300gr.?Yogur con probi\u00f3ticos diet\u00e9tico parcialmente descremado sin lactosa sabor natural libre de gluten. Sin TACC.","og_url":"https:\/\/stategridargentina.com.ar\/catalogo\/producto\/yogur-natur-big-pot-natural-ser-300-gr\/","og_site_name":"STATE GRID ARGENTINA - Cat\u00e1logo","article_modified_time":"2025-03-28T12:43:39+00:00","og_image":[{"width":1000,"height":1000,"url":"https:\/\/stategridargentina.com.ar\/catalogo\/wp-content\/uploads\/2025\/03\/12-7.webp","type":"image\/webp"}],"twitter_card":"summary_large_image","twitter_misc":{"Tiempo de lectura":"1 minuto"},"schema":{"@context":"https:\/\/schema.org","@graph":[{"@type":"WebPage","@id":"https:\/\/stategridargentina.com.ar\/catalogo\/producto\/yogur-natur-big-pot-natural-ser-300-gr\/","url":"https:\/\/stategridargentina.com.ar\/catalogo\/producto\/yogur-natur-big-pot-natural-ser-300-gr\/","name":"Yogur Natur Big Pot Natural Ser 300 Gr - STATE GRID ARGENTINA - Cat\u00e1logo","isPartOf":{"@id":"https:\/\/stategridargentina.com.ar\/catalogo\/#website"},"primaryImageOfPage":{"@id":"https:\/\/stategridargentina.com.ar\/catalogo\/producto\/yogur-natur-big-pot-natural-ser-300-gr\/#primaryimage"},"image":{"@id":"https:\/\/stategridargentina.com.ar\/catalogo\/producto\/yogur-natur-big-pot-natural-ser-300-gr\/#primaryimage"},"thumbnailUrl":"https:\/\/stategridargentina.com.ar\/catalogo\/wp-content\/uploads\/2025\/03\/12-7.webp","datePublished":"2025-03-28T12:43:38+00:00","dateModified":"2025-03-28T12:43:39+00:00","breadcrumb":{"@id":"https:\/\/stategridargentina.com.ar\/catalogo\/producto\/yogur-natur-big-pot-natural-ser-300-gr\/#breadcrumb"},"inLanguage":"es","potentialAction":[{"@type":"ReadAction","target":["https:\/\/stategridargentina.com.ar\/catalogo\/producto\/yogur-natur-big-pot-natural-ser-300-gr\/"]}]},{"@type":"ImageObject","inLanguage":"es","@id":"https:\/\/stategridargentina.com.ar\/catalogo\/producto\/yogur-natur-big-pot-natural-ser-300-gr\/#primaryimage","url":"https:\/\/stategridargentina.com.ar\/catalogo\/wp-content\/uploads\/2025\/03\/12-7.webp","contentUrl":"https:\/\/stategridargentina.com.ar\/catalogo\/wp-content\/uploads\/2025\/03\/12-7.webp","width":1000,"height":1000,"caption":"Yogur Natur Big Pot Natural Ser 300 Gr"},{"@type":"BreadcrumbList","@id":"https:\/\/stategridargentina.com.ar\/catalogo\/producto\/yogur-natur-big-pot-natural-ser-300-gr\/#breadcrumb","itemListElement":[{"@type":"ListItem","position":1,"name":"Portada","item":"https:\/\/stategridargentina.com.ar\/catalogo\/"},{"@type":"ListItem","position":2,"name":"Catalogo","item":"https:\/\/stategridargentina.com.ar\/catalogo\/"},{"@type":"ListItem","position":3,"name":"Yogur Natur Big Pot Natural Ser 300 Gr"}]},{"@type":"WebSite","@id":"https:\/\/stategridargentina.com.ar\/catalogo\/#website","url":"https:\/\/stategridargentina.com.ar\/catalogo\/","name":"STATE GRID Catalogo","description":"","potentialAction":[{"@type":"SearchAction","target":{"@type":"EntryPoint","urlTemplate":"https:\/\/stategridargentina.com.ar\/catalogo\/?s={search_term_string}"},"query-input":{"@type":"PropertyValueSpecification","valueRequired":true,"valueName":"search_term_string"}}],"inLanguage":"es"}]}},"_links":{"self":[{"href":"https:\/\/stategridargentina.com.ar\/catalogo\/wp-json\/wp\/v2\/product\/5894","targetHints":{"allow":["GET"]}}],"collection":[{"href":"https:\/\/stategridargentina.com.ar\/catalogo\/wp-json\/wp\/v2\/product"}],"about":[{"href":"https:\/\/stategridargentina.com.ar\/catalogo\/wp-json\/wp\/v2\/types\/product"}],"wp:featuredmedia":[{"embeddable":true,"href":"https:\/\/stategridargentina.com.ar\/catalogo\/wp-json\/wp\/v2\/media\/5867"}],"wp:attachment":[{"href":"https:\/\/stategridargentina.com.ar\/catalogo\/wp-json\/wp\/v2\/media?parent=5894"}],"wp:term":[{"taxonomy":"product_cat","embeddable":true,"href":"https:\/\/stategridargentina.com.ar\/catalogo\/wp-json\/wp\/v2\/product_cat?post=5894"},{"taxonomy":"product_tag","embeddable":true,"href":"https:\/\/stategridargentina.com.ar\/catalogo\/wp-json\/wp\/v2\/product_tag?post=5894"}],"curies":[{"name":"wp","href":"https:\/\/api.w.org\/{rel}","templated":true}]}}