{"id":5892,"date":"2025-03-28T12:42:48","date_gmt":"2025-03-28T12:42:48","guid":{"rendered":"https:\/\/stategridargentina.com.ar\/catalogo\/?post_type=product&#038;p=5892"},"modified":"2025-03-28T12:42:49","modified_gmt":"2025-03-28T12:42:49","slug":"yogur-firme-la-serenisima-clasico-vainilla-190g","status":"publish","type":"product","link":"https:\/\/stategridargentina.com.ar\/catalogo\/producto\/yogur-firme-la-serenisima-clasico-vainilla-190g\/","title":{"rendered":"Yogur Firme La Seren\u00edsima Cl\u00e1sico Vainilla 190g"},"content":{"rendered":"<article>\n<article>LA SERENISIMA CLASICO firme, parcialmente descremado, vainilla.De la mejor leche salen los mejores yogures, disfruta del yogur en bocas de todos.<\/p>\n<p>FIRME 190gr.Yogur con probi\u00f3ticos endulzado parcialmente descremado fortificado con vitaminas A, B12, D y \u00e1cido f\u00f3lico sabor vainilla libre de gluten. Sin TACC.<\/article>\n<\/article>\n<div>\n<div class=\"v-c_descripcion_subtitle\">Ingredientes<\/div>\n<article>Leche parcialmente descremada pasteurizada, az\u00facar de ca\u00f1a, almid\u00f3n modificado de ma\u00edz, gelatina, cultivos l\u00e1cticos, cultivo probi\u00f3tico bifidobacterium, cultivo probi\u00f3tico l. casei, vitamina b12, vitamina a, vitamina d, \u00e1cido f\u00f3lico (vitamina b9), aromas, leche<\/article>\n<\/div>\n","protected":false},"excerpt":{"rendered":"<article>\n<article>LA SERENISIMA CLASICO firme, parcialmente descremado, vainilla.De la mejor leche salen los mejores yogures, disfruta del yogur en bocas de todos.<\/p>\n<p>FIRME 190gr.Yogur con probi\u00f3ticos endulzado parcialmente descremado fortificado con vitaminas A, B12, D y \u00e1cido f\u00f3lico sabor vainilla libre de gluten. Sin TACC.<\/article>\n<\/article>\n<div>\n<div class=\"v-c_descripcion_subtitle\">Ingredientes<\/div>\n<article>Leche parcialmente descremada pasteurizada, az\u00facar de ca\u00f1a, almid\u00f3n modificado de ma\u00edz, gelatina, cultivos l\u00e1cticos, cultivo probi\u00f3tico bifidobacterium, cultivo probi\u00f3tico l. casei, vitamina b12, vitamina a, vitamina d, \u00e1cido f\u00f3lico (vitamina b9), aromas, leche<\/article>\n<\/div>\n","protected":false},"featured_media":5866,"template":"","meta":{"_joinchat":[]},"product_cat":[233],"product_tag":[],"class_list":{"0":"post-5892","1":"product","2":"type-product","3":"status-publish","4":"has-post-thumbnail","6":"product_cat-yogur","8":"first","9":"instock","10":"shipping-taxable","11":"product-type-simple","12":"col-xs-6 col-sm-4","13":"col-md-3 col-lg-3","14":"un-4-cols"},"yoast_head":"<!-- This site is optimized with the Yoast SEO plugin v27.5 - https:\/\/yoast.com\/product\/yoast-seo-wordpress\/ -->\n<title>Yogur Firme La Seren\u00edsima Cl\u00e1sico Vainilla 190g - STATE GRID ARGENTINA - Cat\u00e1logo<\/title>\n<meta name=\"robots\" content=\"index, follow, max-snippet:-1, max-image-preview:large, max-video-preview:-1\" \/>\n<link rel=\"canonical\" href=\"https:\/\/stategridargentina.com.ar\/catalogo\/producto\/yogur-firme-la-serenisima-clasico-vainilla-190g\/\" \/>\n<meta property=\"og:locale\" content=\"es_ES\" \/>\n<meta property=\"og:type\" content=\"article\" \/>\n<meta property=\"og:title\" content=\"Yogur Firme La Seren\u00edsima Cl\u00e1sico Vainilla 190g - STATE GRID ARGENTINA - Cat\u00e1logo\" \/>\n<meta property=\"og:description\" content=\"LA SERENISIMA CLASICO firme, parcialmente descremado, vainilla.De la mejor leche salen los mejores yogures, disfruta del yogur en bocas de todos.  FIRME 190gr.Yogur con probi\u00f3ticos endulzado parcialmente descremado fortificado con vitaminas A, B12, D y \u00e1cido f\u00f3lico sabor vainilla libre de gluten. Sin TACC.  Ingredientes Leche parcialmente descremada pasteurizada, az\u00facar de ca\u00f1a, almid\u00f3n modificado de ma\u00edz, gelatina, cultivos l\u00e1cticos, cultivo probi\u00f3tico bifidobacterium, cultivo probi\u00f3tico l. casei, vitamina b12, vitamina a, vitamina d, \u00e1cido f\u00f3lico (vitamina b9), aromas, leche\" \/>\n<meta property=\"og:url\" content=\"https:\/\/stategridargentina.com.ar\/catalogo\/producto\/yogur-firme-la-serenisima-clasico-vainilla-190g\/\" \/>\n<meta property=\"og:site_name\" content=\"STATE GRID ARGENTINA - Cat\u00e1logo\" \/>\n<meta property=\"article:modified_time\" content=\"2025-03-28T12:42:49+00:00\" \/>\n<meta property=\"og:image\" content=\"https:\/\/stategridargentina.com.ar\/catalogo\/wp-content\/uploads\/2025\/03\/11-9.webp\" \/>\n\t<meta property=\"og:image:width\" content=\"1000\" \/>\n\t<meta property=\"og:image:height\" content=\"1000\" \/>\n\t<meta property=\"og:image:type\" content=\"image\/webp\" \/>\n<meta name=\"twitter:card\" content=\"summary_large_image\" \/>\n<meta name=\"twitter:label1\" content=\"Tiempo de lectura\" \/>\n\t<meta name=\"twitter:data1\" content=\"1 minuto\" \/>\n<script type=\"application\/ld+json\" class=\"yoast-schema-graph\">{\"@context\":\"https:\\\/\\\/schema.org\",\"@graph\":[{\"@type\":\"WebPage\",\"@id\":\"https:\\\/\\\/stategridargentina.com.ar\\\/catalogo\\\/producto\\\/yogur-firme-la-serenisima-clasico-vainilla-190g\\\/\",\"url\":\"https:\\\/\\\/stategridargentina.com.ar\\\/catalogo\\\/producto\\\/yogur-firme-la-serenisima-clasico-vainilla-190g\\\/\",\"name\":\"Yogur Firme La Seren\u00edsima Cl\u00e1sico Vainilla 190g - STATE GRID ARGENTINA - Cat\u00e1logo\",\"isPartOf\":{\"@id\":\"https:\\\/\\\/stategridargentina.com.ar\\\/catalogo\\\/#website\"},\"primaryImageOfPage\":{\"@id\":\"https:\\\/\\\/stategridargentina.com.ar\\\/catalogo\\\/producto\\\/yogur-firme-la-serenisima-clasico-vainilla-190g\\\/#primaryimage\"},\"image\":{\"@id\":\"https:\\\/\\\/stategridargentina.com.ar\\\/catalogo\\\/producto\\\/yogur-firme-la-serenisima-clasico-vainilla-190g\\\/#primaryimage\"},\"thumbnailUrl\":\"https:\\\/\\\/stategridargentina.com.ar\\\/catalogo\\\/wp-content\\\/uploads\\\/2025\\\/03\\\/11-9.webp\",\"datePublished\":\"2025-03-28T12:42:48+00:00\",\"dateModified\":\"2025-03-28T12:42:49+00:00\",\"breadcrumb\":{\"@id\":\"https:\\\/\\\/stategridargentina.com.ar\\\/catalogo\\\/producto\\\/yogur-firme-la-serenisima-clasico-vainilla-190g\\\/#breadcrumb\"},\"inLanguage\":\"es\",\"potentialAction\":[{\"@type\":\"ReadAction\",\"target\":[\"https:\\\/\\\/stategridargentina.com.ar\\\/catalogo\\\/producto\\\/yogur-firme-la-serenisima-clasico-vainilla-190g\\\/\"]}]},{\"@type\":\"ImageObject\",\"inLanguage\":\"es\",\"@id\":\"https:\\\/\\\/stategridargentina.com.ar\\\/catalogo\\\/producto\\\/yogur-firme-la-serenisima-clasico-vainilla-190g\\\/#primaryimage\",\"url\":\"https:\\\/\\\/stategridargentina.com.ar\\\/catalogo\\\/wp-content\\\/uploads\\\/2025\\\/03\\\/11-9.webp\",\"contentUrl\":\"https:\\\/\\\/stategridargentina.com.ar\\\/catalogo\\\/wp-content\\\/uploads\\\/2025\\\/03\\\/11-9.webp\",\"width\":1000,\"height\":1000,\"caption\":\"Yogur Firme La Seren\u00edsima Cl\u00e1sico Vainilla 190g\"},{\"@type\":\"BreadcrumbList\",\"@id\":\"https:\\\/\\\/stategridargentina.com.ar\\\/catalogo\\\/producto\\\/yogur-firme-la-serenisima-clasico-vainilla-190g\\\/#breadcrumb\",\"itemListElement\":[{\"@type\":\"ListItem\",\"position\":1,\"name\":\"Portada\",\"item\":\"https:\\\/\\\/stategridargentina.com.ar\\\/catalogo\\\/\"},{\"@type\":\"ListItem\",\"position\":2,\"name\":\"Catalogo\",\"item\":\"https:\\\/\\\/stategridargentina.com.ar\\\/catalogo\\\/\"},{\"@type\":\"ListItem\",\"position\":3,\"name\":\"Yogur Firme La Seren\u00edsima Cl\u00e1sico Vainilla 190g\"}]},{\"@type\":\"WebSite\",\"@id\":\"https:\\\/\\\/stategridargentina.com.ar\\\/catalogo\\\/#website\",\"url\":\"https:\\\/\\\/stategridargentina.com.ar\\\/catalogo\\\/\",\"name\":\"STATE GRID Catalogo\",\"description\":\"\",\"potentialAction\":[{\"@type\":\"SearchAction\",\"target\":{\"@type\":\"EntryPoint\",\"urlTemplate\":\"https:\\\/\\\/stategridargentina.com.ar\\\/catalogo\\\/?s={search_term_string}\"},\"query-input\":{\"@type\":\"PropertyValueSpecification\",\"valueRequired\":true,\"valueName\":\"search_term_string\"}}],\"inLanguage\":\"es\"}]}<\/script>\n<!-- \/ Yoast SEO plugin. -->","yoast_head_json":{"title":"Yogur Firme La Seren\u00edsima Cl\u00e1sico Vainilla 190g - STATE GRID ARGENTINA - Cat\u00e1logo","robots":{"index":"index","follow":"follow","max-snippet":"max-snippet:-1","max-image-preview":"max-image-preview:large","max-video-preview":"max-video-preview:-1"},"canonical":"https:\/\/stategridargentina.com.ar\/catalogo\/producto\/yogur-firme-la-serenisima-clasico-vainilla-190g\/","og_locale":"es_ES","og_type":"article","og_title":"Yogur Firme La Seren\u00edsima Cl\u00e1sico Vainilla 190g - STATE GRID ARGENTINA - Cat\u00e1logo","og_description":"LA SERENISIMA CLASICO firme, parcialmente descremado, vainilla.De la mejor leche salen los mejores yogures, disfruta del yogur en bocas de todos.  FIRME 190gr.Yogur con probi\u00f3ticos endulzado parcialmente descremado fortificado con vitaminas A, B12, D y \u00e1cido f\u00f3lico sabor vainilla libre de gluten. Sin TACC.  Ingredientes Leche parcialmente descremada pasteurizada, az\u00facar de ca\u00f1a, almid\u00f3n modificado de ma\u00edz, gelatina, cultivos l\u00e1cticos, cultivo probi\u00f3tico bifidobacterium, cultivo probi\u00f3tico l. casei, vitamina b12, vitamina a, vitamina d, \u00e1cido f\u00f3lico (vitamina b9), aromas, leche","og_url":"https:\/\/stategridargentina.com.ar\/catalogo\/producto\/yogur-firme-la-serenisima-clasico-vainilla-190g\/","og_site_name":"STATE GRID ARGENTINA - Cat\u00e1logo","article_modified_time":"2025-03-28T12:42:49+00:00","og_image":[{"width":1000,"height":1000,"url":"https:\/\/stategridargentina.com.ar\/catalogo\/wp-content\/uploads\/2025\/03\/11-9.webp","type":"image\/webp"}],"twitter_card":"summary_large_image","twitter_misc":{"Tiempo de lectura":"1 minuto"},"schema":{"@context":"https:\/\/schema.org","@graph":[{"@type":"WebPage","@id":"https:\/\/stategridargentina.com.ar\/catalogo\/producto\/yogur-firme-la-serenisima-clasico-vainilla-190g\/","url":"https:\/\/stategridargentina.com.ar\/catalogo\/producto\/yogur-firme-la-serenisima-clasico-vainilla-190g\/","name":"Yogur Firme La Seren\u00edsima Cl\u00e1sico Vainilla 190g - STATE GRID ARGENTINA - Cat\u00e1logo","isPartOf":{"@id":"https:\/\/stategridargentina.com.ar\/catalogo\/#website"},"primaryImageOfPage":{"@id":"https:\/\/stategridargentina.com.ar\/catalogo\/producto\/yogur-firme-la-serenisima-clasico-vainilla-190g\/#primaryimage"},"image":{"@id":"https:\/\/stategridargentina.com.ar\/catalogo\/producto\/yogur-firme-la-serenisima-clasico-vainilla-190g\/#primaryimage"},"thumbnailUrl":"https:\/\/stategridargentina.com.ar\/catalogo\/wp-content\/uploads\/2025\/03\/11-9.webp","datePublished":"2025-03-28T12:42:48+00:00","dateModified":"2025-03-28T12:42:49+00:00","breadcrumb":{"@id":"https:\/\/stategridargentina.com.ar\/catalogo\/producto\/yogur-firme-la-serenisima-clasico-vainilla-190g\/#breadcrumb"},"inLanguage":"es","potentialAction":[{"@type":"ReadAction","target":["https:\/\/stategridargentina.com.ar\/catalogo\/producto\/yogur-firme-la-serenisima-clasico-vainilla-190g\/"]}]},{"@type":"ImageObject","inLanguage":"es","@id":"https:\/\/stategridargentina.com.ar\/catalogo\/producto\/yogur-firme-la-serenisima-clasico-vainilla-190g\/#primaryimage","url":"https:\/\/stategridargentina.com.ar\/catalogo\/wp-content\/uploads\/2025\/03\/11-9.webp","contentUrl":"https:\/\/stategridargentina.com.ar\/catalogo\/wp-content\/uploads\/2025\/03\/11-9.webp","width":1000,"height":1000,"caption":"Yogur Firme La Seren\u00edsima Cl\u00e1sico Vainilla 190g"},{"@type":"BreadcrumbList","@id":"https:\/\/stategridargentina.com.ar\/catalogo\/producto\/yogur-firme-la-serenisima-clasico-vainilla-190g\/#breadcrumb","itemListElement":[{"@type":"ListItem","position":1,"name":"Portada","item":"https:\/\/stategridargentina.com.ar\/catalogo\/"},{"@type":"ListItem","position":2,"name":"Catalogo","item":"https:\/\/stategridargentina.com.ar\/catalogo\/"},{"@type":"ListItem","position":3,"name":"Yogur Firme La Seren\u00edsima Cl\u00e1sico Vainilla 190g"}]},{"@type":"WebSite","@id":"https:\/\/stategridargentina.com.ar\/catalogo\/#website","url":"https:\/\/stategridargentina.com.ar\/catalogo\/","name":"STATE GRID Catalogo","description":"","potentialAction":[{"@type":"SearchAction","target":{"@type":"EntryPoint","urlTemplate":"https:\/\/stategridargentina.com.ar\/catalogo\/?s={search_term_string}"},"query-input":{"@type":"PropertyValueSpecification","valueRequired":true,"valueName":"search_term_string"}}],"inLanguage":"es"}]}},"_links":{"self":[{"href":"https:\/\/stategridargentina.com.ar\/catalogo\/wp-json\/wp\/v2\/product\/5892","targetHints":{"allow":["GET"]}}],"collection":[{"href":"https:\/\/stategridargentina.com.ar\/catalogo\/wp-json\/wp\/v2\/product"}],"about":[{"href":"https:\/\/stategridargentina.com.ar\/catalogo\/wp-json\/wp\/v2\/types\/product"}],"wp:featuredmedia":[{"embeddable":true,"href":"https:\/\/stategridargentina.com.ar\/catalogo\/wp-json\/wp\/v2\/media\/5866"}],"wp:attachment":[{"href":"https:\/\/stategridargentina.com.ar\/catalogo\/wp-json\/wp\/v2\/media?parent=5892"}],"wp:term":[{"taxonomy":"product_cat","embeddable":true,"href":"https:\/\/stategridargentina.com.ar\/catalogo\/wp-json\/wp\/v2\/product_cat?post=5892"},{"taxonomy":"product_tag","embeddable":true,"href":"https:\/\/stategridargentina.com.ar\/catalogo\/wp-json\/wp\/v2\/product_tag?post=5892"}],"curies":[{"name":"wp","href":"https:\/\/api.w.org\/{rel}","templated":true}]}}