{"id":5890,"date":"2025-03-28T12:41:46","date_gmt":"2025-03-28T12:41:46","guid":{"rendered":"https:\/\/stategridargentina.com.ar\/catalogo\/?post_type=product&#038;p=5890"},"modified":"2025-03-28T12:41:46","modified_gmt":"2025-03-28T12:41:46","slug":"yogur-griego-yogurisimo-frutillas-a-la-crema-125g","status":"publish","type":"product","link":"https:\/\/stategridargentina.com.ar\/catalogo\/producto\/yogur-griego-yogurisimo-frutillas-a-la-crema-125g\/","title":{"rendered":"Yogur Griego Yogurisimo Frutillas A La Crema 125g"},"content":{"rendered":"<p>YOGURISIMO Estilo Griego, entero, Frutillas a la crema. Cremosidad \u00fanica y sabor irresistible, con probi\u00f3ticos, prote\u00edna. Hicimos una selecci\u00f3n de nuestros mejores yogures, para que elijas darte un gusto.<\/p>\n<p>GRIEGO 125gr.?Yogur con probi\u00f3ticos parcialmente descremado fortificado con zinc y vitaminas A, D y B12 con preparado endulzado sabor frutillas a la crema libre de gluten. Sin TACC.<\/p>\n","protected":false},"excerpt":{"rendered":"<p>YOGURISIMO Estilo Griego, entero, Frutillas a la crema. Cremosidad \u00fanica y sabor irresistible, con probi\u00f3ticos, prote\u00edna. Hicimos una selecci\u00f3n de nuestros mejores yogures, para que elijas darte un gusto.<\/p>\n<p>GRIEGO 125gr.?Yogur con probi\u00f3ticos parcialmente descremado fortificado con zinc y vitaminas A, D y B12 con preparado endulzado sabor frutillas a la crema libre de gluten. Sin TACC.<\/p>\n","protected":false},"featured_media":5865,"template":"","meta":{"_joinchat":[]},"product_cat":[233],"product_tag":[],"class_list":{"0":"post-5890","1":"product","2":"type-product","3":"status-publish","4":"has-post-thumbnail","6":"product_cat-yogur","8":"first","9":"instock","10":"shipping-taxable","11":"product-type-simple","12":"col-xs-6 col-sm-4","13":"col-md-3 col-lg-3","14":"un-4-cols"},"yoast_head":"<!-- This site is optimized with the Yoast SEO plugin v27.5 - https:\/\/yoast.com\/product\/yoast-seo-wordpress\/ -->\n<title>Yogur Griego Yogurisimo Frutillas A La Crema 125g - STATE GRID ARGENTINA - Cat\u00e1logo<\/title>\n<meta name=\"robots\" content=\"index, follow, max-snippet:-1, max-image-preview:large, max-video-preview:-1\" \/>\n<link rel=\"canonical\" href=\"https:\/\/stategridargentina.com.ar\/catalogo\/producto\/yogur-griego-yogurisimo-frutillas-a-la-crema-125g\/\" \/>\n<meta property=\"og:locale\" content=\"es_ES\" \/>\n<meta property=\"og:type\" content=\"article\" \/>\n<meta property=\"og:title\" content=\"Yogur Griego Yogurisimo Frutillas A La Crema 125g - STATE GRID ARGENTINA - Cat\u00e1logo\" \/>\n<meta property=\"og:description\" content=\"YOGURISIMO Estilo Griego, entero, Frutillas a la crema. Cremosidad \u00fanica y sabor irresistible, con probi\u00f3ticos, prote\u00edna. Hicimos una selecci\u00f3n de nuestros mejores yogures, para que elijas darte un gusto.  GRIEGO 125gr.?Yogur con probi\u00f3ticos parcialmente descremado fortificado con zinc y vitaminas A, D y B12 con preparado endulzado sabor frutillas a la crema libre de gluten. Sin TACC.\" \/>\n<meta property=\"og:url\" content=\"https:\/\/stategridargentina.com.ar\/catalogo\/producto\/yogur-griego-yogurisimo-frutillas-a-la-crema-125g\/\" \/>\n<meta property=\"og:site_name\" content=\"STATE GRID ARGENTINA - Cat\u00e1logo\" \/>\n<meta property=\"og:image\" content=\"https:\/\/stategridargentina.com.ar\/catalogo\/wp-content\/uploads\/2025\/03\/10-8.webp\" \/>\n\t<meta property=\"og:image:width\" content=\"1000\" \/>\n\t<meta property=\"og:image:height\" content=\"1000\" \/>\n\t<meta property=\"og:image:type\" content=\"image\/webp\" \/>\n<meta name=\"twitter:card\" content=\"summary_large_image\" \/>\n<meta name=\"twitter:label1\" content=\"Tiempo de lectura\" \/>\n\t<meta name=\"twitter:data1\" content=\"1 minuto\" \/>\n<script type=\"application\/ld+json\" class=\"yoast-schema-graph\">{\"@context\":\"https:\\\/\\\/schema.org\",\"@graph\":[{\"@type\":\"WebPage\",\"@id\":\"https:\\\/\\\/stategridargentina.com.ar\\\/catalogo\\\/producto\\\/yogur-griego-yogurisimo-frutillas-a-la-crema-125g\\\/\",\"url\":\"https:\\\/\\\/stategridargentina.com.ar\\\/catalogo\\\/producto\\\/yogur-griego-yogurisimo-frutillas-a-la-crema-125g\\\/\",\"name\":\"Yogur Griego Yogurisimo Frutillas A La Crema 125g - STATE GRID ARGENTINA - Cat\u00e1logo\",\"isPartOf\":{\"@id\":\"https:\\\/\\\/stategridargentina.com.ar\\\/catalogo\\\/#website\"},\"primaryImageOfPage\":{\"@id\":\"https:\\\/\\\/stategridargentina.com.ar\\\/catalogo\\\/producto\\\/yogur-griego-yogurisimo-frutillas-a-la-crema-125g\\\/#primaryimage\"},\"image\":{\"@id\":\"https:\\\/\\\/stategridargentina.com.ar\\\/catalogo\\\/producto\\\/yogur-griego-yogurisimo-frutillas-a-la-crema-125g\\\/#primaryimage\"},\"thumbnailUrl\":\"https:\\\/\\\/stategridargentina.com.ar\\\/catalogo\\\/wp-content\\\/uploads\\\/2025\\\/03\\\/10-8.webp\",\"datePublished\":\"2025-03-28T12:41:46+00:00\",\"breadcrumb\":{\"@id\":\"https:\\\/\\\/stategridargentina.com.ar\\\/catalogo\\\/producto\\\/yogur-griego-yogurisimo-frutillas-a-la-crema-125g\\\/#breadcrumb\"},\"inLanguage\":\"es\",\"potentialAction\":[{\"@type\":\"ReadAction\",\"target\":[\"https:\\\/\\\/stategridargentina.com.ar\\\/catalogo\\\/producto\\\/yogur-griego-yogurisimo-frutillas-a-la-crema-125g\\\/\"]}]},{\"@type\":\"ImageObject\",\"inLanguage\":\"es\",\"@id\":\"https:\\\/\\\/stategridargentina.com.ar\\\/catalogo\\\/producto\\\/yogur-griego-yogurisimo-frutillas-a-la-crema-125g\\\/#primaryimage\",\"url\":\"https:\\\/\\\/stategridargentina.com.ar\\\/catalogo\\\/wp-content\\\/uploads\\\/2025\\\/03\\\/10-8.webp\",\"contentUrl\":\"https:\\\/\\\/stategridargentina.com.ar\\\/catalogo\\\/wp-content\\\/uploads\\\/2025\\\/03\\\/10-8.webp\",\"width\":1000,\"height\":1000,\"caption\":\"Yogur Griego Yogurisimo Frutillas A La Crema 125g\"},{\"@type\":\"BreadcrumbList\",\"@id\":\"https:\\\/\\\/stategridargentina.com.ar\\\/catalogo\\\/producto\\\/yogur-griego-yogurisimo-frutillas-a-la-crema-125g\\\/#breadcrumb\",\"itemListElement\":[{\"@type\":\"ListItem\",\"position\":1,\"name\":\"Portada\",\"item\":\"https:\\\/\\\/stategridargentina.com.ar\\\/catalogo\\\/\"},{\"@type\":\"ListItem\",\"position\":2,\"name\":\"Catalogo\",\"item\":\"https:\\\/\\\/stategridargentina.com.ar\\\/catalogo\\\/\"},{\"@type\":\"ListItem\",\"position\":3,\"name\":\"Yogur Griego Yogurisimo Frutillas A La Crema 125g\"}]},{\"@type\":\"WebSite\",\"@id\":\"https:\\\/\\\/stategridargentina.com.ar\\\/catalogo\\\/#website\",\"url\":\"https:\\\/\\\/stategridargentina.com.ar\\\/catalogo\\\/\",\"name\":\"STATE GRID Catalogo\",\"description\":\"\",\"potentialAction\":[{\"@type\":\"SearchAction\",\"target\":{\"@type\":\"EntryPoint\",\"urlTemplate\":\"https:\\\/\\\/stategridargentina.com.ar\\\/catalogo\\\/?s={search_term_string}\"},\"query-input\":{\"@type\":\"PropertyValueSpecification\",\"valueRequired\":true,\"valueName\":\"search_term_string\"}}],\"inLanguage\":\"es\"}]}<\/script>\n<!-- \/ Yoast SEO plugin. -->","yoast_head_json":{"title":"Yogur Griego Yogurisimo Frutillas A La Crema 125g - STATE GRID ARGENTINA - Cat\u00e1logo","robots":{"index":"index","follow":"follow","max-snippet":"max-snippet:-1","max-image-preview":"max-image-preview:large","max-video-preview":"max-video-preview:-1"},"canonical":"https:\/\/stategridargentina.com.ar\/catalogo\/producto\/yogur-griego-yogurisimo-frutillas-a-la-crema-125g\/","og_locale":"es_ES","og_type":"article","og_title":"Yogur Griego Yogurisimo Frutillas A La Crema 125g - STATE GRID ARGENTINA - Cat\u00e1logo","og_description":"YOGURISIMO Estilo Griego, entero, Frutillas a la crema. Cremosidad \u00fanica y sabor irresistible, con probi\u00f3ticos, prote\u00edna. Hicimos una selecci\u00f3n de nuestros mejores yogures, para que elijas darte un gusto.  GRIEGO 125gr.?Yogur con probi\u00f3ticos parcialmente descremado fortificado con zinc y vitaminas A, D y B12 con preparado endulzado sabor frutillas a la crema libre de gluten. Sin TACC.","og_url":"https:\/\/stategridargentina.com.ar\/catalogo\/producto\/yogur-griego-yogurisimo-frutillas-a-la-crema-125g\/","og_site_name":"STATE GRID ARGENTINA - Cat\u00e1logo","og_image":[{"width":1000,"height":1000,"url":"https:\/\/stategridargentina.com.ar\/catalogo\/wp-content\/uploads\/2025\/03\/10-8.webp","type":"image\/webp"}],"twitter_card":"summary_large_image","twitter_misc":{"Tiempo de lectura":"1 minuto"},"schema":{"@context":"https:\/\/schema.org","@graph":[{"@type":"WebPage","@id":"https:\/\/stategridargentina.com.ar\/catalogo\/producto\/yogur-griego-yogurisimo-frutillas-a-la-crema-125g\/","url":"https:\/\/stategridargentina.com.ar\/catalogo\/producto\/yogur-griego-yogurisimo-frutillas-a-la-crema-125g\/","name":"Yogur Griego Yogurisimo Frutillas A La Crema 125g - STATE GRID ARGENTINA - Cat\u00e1logo","isPartOf":{"@id":"https:\/\/stategridargentina.com.ar\/catalogo\/#website"},"primaryImageOfPage":{"@id":"https:\/\/stategridargentina.com.ar\/catalogo\/producto\/yogur-griego-yogurisimo-frutillas-a-la-crema-125g\/#primaryimage"},"image":{"@id":"https:\/\/stategridargentina.com.ar\/catalogo\/producto\/yogur-griego-yogurisimo-frutillas-a-la-crema-125g\/#primaryimage"},"thumbnailUrl":"https:\/\/stategridargentina.com.ar\/catalogo\/wp-content\/uploads\/2025\/03\/10-8.webp","datePublished":"2025-03-28T12:41:46+00:00","breadcrumb":{"@id":"https:\/\/stategridargentina.com.ar\/catalogo\/producto\/yogur-griego-yogurisimo-frutillas-a-la-crema-125g\/#breadcrumb"},"inLanguage":"es","potentialAction":[{"@type":"ReadAction","target":["https:\/\/stategridargentina.com.ar\/catalogo\/producto\/yogur-griego-yogurisimo-frutillas-a-la-crema-125g\/"]}]},{"@type":"ImageObject","inLanguage":"es","@id":"https:\/\/stategridargentina.com.ar\/catalogo\/producto\/yogur-griego-yogurisimo-frutillas-a-la-crema-125g\/#primaryimage","url":"https:\/\/stategridargentina.com.ar\/catalogo\/wp-content\/uploads\/2025\/03\/10-8.webp","contentUrl":"https:\/\/stategridargentina.com.ar\/catalogo\/wp-content\/uploads\/2025\/03\/10-8.webp","width":1000,"height":1000,"caption":"Yogur Griego Yogurisimo Frutillas A La Crema 125g"},{"@type":"BreadcrumbList","@id":"https:\/\/stategridargentina.com.ar\/catalogo\/producto\/yogur-griego-yogurisimo-frutillas-a-la-crema-125g\/#breadcrumb","itemListElement":[{"@type":"ListItem","position":1,"name":"Portada","item":"https:\/\/stategridargentina.com.ar\/catalogo\/"},{"@type":"ListItem","position":2,"name":"Catalogo","item":"https:\/\/stategridargentina.com.ar\/catalogo\/"},{"@type":"ListItem","position":3,"name":"Yogur Griego Yogurisimo Frutillas A La Crema 125g"}]},{"@type":"WebSite","@id":"https:\/\/stategridargentina.com.ar\/catalogo\/#website","url":"https:\/\/stategridargentina.com.ar\/catalogo\/","name":"STATE GRID Catalogo","description":"","potentialAction":[{"@type":"SearchAction","target":{"@type":"EntryPoint","urlTemplate":"https:\/\/stategridargentina.com.ar\/catalogo\/?s={search_term_string}"},"query-input":{"@type":"PropertyValueSpecification","valueRequired":true,"valueName":"search_term_string"}}],"inLanguage":"es"}]}},"_links":{"self":[{"href":"https:\/\/stategridargentina.com.ar\/catalogo\/wp-json\/wp\/v2\/product\/5890","targetHints":{"allow":["GET"]}}],"collection":[{"href":"https:\/\/stategridargentina.com.ar\/catalogo\/wp-json\/wp\/v2\/product"}],"about":[{"href":"https:\/\/stategridargentina.com.ar\/catalogo\/wp-json\/wp\/v2\/types\/product"}],"wp:featuredmedia":[{"embeddable":true,"href":"https:\/\/stategridargentina.com.ar\/catalogo\/wp-json\/wp\/v2\/media\/5865"}],"wp:attachment":[{"href":"https:\/\/stategridargentina.com.ar\/catalogo\/wp-json\/wp\/v2\/media?parent=5890"}],"wp:term":[{"taxonomy":"product_cat","embeddable":true,"href":"https:\/\/stategridargentina.com.ar\/catalogo\/wp-json\/wp\/v2\/product_cat?post=5890"},{"taxonomy":"product_tag","embeddable":true,"href":"https:\/\/stategridargentina.com.ar\/catalogo\/wp-json\/wp\/v2\/product_tag?post=5890"}],"curies":[{"name":"wp","href":"https:\/\/api.w.org\/{rel}","templated":true}]}}