{"id":5887,"date":"2025-03-28T12:39:57","date_gmt":"2025-03-28T12:39:57","guid":{"rendered":"https:\/\/stategridargentina.com.ar\/catalogo\/?post_type=product&#038;p=5887"},"modified":"2025-03-28T12:39:57","modified_gmt":"2025-03-28T12:39:57","slug":"yogur-firme-descremado-la-serenisima-clasico-vainilla-190-gr","status":"publish","type":"product","link":"https:\/\/stategridargentina.com.ar\/catalogo\/producto\/yogur-firme-descremado-la-serenisima-clasico-vainilla-190-gr\/","title":{"rendered":"Yogur Firme Descremado La Seren\u00edsima Cl\u00e1sico Vainilla 190 Gr"},"content":{"rendered":"<h2>ogur Firme Descremado Vainilla La Seren\u00edsima Cl\u00e1sico 190 Gr<\/h2>\n<p>Eleg\u00ed una opci\u00f3n deliciosa y saludable para tus snacks con el yogur firme descremado de vainilla La Seren\u00edsima. Cargado de probi\u00f3ticos y vitaminas, este yogur es perfecto para quienes buscan cuidar su alimentaci\u00f3n sin renunciar al sabor. Este es el momento de disfrutar de un cl\u00e1sico que siempre te acompa\u00f1a.<\/p>\n<h3>Porque elegir el Yogur Firme Descremado Vainilla La Seren\u00edsima Cl\u00e1sico<\/h3>\n<ul>\n<li>Yogur firme descremado con sabor vainilla, libre de gluten<\/li>\n<li>Fortificado con vitaminas A, B12, D y \u00e1cido f\u00f3lico<\/li>\n<li>Probi\u00f3ticos que ayudan a tu digesti\u00f3n<\/li>\n<li>Libre de gluten (Sin TACC), ideal para una dieta saludable<\/li>\n<li>Textura firme que pod\u00e9s disfrutar en cualquier momento Sum\u00e1 sabor y salud a tu d\u00eda con este yogur \u00fanico.<\/li>\n<\/ul>\n","protected":false},"excerpt":{"rendered":"<h2>ogur Firme Descremado Vainilla La Seren\u00edsima Cl\u00e1sico 190 Gr<\/h2>\n<p>Eleg\u00ed una opci\u00f3n deliciosa y saludable para tus snacks con el yogur firme descremado de vainilla La Seren\u00edsima. Cargado de probi\u00f3ticos y vitaminas, este yogur es perfecto para quienes buscan cuidar su alimentaci\u00f3n sin renunciar al sabor. Este es el momento de disfrutar de un cl\u00e1sico que siempre te acompa\u00f1a.<\/p>\n<h3>Porque elegir el Yogur Firme Descremado Vainilla La Seren\u00edsima Cl\u00e1sico<\/h3>\n<ul>\n<li>Yogur firme descremado con sabor vainilla, libre de gluten<\/li>\n<li>Fortificado con vitaminas A, B12, D y \u00e1cido f\u00f3lico<\/li>\n<li>Probi\u00f3ticos que ayudan a tu digesti\u00f3n<\/li>\n<li>Libre de gluten (Sin TACC), ideal para una dieta saludable<\/li>\n<li>Textura firme que pod\u00e9s disfrutar en cualquier momento Sum\u00e1 sabor y salud a tu d\u00eda con este yogur \u00fanico.<\/li>\n<\/ul>\n","protected":false},"featured_media":5863,"template":"","meta":{"_joinchat":[]},"product_cat":[233],"product_tag":[],"class_list":{"0":"post-5887","1":"product","2":"type-product","3":"status-publish","4":"has-post-thumbnail","6":"product_cat-yogur","8":"first","9":"instock","10":"shipping-taxable","11":"product-type-simple","12":"col-xs-6 col-sm-4","13":"col-md-3 col-lg-3","14":"un-4-cols"},"yoast_head":"<!-- This site is optimized with the Yoast SEO plugin v27.5 - https:\/\/yoast.com\/product\/yoast-seo-wordpress\/ -->\n<title>Yogur Firme Descremado La Seren\u00edsima Cl\u00e1sico Vainilla 190 Gr - STATE GRID ARGENTINA - Cat\u00e1logo<\/title>\n<meta name=\"robots\" content=\"index, follow, max-snippet:-1, max-image-preview:large, max-video-preview:-1\" \/>\n<link rel=\"canonical\" href=\"https:\/\/stategridargentina.com.ar\/catalogo\/producto\/yogur-firme-descremado-la-serenisima-clasico-vainilla-190-gr\/\" \/>\n<meta property=\"og:locale\" content=\"es_ES\" \/>\n<meta property=\"og:type\" content=\"article\" \/>\n<meta property=\"og:title\" content=\"Yogur Firme Descremado La Seren\u00edsima Cl\u00e1sico Vainilla 190 Gr - STATE GRID ARGENTINA - Cat\u00e1logo\" \/>\n<meta property=\"og:description\" content=\"ogur Firme Descremado Vainilla La Seren\u00edsima Cl\u00e1sico 190 Gr Eleg\u00ed una opci\u00f3n deliciosa y saludable para tus snacks con el yogur firme descremado de vainilla La Seren\u00edsima. Cargado de probi\u00f3ticos y vitaminas, este yogur es perfecto para quienes buscan cuidar su alimentaci\u00f3n sin renunciar al sabor. Este es el momento de disfrutar de un cl\u00e1sico que siempre te acompa\u00f1a. Porque elegir el Yogur Firme Descremado Vainilla La Seren\u00edsima Cl\u00e1sico   Yogur firme descremado con sabor vainilla, libre de gluten  Fortificado con vitaminas A, B12, D y \u00e1cido f\u00f3lico  Probi\u00f3ticos que ayudan a tu digesti\u00f3n  Libre de gluten (Sin TACC), ideal para una dieta saludable  Textura firme que pod\u00e9s disfrutar en cualquier momento Sum\u00e1 sabor y salud a tu d\u00eda con este yogur \u00fanico.\" \/>\n<meta property=\"og:url\" content=\"https:\/\/stategridargentina.com.ar\/catalogo\/producto\/yogur-firme-descremado-la-serenisima-clasico-vainilla-190-gr\/\" \/>\n<meta property=\"og:site_name\" content=\"STATE GRID ARGENTINA - Cat\u00e1logo\" \/>\n<meta property=\"og:image\" content=\"https:\/\/stategridargentina.com.ar\/catalogo\/wp-content\/uploads\/2025\/03\/8-9.webp\" \/>\n\t<meta property=\"og:image:width\" content=\"1000\" \/>\n\t<meta property=\"og:image:height\" content=\"1000\" \/>\n\t<meta property=\"og:image:type\" content=\"image\/webp\" \/>\n<meta name=\"twitter:card\" content=\"summary_large_image\" \/>\n<meta name=\"twitter:label1\" content=\"Tiempo de lectura\" \/>\n\t<meta name=\"twitter:data1\" content=\"1 minuto\" \/>\n<script type=\"application\/ld+json\" class=\"yoast-schema-graph\">{\"@context\":\"https:\\\/\\\/schema.org\",\"@graph\":[{\"@type\":\"WebPage\",\"@id\":\"https:\\\/\\\/stategridargentina.com.ar\\\/catalogo\\\/producto\\\/yogur-firme-descremado-la-serenisima-clasico-vainilla-190-gr\\\/\",\"url\":\"https:\\\/\\\/stategridargentina.com.ar\\\/catalogo\\\/producto\\\/yogur-firme-descremado-la-serenisima-clasico-vainilla-190-gr\\\/\",\"name\":\"Yogur Firme Descremado La Seren\u00edsima Cl\u00e1sico Vainilla 190 Gr - STATE GRID ARGENTINA - Cat\u00e1logo\",\"isPartOf\":{\"@id\":\"https:\\\/\\\/stategridargentina.com.ar\\\/catalogo\\\/#website\"},\"primaryImageOfPage\":{\"@id\":\"https:\\\/\\\/stategridargentina.com.ar\\\/catalogo\\\/producto\\\/yogur-firme-descremado-la-serenisima-clasico-vainilla-190-gr\\\/#primaryimage\"},\"image\":{\"@id\":\"https:\\\/\\\/stategridargentina.com.ar\\\/catalogo\\\/producto\\\/yogur-firme-descremado-la-serenisima-clasico-vainilla-190-gr\\\/#primaryimage\"},\"thumbnailUrl\":\"https:\\\/\\\/stategridargentina.com.ar\\\/catalogo\\\/wp-content\\\/uploads\\\/2025\\\/03\\\/8-9.webp\",\"datePublished\":\"2025-03-28T12:39:57+00:00\",\"breadcrumb\":{\"@id\":\"https:\\\/\\\/stategridargentina.com.ar\\\/catalogo\\\/producto\\\/yogur-firme-descremado-la-serenisima-clasico-vainilla-190-gr\\\/#breadcrumb\"},\"inLanguage\":\"es\",\"potentialAction\":[{\"@type\":\"ReadAction\",\"target\":[\"https:\\\/\\\/stategridargentina.com.ar\\\/catalogo\\\/producto\\\/yogur-firme-descremado-la-serenisima-clasico-vainilla-190-gr\\\/\"]}]},{\"@type\":\"ImageObject\",\"inLanguage\":\"es\",\"@id\":\"https:\\\/\\\/stategridargentina.com.ar\\\/catalogo\\\/producto\\\/yogur-firme-descremado-la-serenisima-clasico-vainilla-190-gr\\\/#primaryimage\",\"url\":\"https:\\\/\\\/stategridargentina.com.ar\\\/catalogo\\\/wp-content\\\/uploads\\\/2025\\\/03\\\/8-9.webp\",\"contentUrl\":\"https:\\\/\\\/stategridargentina.com.ar\\\/catalogo\\\/wp-content\\\/uploads\\\/2025\\\/03\\\/8-9.webp\",\"width\":1000,\"height\":1000,\"caption\":\"Yogur Firme Descremado La Seren\u00edsima Cl\u00e1sico Vainilla 190 Gr\"},{\"@type\":\"BreadcrumbList\",\"@id\":\"https:\\\/\\\/stategridargentina.com.ar\\\/catalogo\\\/producto\\\/yogur-firme-descremado-la-serenisima-clasico-vainilla-190-gr\\\/#breadcrumb\",\"itemListElement\":[{\"@type\":\"ListItem\",\"position\":1,\"name\":\"Portada\",\"item\":\"https:\\\/\\\/stategridargentina.com.ar\\\/catalogo\\\/\"},{\"@type\":\"ListItem\",\"position\":2,\"name\":\"Catalogo\",\"item\":\"https:\\\/\\\/stategridargentina.com.ar\\\/catalogo\\\/\"},{\"@type\":\"ListItem\",\"position\":3,\"name\":\"Yogur Firme Descremado La Seren\u00edsima Cl\u00e1sico Vainilla 190 Gr\"}]},{\"@type\":\"WebSite\",\"@id\":\"https:\\\/\\\/stategridargentina.com.ar\\\/catalogo\\\/#website\",\"url\":\"https:\\\/\\\/stategridargentina.com.ar\\\/catalogo\\\/\",\"name\":\"STATE GRID Catalogo\",\"description\":\"\",\"potentialAction\":[{\"@type\":\"SearchAction\",\"target\":{\"@type\":\"EntryPoint\",\"urlTemplate\":\"https:\\\/\\\/stategridargentina.com.ar\\\/catalogo\\\/?s={search_term_string}\"},\"query-input\":{\"@type\":\"PropertyValueSpecification\",\"valueRequired\":true,\"valueName\":\"search_term_string\"}}],\"inLanguage\":\"es\"}]}<\/script>\n<!-- \/ Yoast SEO plugin. -->","yoast_head_json":{"title":"Yogur Firme Descremado La Seren\u00edsima Cl\u00e1sico Vainilla 190 Gr - STATE GRID ARGENTINA - Cat\u00e1logo","robots":{"index":"index","follow":"follow","max-snippet":"max-snippet:-1","max-image-preview":"max-image-preview:large","max-video-preview":"max-video-preview:-1"},"canonical":"https:\/\/stategridargentina.com.ar\/catalogo\/producto\/yogur-firme-descremado-la-serenisima-clasico-vainilla-190-gr\/","og_locale":"es_ES","og_type":"article","og_title":"Yogur Firme Descremado La Seren\u00edsima Cl\u00e1sico Vainilla 190 Gr - STATE GRID ARGENTINA - Cat\u00e1logo","og_description":"ogur Firme Descremado Vainilla La Seren\u00edsima Cl\u00e1sico 190 Gr Eleg\u00ed una opci\u00f3n deliciosa y saludable para tus snacks con el yogur firme descremado de vainilla La Seren\u00edsima. Cargado de probi\u00f3ticos y vitaminas, este yogur es perfecto para quienes buscan cuidar su alimentaci\u00f3n sin renunciar al sabor. Este es el momento de disfrutar de un cl\u00e1sico que siempre te acompa\u00f1a. Porque elegir el Yogur Firme Descremado Vainilla La Seren\u00edsima Cl\u00e1sico   Yogur firme descremado con sabor vainilla, libre de gluten  Fortificado con vitaminas A, B12, D y \u00e1cido f\u00f3lico  Probi\u00f3ticos que ayudan a tu digesti\u00f3n  Libre de gluten (Sin TACC), ideal para una dieta saludable  Textura firme que pod\u00e9s disfrutar en cualquier momento Sum\u00e1 sabor y salud a tu d\u00eda con este yogur \u00fanico.","og_url":"https:\/\/stategridargentina.com.ar\/catalogo\/producto\/yogur-firme-descremado-la-serenisima-clasico-vainilla-190-gr\/","og_site_name":"STATE GRID ARGENTINA - Cat\u00e1logo","og_image":[{"width":1000,"height":1000,"url":"https:\/\/stategridargentina.com.ar\/catalogo\/wp-content\/uploads\/2025\/03\/8-9.webp","type":"image\/webp"}],"twitter_card":"summary_large_image","twitter_misc":{"Tiempo de lectura":"1 minuto"},"schema":{"@context":"https:\/\/schema.org","@graph":[{"@type":"WebPage","@id":"https:\/\/stategridargentina.com.ar\/catalogo\/producto\/yogur-firme-descremado-la-serenisima-clasico-vainilla-190-gr\/","url":"https:\/\/stategridargentina.com.ar\/catalogo\/producto\/yogur-firme-descremado-la-serenisima-clasico-vainilla-190-gr\/","name":"Yogur Firme Descremado La Seren\u00edsima Cl\u00e1sico Vainilla 190 Gr - STATE GRID ARGENTINA - Cat\u00e1logo","isPartOf":{"@id":"https:\/\/stategridargentina.com.ar\/catalogo\/#website"},"primaryImageOfPage":{"@id":"https:\/\/stategridargentina.com.ar\/catalogo\/producto\/yogur-firme-descremado-la-serenisima-clasico-vainilla-190-gr\/#primaryimage"},"image":{"@id":"https:\/\/stategridargentina.com.ar\/catalogo\/producto\/yogur-firme-descremado-la-serenisima-clasico-vainilla-190-gr\/#primaryimage"},"thumbnailUrl":"https:\/\/stategridargentina.com.ar\/catalogo\/wp-content\/uploads\/2025\/03\/8-9.webp","datePublished":"2025-03-28T12:39:57+00:00","breadcrumb":{"@id":"https:\/\/stategridargentina.com.ar\/catalogo\/producto\/yogur-firme-descremado-la-serenisima-clasico-vainilla-190-gr\/#breadcrumb"},"inLanguage":"es","potentialAction":[{"@type":"ReadAction","target":["https:\/\/stategridargentina.com.ar\/catalogo\/producto\/yogur-firme-descremado-la-serenisima-clasico-vainilla-190-gr\/"]}]},{"@type":"ImageObject","inLanguage":"es","@id":"https:\/\/stategridargentina.com.ar\/catalogo\/producto\/yogur-firme-descremado-la-serenisima-clasico-vainilla-190-gr\/#primaryimage","url":"https:\/\/stategridargentina.com.ar\/catalogo\/wp-content\/uploads\/2025\/03\/8-9.webp","contentUrl":"https:\/\/stategridargentina.com.ar\/catalogo\/wp-content\/uploads\/2025\/03\/8-9.webp","width":1000,"height":1000,"caption":"Yogur Firme Descremado La Seren\u00edsima Cl\u00e1sico Vainilla 190 Gr"},{"@type":"BreadcrumbList","@id":"https:\/\/stategridargentina.com.ar\/catalogo\/producto\/yogur-firme-descremado-la-serenisima-clasico-vainilla-190-gr\/#breadcrumb","itemListElement":[{"@type":"ListItem","position":1,"name":"Portada","item":"https:\/\/stategridargentina.com.ar\/catalogo\/"},{"@type":"ListItem","position":2,"name":"Catalogo","item":"https:\/\/stategridargentina.com.ar\/catalogo\/"},{"@type":"ListItem","position":3,"name":"Yogur Firme Descremado La Seren\u00edsima Cl\u00e1sico Vainilla 190 Gr"}]},{"@type":"WebSite","@id":"https:\/\/stategridargentina.com.ar\/catalogo\/#website","url":"https:\/\/stategridargentina.com.ar\/catalogo\/","name":"STATE GRID Catalogo","description":"","potentialAction":[{"@type":"SearchAction","target":{"@type":"EntryPoint","urlTemplate":"https:\/\/stategridargentina.com.ar\/catalogo\/?s={search_term_string}"},"query-input":{"@type":"PropertyValueSpecification","valueRequired":true,"valueName":"search_term_string"}}],"inLanguage":"es"}]}},"_links":{"self":[{"href":"https:\/\/stategridargentina.com.ar\/catalogo\/wp-json\/wp\/v2\/product\/5887","targetHints":{"allow":["GET"]}}],"collection":[{"href":"https:\/\/stategridargentina.com.ar\/catalogo\/wp-json\/wp\/v2\/product"}],"about":[{"href":"https:\/\/stategridargentina.com.ar\/catalogo\/wp-json\/wp\/v2\/types\/product"}],"wp:featuredmedia":[{"embeddable":true,"href":"https:\/\/stategridargentina.com.ar\/catalogo\/wp-json\/wp\/v2\/media\/5863"}],"wp:attachment":[{"href":"https:\/\/stategridargentina.com.ar\/catalogo\/wp-json\/wp\/v2\/media?parent=5887"}],"wp:term":[{"taxonomy":"product_cat","embeddable":true,"href":"https:\/\/stategridargentina.com.ar\/catalogo\/wp-json\/wp\/v2\/product_cat?post=5887"},{"taxonomy":"product_tag","embeddable":true,"href":"https:\/\/stategridargentina.com.ar\/catalogo\/wp-json\/wp\/v2\/product_tag?post=5887"}],"curies":[{"name":"wp","href":"https:\/\/api.w.org\/{rel}","templated":true}]}}