{"id":5881,"date":"2025-03-28T12:36:01","date_gmt":"2025-03-28T12:36:01","guid":{"rendered":"https:\/\/stategridargentina.com.ar\/catalogo\/?post_type=product&#038;p=5881"},"modified":"2025-03-28T12:36:02","modified_gmt":"2025-03-28T12:36:02","slug":"yogur-bebible-la-serenisima-frutilla-900-gr","status":"publish","type":"product","link":"https:\/\/stategridargentina.com.ar\/catalogo\/producto\/yogur-bebible-la-serenisima-frutilla-900-gr\/","title":{"rendered":"Yogur Bebible La Seren\u00edsima Frutilla 900 Gr"},"content":{"rendered":"<p>Eleg\u00ed el sabor de la frescura con el Yogur Bebible Frutilla de La Seren\u00edsima. Disfrut\u00e1 de un delicioso vaso de yogur todos los d\u00edas, hecho con la mejor leche y lleno de beneficios para tu salud.<\/p>\n<h3>Porque elegir el Yogur Bebible Frutilla La Seren\u00edsima Cl\u00e1sico 900 Gr<\/h3>\n<ul>\n<li>Yogur parcialmente descremado, ideal para mantenerte liviano<\/li>\n<li>Contiene probi\u00f3ticos que mejoran tu digesti\u00f3n<\/li>\n<li>Fortificado con zinc y vitaminas A y D para cuidar tu bienestar<\/li>\n<li>Sabor frutilla delicioso, que encantar\u00e1 a grandes y chicos<\/li>\n<li>Libre de gluten (Sin TACC), perfecto para todos Transform\u00e1 tus meriendas y disfrut\u00e1 de un yogur que cuida de vos.<\/li>\n<\/ul>\n","protected":false},"excerpt":{"rendered":"<p>Eleg\u00ed el sabor de la frescura con el Yogur Bebible Frutilla de La Seren\u00edsima. Disfrut\u00e1 de un delicioso vaso de yogur todos los d\u00edas, hecho con la mejor leche y lleno de beneficios para tu salud.<\/p>\n<h3>Porque elegir el Yogur Bebible Frutilla La Seren\u00edsima Cl\u00e1sico 900 Gr<\/h3>\n<ul>\n<li>Yogur parcialmente descremado, ideal para mantenerte liviano<\/li>\n<li>Contiene probi\u00f3ticos que mejoran tu digesti\u00f3n<\/li>\n<li>Fortificado con zinc y vitaminas A y D para cuidar tu bienestar<\/li>\n<li>Sabor frutilla delicioso, que encantar\u00e1 a grandes y chicos<\/li>\n<li>Libre de gluten (Sin TACC), perfecto para todos Transform\u00e1 tus meriendas y disfrut\u00e1 de un yogur que cuida de vos.<\/li>\n<\/ul>\n","protected":false},"featured_media":5858,"template":"","meta":{"_joinchat":[]},"product_cat":[233],"product_tag":[],"class_list":{"0":"post-5881","1":"product","2":"type-product","3":"status-publish","4":"has-post-thumbnail","6":"product_cat-yogur","8":"first","9":"instock","10":"shipping-taxable","11":"product-type-simple","12":"col-xs-6 col-sm-4","13":"col-md-3 col-lg-3","14":"un-4-cols"},"yoast_head":"<!-- This site is optimized with the Yoast SEO plugin v27.5 - https:\/\/yoast.com\/product\/yoast-seo-wordpress\/ -->\n<title>Yogur Bebible La Seren\u00edsima Frutilla 900 Gr - STATE GRID ARGENTINA - Cat\u00e1logo<\/title>\n<meta name=\"robots\" content=\"index, follow, max-snippet:-1, max-image-preview:large, max-video-preview:-1\" \/>\n<link rel=\"canonical\" href=\"https:\/\/stategridargentina.com.ar\/catalogo\/producto\/yogur-bebible-la-serenisima-frutilla-900-gr\/\" \/>\n<meta property=\"og:locale\" content=\"es_ES\" \/>\n<meta property=\"og:type\" content=\"article\" \/>\n<meta property=\"og:title\" content=\"Yogur Bebible La Seren\u00edsima Frutilla 900 Gr - STATE GRID ARGENTINA - Cat\u00e1logo\" \/>\n<meta property=\"og:description\" content=\"Eleg\u00ed el sabor de la frescura con el Yogur Bebible Frutilla de La Seren\u00edsima. Disfrut\u00e1 de un delicioso vaso de yogur todos los d\u00edas, hecho con la mejor leche y lleno de beneficios para tu salud. Porque elegir el Yogur Bebible Frutilla La Seren\u00edsima Cl\u00e1sico 900 Gr   Yogur parcialmente descremado, ideal para mantenerte liviano  Contiene probi\u00f3ticos que mejoran tu digesti\u00f3n  Fortificado con zinc y vitaminas A y D para cuidar tu bienestar  Sabor frutilla delicioso, que encantar\u00e1 a grandes y chicos  Libre de gluten (Sin TACC), perfecto para todos Transform\u00e1 tus meriendas y disfrut\u00e1 de un yogur que cuida de vos.\" \/>\n<meta property=\"og:url\" content=\"https:\/\/stategridargentina.com.ar\/catalogo\/producto\/yogur-bebible-la-serenisima-frutilla-900-gr\/\" \/>\n<meta property=\"og:site_name\" content=\"STATE GRID ARGENTINA - Cat\u00e1logo\" \/>\n<meta property=\"article:modified_time\" content=\"2025-03-28T12:36:02+00:00\" \/>\n<meta property=\"og:image\" content=\"https:\/\/stategridargentina.com.ar\/catalogo\/wp-content\/uploads\/2025\/03\/3-9.webp\" \/>\n\t<meta property=\"og:image:width\" content=\"1000\" \/>\n\t<meta property=\"og:image:height\" content=\"1000\" \/>\n\t<meta property=\"og:image:type\" content=\"image\/webp\" \/>\n<meta name=\"twitter:card\" content=\"summary_large_image\" \/>\n<meta name=\"twitter:label1\" content=\"Tiempo de lectura\" \/>\n\t<meta name=\"twitter:data1\" content=\"1 minuto\" \/>\n<script type=\"application\/ld+json\" class=\"yoast-schema-graph\">{\"@context\":\"https:\\\/\\\/schema.org\",\"@graph\":[{\"@type\":\"WebPage\",\"@id\":\"https:\\\/\\\/stategridargentina.com.ar\\\/catalogo\\\/producto\\\/yogur-bebible-la-serenisima-frutilla-900-gr\\\/\",\"url\":\"https:\\\/\\\/stategridargentina.com.ar\\\/catalogo\\\/producto\\\/yogur-bebible-la-serenisima-frutilla-900-gr\\\/\",\"name\":\"Yogur Bebible La Seren\u00edsima Frutilla 900 Gr - STATE GRID ARGENTINA - Cat\u00e1logo\",\"isPartOf\":{\"@id\":\"https:\\\/\\\/stategridargentina.com.ar\\\/catalogo\\\/#website\"},\"primaryImageOfPage\":{\"@id\":\"https:\\\/\\\/stategridargentina.com.ar\\\/catalogo\\\/producto\\\/yogur-bebible-la-serenisima-frutilla-900-gr\\\/#primaryimage\"},\"image\":{\"@id\":\"https:\\\/\\\/stategridargentina.com.ar\\\/catalogo\\\/producto\\\/yogur-bebible-la-serenisima-frutilla-900-gr\\\/#primaryimage\"},\"thumbnailUrl\":\"https:\\\/\\\/stategridargentina.com.ar\\\/catalogo\\\/wp-content\\\/uploads\\\/2025\\\/03\\\/3-9.webp\",\"datePublished\":\"2025-03-28T12:36:01+00:00\",\"dateModified\":\"2025-03-28T12:36:02+00:00\",\"breadcrumb\":{\"@id\":\"https:\\\/\\\/stategridargentina.com.ar\\\/catalogo\\\/producto\\\/yogur-bebible-la-serenisima-frutilla-900-gr\\\/#breadcrumb\"},\"inLanguage\":\"es\",\"potentialAction\":[{\"@type\":\"ReadAction\",\"target\":[\"https:\\\/\\\/stategridargentina.com.ar\\\/catalogo\\\/producto\\\/yogur-bebible-la-serenisima-frutilla-900-gr\\\/\"]}]},{\"@type\":\"ImageObject\",\"inLanguage\":\"es\",\"@id\":\"https:\\\/\\\/stategridargentina.com.ar\\\/catalogo\\\/producto\\\/yogur-bebible-la-serenisima-frutilla-900-gr\\\/#primaryimage\",\"url\":\"https:\\\/\\\/stategridargentina.com.ar\\\/catalogo\\\/wp-content\\\/uploads\\\/2025\\\/03\\\/3-9.webp\",\"contentUrl\":\"https:\\\/\\\/stategridargentina.com.ar\\\/catalogo\\\/wp-content\\\/uploads\\\/2025\\\/03\\\/3-9.webp\",\"width\":1000,\"height\":1000,\"caption\":\"Yogur Bebible La Seren\u00edsima Frutilla 900 Gr\"},{\"@type\":\"BreadcrumbList\",\"@id\":\"https:\\\/\\\/stategridargentina.com.ar\\\/catalogo\\\/producto\\\/yogur-bebible-la-serenisima-frutilla-900-gr\\\/#breadcrumb\",\"itemListElement\":[{\"@type\":\"ListItem\",\"position\":1,\"name\":\"Portada\",\"item\":\"https:\\\/\\\/stategridargentina.com.ar\\\/catalogo\\\/\"},{\"@type\":\"ListItem\",\"position\":2,\"name\":\"Catalogo\",\"item\":\"https:\\\/\\\/stategridargentina.com.ar\\\/catalogo\\\/\"},{\"@type\":\"ListItem\",\"position\":3,\"name\":\"Yogur Bebible La Seren\u00edsima Frutilla 900 Gr\"}]},{\"@type\":\"WebSite\",\"@id\":\"https:\\\/\\\/stategridargentina.com.ar\\\/catalogo\\\/#website\",\"url\":\"https:\\\/\\\/stategridargentina.com.ar\\\/catalogo\\\/\",\"name\":\"STATE GRID Catalogo\",\"description\":\"\",\"potentialAction\":[{\"@type\":\"SearchAction\",\"target\":{\"@type\":\"EntryPoint\",\"urlTemplate\":\"https:\\\/\\\/stategridargentina.com.ar\\\/catalogo\\\/?s={search_term_string}\"},\"query-input\":{\"@type\":\"PropertyValueSpecification\",\"valueRequired\":true,\"valueName\":\"search_term_string\"}}],\"inLanguage\":\"es\"}]}<\/script>\n<!-- \/ Yoast SEO plugin. -->","yoast_head_json":{"title":"Yogur Bebible La Seren\u00edsima Frutilla 900 Gr - STATE GRID ARGENTINA - Cat\u00e1logo","robots":{"index":"index","follow":"follow","max-snippet":"max-snippet:-1","max-image-preview":"max-image-preview:large","max-video-preview":"max-video-preview:-1"},"canonical":"https:\/\/stategridargentina.com.ar\/catalogo\/producto\/yogur-bebible-la-serenisima-frutilla-900-gr\/","og_locale":"es_ES","og_type":"article","og_title":"Yogur Bebible La Seren\u00edsima Frutilla 900 Gr - STATE GRID ARGENTINA - Cat\u00e1logo","og_description":"Eleg\u00ed el sabor de la frescura con el Yogur Bebible Frutilla de La Seren\u00edsima. Disfrut\u00e1 de un delicioso vaso de yogur todos los d\u00edas, hecho con la mejor leche y lleno de beneficios para tu salud. Porque elegir el Yogur Bebible Frutilla La Seren\u00edsima Cl\u00e1sico 900 Gr   Yogur parcialmente descremado, ideal para mantenerte liviano  Contiene probi\u00f3ticos que mejoran tu digesti\u00f3n  Fortificado con zinc y vitaminas A y D para cuidar tu bienestar  Sabor frutilla delicioso, que encantar\u00e1 a grandes y chicos  Libre de gluten (Sin TACC), perfecto para todos Transform\u00e1 tus meriendas y disfrut\u00e1 de un yogur que cuida de vos.","og_url":"https:\/\/stategridargentina.com.ar\/catalogo\/producto\/yogur-bebible-la-serenisima-frutilla-900-gr\/","og_site_name":"STATE GRID ARGENTINA - Cat\u00e1logo","article_modified_time":"2025-03-28T12:36:02+00:00","og_image":[{"width":1000,"height":1000,"url":"https:\/\/stategridargentina.com.ar\/catalogo\/wp-content\/uploads\/2025\/03\/3-9.webp","type":"image\/webp"}],"twitter_card":"summary_large_image","twitter_misc":{"Tiempo de lectura":"1 minuto"},"schema":{"@context":"https:\/\/schema.org","@graph":[{"@type":"WebPage","@id":"https:\/\/stategridargentina.com.ar\/catalogo\/producto\/yogur-bebible-la-serenisima-frutilla-900-gr\/","url":"https:\/\/stategridargentina.com.ar\/catalogo\/producto\/yogur-bebible-la-serenisima-frutilla-900-gr\/","name":"Yogur Bebible La Seren\u00edsima Frutilla 900 Gr - STATE GRID ARGENTINA - Cat\u00e1logo","isPartOf":{"@id":"https:\/\/stategridargentina.com.ar\/catalogo\/#website"},"primaryImageOfPage":{"@id":"https:\/\/stategridargentina.com.ar\/catalogo\/producto\/yogur-bebible-la-serenisima-frutilla-900-gr\/#primaryimage"},"image":{"@id":"https:\/\/stategridargentina.com.ar\/catalogo\/producto\/yogur-bebible-la-serenisima-frutilla-900-gr\/#primaryimage"},"thumbnailUrl":"https:\/\/stategridargentina.com.ar\/catalogo\/wp-content\/uploads\/2025\/03\/3-9.webp","datePublished":"2025-03-28T12:36:01+00:00","dateModified":"2025-03-28T12:36:02+00:00","breadcrumb":{"@id":"https:\/\/stategridargentina.com.ar\/catalogo\/producto\/yogur-bebible-la-serenisima-frutilla-900-gr\/#breadcrumb"},"inLanguage":"es","potentialAction":[{"@type":"ReadAction","target":["https:\/\/stategridargentina.com.ar\/catalogo\/producto\/yogur-bebible-la-serenisima-frutilla-900-gr\/"]}]},{"@type":"ImageObject","inLanguage":"es","@id":"https:\/\/stategridargentina.com.ar\/catalogo\/producto\/yogur-bebible-la-serenisima-frutilla-900-gr\/#primaryimage","url":"https:\/\/stategridargentina.com.ar\/catalogo\/wp-content\/uploads\/2025\/03\/3-9.webp","contentUrl":"https:\/\/stategridargentina.com.ar\/catalogo\/wp-content\/uploads\/2025\/03\/3-9.webp","width":1000,"height":1000,"caption":"Yogur Bebible La Seren\u00edsima Frutilla 900 Gr"},{"@type":"BreadcrumbList","@id":"https:\/\/stategridargentina.com.ar\/catalogo\/producto\/yogur-bebible-la-serenisima-frutilla-900-gr\/#breadcrumb","itemListElement":[{"@type":"ListItem","position":1,"name":"Portada","item":"https:\/\/stategridargentina.com.ar\/catalogo\/"},{"@type":"ListItem","position":2,"name":"Catalogo","item":"https:\/\/stategridargentina.com.ar\/catalogo\/"},{"@type":"ListItem","position":3,"name":"Yogur Bebible La Seren\u00edsima Frutilla 900 Gr"}]},{"@type":"WebSite","@id":"https:\/\/stategridargentina.com.ar\/catalogo\/#website","url":"https:\/\/stategridargentina.com.ar\/catalogo\/","name":"STATE GRID Catalogo","description":"","potentialAction":[{"@type":"SearchAction","target":{"@type":"EntryPoint","urlTemplate":"https:\/\/stategridargentina.com.ar\/catalogo\/?s={search_term_string}"},"query-input":{"@type":"PropertyValueSpecification","valueRequired":true,"valueName":"search_term_string"}}],"inLanguage":"es"}]}},"_links":{"self":[{"href":"https:\/\/stategridargentina.com.ar\/catalogo\/wp-json\/wp\/v2\/product\/5881","targetHints":{"allow":["GET"]}}],"collection":[{"href":"https:\/\/stategridargentina.com.ar\/catalogo\/wp-json\/wp\/v2\/product"}],"about":[{"href":"https:\/\/stategridargentina.com.ar\/catalogo\/wp-json\/wp\/v2\/types\/product"}],"wp:featuredmedia":[{"embeddable":true,"href":"https:\/\/stategridargentina.com.ar\/catalogo\/wp-json\/wp\/v2\/media\/5858"}],"wp:attachment":[{"href":"https:\/\/stategridargentina.com.ar\/catalogo\/wp-json\/wp\/v2\/media?parent=5881"}],"wp:term":[{"taxonomy":"product_cat","embeddable":true,"href":"https:\/\/stategridargentina.com.ar\/catalogo\/wp-json\/wp\/v2\/product_cat?post=5881"},{"taxonomy":"product_tag","embeddable":true,"href":"https:\/\/stategridargentina.com.ar\/catalogo\/wp-json\/wp\/v2\/product_tag?post=5881"}],"curies":[{"name":"wp","href":"https:\/\/api.w.org\/{rel}","templated":true}]}}