{"id":5736,"date":"2025-03-27T18:20:35","date_gmt":"2025-03-27T18:20:35","guid":{"rendered":"https:\/\/stategridargentina.com.ar\/catalogo\/?post_type=product&#038;p=5736"},"modified":"2025-03-27T18:20:36","modified_gmt":"2025-03-27T18:20:36","slug":"saborizada-aquarius-pomelo-2-25lt","status":"publish","type":"product","link":"https:\/\/stategridargentina.com.ar\/catalogo\/producto\/saborizada-aquarius-pomelo-2-25lt\/","title":{"rendered":"Saborizada Aquarius Pomelo 2.25lt"},"content":{"rendered":"<p>Cambiate al sabor de Aquarius. Disfrut\u00e1 de la refrescancia de Aquarius y de sus exquisitos sabores: Per\u00e1, Manzana, Pomelo, Naranja, Lim\u00f3n y Uva. Descubr\u00ed su plataforma Sin Az\u00facares para los que buscan sabor sin calor\u00edas. Nunca es tarde para cambiar. Bienvenido a Aquarius.<\/p>\n<div>\n<div class=\"v-c_descripcion_subtitle\">Ingredientes<\/div>\n<article>Agua, jugo de pomelo, az\u00facar, jmaf, niacina (vitamina b3), piridoxina (vitamina b6), aci 330, aro, sec 452 i, sec 385, cons sorbato de potasio, cons benzoato de sodio, acreg 331 iii, col 150d<\/article>\n<\/div>\n","protected":false},"excerpt":{"rendered":"<p>Cambiate al sabor de Aquarius. Disfrut\u00e1 de la refrescancia de Aquarius y de sus exquisitos sabores: Per\u00e1, Manzana, Pomelo, Naranja, Lim\u00f3n y Uva. Descubr\u00ed su plataforma Sin Az\u00facares para los que buscan sabor sin calor\u00edas. Nunca es tarde para cambiar. Bienvenido a Aquarius.<\/p>\n<div>\n<div class=\"v-c_descripcion_subtitle\">Ingredientes<\/div>\n<article>Agua, jugo de pomelo, az\u00facar, jmaf, niacina (vitamina b3), piridoxina (vitamina b6), aci 330, aro, sec 452 i, sec 385, cons sorbato de potasio, cons benzoato de sodio, acreg 331 iii, col 150d<\/article>\n<\/div>\n","protected":false},"featured_media":5712,"template":"","meta":{"_joinchat":[]},"product_cat":[230],"product_tag":[],"class_list":{"0":"post-5736","1":"product","2":"type-product","3":"status-publish","4":"has-post-thumbnail","6":"product_cat-aguas-saborizadas","8":"first","9":"instock","10":"shipping-taxable","11":"product-type-simple","12":"col-xs-6 col-sm-4","13":"col-md-3 col-lg-3","14":"un-4-cols"},"yoast_head":"<!-- This site is optimized with the Yoast SEO plugin v27.5 - https:\/\/yoast.com\/product\/yoast-seo-wordpress\/ -->\n<title>Saborizada Aquarius Pomelo 2.25lt - STATE GRID ARGENTINA - Cat\u00e1logo<\/title>\n<meta name=\"robots\" content=\"index, follow, max-snippet:-1, max-image-preview:large, max-video-preview:-1\" \/>\n<link rel=\"canonical\" href=\"https:\/\/stategridargentina.com.ar\/catalogo\/producto\/saborizada-aquarius-pomelo-2-25lt\/\" \/>\n<meta property=\"og:locale\" content=\"es_ES\" \/>\n<meta property=\"og:type\" content=\"article\" \/>\n<meta property=\"og:title\" content=\"Saborizada Aquarius Pomelo 2.25lt - STATE GRID ARGENTINA - Cat\u00e1logo\" \/>\n<meta property=\"og:description\" content=\"Cambiate al sabor de Aquarius. Disfrut\u00e1 de la refrescancia de Aquarius y de sus exquisitos sabores: Per\u00e1, Manzana, Pomelo, Naranja, Lim\u00f3n y Uva. Descubr\u00ed su plataforma Sin Az\u00facares para los que buscan sabor sin calor\u00edas. Nunca es tarde para cambiar. Bienvenido a Aquarius.  Ingredientes Agua, jugo de pomelo, az\u00facar, jmaf, niacina (vitamina b3), piridoxina (vitamina b6), aci 330, aro, sec 452 i, sec 385, cons sorbato de potasio, cons benzoato de sodio, acreg 331 iii, col 150d\" \/>\n<meta property=\"og:url\" content=\"https:\/\/stategridargentina.com.ar\/catalogo\/producto\/saborizada-aquarius-pomelo-2-25lt\/\" \/>\n<meta property=\"og:site_name\" content=\"STATE GRID ARGENTINA - Cat\u00e1logo\" \/>\n<meta property=\"article:modified_time\" content=\"2025-03-27T18:20:36+00:00\" \/>\n<meta property=\"og:image\" content=\"https:\/\/stategridargentina.com.ar\/catalogo\/wp-content\/uploads\/2025\/03\/5-7.webp\" \/>\n\t<meta property=\"og:image:width\" content=\"1000\" \/>\n\t<meta property=\"og:image:height\" content=\"1000\" \/>\n\t<meta property=\"og:image:type\" content=\"image\/webp\" \/>\n<meta name=\"twitter:card\" content=\"summary_large_image\" \/>\n<meta name=\"twitter:label1\" content=\"Tiempo de lectura\" \/>\n\t<meta name=\"twitter:data1\" content=\"1 minuto\" \/>\n<script type=\"application\/ld+json\" class=\"yoast-schema-graph\">{\"@context\":\"https:\\\/\\\/schema.org\",\"@graph\":[{\"@type\":\"WebPage\",\"@id\":\"https:\\\/\\\/stategridargentina.com.ar\\\/catalogo\\\/producto\\\/saborizada-aquarius-pomelo-2-25lt\\\/\",\"url\":\"https:\\\/\\\/stategridargentina.com.ar\\\/catalogo\\\/producto\\\/saborizada-aquarius-pomelo-2-25lt\\\/\",\"name\":\"Saborizada Aquarius Pomelo 2.25lt - STATE GRID ARGENTINA - Cat\u00e1logo\",\"isPartOf\":{\"@id\":\"https:\\\/\\\/stategridargentina.com.ar\\\/catalogo\\\/#website\"},\"primaryImageOfPage\":{\"@id\":\"https:\\\/\\\/stategridargentina.com.ar\\\/catalogo\\\/producto\\\/saborizada-aquarius-pomelo-2-25lt\\\/#primaryimage\"},\"image\":{\"@id\":\"https:\\\/\\\/stategridargentina.com.ar\\\/catalogo\\\/producto\\\/saborizada-aquarius-pomelo-2-25lt\\\/#primaryimage\"},\"thumbnailUrl\":\"https:\\\/\\\/stategridargentina.com.ar\\\/catalogo\\\/wp-content\\\/uploads\\\/2025\\\/03\\\/5-7.webp\",\"datePublished\":\"2025-03-27T18:20:35+00:00\",\"dateModified\":\"2025-03-27T18:20:36+00:00\",\"breadcrumb\":{\"@id\":\"https:\\\/\\\/stategridargentina.com.ar\\\/catalogo\\\/producto\\\/saborizada-aquarius-pomelo-2-25lt\\\/#breadcrumb\"},\"inLanguage\":\"es\",\"potentialAction\":[{\"@type\":\"ReadAction\",\"target\":[\"https:\\\/\\\/stategridargentina.com.ar\\\/catalogo\\\/producto\\\/saborizada-aquarius-pomelo-2-25lt\\\/\"]}]},{\"@type\":\"ImageObject\",\"inLanguage\":\"es\",\"@id\":\"https:\\\/\\\/stategridargentina.com.ar\\\/catalogo\\\/producto\\\/saborizada-aquarius-pomelo-2-25lt\\\/#primaryimage\",\"url\":\"https:\\\/\\\/stategridargentina.com.ar\\\/catalogo\\\/wp-content\\\/uploads\\\/2025\\\/03\\\/5-7.webp\",\"contentUrl\":\"https:\\\/\\\/stategridargentina.com.ar\\\/catalogo\\\/wp-content\\\/uploads\\\/2025\\\/03\\\/5-7.webp\",\"width\":1000,\"height\":1000,\"caption\":\"Saborizada Aquarius Pomelo 2.25lt\"},{\"@type\":\"BreadcrumbList\",\"@id\":\"https:\\\/\\\/stategridargentina.com.ar\\\/catalogo\\\/producto\\\/saborizada-aquarius-pomelo-2-25lt\\\/#breadcrumb\",\"itemListElement\":[{\"@type\":\"ListItem\",\"position\":1,\"name\":\"Portada\",\"item\":\"https:\\\/\\\/stategridargentina.com.ar\\\/catalogo\\\/\"},{\"@type\":\"ListItem\",\"position\":2,\"name\":\"Catalogo\",\"item\":\"https:\\\/\\\/stategridargentina.com.ar\\\/catalogo\\\/\"},{\"@type\":\"ListItem\",\"position\":3,\"name\":\"Saborizada Aquarius Pomelo 2.25lt\"}]},{\"@type\":\"WebSite\",\"@id\":\"https:\\\/\\\/stategridargentina.com.ar\\\/catalogo\\\/#website\",\"url\":\"https:\\\/\\\/stategridargentina.com.ar\\\/catalogo\\\/\",\"name\":\"STATE GRID Catalogo\",\"description\":\"\",\"potentialAction\":[{\"@type\":\"SearchAction\",\"target\":{\"@type\":\"EntryPoint\",\"urlTemplate\":\"https:\\\/\\\/stategridargentina.com.ar\\\/catalogo\\\/?s={search_term_string}\"},\"query-input\":{\"@type\":\"PropertyValueSpecification\",\"valueRequired\":true,\"valueName\":\"search_term_string\"}}],\"inLanguage\":\"es\"}]}<\/script>\n<!-- \/ Yoast SEO plugin. -->","yoast_head_json":{"title":"Saborizada Aquarius Pomelo 2.25lt - STATE GRID ARGENTINA - Cat\u00e1logo","robots":{"index":"index","follow":"follow","max-snippet":"max-snippet:-1","max-image-preview":"max-image-preview:large","max-video-preview":"max-video-preview:-1"},"canonical":"https:\/\/stategridargentina.com.ar\/catalogo\/producto\/saborizada-aquarius-pomelo-2-25lt\/","og_locale":"es_ES","og_type":"article","og_title":"Saborizada Aquarius Pomelo 2.25lt - STATE GRID ARGENTINA - Cat\u00e1logo","og_description":"Cambiate al sabor de Aquarius. Disfrut\u00e1 de la refrescancia de Aquarius y de sus exquisitos sabores: Per\u00e1, Manzana, Pomelo, Naranja, Lim\u00f3n y Uva. Descubr\u00ed su plataforma Sin Az\u00facares para los que buscan sabor sin calor\u00edas. Nunca es tarde para cambiar. Bienvenido a Aquarius.  Ingredientes Agua, jugo de pomelo, az\u00facar, jmaf, niacina (vitamina b3), piridoxina (vitamina b6), aci 330, aro, sec 452 i, sec 385, cons sorbato de potasio, cons benzoato de sodio, acreg 331 iii, col 150d","og_url":"https:\/\/stategridargentina.com.ar\/catalogo\/producto\/saborizada-aquarius-pomelo-2-25lt\/","og_site_name":"STATE GRID ARGENTINA - Cat\u00e1logo","article_modified_time":"2025-03-27T18:20:36+00:00","og_image":[{"width":1000,"height":1000,"url":"https:\/\/stategridargentina.com.ar\/catalogo\/wp-content\/uploads\/2025\/03\/5-7.webp","type":"image\/webp"}],"twitter_card":"summary_large_image","twitter_misc":{"Tiempo de lectura":"1 minuto"},"schema":{"@context":"https:\/\/schema.org","@graph":[{"@type":"WebPage","@id":"https:\/\/stategridargentina.com.ar\/catalogo\/producto\/saborizada-aquarius-pomelo-2-25lt\/","url":"https:\/\/stategridargentina.com.ar\/catalogo\/producto\/saborizada-aquarius-pomelo-2-25lt\/","name":"Saborizada Aquarius Pomelo 2.25lt - STATE GRID ARGENTINA - Cat\u00e1logo","isPartOf":{"@id":"https:\/\/stategridargentina.com.ar\/catalogo\/#website"},"primaryImageOfPage":{"@id":"https:\/\/stategridargentina.com.ar\/catalogo\/producto\/saborizada-aquarius-pomelo-2-25lt\/#primaryimage"},"image":{"@id":"https:\/\/stategridargentina.com.ar\/catalogo\/producto\/saborizada-aquarius-pomelo-2-25lt\/#primaryimage"},"thumbnailUrl":"https:\/\/stategridargentina.com.ar\/catalogo\/wp-content\/uploads\/2025\/03\/5-7.webp","datePublished":"2025-03-27T18:20:35+00:00","dateModified":"2025-03-27T18:20:36+00:00","breadcrumb":{"@id":"https:\/\/stategridargentina.com.ar\/catalogo\/producto\/saborizada-aquarius-pomelo-2-25lt\/#breadcrumb"},"inLanguage":"es","potentialAction":[{"@type":"ReadAction","target":["https:\/\/stategridargentina.com.ar\/catalogo\/producto\/saborizada-aquarius-pomelo-2-25lt\/"]}]},{"@type":"ImageObject","inLanguage":"es","@id":"https:\/\/stategridargentina.com.ar\/catalogo\/producto\/saborizada-aquarius-pomelo-2-25lt\/#primaryimage","url":"https:\/\/stategridargentina.com.ar\/catalogo\/wp-content\/uploads\/2025\/03\/5-7.webp","contentUrl":"https:\/\/stategridargentina.com.ar\/catalogo\/wp-content\/uploads\/2025\/03\/5-7.webp","width":1000,"height":1000,"caption":"Saborizada Aquarius Pomelo 2.25lt"},{"@type":"BreadcrumbList","@id":"https:\/\/stategridargentina.com.ar\/catalogo\/producto\/saborizada-aquarius-pomelo-2-25lt\/#breadcrumb","itemListElement":[{"@type":"ListItem","position":1,"name":"Portada","item":"https:\/\/stategridargentina.com.ar\/catalogo\/"},{"@type":"ListItem","position":2,"name":"Catalogo","item":"https:\/\/stategridargentina.com.ar\/catalogo\/"},{"@type":"ListItem","position":3,"name":"Saborizada Aquarius Pomelo 2.25lt"}]},{"@type":"WebSite","@id":"https:\/\/stategridargentina.com.ar\/catalogo\/#website","url":"https:\/\/stategridargentina.com.ar\/catalogo\/","name":"STATE GRID Catalogo","description":"","potentialAction":[{"@type":"SearchAction","target":{"@type":"EntryPoint","urlTemplate":"https:\/\/stategridargentina.com.ar\/catalogo\/?s={search_term_string}"},"query-input":{"@type":"PropertyValueSpecification","valueRequired":true,"valueName":"search_term_string"}}],"inLanguage":"es"}]}},"_links":{"self":[{"href":"https:\/\/stategridargentina.com.ar\/catalogo\/wp-json\/wp\/v2\/product\/5736","targetHints":{"allow":["GET"]}}],"collection":[{"href":"https:\/\/stategridargentina.com.ar\/catalogo\/wp-json\/wp\/v2\/product"}],"about":[{"href":"https:\/\/stategridargentina.com.ar\/catalogo\/wp-json\/wp\/v2\/types\/product"}],"wp:featuredmedia":[{"embeddable":true,"href":"https:\/\/stategridargentina.com.ar\/catalogo\/wp-json\/wp\/v2\/media\/5712"}],"wp:attachment":[{"href":"https:\/\/stategridargentina.com.ar\/catalogo\/wp-json\/wp\/v2\/media?parent=5736"}],"wp:term":[{"taxonomy":"product_cat","embeddable":true,"href":"https:\/\/stategridargentina.com.ar\/catalogo\/wp-json\/wp\/v2\/product_cat?post=5736"},{"taxonomy":"product_tag","embeddable":true,"href":"https:\/\/stategridargentina.com.ar\/catalogo\/wp-json\/wp\/v2\/product_tag?post=5736"}],"curies":[{"name":"wp","href":"https:\/\/api.w.org\/{rel}","templated":true}]}}