{"id":5705,"date":"2025-03-27T11:28:41","date_gmt":"2025-03-27T11:28:41","guid":{"rendered":"https:\/\/stategridargentina.com.ar\/catalogo\/?post_type=product&#038;p=5705"},"modified":"2025-03-27T11:28:42","modified_gmt":"2025-03-27T11:28:42","slug":"vainillas-cuisine-and-co-12-u","status":"publish","type":"product","link":"https:\/\/stategridargentina.com.ar\/catalogo\/producto\/vainillas-cuisine-and-co-12-u\/","title":{"rendered":"Vainillas Cuisine And Co 12 U"},"content":{"rendered":"<div>\n<div class=\"v-c_descripcion_subtitle\">Ingredientes<\/div>\n<article>Az\u00facar, harina de trigo 000, hierro, \u00e1cido f\u00f3lico, tiamina b1, riboflavina b2, niacina, huevo l\u00edquido, aceite vegetal, dextrosa, jarabe de glucosa, sal, suero de queso en polvo, hum ins 422, hum ins 1520, emu ins 471, emu ins 477, rai ins 503 ii, acreg ins 270, cons ins 281, aro artificial esencia de vainilla, aromatizante id\u00e9ntico al natural vainillina, aromatizante artificial etilvainillina, col ins 100 i, col ins 160 b, sulfitos, huevo, derivados de trigo, derivados de leche<\/article>\n<\/div>\n","protected":false},"excerpt":{"rendered":"<div>\n<div class=\"v-c_descripcion_subtitle\">Ingredientes<\/div>\n<article>Az\u00facar, harina de trigo 000, hierro, \u00e1cido f\u00f3lico, tiamina b1, riboflavina b2, niacina, huevo l\u00edquido, aceite vegetal, dextrosa, jarabe de glucosa, sal, suero de queso en polvo, hum ins 422, hum ins 1520, emu ins 471, emu ins 477, rai ins 503 ii, acreg ins 270, cons ins 281, aro artificial esencia de vainilla, aromatizante id\u00e9ntico al natural vainillina, aromatizante artificial etilvainillina, col ins 100 i, col ins 160 b, sulfitos, huevo, derivados de trigo, derivados de leche<\/article>\n<\/div>\n","protected":false},"featured_media":5669,"template":"","meta":{"_joinchat":[]},"product_cat":[229],"product_tag":[],"class_list":{"0":"post-5705","1":"product","2":"type-product","3":"status-publish","4":"has-post-thumbnail","6":"product_cat-galletitas-dulces","8":"first","9":"instock","10":"shipping-taxable","11":"product-type-simple","12":"col-xs-6 col-sm-4","13":"col-md-3 col-lg-3","14":"un-4-cols"},"yoast_head":"<!-- This site is optimized with the Yoast SEO plugin v27.5 - https:\/\/yoast.com\/product\/yoast-seo-wordpress\/ -->\n<title>Vainillas Cuisine And Co 12 U - STATE GRID ARGENTINA - Cat\u00e1logo<\/title>\n<meta name=\"robots\" content=\"index, follow, max-snippet:-1, max-image-preview:large, max-video-preview:-1\" \/>\n<link rel=\"canonical\" href=\"https:\/\/stategridargentina.com.ar\/catalogo\/producto\/vainillas-cuisine-and-co-12-u\/\" \/>\n<meta property=\"og:locale\" content=\"es_ES\" \/>\n<meta property=\"og:type\" content=\"article\" \/>\n<meta property=\"og:title\" content=\"Vainillas Cuisine And Co 12 U - STATE GRID ARGENTINA - Cat\u00e1logo\" \/>\n<meta property=\"og:description\" content=\"Ingredientes Az\u00facar, harina de trigo 000, hierro, \u00e1cido f\u00f3lico, tiamina b1, riboflavina b2, niacina, huevo l\u00edquido, aceite vegetal, dextrosa, jarabe de glucosa, sal, suero de queso en polvo, hum ins 422, hum ins 1520, emu ins 471, emu ins 477, rai ins 503 ii, acreg ins 270, cons ins 281, aro artificial esencia de vainilla, aromatizante id\u00e9ntico al natural vainillina, aromatizante artificial etilvainillina, col ins 100 i, col ins 160 b, sulfitos, huevo, derivados de trigo, derivados de leche\" \/>\n<meta property=\"og:url\" content=\"https:\/\/stategridargentina.com.ar\/catalogo\/producto\/vainillas-cuisine-and-co-12-u\/\" \/>\n<meta property=\"og:site_name\" content=\"STATE GRID ARGENTINA - Cat\u00e1logo\" \/>\n<meta property=\"article:modified_time\" content=\"2025-03-27T11:28:42+00:00\" \/>\n<meta property=\"og:image\" content=\"https:\/\/stategridargentina.com.ar\/catalogo\/wp-content\/uploads\/2025\/03\/19-4.webp\" \/>\n\t<meta property=\"og:image:width\" content=\"1000\" \/>\n\t<meta property=\"og:image:height\" content=\"1000\" \/>\n\t<meta property=\"og:image:type\" content=\"image\/webp\" \/>\n<meta name=\"twitter:card\" content=\"summary_large_image\" \/>\n<meta name=\"twitter:label1\" content=\"Tiempo de lectura\" \/>\n\t<meta name=\"twitter:data1\" content=\"1 minuto\" \/>\n<script type=\"application\/ld+json\" class=\"yoast-schema-graph\">{\"@context\":\"https:\\\/\\\/schema.org\",\"@graph\":[{\"@type\":\"WebPage\",\"@id\":\"https:\\\/\\\/stategridargentina.com.ar\\\/catalogo\\\/producto\\\/vainillas-cuisine-and-co-12-u\\\/\",\"url\":\"https:\\\/\\\/stategridargentina.com.ar\\\/catalogo\\\/producto\\\/vainillas-cuisine-and-co-12-u\\\/\",\"name\":\"Vainillas Cuisine And Co 12 U - STATE GRID ARGENTINA - Cat\u00e1logo\",\"isPartOf\":{\"@id\":\"https:\\\/\\\/stategridargentina.com.ar\\\/catalogo\\\/#website\"},\"primaryImageOfPage\":{\"@id\":\"https:\\\/\\\/stategridargentina.com.ar\\\/catalogo\\\/producto\\\/vainillas-cuisine-and-co-12-u\\\/#primaryimage\"},\"image\":{\"@id\":\"https:\\\/\\\/stategridargentina.com.ar\\\/catalogo\\\/producto\\\/vainillas-cuisine-and-co-12-u\\\/#primaryimage\"},\"thumbnailUrl\":\"https:\\\/\\\/stategridargentina.com.ar\\\/catalogo\\\/wp-content\\\/uploads\\\/2025\\\/03\\\/19-4.webp\",\"datePublished\":\"2025-03-27T11:28:41+00:00\",\"dateModified\":\"2025-03-27T11:28:42+00:00\",\"breadcrumb\":{\"@id\":\"https:\\\/\\\/stategridargentina.com.ar\\\/catalogo\\\/producto\\\/vainillas-cuisine-and-co-12-u\\\/#breadcrumb\"},\"inLanguage\":\"es\",\"potentialAction\":[{\"@type\":\"ReadAction\",\"target\":[\"https:\\\/\\\/stategridargentina.com.ar\\\/catalogo\\\/producto\\\/vainillas-cuisine-and-co-12-u\\\/\"]}]},{\"@type\":\"ImageObject\",\"inLanguage\":\"es\",\"@id\":\"https:\\\/\\\/stategridargentina.com.ar\\\/catalogo\\\/producto\\\/vainillas-cuisine-and-co-12-u\\\/#primaryimage\",\"url\":\"https:\\\/\\\/stategridargentina.com.ar\\\/catalogo\\\/wp-content\\\/uploads\\\/2025\\\/03\\\/19-4.webp\",\"contentUrl\":\"https:\\\/\\\/stategridargentina.com.ar\\\/catalogo\\\/wp-content\\\/uploads\\\/2025\\\/03\\\/19-4.webp\",\"width\":1000,\"height\":1000,\"caption\":\"Vainillas Cuisine And Co 12 U\"},{\"@type\":\"BreadcrumbList\",\"@id\":\"https:\\\/\\\/stategridargentina.com.ar\\\/catalogo\\\/producto\\\/vainillas-cuisine-and-co-12-u\\\/#breadcrumb\",\"itemListElement\":[{\"@type\":\"ListItem\",\"position\":1,\"name\":\"Portada\",\"item\":\"https:\\\/\\\/stategridargentina.com.ar\\\/catalogo\\\/\"},{\"@type\":\"ListItem\",\"position\":2,\"name\":\"Catalogo\",\"item\":\"https:\\\/\\\/stategridargentina.com.ar\\\/catalogo\\\/\"},{\"@type\":\"ListItem\",\"position\":3,\"name\":\"Vainillas Cuisine And Co 12 U\"}]},{\"@type\":\"WebSite\",\"@id\":\"https:\\\/\\\/stategridargentina.com.ar\\\/catalogo\\\/#website\",\"url\":\"https:\\\/\\\/stategridargentina.com.ar\\\/catalogo\\\/\",\"name\":\"STATE GRID Catalogo\",\"description\":\"\",\"potentialAction\":[{\"@type\":\"SearchAction\",\"target\":{\"@type\":\"EntryPoint\",\"urlTemplate\":\"https:\\\/\\\/stategridargentina.com.ar\\\/catalogo\\\/?s={search_term_string}\"},\"query-input\":{\"@type\":\"PropertyValueSpecification\",\"valueRequired\":true,\"valueName\":\"search_term_string\"}}],\"inLanguage\":\"es\"}]}<\/script>\n<!-- \/ Yoast SEO plugin. -->","yoast_head_json":{"title":"Vainillas Cuisine And Co 12 U - STATE GRID ARGENTINA - Cat\u00e1logo","robots":{"index":"index","follow":"follow","max-snippet":"max-snippet:-1","max-image-preview":"max-image-preview:large","max-video-preview":"max-video-preview:-1"},"canonical":"https:\/\/stategridargentina.com.ar\/catalogo\/producto\/vainillas-cuisine-and-co-12-u\/","og_locale":"es_ES","og_type":"article","og_title":"Vainillas Cuisine And Co 12 U - STATE GRID ARGENTINA - Cat\u00e1logo","og_description":"Ingredientes Az\u00facar, harina de trigo 000, hierro, \u00e1cido f\u00f3lico, tiamina b1, riboflavina b2, niacina, huevo l\u00edquido, aceite vegetal, dextrosa, jarabe de glucosa, sal, suero de queso en polvo, hum ins 422, hum ins 1520, emu ins 471, emu ins 477, rai ins 503 ii, acreg ins 270, cons ins 281, aro artificial esencia de vainilla, aromatizante id\u00e9ntico al natural vainillina, aromatizante artificial etilvainillina, col ins 100 i, col ins 160 b, sulfitos, huevo, derivados de trigo, derivados de leche","og_url":"https:\/\/stategridargentina.com.ar\/catalogo\/producto\/vainillas-cuisine-and-co-12-u\/","og_site_name":"STATE GRID ARGENTINA - Cat\u00e1logo","article_modified_time":"2025-03-27T11:28:42+00:00","og_image":[{"width":1000,"height":1000,"url":"https:\/\/stategridargentina.com.ar\/catalogo\/wp-content\/uploads\/2025\/03\/19-4.webp","type":"image\/webp"}],"twitter_card":"summary_large_image","twitter_misc":{"Tiempo de lectura":"1 minuto"},"schema":{"@context":"https:\/\/schema.org","@graph":[{"@type":"WebPage","@id":"https:\/\/stategridargentina.com.ar\/catalogo\/producto\/vainillas-cuisine-and-co-12-u\/","url":"https:\/\/stategridargentina.com.ar\/catalogo\/producto\/vainillas-cuisine-and-co-12-u\/","name":"Vainillas Cuisine And Co 12 U - STATE GRID ARGENTINA - Cat\u00e1logo","isPartOf":{"@id":"https:\/\/stategridargentina.com.ar\/catalogo\/#website"},"primaryImageOfPage":{"@id":"https:\/\/stategridargentina.com.ar\/catalogo\/producto\/vainillas-cuisine-and-co-12-u\/#primaryimage"},"image":{"@id":"https:\/\/stategridargentina.com.ar\/catalogo\/producto\/vainillas-cuisine-and-co-12-u\/#primaryimage"},"thumbnailUrl":"https:\/\/stategridargentina.com.ar\/catalogo\/wp-content\/uploads\/2025\/03\/19-4.webp","datePublished":"2025-03-27T11:28:41+00:00","dateModified":"2025-03-27T11:28:42+00:00","breadcrumb":{"@id":"https:\/\/stategridargentina.com.ar\/catalogo\/producto\/vainillas-cuisine-and-co-12-u\/#breadcrumb"},"inLanguage":"es","potentialAction":[{"@type":"ReadAction","target":["https:\/\/stategridargentina.com.ar\/catalogo\/producto\/vainillas-cuisine-and-co-12-u\/"]}]},{"@type":"ImageObject","inLanguage":"es","@id":"https:\/\/stategridargentina.com.ar\/catalogo\/producto\/vainillas-cuisine-and-co-12-u\/#primaryimage","url":"https:\/\/stategridargentina.com.ar\/catalogo\/wp-content\/uploads\/2025\/03\/19-4.webp","contentUrl":"https:\/\/stategridargentina.com.ar\/catalogo\/wp-content\/uploads\/2025\/03\/19-4.webp","width":1000,"height":1000,"caption":"Vainillas Cuisine And Co 12 U"},{"@type":"BreadcrumbList","@id":"https:\/\/stategridargentina.com.ar\/catalogo\/producto\/vainillas-cuisine-and-co-12-u\/#breadcrumb","itemListElement":[{"@type":"ListItem","position":1,"name":"Portada","item":"https:\/\/stategridargentina.com.ar\/catalogo\/"},{"@type":"ListItem","position":2,"name":"Catalogo","item":"https:\/\/stategridargentina.com.ar\/catalogo\/"},{"@type":"ListItem","position":3,"name":"Vainillas Cuisine And Co 12 U"}]},{"@type":"WebSite","@id":"https:\/\/stategridargentina.com.ar\/catalogo\/#website","url":"https:\/\/stategridargentina.com.ar\/catalogo\/","name":"STATE GRID Catalogo","description":"","potentialAction":[{"@type":"SearchAction","target":{"@type":"EntryPoint","urlTemplate":"https:\/\/stategridargentina.com.ar\/catalogo\/?s={search_term_string}"},"query-input":{"@type":"PropertyValueSpecification","valueRequired":true,"valueName":"search_term_string"}}],"inLanguage":"es"}]}},"_links":{"self":[{"href":"https:\/\/stategridargentina.com.ar\/catalogo\/wp-json\/wp\/v2\/product\/5705","targetHints":{"allow":["GET"]}}],"collection":[{"href":"https:\/\/stategridargentina.com.ar\/catalogo\/wp-json\/wp\/v2\/product"}],"about":[{"href":"https:\/\/stategridargentina.com.ar\/catalogo\/wp-json\/wp\/v2\/types\/product"}],"wp:featuredmedia":[{"embeddable":true,"href":"https:\/\/stategridargentina.com.ar\/catalogo\/wp-json\/wp\/v2\/media\/5669"}],"wp:attachment":[{"href":"https:\/\/stategridargentina.com.ar\/catalogo\/wp-json\/wp\/v2\/media?parent=5705"}],"wp:term":[{"taxonomy":"product_cat","embeddable":true,"href":"https:\/\/stategridargentina.com.ar\/catalogo\/wp-json\/wp\/v2\/product_cat?post=5705"},{"taxonomy":"product_tag","embeddable":true,"href":"https:\/\/stategridargentina.com.ar\/catalogo\/wp-json\/wp\/v2\/product_tag?post=5705"}],"curies":[{"name":"wp","href":"https:\/\/api.w.org\/{rel}","templated":true}]}}