{"id":5701,"date":"2025-03-27T11:27:09","date_gmt":"2025-03-27T11:27:09","guid":{"rendered":"https:\/\/stategridargentina.com.ar\/catalogo\/?post_type=product&#038;p=5701"},"modified":"2025-03-27T11:27:09","modified_gmt":"2025-03-27T11:27:09","slug":"galletitas-oreo-banadas-en-chocolate-blanco-7-u-119-gr","status":"publish","type":"product","link":"https:\/\/stategridargentina.com.ar\/catalogo\/producto\/galletitas-oreo-banadas-en-chocolate-blanco-7-u-119-gr\/","title":{"rendered":"Galletitas Oreo Ba\u00f1adas En Chocolate Blanco 7 U &#8211; 119 Gr"},"content":{"rendered":"<div>\n<div class=\"v-c_descripcion_subtitle\">Ingredientes<\/div>\n<article>Az\u00facar, harina de trigo enriquecida, hierro, \u00e1cido f\u00f3lico, vitamina b1, vitamina b2, niacina, manteca de cacao, leche entera en polvo, aceite vegetal, grasa vacuna refinada, cacao en polvo, jarabe de ma\u00edz de alta fructosa, almid\u00f3n, sal, emulsionante lecitina de soja, emulsionante polirricinoleato de poliglicerol, leudante qu\u00edmico bicarbonato de sodio, aromatizante id\u00e9ntico al natural vainillina, leche, derivados de trigo, derivados de soja<\/article>\n<\/div>\n","protected":false},"excerpt":{"rendered":"<div>\n<div class=\"v-c_descripcion_subtitle\">Ingredientes<\/div>\n<article>Az\u00facar, harina de trigo enriquecida, hierro, \u00e1cido f\u00f3lico, vitamina b1, vitamina b2, niacina, manteca de cacao, leche entera en polvo, aceite vegetal, grasa vacuna refinada, cacao en polvo, jarabe de ma\u00edz de alta fructosa, almid\u00f3n, sal, emulsionante lecitina de soja, emulsionante polirricinoleato de poliglicerol, leudante qu\u00edmico bicarbonato de sodio, aromatizante id\u00e9ntico al natural vainillina, leche, derivados de trigo, derivados de soja<\/article>\n<\/div>\n","protected":false},"featured_media":5667,"template":"","meta":{"_joinchat":[]},"product_cat":[229],"product_tag":[],"class_list":{"0":"post-5701","1":"product","2":"type-product","3":"status-publish","4":"has-post-thumbnail","6":"product_cat-galletitas-dulces","8":"first","9":"instock","10":"shipping-taxable","11":"product-type-simple","12":"col-xs-6 col-sm-4","13":"col-md-3 col-lg-3","14":"un-4-cols"},"yoast_head":"<!-- This site is optimized with the Yoast SEO plugin v27.5 - https:\/\/yoast.com\/product\/yoast-seo-wordpress\/ -->\n<title>Galletitas Oreo Ba\u00f1adas En Chocolate Blanco 7 U - 119 Gr - STATE GRID ARGENTINA - Cat\u00e1logo<\/title>\n<meta name=\"robots\" content=\"index, follow, max-snippet:-1, max-image-preview:large, max-video-preview:-1\" \/>\n<link rel=\"canonical\" href=\"https:\/\/stategridargentina.com.ar\/catalogo\/producto\/galletitas-oreo-banadas-en-chocolate-blanco-7-u-119-gr\/\" \/>\n<meta property=\"og:locale\" content=\"es_ES\" \/>\n<meta property=\"og:type\" content=\"article\" \/>\n<meta property=\"og:title\" content=\"Galletitas Oreo Ba\u00f1adas En Chocolate Blanco 7 U - 119 Gr - STATE GRID ARGENTINA - Cat\u00e1logo\" \/>\n<meta property=\"og:description\" content=\"Ingredientes Az\u00facar, harina de trigo enriquecida, hierro, \u00e1cido f\u00f3lico, vitamina b1, vitamina b2, niacina, manteca de cacao, leche entera en polvo, aceite vegetal, grasa vacuna refinada, cacao en polvo, jarabe de ma\u00edz de alta fructosa, almid\u00f3n, sal, emulsionante lecitina de soja, emulsionante polirricinoleato de poliglicerol, leudante qu\u00edmico bicarbonato de sodio, aromatizante id\u00e9ntico al natural vainillina, leche, derivados de trigo, derivados de soja\" \/>\n<meta property=\"og:url\" content=\"https:\/\/stategridargentina.com.ar\/catalogo\/producto\/galletitas-oreo-banadas-en-chocolate-blanco-7-u-119-gr\/\" \/>\n<meta property=\"og:site_name\" content=\"STATE GRID ARGENTINA - Cat\u00e1logo\" \/>\n<meta property=\"og:image\" content=\"https:\/\/stategridargentina.com.ar\/catalogo\/wp-content\/uploads\/2025\/03\/17-3.webp\" \/>\n\t<meta property=\"og:image:width\" content=\"1000\" \/>\n\t<meta property=\"og:image:height\" content=\"1000\" \/>\n\t<meta property=\"og:image:type\" content=\"image\/webp\" \/>\n<meta name=\"twitter:card\" content=\"summary_large_image\" \/>\n<meta name=\"twitter:label1\" content=\"Tiempo de lectura\" \/>\n\t<meta name=\"twitter:data1\" content=\"1 minuto\" \/>\n<script type=\"application\/ld+json\" class=\"yoast-schema-graph\">{\"@context\":\"https:\\\/\\\/schema.org\",\"@graph\":[{\"@type\":\"WebPage\",\"@id\":\"https:\\\/\\\/stategridargentina.com.ar\\\/catalogo\\\/producto\\\/galletitas-oreo-banadas-en-chocolate-blanco-7-u-119-gr\\\/\",\"url\":\"https:\\\/\\\/stategridargentina.com.ar\\\/catalogo\\\/producto\\\/galletitas-oreo-banadas-en-chocolate-blanco-7-u-119-gr\\\/\",\"name\":\"Galletitas Oreo Ba\u00f1adas En Chocolate Blanco 7 U - 119 Gr - STATE GRID ARGENTINA - Cat\u00e1logo\",\"isPartOf\":{\"@id\":\"https:\\\/\\\/stategridargentina.com.ar\\\/catalogo\\\/#website\"},\"primaryImageOfPage\":{\"@id\":\"https:\\\/\\\/stategridargentina.com.ar\\\/catalogo\\\/producto\\\/galletitas-oreo-banadas-en-chocolate-blanco-7-u-119-gr\\\/#primaryimage\"},\"image\":{\"@id\":\"https:\\\/\\\/stategridargentina.com.ar\\\/catalogo\\\/producto\\\/galletitas-oreo-banadas-en-chocolate-blanco-7-u-119-gr\\\/#primaryimage\"},\"thumbnailUrl\":\"https:\\\/\\\/stategridargentina.com.ar\\\/catalogo\\\/wp-content\\\/uploads\\\/2025\\\/03\\\/17-3.webp\",\"datePublished\":\"2025-03-27T11:27:09+00:00\",\"breadcrumb\":{\"@id\":\"https:\\\/\\\/stategridargentina.com.ar\\\/catalogo\\\/producto\\\/galletitas-oreo-banadas-en-chocolate-blanco-7-u-119-gr\\\/#breadcrumb\"},\"inLanguage\":\"es\",\"potentialAction\":[{\"@type\":\"ReadAction\",\"target\":[\"https:\\\/\\\/stategridargentina.com.ar\\\/catalogo\\\/producto\\\/galletitas-oreo-banadas-en-chocolate-blanco-7-u-119-gr\\\/\"]}]},{\"@type\":\"ImageObject\",\"inLanguage\":\"es\",\"@id\":\"https:\\\/\\\/stategridargentina.com.ar\\\/catalogo\\\/producto\\\/galletitas-oreo-banadas-en-chocolate-blanco-7-u-119-gr\\\/#primaryimage\",\"url\":\"https:\\\/\\\/stategridargentina.com.ar\\\/catalogo\\\/wp-content\\\/uploads\\\/2025\\\/03\\\/17-3.webp\",\"contentUrl\":\"https:\\\/\\\/stategridargentina.com.ar\\\/catalogo\\\/wp-content\\\/uploads\\\/2025\\\/03\\\/17-3.webp\",\"width\":1000,\"height\":1000,\"caption\":\"Galletitas Oreo Ba\u00f1adas En Chocolate Blanco 7 U - 119 Gr\"},{\"@type\":\"BreadcrumbList\",\"@id\":\"https:\\\/\\\/stategridargentina.com.ar\\\/catalogo\\\/producto\\\/galletitas-oreo-banadas-en-chocolate-blanco-7-u-119-gr\\\/#breadcrumb\",\"itemListElement\":[{\"@type\":\"ListItem\",\"position\":1,\"name\":\"Portada\",\"item\":\"https:\\\/\\\/stategridargentina.com.ar\\\/catalogo\\\/\"},{\"@type\":\"ListItem\",\"position\":2,\"name\":\"Catalogo\",\"item\":\"https:\\\/\\\/stategridargentina.com.ar\\\/catalogo\\\/\"},{\"@type\":\"ListItem\",\"position\":3,\"name\":\"Galletitas Oreo Ba\u00f1adas En Chocolate Blanco 7 U &#8211; 119 Gr\"}]},{\"@type\":\"WebSite\",\"@id\":\"https:\\\/\\\/stategridargentina.com.ar\\\/catalogo\\\/#website\",\"url\":\"https:\\\/\\\/stategridargentina.com.ar\\\/catalogo\\\/\",\"name\":\"STATE GRID Catalogo\",\"description\":\"\",\"potentialAction\":[{\"@type\":\"SearchAction\",\"target\":{\"@type\":\"EntryPoint\",\"urlTemplate\":\"https:\\\/\\\/stategridargentina.com.ar\\\/catalogo\\\/?s={search_term_string}\"},\"query-input\":{\"@type\":\"PropertyValueSpecification\",\"valueRequired\":true,\"valueName\":\"search_term_string\"}}],\"inLanguage\":\"es\"}]}<\/script>\n<!-- \/ Yoast SEO plugin. -->","yoast_head_json":{"title":"Galletitas Oreo Ba\u00f1adas En Chocolate Blanco 7 U - 119 Gr - STATE GRID ARGENTINA - Cat\u00e1logo","robots":{"index":"index","follow":"follow","max-snippet":"max-snippet:-1","max-image-preview":"max-image-preview:large","max-video-preview":"max-video-preview:-1"},"canonical":"https:\/\/stategridargentina.com.ar\/catalogo\/producto\/galletitas-oreo-banadas-en-chocolate-blanco-7-u-119-gr\/","og_locale":"es_ES","og_type":"article","og_title":"Galletitas Oreo Ba\u00f1adas En Chocolate Blanco 7 U - 119 Gr - STATE GRID ARGENTINA - Cat\u00e1logo","og_description":"Ingredientes Az\u00facar, harina de trigo enriquecida, hierro, \u00e1cido f\u00f3lico, vitamina b1, vitamina b2, niacina, manteca de cacao, leche entera en polvo, aceite vegetal, grasa vacuna refinada, cacao en polvo, jarabe de ma\u00edz de alta fructosa, almid\u00f3n, sal, emulsionante lecitina de soja, emulsionante polirricinoleato de poliglicerol, leudante qu\u00edmico bicarbonato de sodio, aromatizante id\u00e9ntico al natural vainillina, leche, derivados de trigo, derivados de soja","og_url":"https:\/\/stategridargentina.com.ar\/catalogo\/producto\/galletitas-oreo-banadas-en-chocolate-blanco-7-u-119-gr\/","og_site_name":"STATE GRID ARGENTINA - Cat\u00e1logo","og_image":[{"width":1000,"height":1000,"url":"https:\/\/stategridargentina.com.ar\/catalogo\/wp-content\/uploads\/2025\/03\/17-3.webp","type":"image\/webp"}],"twitter_card":"summary_large_image","twitter_misc":{"Tiempo de lectura":"1 minuto"},"schema":{"@context":"https:\/\/schema.org","@graph":[{"@type":"WebPage","@id":"https:\/\/stategridargentina.com.ar\/catalogo\/producto\/galletitas-oreo-banadas-en-chocolate-blanco-7-u-119-gr\/","url":"https:\/\/stategridargentina.com.ar\/catalogo\/producto\/galletitas-oreo-banadas-en-chocolate-blanco-7-u-119-gr\/","name":"Galletitas Oreo Ba\u00f1adas En Chocolate Blanco 7 U - 119 Gr - STATE GRID ARGENTINA - Cat\u00e1logo","isPartOf":{"@id":"https:\/\/stategridargentina.com.ar\/catalogo\/#website"},"primaryImageOfPage":{"@id":"https:\/\/stategridargentina.com.ar\/catalogo\/producto\/galletitas-oreo-banadas-en-chocolate-blanco-7-u-119-gr\/#primaryimage"},"image":{"@id":"https:\/\/stategridargentina.com.ar\/catalogo\/producto\/galletitas-oreo-banadas-en-chocolate-blanco-7-u-119-gr\/#primaryimage"},"thumbnailUrl":"https:\/\/stategridargentina.com.ar\/catalogo\/wp-content\/uploads\/2025\/03\/17-3.webp","datePublished":"2025-03-27T11:27:09+00:00","breadcrumb":{"@id":"https:\/\/stategridargentina.com.ar\/catalogo\/producto\/galletitas-oreo-banadas-en-chocolate-blanco-7-u-119-gr\/#breadcrumb"},"inLanguage":"es","potentialAction":[{"@type":"ReadAction","target":["https:\/\/stategridargentina.com.ar\/catalogo\/producto\/galletitas-oreo-banadas-en-chocolate-blanco-7-u-119-gr\/"]}]},{"@type":"ImageObject","inLanguage":"es","@id":"https:\/\/stategridargentina.com.ar\/catalogo\/producto\/galletitas-oreo-banadas-en-chocolate-blanco-7-u-119-gr\/#primaryimage","url":"https:\/\/stategridargentina.com.ar\/catalogo\/wp-content\/uploads\/2025\/03\/17-3.webp","contentUrl":"https:\/\/stategridargentina.com.ar\/catalogo\/wp-content\/uploads\/2025\/03\/17-3.webp","width":1000,"height":1000,"caption":"Galletitas Oreo Ba\u00f1adas En Chocolate Blanco 7 U - 119 Gr"},{"@type":"BreadcrumbList","@id":"https:\/\/stategridargentina.com.ar\/catalogo\/producto\/galletitas-oreo-banadas-en-chocolate-blanco-7-u-119-gr\/#breadcrumb","itemListElement":[{"@type":"ListItem","position":1,"name":"Portada","item":"https:\/\/stategridargentina.com.ar\/catalogo\/"},{"@type":"ListItem","position":2,"name":"Catalogo","item":"https:\/\/stategridargentina.com.ar\/catalogo\/"},{"@type":"ListItem","position":3,"name":"Galletitas Oreo Ba\u00f1adas En Chocolate Blanco 7 U &#8211; 119 Gr"}]},{"@type":"WebSite","@id":"https:\/\/stategridargentina.com.ar\/catalogo\/#website","url":"https:\/\/stategridargentina.com.ar\/catalogo\/","name":"STATE GRID Catalogo","description":"","potentialAction":[{"@type":"SearchAction","target":{"@type":"EntryPoint","urlTemplate":"https:\/\/stategridargentina.com.ar\/catalogo\/?s={search_term_string}"},"query-input":{"@type":"PropertyValueSpecification","valueRequired":true,"valueName":"search_term_string"}}],"inLanguage":"es"}]}},"_links":{"self":[{"href":"https:\/\/stategridargentina.com.ar\/catalogo\/wp-json\/wp\/v2\/product\/5701","targetHints":{"allow":["GET"]}}],"collection":[{"href":"https:\/\/stategridargentina.com.ar\/catalogo\/wp-json\/wp\/v2\/product"}],"about":[{"href":"https:\/\/stategridargentina.com.ar\/catalogo\/wp-json\/wp\/v2\/types\/product"}],"wp:featuredmedia":[{"embeddable":true,"href":"https:\/\/stategridargentina.com.ar\/catalogo\/wp-json\/wp\/v2\/media\/5667"}],"wp:attachment":[{"href":"https:\/\/stategridargentina.com.ar\/catalogo\/wp-json\/wp\/v2\/media?parent=5701"}],"wp:term":[{"taxonomy":"product_cat","embeddable":true,"href":"https:\/\/stategridargentina.com.ar\/catalogo\/wp-json\/wp\/v2\/product_cat?post=5701"},{"taxonomy":"product_tag","embeddable":true,"href":"https:\/\/stategridargentina.com.ar\/catalogo\/wp-json\/wp\/v2\/product_tag?post=5701"}],"curies":[{"name":"wp","href":"https:\/\/api.w.org\/{rel}","templated":true}]}}