{"id":5692,"date":"2025-03-27T11:22:56","date_gmt":"2025-03-27T11:22:56","guid":{"rendered":"https:\/\/stategridargentina.com.ar\/catalogo\/?post_type=product&#038;p=5692"},"modified":"2025-03-27T11:22:57","modified_gmt":"2025-03-27T11:22:57","slug":"galletitas-dulces-sabor-leche-cuisine-x-260-gr","status":"publish","type":"product","link":"https:\/\/stategridargentina.com.ar\/catalogo\/producto\/galletitas-dulces-sabor-leche-cuisine-x-260-gr\/","title":{"rendered":"Galletitas Dulces Sabor Leche Cuisine X 260 Gr"},"content":{"rendered":"<p>Eleg\u00ed estas galletitas y endulz\u00e1 tus momentos de la forma m\u00e1s deliciosa. Perfectas para acompa\u00f1ar un caf\u00e9 o como un snack en cualquier hora, son el placer que merec\u00e9s.<\/p>\n<h3>Porque elegir Galletitas Dulces Sabor Leche Cuisine & Co<\/h3>\n<ul>\n<li>Sabor l\u00e1cteo: disfrut\u00e1 de una explosi\u00f3n de sabor en cada bocado.<\/li>\n<li>Textura suave: ideales para derretirse en tu boca y hacerte sonre\u00edr.<\/li>\n<li>Sin conservantes: opt\u00e1 por un snack natural y aut\u00e9ntico para tu d\u00eda a d\u00eda.<\/li>\n<li>Conveniencia: perfectas para llevar a cualquier lugar y disfrutar en cualquier momento.<\/li>\n<\/ul>\n","protected":false},"excerpt":{"rendered":"<p>Eleg\u00ed estas galletitas y endulz\u00e1 tus momentos de la forma m\u00e1s deliciosa. Perfectas para acompa\u00f1ar un caf\u00e9 o como un snack en cualquier hora, son el placer que merec\u00e9s.<\/p>\n<h3>Porque elegir Galletitas Dulces Sabor Leche Cuisine &amp; Co<\/h3>\n<ul>\n<li>Sabor l\u00e1cteo: disfrut\u00e1 de una explosi\u00f3n de sabor en cada bocado.<\/li>\n<li>Textura suave: ideales para derretirse en tu boca y hacerte sonre\u00edr.<\/li>\n<li>Sin conservantes: opt\u00e1 por un snack natural y aut\u00e9ntico para tu d\u00eda a d\u00eda.<\/li>\n<li>Conveniencia: perfectas para llevar a cualquier lugar y disfrutar en cualquier momento.<\/li>\n<\/ul>\n","protected":false},"featured_media":5662,"template":"","meta":{"_joinchat":[]},"product_cat":[229],"product_tag":[],"class_list":{"0":"post-5692","1":"product","2":"type-product","3":"status-publish","4":"has-post-thumbnail","6":"product_cat-galletitas-dulces","8":"first","9":"instock","10":"shipping-taxable","11":"product-type-simple","12":"col-xs-6 col-sm-4","13":"col-md-3 col-lg-3","14":"un-4-cols"},"yoast_head":"<!-- This site is optimized with the Yoast SEO plugin v27.5 - https:\/\/yoast.com\/product\/yoast-seo-wordpress\/ -->\n<title>Galletitas Dulces Sabor Leche Cuisine X 260 Gr - STATE GRID ARGENTINA - Cat\u00e1logo<\/title>\n<meta name=\"robots\" content=\"index, follow, max-snippet:-1, max-image-preview:large, max-video-preview:-1\" \/>\n<link rel=\"canonical\" href=\"https:\/\/stategridargentina.com.ar\/catalogo\/producto\/galletitas-dulces-sabor-leche-cuisine-x-260-gr\/\" \/>\n<meta property=\"og:locale\" content=\"es_ES\" \/>\n<meta property=\"og:type\" content=\"article\" \/>\n<meta property=\"og:title\" content=\"Galletitas Dulces Sabor Leche Cuisine X 260 Gr - STATE GRID ARGENTINA - Cat\u00e1logo\" \/>\n<meta property=\"og:description\" content=\"Eleg\u00ed estas galletitas y endulz\u00e1 tus momentos de la forma m\u00e1s deliciosa. Perfectas para acompa\u00f1ar un caf\u00e9 o como un snack en cualquier hora, son el placer que merec\u00e9s. Porque elegir Galletitas Dulces Sabor Leche Cuisine &amp; Co   Sabor l\u00e1cteo: disfrut\u00e1 de una explosi\u00f3n de sabor en cada bocado.  Textura suave: ideales para derretirse en tu boca y hacerte sonre\u00edr.  Sin conservantes: opt\u00e1 por un snack natural y aut\u00e9ntico para tu d\u00eda a d\u00eda.  Conveniencia: perfectas para llevar a cualquier lugar y disfrutar en cualquier momento.\" \/>\n<meta property=\"og:url\" content=\"https:\/\/stategridargentina.com.ar\/catalogo\/producto\/galletitas-dulces-sabor-leche-cuisine-x-260-gr\/\" \/>\n<meta property=\"og:site_name\" content=\"STATE GRID ARGENTINA - Cat\u00e1logo\" \/>\n<meta property=\"article:modified_time\" content=\"2025-03-27T11:22:57+00:00\" \/>\n<meta property=\"og:image\" content=\"https:\/\/stategridargentina.com.ar\/catalogo\/wp-content\/uploads\/2025\/03\/12-4.webp\" \/>\n\t<meta property=\"og:image:width\" content=\"1000\" \/>\n\t<meta property=\"og:image:height\" content=\"1000\" \/>\n\t<meta property=\"og:image:type\" content=\"image\/webp\" \/>\n<meta name=\"twitter:card\" content=\"summary_large_image\" \/>\n<meta name=\"twitter:label1\" content=\"Tiempo de lectura\" \/>\n\t<meta name=\"twitter:data1\" content=\"1 minuto\" \/>\n<script type=\"application\/ld+json\" class=\"yoast-schema-graph\">{\"@context\":\"https:\\\/\\\/schema.org\",\"@graph\":[{\"@type\":\"WebPage\",\"@id\":\"https:\\\/\\\/stategridargentina.com.ar\\\/catalogo\\\/producto\\\/galletitas-dulces-sabor-leche-cuisine-x-260-gr\\\/\",\"url\":\"https:\\\/\\\/stategridargentina.com.ar\\\/catalogo\\\/producto\\\/galletitas-dulces-sabor-leche-cuisine-x-260-gr\\\/\",\"name\":\"Galletitas Dulces Sabor Leche Cuisine X 260 Gr - STATE GRID ARGENTINA - Cat\u00e1logo\",\"isPartOf\":{\"@id\":\"https:\\\/\\\/stategridargentina.com.ar\\\/catalogo\\\/#website\"},\"primaryImageOfPage\":{\"@id\":\"https:\\\/\\\/stategridargentina.com.ar\\\/catalogo\\\/producto\\\/galletitas-dulces-sabor-leche-cuisine-x-260-gr\\\/#primaryimage\"},\"image\":{\"@id\":\"https:\\\/\\\/stategridargentina.com.ar\\\/catalogo\\\/producto\\\/galletitas-dulces-sabor-leche-cuisine-x-260-gr\\\/#primaryimage\"},\"thumbnailUrl\":\"https:\\\/\\\/stategridargentina.com.ar\\\/catalogo\\\/wp-content\\\/uploads\\\/2025\\\/03\\\/12-4.webp\",\"datePublished\":\"2025-03-27T11:22:56+00:00\",\"dateModified\":\"2025-03-27T11:22:57+00:00\",\"breadcrumb\":{\"@id\":\"https:\\\/\\\/stategridargentina.com.ar\\\/catalogo\\\/producto\\\/galletitas-dulces-sabor-leche-cuisine-x-260-gr\\\/#breadcrumb\"},\"inLanguage\":\"es\",\"potentialAction\":[{\"@type\":\"ReadAction\",\"target\":[\"https:\\\/\\\/stategridargentina.com.ar\\\/catalogo\\\/producto\\\/galletitas-dulces-sabor-leche-cuisine-x-260-gr\\\/\"]}]},{\"@type\":\"ImageObject\",\"inLanguage\":\"es\",\"@id\":\"https:\\\/\\\/stategridargentina.com.ar\\\/catalogo\\\/producto\\\/galletitas-dulces-sabor-leche-cuisine-x-260-gr\\\/#primaryimage\",\"url\":\"https:\\\/\\\/stategridargentina.com.ar\\\/catalogo\\\/wp-content\\\/uploads\\\/2025\\\/03\\\/12-4.webp\",\"contentUrl\":\"https:\\\/\\\/stategridargentina.com.ar\\\/catalogo\\\/wp-content\\\/uploads\\\/2025\\\/03\\\/12-4.webp\",\"width\":1000,\"height\":1000,\"caption\":\"Galletitas Dulces Sabor Leche Cuisine X 260 Gr\"},{\"@type\":\"BreadcrumbList\",\"@id\":\"https:\\\/\\\/stategridargentina.com.ar\\\/catalogo\\\/producto\\\/galletitas-dulces-sabor-leche-cuisine-x-260-gr\\\/#breadcrumb\",\"itemListElement\":[{\"@type\":\"ListItem\",\"position\":1,\"name\":\"Portada\",\"item\":\"https:\\\/\\\/stategridargentina.com.ar\\\/catalogo\\\/\"},{\"@type\":\"ListItem\",\"position\":2,\"name\":\"Catalogo\",\"item\":\"https:\\\/\\\/stategridargentina.com.ar\\\/catalogo\\\/\"},{\"@type\":\"ListItem\",\"position\":3,\"name\":\"Galletitas Dulces Sabor Leche Cuisine X 260 Gr\"}]},{\"@type\":\"WebSite\",\"@id\":\"https:\\\/\\\/stategridargentina.com.ar\\\/catalogo\\\/#website\",\"url\":\"https:\\\/\\\/stategridargentina.com.ar\\\/catalogo\\\/\",\"name\":\"STATE GRID Catalogo\",\"description\":\"\",\"potentialAction\":[{\"@type\":\"SearchAction\",\"target\":{\"@type\":\"EntryPoint\",\"urlTemplate\":\"https:\\\/\\\/stategridargentina.com.ar\\\/catalogo\\\/?s={search_term_string}\"},\"query-input\":{\"@type\":\"PropertyValueSpecification\",\"valueRequired\":true,\"valueName\":\"search_term_string\"}}],\"inLanguage\":\"es\"}]}<\/script>\n<!-- \/ Yoast SEO plugin. -->","yoast_head_json":{"title":"Galletitas Dulces Sabor Leche Cuisine X 260 Gr - STATE GRID ARGENTINA - Cat\u00e1logo","robots":{"index":"index","follow":"follow","max-snippet":"max-snippet:-1","max-image-preview":"max-image-preview:large","max-video-preview":"max-video-preview:-1"},"canonical":"https:\/\/stategridargentina.com.ar\/catalogo\/producto\/galletitas-dulces-sabor-leche-cuisine-x-260-gr\/","og_locale":"es_ES","og_type":"article","og_title":"Galletitas Dulces Sabor Leche Cuisine X 260 Gr - STATE GRID ARGENTINA - Cat\u00e1logo","og_description":"Eleg\u00ed estas galletitas y endulz\u00e1 tus momentos de la forma m\u00e1s deliciosa. Perfectas para acompa\u00f1ar un caf\u00e9 o como un snack en cualquier hora, son el placer que merec\u00e9s. Porque elegir Galletitas Dulces Sabor Leche Cuisine &amp; Co   Sabor l\u00e1cteo: disfrut\u00e1 de una explosi\u00f3n de sabor en cada bocado.  Textura suave: ideales para derretirse en tu boca y hacerte sonre\u00edr.  Sin conservantes: opt\u00e1 por un snack natural y aut\u00e9ntico para tu d\u00eda a d\u00eda.  Conveniencia: perfectas para llevar a cualquier lugar y disfrutar en cualquier momento.","og_url":"https:\/\/stategridargentina.com.ar\/catalogo\/producto\/galletitas-dulces-sabor-leche-cuisine-x-260-gr\/","og_site_name":"STATE GRID ARGENTINA - Cat\u00e1logo","article_modified_time":"2025-03-27T11:22:57+00:00","og_image":[{"width":1000,"height":1000,"url":"https:\/\/stategridargentina.com.ar\/catalogo\/wp-content\/uploads\/2025\/03\/12-4.webp","type":"image\/webp"}],"twitter_card":"summary_large_image","twitter_misc":{"Tiempo de lectura":"1 minuto"},"schema":{"@context":"https:\/\/schema.org","@graph":[{"@type":"WebPage","@id":"https:\/\/stategridargentina.com.ar\/catalogo\/producto\/galletitas-dulces-sabor-leche-cuisine-x-260-gr\/","url":"https:\/\/stategridargentina.com.ar\/catalogo\/producto\/galletitas-dulces-sabor-leche-cuisine-x-260-gr\/","name":"Galletitas Dulces Sabor Leche Cuisine X 260 Gr - STATE GRID ARGENTINA - Cat\u00e1logo","isPartOf":{"@id":"https:\/\/stategridargentina.com.ar\/catalogo\/#website"},"primaryImageOfPage":{"@id":"https:\/\/stategridargentina.com.ar\/catalogo\/producto\/galletitas-dulces-sabor-leche-cuisine-x-260-gr\/#primaryimage"},"image":{"@id":"https:\/\/stategridargentina.com.ar\/catalogo\/producto\/galletitas-dulces-sabor-leche-cuisine-x-260-gr\/#primaryimage"},"thumbnailUrl":"https:\/\/stategridargentina.com.ar\/catalogo\/wp-content\/uploads\/2025\/03\/12-4.webp","datePublished":"2025-03-27T11:22:56+00:00","dateModified":"2025-03-27T11:22:57+00:00","breadcrumb":{"@id":"https:\/\/stategridargentina.com.ar\/catalogo\/producto\/galletitas-dulces-sabor-leche-cuisine-x-260-gr\/#breadcrumb"},"inLanguage":"es","potentialAction":[{"@type":"ReadAction","target":["https:\/\/stategridargentina.com.ar\/catalogo\/producto\/galletitas-dulces-sabor-leche-cuisine-x-260-gr\/"]}]},{"@type":"ImageObject","inLanguage":"es","@id":"https:\/\/stategridargentina.com.ar\/catalogo\/producto\/galletitas-dulces-sabor-leche-cuisine-x-260-gr\/#primaryimage","url":"https:\/\/stategridargentina.com.ar\/catalogo\/wp-content\/uploads\/2025\/03\/12-4.webp","contentUrl":"https:\/\/stategridargentina.com.ar\/catalogo\/wp-content\/uploads\/2025\/03\/12-4.webp","width":1000,"height":1000,"caption":"Galletitas Dulces Sabor Leche Cuisine X 260 Gr"},{"@type":"BreadcrumbList","@id":"https:\/\/stategridargentina.com.ar\/catalogo\/producto\/galletitas-dulces-sabor-leche-cuisine-x-260-gr\/#breadcrumb","itemListElement":[{"@type":"ListItem","position":1,"name":"Portada","item":"https:\/\/stategridargentina.com.ar\/catalogo\/"},{"@type":"ListItem","position":2,"name":"Catalogo","item":"https:\/\/stategridargentina.com.ar\/catalogo\/"},{"@type":"ListItem","position":3,"name":"Galletitas Dulces Sabor Leche Cuisine X 260 Gr"}]},{"@type":"WebSite","@id":"https:\/\/stategridargentina.com.ar\/catalogo\/#website","url":"https:\/\/stategridargentina.com.ar\/catalogo\/","name":"STATE GRID Catalogo","description":"","potentialAction":[{"@type":"SearchAction","target":{"@type":"EntryPoint","urlTemplate":"https:\/\/stategridargentina.com.ar\/catalogo\/?s={search_term_string}"},"query-input":{"@type":"PropertyValueSpecification","valueRequired":true,"valueName":"search_term_string"}}],"inLanguage":"es"}]}},"_links":{"self":[{"href":"https:\/\/stategridargentina.com.ar\/catalogo\/wp-json\/wp\/v2\/product\/5692","targetHints":{"allow":["GET"]}}],"collection":[{"href":"https:\/\/stategridargentina.com.ar\/catalogo\/wp-json\/wp\/v2\/product"}],"about":[{"href":"https:\/\/stategridargentina.com.ar\/catalogo\/wp-json\/wp\/v2\/types\/product"}],"wp:featuredmedia":[{"embeddable":true,"href":"https:\/\/stategridargentina.com.ar\/catalogo\/wp-json\/wp\/v2\/media\/5662"}],"wp:attachment":[{"href":"https:\/\/stategridargentina.com.ar\/catalogo\/wp-json\/wp\/v2\/media?parent=5692"}],"wp:term":[{"taxonomy":"product_cat","embeddable":true,"href":"https:\/\/stategridargentina.com.ar\/catalogo\/wp-json\/wp\/v2\/product_cat?post=5692"},{"taxonomy":"product_tag","embeddable":true,"href":"https:\/\/stategridargentina.com.ar\/catalogo\/wp-json\/wp\/v2\/product_tag?post=5692"}],"curies":[{"name":"wp","href":"https:\/\/api.w.org\/{rel}","templated":true}]}}