{"id":5688,"date":"2025-03-27T11:21:13","date_gmt":"2025-03-27T11:21:13","guid":{"rendered":"https:\/\/stategridargentina.com.ar\/catalogo\/?post_type=product&#038;p=5688"},"modified":"2025-03-27T11:21:13","modified_gmt":"2025-03-27T11:21:13","slug":"galletitas-sin-tacc-95-gr-oreo","status":"publish","type":"product","link":"https:\/\/stategridargentina.com.ar\/catalogo\/producto\/galletitas-sin-tacc-95-gr-oreo\/","title":{"rendered":"Galletitas Sin Tacc 95 Gr Oreo"},"content":{"rendered":"<p>Disfrut\u00e1 del cl\u00e1sico sabor de Oreo, ahora sin gluten, para que todos puedan saborear esta deliciosa galletita en cualquier momento.<\/p>\n<h3>Porque elegir Galletitas Oreo Sin Tacc 95 Gr<\/h3>\n<ul>\n<li>Deliciosas galletitas Oreo, ideales para quienes siguen una dieta sin gluten.<\/li>\n<li>Perfectas para acompa\u00f1ar tu bebida favorita o disfrutar como snack.<\/li>\n<li>Sabor \u00fanico y cremoso que te har\u00e1 recordar las cl\u00e1sicas Oreo.<\/li>\n<\/ul>\n","protected":false},"excerpt":{"rendered":"<p>Disfrut\u00e1 del cl\u00e1sico sabor de Oreo, ahora sin gluten, para que todos puedan saborear esta deliciosa galletita en cualquier momento.<\/p>\n<h3>Porque elegir Galletitas Oreo Sin Tacc 95 Gr<\/h3>\n<ul>\n<li>Deliciosas galletitas Oreo, ideales para quienes siguen una dieta sin gluten.<\/li>\n<li>Perfectas para acompa\u00f1ar tu bebida favorita o disfrutar como snack.<\/li>\n<li>Sabor \u00fanico y cremoso que te har\u00e1 recordar las cl\u00e1sicas Oreo.<\/li>\n<\/ul>\n","protected":false},"featured_media":5660,"template":"","meta":{"_joinchat":[]},"product_cat":[229],"product_tag":[],"class_list":{"0":"post-5688","1":"product","2":"type-product","3":"status-publish","4":"has-post-thumbnail","6":"product_cat-galletitas-dulces","8":"first","9":"instock","10":"shipping-taxable","11":"product-type-simple","12":"col-xs-6 col-sm-4","13":"col-md-3 col-lg-3","14":"un-4-cols"},"yoast_head":"<!-- This site is optimized with the Yoast SEO plugin v27.5 - https:\/\/yoast.com\/product\/yoast-seo-wordpress\/ -->\n<title>Galletitas Sin Tacc 95 Gr Oreo - STATE GRID ARGENTINA - Cat\u00e1logo<\/title>\n<meta name=\"robots\" content=\"index, follow, max-snippet:-1, max-image-preview:large, max-video-preview:-1\" \/>\n<link rel=\"canonical\" href=\"https:\/\/stategridargentina.com.ar\/catalogo\/producto\/galletitas-sin-tacc-95-gr-oreo\/\" \/>\n<meta property=\"og:locale\" content=\"es_ES\" \/>\n<meta property=\"og:type\" content=\"article\" \/>\n<meta property=\"og:title\" content=\"Galletitas Sin Tacc 95 Gr Oreo - STATE GRID ARGENTINA - Cat\u00e1logo\" \/>\n<meta property=\"og:description\" content=\"Disfrut\u00e1 del cl\u00e1sico sabor de Oreo, ahora sin gluten, para que todos puedan saborear esta deliciosa galletita en cualquier momento. Porque elegir Galletitas Oreo Sin Tacc 95 Gr   Deliciosas galletitas Oreo, ideales para quienes siguen una dieta sin gluten.  Perfectas para acompa\u00f1ar tu bebida favorita o disfrutar como snack.  Sabor \u00fanico y cremoso que te har\u00e1 recordar las cl\u00e1sicas Oreo.\" \/>\n<meta property=\"og:url\" content=\"https:\/\/stategridargentina.com.ar\/catalogo\/producto\/galletitas-sin-tacc-95-gr-oreo\/\" \/>\n<meta property=\"og:site_name\" content=\"STATE GRID ARGENTINA - Cat\u00e1logo\" \/>\n<meta property=\"og:image\" content=\"https:\/\/stategridargentina.com.ar\/catalogo\/wp-content\/uploads\/2025\/03\/10-5.webp\" \/>\n\t<meta property=\"og:image:width\" content=\"1000\" \/>\n\t<meta property=\"og:image:height\" content=\"1000\" \/>\n\t<meta property=\"og:image:type\" content=\"image\/webp\" \/>\n<meta name=\"twitter:card\" content=\"summary_large_image\" \/>\n<meta name=\"twitter:label1\" content=\"Tiempo de lectura\" \/>\n\t<meta name=\"twitter:data1\" content=\"1 minuto\" \/>\n<script type=\"application\/ld+json\" class=\"yoast-schema-graph\">{\"@context\":\"https:\\\/\\\/schema.org\",\"@graph\":[{\"@type\":\"WebPage\",\"@id\":\"https:\\\/\\\/stategridargentina.com.ar\\\/catalogo\\\/producto\\\/galletitas-sin-tacc-95-gr-oreo\\\/\",\"url\":\"https:\\\/\\\/stategridargentina.com.ar\\\/catalogo\\\/producto\\\/galletitas-sin-tacc-95-gr-oreo\\\/\",\"name\":\"Galletitas Sin Tacc 95 Gr Oreo - STATE GRID ARGENTINA - Cat\u00e1logo\",\"isPartOf\":{\"@id\":\"https:\\\/\\\/stategridargentina.com.ar\\\/catalogo\\\/#website\"},\"primaryImageOfPage\":{\"@id\":\"https:\\\/\\\/stategridargentina.com.ar\\\/catalogo\\\/producto\\\/galletitas-sin-tacc-95-gr-oreo\\\/#primaryimage\"},\"image\":{\"@id\":\"https:\\\/\\\/stategridargentina.com.ar\\\/catalogo\\\/producto\\\/galletitas-sin-tacc-95-gr-oreo\\\/#primaryimage\"},\"thumbnailUrl\":\"https:\\\/\\\/stategridargentina.com.ar\\\/catalogo\\\/wp-content\\\/uploads\\\/2025\\\/03\\\/10-5.webp\",\"datePublished\":\"2025-03-27T11:21:13+00:00\",\"breadcrumb\":{\"@id\":\"https:\\\/\\\/stategridargentina.com.ar\\\/catalogo\\\/producto\\\/galletitas-sin-tacc-95-gr-oreo\\\/#breadcrumb\"},\"inLanguage\":\"es\",\"potentialAction\":[{\"@type\":\"ReadAction\",\"target\":[\"https:\\\/\\\/stategridargentina.com.ar\\\/catalogo\\\/producto\\\/galletitas-sin-tacc-95-gr-oreo\\\/\"]}]},{\"@type\":\"ImageObject\",\"inLanguage\":\"es\",\"@id\":\"https:\\\/\\\/stategridargentina.com.ar\\\/catalogo\\\/producto\\\/galletitas-sin-tacc-95-gr-oreo\\\/#primaryimage\",\"url\":\"https:\\\/\\\/stategridargentina.com.ar\\\/catalogo\\\/wp-content\\\/uploads\\\/2025\\\/03\\\/10-5.webp\",\"contentUrl\":\"https:\\\/\\\/stategridargentina.com.ar\\\/catalogo\\\/wp-content\\\/uploads\\\/2025\\\/03\\\/10-5.webp\",\"width\":1000,\"height\":1000,\"caption\":\"Galletitas Sin Tacc 95 Gr Oreo\"},{\"@type\":\"BreadcrumbList\",\"@id\":\"https:\\\/\\\/stategridargentina.com.ar\\\/catalogo\\\/producto\\\/galletitas-sin-tacc-95-gr-oreo\\\/#breadcrumb\",\"itemListElement\":[{\"@type\":\"ListItem\",\"position\":1,\"name\":\"Portada\",\"item\":\"https:\\\/\\\/stategridargentina.com.ar\\\/catalogo\\\/\"},{\"@type\":\"ListItem\",\"position\":2,\"name\":\"Catalogo\",\"item\":\"https:\\\/\\\/stategridargentina.com.ar\\\/catalogo\\\/\"},{\"@type\":\"ListItem\",\"position\":3,\"name\":\"Galletitas Sin Tacc 95 Gr Oreo\"}]},{\"@type\":\"WebSite\",\"@id\":\"https:\\\/\\\/stategridargentina.com.ar\\\/catalogo\\\/#website\",\"url\":\"https:\\\/\\\/stategridargentina.com.ar\\\/catalogo\\\/\",\"name\":\"STATE GRID Catalogo\",\"description\":\"\",\"potentialAction\":[{\"@type\":\"SearchAction\",\"target\":{\"@type\":\"EntryPoint\",\"urlTemplate\":\"https:\\\/\\\/stategridargentina.com.ar\\\/catalogo\\\/?s={search_term_string}\"},\"query-input\":{\"@type\":\"PropertyValueSpecification\",\"valueRequired\":true,\"valueName\":\"search_term_string\"}}],\"inLanguage\":\"es\"}]}<\/script>\n<!-- \/ Yoast SEO plugin. -->","yoast_head_json":{"title":"Galletitas Sin Tacc 95 Gr Oreo - STATE GRID ARGENTINA - Cat\u00e1logo","robots":{"index":"index","follow":"follow","max-snippet":"max-snippet:-1","max-image-preview":"max-image-preview:large","max-video-preview":"max-video-preview:-1"},"canonical":"https:\/\/stategridargentina.com.ar\/catalogo\/producto\/galletitas-sin-tacc-95-gr-oreo\/","og_locale":"es_ES","og_type":"article","og_title":"Galletitas Sin Tacc 95 Gr Oreo - STATE GRID ARGENTINA - Cat\u00e1logo","og_description":"Disfrut\u00e1 del cl\u00e1sico sabor de Oreo, ahora sin gluten, para que todos puedan saborear esta deliciosa galletita en cualquier momento. Porque elegir Galletitas Oreo Sin Tacc 95 Gr   Deliciosas galletitas Oreo, ideales para quienes siguen una dieta sin gluten.  Perfectas para acompa\u00f1ar tu bebida favorita o disfrutar como snack.  Sabor \u00fanico y cremoso que te har\u00e1 recordar las cl\u00e1sicas Oreo.","og_url":"https:\/\/stategridargentina.com.ar\/catalogo\/producto\/galletitas-sin-tacc-95-gr-oreo\/","og_site_name":"STATE GRID ARGENTINA - Cat\u00e1logo","og_image":[{"width":1000,"height":1000,"url":"https:\/\/stategridargentina.com.ar\/catalogo\/wp-content\/uploads\/2025\/03\/10-5.webp","type":"image\/webp"}],"twitter_card":"summary_large_image","twitter_misc":{"Tiempo de lectura":"1 minuto"},"schema":{"@context":"https:\/\/schema.org","@graph":[{"@type":"WebPage","@id":"https:\/\/stategridargentina.com.ar\/catalogo\/producto\/galletitas-sin-tacc-95-gr-oreo\/","url":"https:\/\/stategridargentina.com.ar\/catalogo\/producto\/galletitas-sin-tacc-95-gr-oreo\/","name":"Galletitas Sin Tacc 95 Gr Oreo - STATE GRID ARGENTINA - Cat\u00e1logo","isPartOf":{"@id":"https:\/\/stategridargentina.com.ar\/catalogo\/#website"},"primaryImageOfPage":{"@id":"https:\/\/stategridargentina.com.ar\/catalogo\/producto\/galletitas-sin-tacc-95-gr-oreo\/#primaryimage"},"image":{"@id":"https:\/\/stategridargentina.com.ar\/catalogo\/producto\/galletitas-sin-tacc-95-gr-oreo\/#primaryimage"},"thumbnailUrl":"https:\/\/stategridargentina.com.ar\/catalogo\/wp-content\/uploads\/2025\/03\/10-5.webp","datePublished":"2025-03-27T11:21:13+00:00","breadcrumb":{"@id":"https:\/\/stategridargentina.com.ar\/catalogo\/producto\/galletitas-sin-tacc-95-gr-oreo\/#breadcrumb"},"inLanguage":"es","potentialAction":[{"@type":"ReadAction","target":["https:\/\/stategridargentina.com.ar\/catalogo\/producto\/galletitas-sin-tacc-95-gr-oreo\/"]}]},{"@type":"ImageObject","inLanguage":"es","@id":"https:\/\/stategridargentina.com.ar\/catalogo\/producto\/galletitas-sin-tacc-95-gr-oreo\/#primaryimage","url":"https:\/\/stategridargentina.com.ar\/catalogo\/wp-content\/uploads\/2025\/03\/10-5.webp","contentUrl":"https:\/\/stategridargentina.com.ar\/catalogo\/wp-content\/uploads\/2025\/03\/10-5.webp","width":1000,"height":1000,"caption":"Galletitas Sin Tacc 95 Gr Oreo"},{"@type":"BreadcrumbList","@id":"https:\/\/stategridargentina.com.ar\/catalogo\/producto\/galletitas-sin-tacc-95-gr-oreo\/#breadcrumb","itemListElement":[{"@type":"ListItem","position":1,"name":"Portada","item":"https:\/\/stategridargentina.com.ar\/catalogo\/"},{"@type":"ListItem","position":2,"name":"Catalogo","item":"https:\/\/stategridargentina.com.ar\/catalogo\/"},{"@type":"ListItem","position":3,"name":"Galletitas Sin Tacc 95 Gr Oreo"}]},{"@type":"WebSite","@id":"https:\/\/stategridargentina.com.ar\/catalogo\/#website","url":"https:\/\/stategridargentina.com.ar\/catalogo\/","name":"STATE GRID Catalogo","description":"","potentialAction":[{"@type":"SearchAction","target":{"@type":"EntryPoint","urlTemplate":"https:\/\/stategridargentina.com.ar\/catalogo\/?s={search_term_string}"},"query-input":{"@type":"PropertyValueSpecification","valueRequired":true,"valueName":"search_term_string"}}],"inLanguage":"es"}]}},"_links":{"self":[{"href":"https:\/\/stategridargentina.com.ar\/catalogo\/wp-json\/wp\/v2\/product\/5688","targetHints":{"allow":["GET"]}}],"collection":[{"href":"https:\/\/stategridargentina.com.ar\/catalogo\/wp-json\/wp\/v2\/product"}],"about":[{"href":"https:\/\/stategridargentina.com.ar\/catalogo\/wp-json\/wp\/v2\/types\/product"}],"wp:featuredmedia":[{"embeddable":true,"href":"https:\/\/stategridargentina.com.ar\/catalogo\/wp-json\/wp\/v2\/media\/5660"}],"wp:attachment":[{"href":"https:\/\/stategridargentina.com.ar\/catalogo\/wp-json\/wp\/v2\/media?parent=5688"}],"wp:term":[{"taxonomy":"product_cat","embeddable":true,"href":"https:\/\/stategridargentina.com.ar\/catalogo\/wp-json\/wp\/v2\/product_cat?post=5688"},{"taxonomy":"product_tag","embeddable":true,"href":"https:\/\/stategridargentina.com.ar\/catalogo\/wp-json\/wp\/v2\/product_tag?post=5688"}],"curies":[{"name":"wp","href":"https:\/\/api.w.org\/{rel}","templated":true}]}}