{"id":5484,"date":"2025-03-26T17:49:09","date_gmt":"2025-03-26T17:49:09","guid":{"rendered":"https:\/\/stategridargentina.com.ar\/catalogo\/?post_type=product&#038;p=5484"},"modified":"2025-03-26T17:49:09","modified_gmt":"2025-03-26T17:49:09","slug":"gelatina-de-frambuesa-light-bc-18gr","status":"publish","type":"product","link":"https:\/\/stategridargentina.com.ar\/catalogo\/producto\/gelatina-de-frambuesa-light-bc-18gr\/","title":{"rendered":"Gelatina De Frambuesa Light Bc 18gr"},"content":{"rendered":"<p>Disfrut\u00e1 de un postre delicioso y saludable con la Gelatina de Frambuesa Light BC. Con menos calor\u00edas, pero todo el sabor de la frambuesa, es la opci\u00f3n perfecta para darte un gusto sin culpa. Ideal para quienes buscan cuidarse sin renunciar al placer.<\/p>\n<h3>Porque elegir Gelatina De Frambuesa Light x 18 Gr BC<\/h3>\n<ul>\n<li>Sabor intenso a frambuesa, ideal para quienes buscan un postre bajo en calor\u00edas.<\/li>\n<li>Porci\u00f3n de 18 gramos, perfecta para preparar una gelatina individual o compartir.<\/li>\n<li>Baja en calor\u00edas, sin az\u00facar, para disfrutar de un postre liviano y delicioso.<\/li>\n<li>F\u00e1cil y r\u00e1pida de preparar, en solo minutos tendr\u00e1s un postre refrescante y sabroso.<\/li>\n<li>Perfecta para cualquier momento del d\u00eda: como merienda o para acompa\u00f1ar una comida ligera.<\/li>\n<\/ul>\n","protected":false},"excerpt":{"rendered":"<p>Disfrut\u00e1 de un postre delicioso y saludable con la Gelatina de Frambuesa Light BC. Con menos calor\u00edas, pero todo el sabor de la frambuesa, es la opci\u00f3n perfecta para darte un gusto sin culpa. Ideal para quienes buscan cuidarse sin renunciar al placer.<\/p>\n<h3>Porque elegir Gelatina De Frambuesa Light x 18 Gr BC<\/h3>\n<ul>\n<li>Sabor intenso a frambuesa, ideal para quienes buscan un postre bajo en calor\u00edas.<\/li>\n<li>Porci\u00f3n de 18 gramos, perfecta para preparar una gelatina individual o compartir.<\/li>\n<li>Baja en calor\u00edas, sin az\u00facar, para disfrutar de un postre liviano y delicioso.<\/li>\n<li>F\u00e1cil y r\u00e1pida de preparar, en solo minutos tendr\u00e1s un postre refrescante y sabroso.<\/li>\n<li>Perfecta para cualquier momento del d\u00eda: como merienda o para acompa\u00f1ar una comida ligera.<\/li>\n<\/ul>\n","protected":false},"featured_media":5459,"template":"","meta":{"_joinchat":[]},"product_cat":[226],"product_tag":[],"class_list":{"0":"post-5484","1":"product","2":"type-product","3":"status-publish","4":"has-post-thumbnail","6":"product_cat-gelatinas","8":"first","9":"instock","10":"shipping-taxable","11":"product-type-simple","12":"col-xs-6 col-sm-4","13":"col-md-3 col-lg-3","14":"un-4-cols"},"yoast_head":"<!-- This site is optimized with the Yoast SEO plugin v27.5 - https:\/\/yoast.com\/product\/yoast-seo-wordpress\/ -->\n<title>Gelatina De Frambuesa Light Bc 18gr - STATE GRID ARGENTINA - Cat\u00e1logo<\/title>\n<meta name=\"robots\" content=\"index, follow, max-snippet:-1, max-image-preview:large, max-video-preview:-1\" \/>\n<link rel=\"canonical\" href=\"https:\/\/stategridargentina.com.ar\/catalogo\/producto\/gelatina-de-frambuesa-light-bc-18gr\/\" \/>\n<meta property=\"og:locale\" content=\"es_ES\" \/>\n<meta property=\"og:type\" content=\"article\" \/>\n<meta property=\"og:title\" content=\"Gelatina De Frambuesa Light Bc 18gr - STATE GRID ARGENTINA - Cat\u00e1logo\" \/>\n<meta property=\"og:description\" content=\"Disfrut\u00e1 de un postre delicioso y saludable con la Gelatina de Frambuesa Light BC. Con menos calor\u00edas, pero todo el sabor de la frambuesa, es la opci\u00f3n perfecta para darte un gusto sin culpa. Ideal para quienes buscan cuidarse sin renunciar al placer. Porque elegir Gelatina De Frambuesa Light x 18 Gr BC   Sabor intenso a frambuesa, ideal para quienes buscan un postre bajo en calor\u00edas.  Porci\u00f3n de 18 gramos, perfecta para preparar una gelatina individual o compartir.  Baja en calor\u00edas, sin az\u00facar, para disfrutar de un postre liviano y delicioso.  F\u00e1cil y r\u00e1pida de preparar, en solo minutos tendr\u00e1s un postre refrescante y sabroso.  Perfecta para cualquier momento del d\u00eda: como merienda o para acompa\u00f1ar una comida ligera.\" \/>\n<meta property=\"og:url\" content=\"https:\/\/stategridargentina.com.ar\/catalogo\/producto\/gelatina-de-frambuesa-light-bc-18gr\/\" \/>\n<meta property=\"og:site_name\" content=\"STATE GRID ARGENTINA - Cat\u00e1logo\" \/>\n<meta property=\"og:image\" content=\"https:\/\/stategridargentina.com.ar\/catalogo\/wp-content\/uploads\/2025\/03\/7.webp\" \/>\n\t<meta property=\"og:image:width\" content=\"1000\" \/>\n\t<meta property=\"og:image:height\" content=\"1000\" \/>\n\t<meta property=\"og:image:type\" content=\"image\/webp\" \/>\n<meta name=\"twitter:card\" content=\"summary_large_image\" \/>\n<meta name=\"twitter:label1\" content=\"Tiempo de lectura\" \/>\n\t<meta name=\"twitter:data1\" content=\"1 minuto\" \/>\n<script type=\"application\/ld+json\" class=\"yoast-schema-graph\">{\"@context\":\"https:\\\/\\\/schema.org\",\"@graph\":[{\"@type\":\"WebPage\",\"@id\":\"https:\\\/\\\/stategridargentina.com.ar\\\/catalogo\\\/producto\\\/gelatina-de-frambuesa-light-bc-18gr\\\/\",\"url\":\"https:\\\/\\\/stategridargentina.com.ar\\\/catalogo\\\/producto\\\/gelatina-de-frambuesa-light-bc-18gr\\\/\",\"name\":\"Gelatina De Frambuesa Light Bc 18gr - STATE GRID ARGENTINA - Cat\u00e1logo\",\"isPartOf\":{\"@id\":\"https:\\\/\\\/stategridargentina.com.ar\\\/catalogo\\\/#website\"},\"primaryImageOfPage\":{\"@id\":\"https:\\\/\\\/stategridargentina.com.ar\\\/catalogo\\\/producto\\\/gelatina-de-frambuesa-light-bc-18gr\\\/#primaryimage\"},\"image\":{\"@id\":\"https:\\\/\\\/stategridargentina.com.ar\\\/catalogo\\\/producto\\\/gelatina-de-frambuesa-light-bc-18gr\\\/#primaryimage\"},\"thumbnailUrl\":\"https:\\\/\\\/stategridargentina.com.ar\\\/catalogo\\\/wp-content\\\/uploads\\\/2025\\\/03\\\/7.webp\",\"datePublished\":\"2025-03-26T17:49:09+00:00\",\"breadcrumb\":{\"@id\":\"https:\\\/\\\/stategridargentina.com.ar\\\/catalogo\\\/producto\\\/gelatina-de-frambuesa-light-bc-18gr\\\/#breadcrumb\"},\"inLanguage\":\"es\",\"potentialAction\":[{\"@type\":\"ReadAction\",\"target\":[\"https:\\\/\\\/stategridargentina.com.ar\\\/catalogo\\\/producto\\\/gelatina-de-frambuesa-light-bc-18gr\\\/\"]}]},{\"@type\":\"ImageObject\",\"inLanguage\":\"es\",\"@id\":\"https:\\\/\\\/stategridargentina.com.ar\\\/catalogo\\\/producto\\\/gelatina-de-frambuesa-light-bc-18gr\\\/#primaryimage\",\"url\":\"https:\\\/\\\/stategridargentina.com.ar\\\/catalogo\\\/wp-content\\\/uploads\\\/2025\\\/03\\\/7.webp\",\"contentUrl\":\"https:\\\/\\\/stategridargentina.com.ar\\\/catalogo\\\/wp-content\\\/uploads\\\/2025\\\/03\\\/7.webp\",\"width\":1000,\"height\":1000,\"caption\":\"Gelatina De Frambuesa Light Bc 18gr\"},{\"@type\":\"BreadcrumbList\",\"@id\":\"https:\\\/\\\/stategridargentina.com.ar\\\/catalogo\\\/producto\\\/gelatina-de-frambuesa-light-bc-18gr\\\/#breadcrumb\",\"itemListElement\":[{\"@type\":\"ListItem\",\"position\":1,\"name\":\"Portada\",\"item\":\"https:\\\/\\\/stategridargentina.com.ar\\\/catalogo\\\/\"},{\"@type\":\"ListItem\",\"position\":2,\"name\":\"Catalogo\",\"item\":\"https:\\\/\\\/stategridargentina.com.ar\\\/catalogo\\\/\"},{\"@type\":\"ListItem\",\"position\":3,\"name\":\"Gelatina De Frambuesa Light Bc 18gr\"}]},{\"@type\":\"WebSite\",\"@id\":\"https:\\\/\\\/stategridargentina.com.ar\\\/catalogo\\\/#website\",\"url\":\"https:\\\/\\\/stategridargentina.com.ar\\\/catalogo\\\/\",\"name\":\"STATE GRID Catalogo\",\"description\":\"\",\"potentialAction\":[{\"@type\":\"SearchAction\",\"target\":{\"@type\":\"EntryPoint\",\"urlTemplate\":\"https:\\\/\\\/stategridargentina.com.ar\\\/catalogo\\\/?s={search_term_string}\"},\"query-input\":{\"@type\":\"PropertyValueSpecification\",\"valueRequired\":true,\"valueName\":\"search_term_string\"}}],\"inLanguage\":\"es\"}]}<\/script>\n<!-- \/ Yoast SEO plugin. -->","yoast_head_json":{"title":"Gelatina De Frambuesa Light Bc 18gr - STATE GRID ARGENTINA - Cat\u00e1logo","robots":{"index":"index","follow":"follow","max-snippet":"max-snippet:-1","max-image-preview":"max-image-preview:large","max-video-preview":"max-video-preview:-1"},"canonical":"https:\/\/stategridargentina.com.ar\/catalogo\/producto\/gelatina-de-frambuesa-light-bc-18gr\/","og_locale":"es_ES","og_type":"article","og_title":"Gelatina De Frambuesa Light Bc 18gr - STATE GRID ARGENTINA - Cat\u00e1logo","og_description":"Disfrut\u00e1 de un postre delicioso y saludable con la Gelatina de Frambuesa Light BC. Con menos calor\u00edas, pero todo el sabor de la frambuesa, es la opci\u00f3n perfecta para darte un gusto sin culpa. Ideal para quienes buscan cuidarse sin renunciar al placer. Porque elegir Gelatina De Frambuesa Light x 18 Gr BC   Sabor intenso a frambuesa, ideal para quienes buscan un postre bajo en calor\u00edas.  Porci\u00f3n de 18 gramos, perfecta para preparar una gelatina individual o compartir.  Baja en calor\u00edas, sin az\u00facar, para disfrutar de un postre liviano y delicioso.  F\u00e1cil y r\u00e1pida de preparar, en solo minutos tendr\u00e1s un postre refrescante y sabroso.  Perfecta para cualquier momento del d\u00eda: como merienda o para acompa\u00f1ar una comida ligera.","og_url":"https:\/\/stategridargentina.com.ar\/catalogo\/producto\/gelatina-de-frambuesa-light-bc-18gr\/","og_site_name":"STATE GRID ARGENTINA - Cat\u00e1logo","og_image":[{"width":1000,"height":1000,"url":"https:\/\/stategridargentina.com.ar\/catalogo\/wp-content\/uploads\/2025\/03\/7.webp","type":"image\/webp"}],"twitter_card":"summary_large_image","twitter_misc":{"Tiempo de lectura":"1 minuto"},"schema":{"@context":"https:\/\/schema.org","@graph":[{"@type":"WebPage","@id":"https:\/\/stategridargentina.com.ar\/catalogo\/producto\/gelatina-de-frambuesa-light-bc-18gr\/","url":"https:\/\/stategridargentina.com.ar\/catalogo\/producto\/gelatina-de-frambuesa-light-bc-18gr\/","name":"Gelatina De Frambuesa Light Bc 18gr - STATE GRID ARGENTINA - Cat\u00e1logo","isPartOf":{"@id":"https:\/\/stategridargentina.com.ar\/catalogo\/#website"},"primaryImageOfPage":{"@id":"https:\/\/stategridargentina.com.ar\/catalogo\/producto\/gelatina-de-frambuesa-light-bc-18gr\/#primaryimage"},"image":{"@id":"https:\/\/stategridargentina.com.ar\/catalogo\/producto\/gelatina-de-frambuesa-light-bc-18gr\/#primaryimage"},"thumbnailUrl":"https:\/\/stategridargentina.com.ar\/catalogo\/wp-content\/uploads\/2025\/03\/7.webp","datePublished":"2025-03-26T17:49:09+00:00","breadcrumb":{"@id":"https:\/\/stategridargentina.com.ar\/catalogo\/producto\/gelatina-de-frambuesa-light-bc-18gr\/#breadcrumb"},"inLanguage":"es","potentialAction":[{"@type":"ReadAction","target":["https:\/\/stategridargentina.com.ar\/catalogo\/producto\/gelatina-de-frambuesa-light-bc-18gr\/"]}]},{"@type":"ImageObject","inLanguage":"es","@id":"https:\/\/stategridargentina.com.ar\/catalogo\/producto\/gelatina-de-frambuesa-light-bc-18gr\/#primaryimage","url":"https:\/\/stategridargentina.com.ar\/catalogo\/wp-content\/uploads\/2025\/03\/7.webp","contentUrl":"https:\/\/stategridargentina.com.ar\/catalogo\/wp-content\/uploads\/2025\/03\/7.webp","width":1000,"height":1000,"caption":"Gelatina De Frambuesa Light Bc 18gr"},{"@type":"BreadcrumbList","@id":"https:\/\/stategridargentina.com.ar\/catalogo\/producto\/gelatina-de-frambuesa-light-bc-18gr\/#breadcrumb","itemListElement":[{"@type":"ListItem","position":1,"name":"Portada","item":"https:\/\/stategridargentina.com.ar\/catalogo\/"},{"@type":"ListItem","position":2,"name":"Catalogo","item":"https:\/\/stategridargentina.com.ar\/catalogo\/"},{"@type":"ListItem","position":3,"name":"Gelatina De Frambuesa Light Bc 18gr"}]},{"@type":"WebSite","@id":"https:\/\/stategridargentina.com.ar\/catalogo\/#website","url":"https:\/\/stategridargentina.com.ar\/catalogo\/","name":"STATE GRID Catalogo","description":"","potentialAction":[{"@type":"SearchAction","target":{"@type":"EntryPoint","urlTemplate":"https:\/\/stategridargentina.com.ar\/catalogo\/?s={search_term_string}"},"query-input":{"@type":"PropertyValueSpecification","valueRequired":true,"valueName":"search_term_string"}}],"inLanguage":"es"}]}},"_links":{"self":[{"href":"https:\/\/stategridargentina.com.ar\/catalogo\/wp-json\/wp\/v2\/product\/5484","targetHints":{"allow":["GET"]}}],"collection":[{"href":"https:\/\/stategridargentina.com.ar\/catalogo\/wp-json\/wp\/v2\/product"}],"about":[{"href":"https:\/\/stategridargentina.com.ar\/catalogo\/wp-json\/wp\/v2\/types\/product"}],"wp:featuredmedia":[{"embeddable":true,"href":"https:\/\/stategridargentina.com.ar\/catalogo\/wp-json\/wp\/v2\/media\/5459"}],"wp:attachment":[{"href":"https:\/\/stategridargentina.com.ar\/catalogo\/wp-json\/wp\/v2\/media?parent=5484"}],"wp:term":[{"taxonomy":"product_cat","embeddable":true,"href":"https:\/\/stategridargentina.com.ar\/catalogo\/wp-json\/wp\/v2\/product_cat?post=5484"},{"taxonomy":"product_tag","embeddable":true,"href":"https:\/\/stategridargentina.com.ar\/catalogo\/wp-json\/wp\/v2\/product_tag?post=5484"}],"curies":[{"name":"wp","href":"https:\/\/api.w.org\/{rel}","templated":true}]}}