{"id":5479,"date":"2025-03-26T17:45:47","date_gmt":"2025-03-26T17:45:47","guid":{"rendered":"https:\/\/stategridargentina.com.ar\/catalogo\/?post_type=product&#038;p=5479"},"modified":"2025-03-26T17:45:47","modified_gmt":"2025-03-26T17:45:47","slug":"gelatina-exquisita-light-durazno-x25g","status":"publish","type":"product","link":"https:\/\/stategridargentina.com.ar\/catalogo\/producto\/gelatina-exquisita-light-durazno-x25g\/","title":{"rendered":"Gelatina Exquisita Light Durazno X25g"},"content":{"rendered":"<p>Disfrut\u00e1 del sabor dulce y jugoso del durazno sin culpas con la Gelatina Exquisita Light Durazno. Su textura suave y refrescante, junto con su intenso aroma, te transportar\u00e1 a un jard\u00edn de verano, brind\u00e1ndote una indulgencia deliciosa y ligera.<\/p>\n<h3>Porque elegir Gelatina Exquisita Light Durazno<\/h3>\n<ul>\n<li>Sabor a durazno natural que deleita tus sentidos.<\/li>\n<li>Textura suave y refrescante, ideal para cualquier momento.<\/li>\n<li>Opci\u00f3n light, perfecta para quienes buscan cuidar su alimentaci\u00f3n.<\/li>\n<li>F\u00e1cil de preparar, solo mezcl\u00e1 con agua y disfrut\u00e1.<\/li>\n<li>Un placer sin excesos que te har\u00e1 sentir liviano y renovado.<\/li>\n<\/ul>\n","protected":false},"excerpt":{"rendered":"<p>Disfrut\u00e1 del sabor dulce y jugoso del durazno sin culpas con la Gelatina Exquisita Light Durazno. Su textura suave y refrescante, junto con su intenso aroma, te transportar\u00e1 a un jard\u00edn de verano, brind\u00e1ndote una indulgencia deliciosa y ligera.<\/p>\n<h3>Porque elegir Gelatina Exquisita Light Durazno<\/h3>\n<ul>\n<li>Sabor a durazno natural que deleita tus sentidos.<\/li>\n<li>Textura suave y refrescante, ideal para cualquier momento.<\/li>\n<li>Opci\u00f3n light, perfecta para quienes buscan cuidar su alimentaci\u00f3n.<\/li>\n<li>F\u00e1cil de preparar, solo mezcl\u00e1 con agua y disfrut\u00e1.<\/li>\n<li>Un placer sin excesos que te har\u00e1 sentir liviano y renovado.<\/li>\n<\/ul>\n","protected":false},"featured_media":5456,"template":"","meta":{"_joinchat":[]},"product_cat":[226],"product_tag":[],"class_list":{"0":"post-5479","1":"product","2":"type-product","3":"status-publish","4":"has-post-thumbnail","6":"product_cat-gelatinas","8":"first","9":"instock","10":"shipping-taxable","11":"product-type-simple","12":"col-xs-6 col-sm-4","13":"col-md-3 col-lg-3","14":"un-4-cols"},"yoast_head":"<!-- This site is optimized with the Yoast SEO plugin v27.5 - https:\/\/yoast.com\/product\/yoast-seo-wordpress\/ -->\n<title>Gelatina Exquisita Light Durazno X25g - STATE GRID ARGENTINA - Cat\u00e1logo<\/title>\n<meta name=\"robots\" content=\"index, follow, max-snippet:-1, max-image-preview:large, max-video-preview:-1\" \/>\n<link rel=\"canonical\" href=\"https:\/\/stategridargentina.com.ar\/catalogo\/producto\/gelatina-exquisita-light-durazno-x25g\/\" \/>\n<meta property=\"og:locale\" content=\"es_ES\" \/>\n<meta property=\"og:type\" content=\"article\" \/>\n<meta property=\"og:title\" content=\"Gelatina Exquisita Light Durazno X25g - STATE GRID ARGENTINA - Cat\u00e1logo\" \/>\n<meta property=\"og:description\" content=\"Disfrut\u00e1 del sabor dulce y jugoso del durazno sin culpas con la Gelatina Exquisita Light Durazno. Su textura suave y refrescante, junto con su intenso aroma, te transportar\u00e1 a un jard\u00edn de verano, brind\u00e1ndote una indulgencia deliciosa y ligera. Porque elegir Gelatina Exquisita Light Durazno   Sabor a durazno natural que deleita tus sentidos.  Textura suave y refrescante, ideal para cualquier momento.  Opci\u00f3n light, perfecta para quienes buscan cuidar su alimentaci\u00f3n.  F\u00e1cil de preparar, solo mezcl\u00e1 con agua y disfrut\u00e1.  Un placer sin excesos que te har\u00e1 sentir liviano y renovado.\" \/>\n<meta property=\"og:url\" content=\"https:\/\/stategridargentina.com.ar\/catalogo\/producto\/gelatina-exquisita-light-durazno-x25g\/\" \/>\n<meta property=\"og:site_name\" content=\"STATE GRID ARGENTINA - Cat\u00e1logo\" \/>\n<meta property=\"og:image\" content=\"https:\/\/stategridargentina.com.ar\/catalogo\/wp-content\/uploads\/2025\/03\/4.webp\" \/>\n\t<meta property=\"og:image:width\" content=\"1000\" \/>\n\t<meta property=\"og:image:height\" content=\"1000\" \/>\n\t<meta property=\"og:image:type\" content=\"image\/webp\" \/>\n<meta name=\"twitter:card\" content=\"summary_large_image\" \/>\n<meta name=\"twitter:label1\" content=\"Tiempo de lectura\" \/>\n\t<meta name=\"twitter:data1\" content=\"1 minuto\" \/>\n<script type=\"application\/ld+json\" class=\"yoast-schema-graph\">{\"@context\":\"https:\\\/\\\/schema.org\",\"@graph\":[{\"@type\":\"WebPage\",\"@id\":\"https:\\\/\\\/stategridargentina.com.ar\\\/catalogo\\\/producto\\\/gelatina-exquisita-light-durazno-x25g\\\/\",\"url\":\"https:\\\/\\\/stategridargentina.com.ar\\\/catalogo\\\/producto\\\/gelatina-exquisita-light-durazno-x25g\\\/\",\"name\":\"Gelatina Exquisita Light Durazno X25g - STATE GRID ARGENTINA - Cat\u00e1logo\",\"isPartOf\":{\"@id\":\"https:\\\/\\\/stategridargentina.com.ar\\\/catalogo\\\/#website\"},\"primaryImageOfPage\":{\"@id\":\"https:\\\/\\\/stategridargentina.com.ar\\\/catalogo\\\/producto\\\/gelatina-exquisita-light-durazno-x25g\\\/#primaryimage\"},\"image\":{\"@id\":\"https:\\\/\\\/stategridargentina.com.ar\\\/catalogo\\\/producto\\\/gelatina-exquisita-light-durazno-x25g\\\/#primaryimage\"},\"thumbnailUrl\":\"https:\\\/\\\/stategridargentina.com.ar\\\/catalogo\\\/wp-content\\\/uploads\\\/2025\\\/03\\\/4.webp\",\"datePublished\":\"2025-03-26T17:45:47+00:00\",\"breadcrumb\":{\"@id\":\"https:\\\/\\\/stategridargentina.com.ar\\\/catalogo\\\/producto\\\/gelatina-exquisita-light-durazno-x25g\\\/#breadcrumb\"},\"inLanguage\":\"es\",\"potentialAction\":[{\"@type\":\"ReadAction\",\"target\":[\"https:\\\/\\\/stategridargentina.com.ar\\\/catalogo\\\/producto\\\/gelatina-exquisita-light-durazno-x25g\\\/\"]}]},{\"@type\":\"ImageObject\",\"inLanguage\":\"es\",\"@id\":\"https:\\\/\\\/stategridargentina.com.ar\\\/catalogo\\\/producto\\\/gelatina-exquisita-light-durazno-x25g\\\/#primaryimage\",\"url\":\"https:\\\/\\\/stategridargentina.com.ar\\\/catalogo\\\/wp-content\\\/uploads\\\/2025\\\/03\\\/4.webp\",\"contentUrl\":\"https:\\\/\\\/stategridargentina.com.ar\\\/catalogo\\\/wp-content\\\/uploads\\\/2025\\\/03\\\/4.webp\",\"width\":1000,\"height\":1000,\"caption\":\"Gelatina Exquisita Light Durazno X25g\"},{\"@type\":\"BreadcrumbList\",\"@id\":\"https:\\\/\\\/stategridargentina.com.ar\\\/catalogo\\\/producto\\\/gelatina-exquisita-light-durazno-x25g\\\/#breadcrumb\",\"itemListElement\":[{\"@type\":\"ListItem\",\"position\":1,\"name\":\"Portada\",\"item\":\"https:\\\/\\\/stategridargentina.com.ar\\\/catalogo\\\/\"},{\"@type\":\"ListItem\",\"position\":2,\"name\":\"Catalogo\",\"item\":\"https:\\\/\\\/stategridargentina.com.ar\\\/catalogo\\\/\"},{\"@type\":\"ListItem\",\"position\":3,\"name\":\"Gelatina Exquisita Light Durazno X25g\"}]},{\"@type\":\"WebSite\",\"@id\":\"https:\\\/\\\/stategridargentina.com.ar\\\/catalogo\\\/#website\",\"url\":\"https:\\\/\\\/stategridargentina.com.ar\\\/catalogo\\\/\",\"name\":\"STATE GRID Catalogo\",\"description\":\"\",\"potentialAction\":[{\"@type\":\"SearchAction\",\"target\":{\"@type\":\"EntryPoint\",\"urlTemplate\":\"https:\\\/\\\/stategridargentina.com.ar\\\/catalogo\\\/?s={search_term_string}\"},\"query-input\":{\"@type\":\"PropertyValueSpecification\",\"valueRequired\":true,\"valueName\":\"search_term_string\"}}],\"inLanguage\":\"es\"}]}<\/script>\n<!-- \/ Yoast SEO plugin. -->","yoast_head_json":{"title":"Gelatina Exquisita Light Durazno X25g - STATE GRID ARGENTINA - Cat\u00e1logo","robots":{"index":"index","follow":"follow","max-snippet":"max-snippet:-1","max-image-preview":"max-image-preview:large","max-video-preview":"max-video-preview:-1"},"canonical":"https:\/\/stategridargentina.com.ar\/catalogo\/producto\/gelatina-exquisita-light-durazno-x25g\/","og_locale":"es_ES","og_type":"article","og_title":"Gelatina Exquisita Light Durazno X25g - STATE GRID ARGENTINA - Cat\u00e1logo","og_description":"Disfrut\u00e1 del sabor dulce y jugoso del durazno sin culpas con la Gelatina Exquisita Light Durazno. Su textura suave y refrescante, junto con su intenso aroma, te transportar\u00e1 a un jard\u00edn de verano, brind\u00e1ndote una indulgencia deliciosa y ligera. Porque elegir Gelatina Exquisita Light Durazno   Sabor a durazno natural que deleita tus sentidos.  Textura suave y refrescante, ideal para cualquier momento.  Opci\u00f3n light, perfecta para quienes buscan cuidar su alimentaci\u00f3n.  F\u00e1cil de preparar, solo mezcl\u00e1 con agua y disfrut\u00e1.  Un placer sin excesos que te har\u00e1 sentir liviano y renovado.","og_url":"https:\/\/stategridargentina.com.ar\/catalogo\/producto\/gelatina-exquisita-light-durazno-x25g\/","og_site_name":"STATE GRID ARGENTINA - Cat\u00e1logo","og_image":[{"width":1000,"height":1000,"url":"https:\/\/stategridargentina.com.ar\/catalogo\/wp-content\/uploads\/2025\/03\/4.webp","type":"image\/webp"}],"twitter_card":"summary_large_image","twitter_misc":{"Tiempo de lectura":"1 minuto"},"schema":{"@context":"https:\/\/schema.org","@graph":[{"@type":"WebPage","@id":"https:\/\/stategridargentina.com.ar\/catalogo\/producto\/gelatina-exquisita-light-durazno-x25g\/","url":"https:\/\/stategridargentina.com.ar\/catalogo\/producto\/gelatina-exquisita-light-durazno-x25g\/","name":"Gelatina Exquisita Light Durazno X25g - STATE GRID ARGENTINA - Cat\u00e1logo","isPartOf":{"@id":"https:\/\/stategridargentina.com.ar\/catalogo\/#website"},"primaryImageOfPage":{"@id":"https:\/\/stategridargentina.com.ar\/catalogo\/producto\/gelatina-exquisita-light-durazno-x25g\/#primaryimage"},"image":{"@id":"https:\/\/stategridargentina.com.ar\/catalogo\/producto\/gelatina-exquisita-light-durazno-x25g\/#primaryimage"},"thumbnailUrl":"https:\/\/stategridargentina.com.ar\/catalogo\/wp-content\/uploads\/2025\/03\/4.webp","datePublished":"2025-03-26T17:45:47+00:00","breadcrumb":{"@id":"https:\/\/stategridargentina.com.ar\/catalogo\/producto\/gelatina-exquisita-light-durazno-x25g\/#breadcrumb"},"inLanguage":"es","potentialAction":[{"@type":"ReadAction","target":["https:\/\/stategridargentina.com.ar\/catalogo\/producto\/gelatina-exquisita-light-durazno-x25g\/"]}]},{"@type":"ImageObject","inLanguage":"es","@id":"https:\/\/stategridargentina.com.ar\/catalogo\/producto\/gelatina-exquisita-light-durazno-x25g\/#primaryimage","url":"https:\/\/stategridargentina.com.ar\/catalogo\/wp-content\/uploads\/2025\/03\/4.webp","contentUrl":"https:\/\/stategridargentina.com.ar\/catalogo\/wp-content\/uploads\/2025\/03\/4.webp","width":1000,"height":1000,"caption":"Gelatina Exquisita Light Durazno X25g"},{"@type":"BreadcrumbList","@id":"https:\/\/stategridargentina.com.ar\/catalogo\/producto\/gelatina-exquisita-light-durazno-x25g\/#breadcrumb","itemListElement":[{"@type":"ListItem","position":1,"name":"Portada","item":"https:\/\/stategridargentina.com.ar\/catalogo\/"},{"@type":"ListItem","position":2,"name":"Catalogo","item":"https:\/\/stategridargentina.com.ar\/catalogo\/"},{"@type":"ListItem","position":3,"name":"Gelatina Exquisita Light Durazno X25g"}]},{"@type":"WebSite","@id":"https:\/\/stategridargentina.com.ar\/catalogo\/#website","url":"https:\/\/stategridargentina.com.ar\/catalogo\/","name":"STATE GRID Catalogo","description":"","potentialAction":[{"@type":"SearchAction","target":{"@type":"EntryPoint","urlTemplate":"https:\/\/stategridargentina.com.ar\/catalogo\/?s={search_term_string}"},"query-input":{"@type":"PropertyValueSpecification","valueRequired":true,"valueName":"search_term_string"}}],"inLanguage":"es"}]}},"_links":{"self":[{"href":"https:\/\/stategridargentina.com.ar\/catalogo\/wp-json\/wp\/v2\/product\/5479","targetHints":{"allow":["GET"]}}],"collection":[{"href":"https:\/\/stategridargentina.com.ar\/catalogo\/wp-json\/wp\/v2\/product"}],"about":[{"href":"https:\/\/stategridargentina.com.ar\/catalogo\/wp-json\/wp\/v2\/types\/product"}],"wp:featuredmedia":[{"embeddable":true,"href":"https:\/\/stategridargentina.com.ar\/catalogo\/wp-json\/wp\/v2\/media\/5456"}],"wp:attachment":[{"href":"https:\/\/stategridargentina.com.ar\/catalogo\/wp-json\/wp\/v2\/media?parent=5479"}],"wp:term":[{"taxonomy":"product_cat","embeddable":true,"href":"https:\/\/stategridargentina.com.ar\/catalogo\/wp-json\/wp\/v2\/product_cat?post=5479"},{"taxonomy":"product_tag","embeddable":true,"href":"https:\/\/stategridargentina.com.ar\/catalogo\/wp-json\/wp\/v2\/product_tag?post=5479"}],"curies":[{"name":"wp","href":"https:\/\/api.w.org\/{rel}","templated":true}]}}