{"id":5475,"date":"2025-03-26T17:43:56","date_gmt":"2025-03-26T17:43:56","guid":{"rendered":"https:\/\/stategridargentina.com.ar\/catalogo\/?post_type=product&#038;p=5475"},"modified":"2025-03-26T17:43:56","modified_gmt":"2025-03-26T17:43:56","slug":"gelatina-exquisita-light-frutilla-x-25-gr","status":"publish","type":"product","link":"https:\/\/stategridargentina.com.ar\/catalogo\/producto\/gelatina-exquisita-light-frutilla-x-25-gr\/","title":{"rendered":"Gelatina Exquisita Light Frutilla X 25 Gr"},"content":{"rendered":"<p>Eleg\u00ed la Gelatina Exquisita Light de frutilla x 25 g para disfrutar de un postre ligero y refrescante. Con su sabor a frutilla natural y textura suave, esta gelatina es la opci\u00f3n perfecta para saciar tus antojos dulces sin preocuparte por las calor\u00edas.<\/p>\n<h3>Porque elegir Gelatina Exquisita Light Frutilla<\/h3>\n<ul>\n<li>Sabor a frutilla natural que deleita tu paladar.<\/li>\n<li>Textura suave y ligera, ideal para cualquier momento del d\u00eda.<\/li>\n<li>Versi\u00f3n light, perfecta para quienes cuidan su alimentaci\u00f3n.<\/li>\n<li>F\u00e1cil de preparar, solo agreg\u00e1 agua y disfrut\u00e1.<\/li>\n<li>Una opci\u00f3n deliciosa y refrescante para cualquier ocasi\u00f3n.<\/li>\n<\/ul>\n","protected":false},"excerpt":{"rendered":"<p>Eleg\u00ed la Gelatina Exquisita Light de frutilla x 25 g para disfrutar de un postre ligero y refrescante. Con su sabor a frutilla natural y textura suave, esta gelatina es la opci\u00f3n perfecta para saciar tus antojos dulces sin preocuparte por las calor\u00edas.<\/p>\n<h3>Porque elegir Gelatina Exquisita Light Frutilla<\/h3>\n<ul>\n<li>Sabor a frutilla natural que deleita tu paladar.<\/li>\n<li>Textura suave y ligera, ideal para cualquier momento del d\u00eda.<\/li>\n<li>Versi\u00f3n light, perfecta para quienes cuidan su alimentaci\u00f3n.<\/li>\n<li>F\u00e1cil de preparar, solo agreg\u00e1 agua y disfrut\u00e1.<\/li>\n<li>Una opci\u00f3n deliciosa y refrescante para cualquier ocasi\u00f3n.<\/li>\n<\/ul>\n","protected":false},"featured_media":5454,"template":"","meta":{"_joinchat":[]},"product_cat":[226],"product_tag":[],"class_list":{"0":"post-5475","1":"product","2":"type-product","3":"status-publish","4":"has-post-thumbnail","6":"product_cat-gelatinas","8":"first","9":"instock","10":"shipping-taxable","11":"product-type-simple","12":"col-xs-6 col-sm-4","13":"col-md-3 col-lg-3","14":"un-4-cols"},"yoast_head":"<!-- This site is optimized with the Yoast SEO plugin v27.5 - https:\/\/yoast.com\/product\/yoast-seo-wordpress\/ -->\n<title>Gelatina Exquisita Light Frutilla X 25 Gr - STATE GRID ARGENTINA - Cat\u00e1logo<\/title>\n<meta name=\"robots\" content=\"index, follow, max-snippet:-1, max-image-preview:large, max-video-preview:-1\" \/>\n<link rel=\"canonical\" href=\"https:\/\/stategridargentina.com.ar\/catalogo\/producto\/gelatina-exquisita-light-frutilla-x-25-gr\/\" \/>\n<meta property=\"og:locale\" content=\"es_ES\" \/>\n<meta property=\"og:type\" content=\"article\" \/>\n<meta property=\"og:title\" content=\"Gelatina Exquisita Light Frutilla X 25 Gr - STATE GRID ARGENTINA - Cat\u00e1logo\" \/>\n<meta property=\"og:description\" content=\"Eleg\u00ed la Gelatina Exquisita Light de frutilla x 25 g para disfrutar de un postre ligero y refrescante. Con su sabor a frutilla natural y textura suave, esta gelatina es la opci\u00f3n perfecta para saciar tus antojos dulces sin preocuparte por las calor\u00edas. Porque elegir Gelatina Exquisita Light Frutilla   Sabor a frutilla natural que deleita tu paladar.  Textura suave y ligera, ideal para cualquier momento del d\u00eda.  Versi\u00f3n light, perfecta para quienes cuidan su alimentaci\u00f3n.  F\u00e1cil de preparar, solo agreg\u00e1 agua y disfrut\u00e1.  Una opci\u00f3n deliciosa y refrescante para cualquier ocasi\u00f3n.\" \/>\n<meta property=\"og:url\" content=\"https:\/\/stategridargentina.com.ar\/catalogo\/producto\/gelatina-exquisita-light-frutilla-x-25-gr\/\" \/>\n<meta property=\"og:site_name\" content=\"STATE GRID ARGENTINA - Cat\u00e1logo\" \/>\n<meta property=\"og:image\" content=\"https:\/\/stategridargentina.com.ar\/catalogo\/wp-content\/uploads\/2025\/03\/2.webp\" \/>\n\t<meta property=\"og:image:width\" content=\"1000\" \/>\n\t<meta property=\"og:image:height\" content=\"1000\" \/>\n\t<meta property=\"og:image:type\" content=\"image\/webp\" \/>\n<meta name=\"twitter:card\" content=\"summary_large_image\" \/>\n<meta name=\"twitter:label1\" content=\"Tiempo de lectura\" \/>\n\t<meta name=\"twitter:data1\" content=\"1 minuto\" \/>\n<script type=\"application\/ld+json\" class=\"yoast-schema-graph\">{\"@context\":\"https:\\\/\\\/schema.org\",\"@graph\":[{\"@type\":\"WebPage\",\"@id\":\"https:\\\/\\\/stategridargentina.com.ar\\\/catalogo\\\/producto\\\/gelatina-exquisita-light-frutilla-x-25-gr\\\/\",\"url\":\"https:\\\/\\\/stategridargentina.com.ar\\\/catalogo\\\/producto\\\/gelatina-exquisita-light-frutilla-x-25-gr\\\/\",\"name\":\"Gelatina Exquisita Light Frutilla X 25 Gr - STATE GRID ARGENTINA - Cat\u00e1logo\",\"isPartOf\":{\"@id\":\"https:\\\/\\\/stategridargentina.com.ar\\\/catalogo\\\/#website\"},\"primaryImageOfPage\":{\"@id\":\"https:\\\/\\\/stategridargentina.com.ar\\\/catalogo\\\/producto\\\/gelatina-exquisita-light-frutilla-x-25-gr\\\/#primaryimage\"},\"image\":{\"@id\":\"https:\\\/\\\/stategridargentina.com.ar\\\/catalogo\\\/producto\\\/gelatina-exquisita-light-frutilla-x-25-gr\\\/#primaryimage\"},\"thumbnailUrl\":\"https:\\\/\\\/stategridargentina.com.ar\\\/catalogo\\\/wp-content\\\/uploads\\\/2025\\\/03\\\/2.webp\",\"datePublished\":\"2025-03-26T17:43:56+00:00\",\"breadcrumb\":{\"@id\":\"https:\\\/\\\/stategridargentina.com.ar\\\/catalogo\\\/producto\\\/gelatina-exquisita-light-frutilla-x-25-gr\\\/#breadcrumb\"},\"inLanguage\":\"es\",\"potentialAction\":[{\"@type\":\"ReadAction\",\"target\":[\"https:\\\/\\\/stategridargentina.com.ar\\\/catalogo\\\/producto\\\/gelatina-exquisita-light-frutilla-x-25-gr\\\/\"]}]},{\"@type\":\"ImageObject\",\"inLanguage\":\"es\",\"@id\":\"https:\\\/\\\/stategridargentina.com.ar\\\/catalogo\\\/producto\\\/gelatina-exquisita-light-frutilla-x-25-gr\\\/#primaryimage\",\"url\":\"https:\\\/\\\/stategridargentina.com.ar\\\/catalogo\\\/wp-content\\\/uploads\\\/2025\\\/03\\\/2.webp\",\"contentUrl\":\"https:\\\/\\\/stategridargentina.com.ar\\\/catalogo\\\/wp-content\\\/uploads\\\/2025\\\/03\\\/2.webp\",\"width\":1000,\"height\":1000,\"caption\":\"Gelatina Exquisita Light Frutilla X 25 Gr\"},{\"@type\":\"BreadcrumbList\",\"@id\":\"https:\\\/\\\/stategridargentina.com.ar\\\/catalogo\\\/producto\\\/gelatina-exquisita-light-frutilla-x-25-gr\\\/#breadcrumb\",\"itemListElement\":[{\"@type\":\"ListItem\",\"position\":1,\"name\":\"Portada\",\"item\":\"https:\\\/\\\/stategridargentina.com.ar\\\/catalogo\\\/\"},{\"@type\":\"ListItem\",\"position\":2,\"name\":\"Catalogo\",\"item\":\"https:\\\/\\\/stategridargentina.com.ar\\\/catalogo\\\/\"},{\"@type\":\"ListItem\",\"position\":3,\"name\":\"Gelatina Exquisita Light Frutilla X 25 Gr\"}]},{\"@type\":\"WebSite\",\"@id\":\"https:\\\/\\\/stategridargentina.com.ar\\\/catalogo\\\/#website\",\"url\":\"https:\\\/\\\/stategridargentina.com.ar\\\/catalogo\\\/\",\"name\":\"STATE GRID Catalogo\",\"description\":\"\",\"potentialAction\":[{\"@type\":\"SearchAction\",\"target\":{\"@type\":\"EntryPoint\",\"urlTemplate\":\"https:\\\/\\\/stategridargentina.com.ar\\\/catalogo\\\/?s={search_term_string}\"},\"query-input\":{\"@type\":\"PropertyValueSpecification\",\"valueRequired\":true,\"valueName\":\"search_term_string\"}}],\"inLanguage\":\"es\"}]}<\/script>\n<!-- \/ Yoast SEO plugin. -->","yoast_head_json":{"title":"Gelatina Exquisita Light Frutilla X 25 Gr - STATE GRID ARGENTINA - Cat\u00e1logo","robots":{"index":"index","follow":"follow","max-snippet":"max-snippet:-1","max-image-preview":"max-image-preview:large","max-video-preview":"max-video-preview:-1"},"canonical":"https:\/\/stategridargentina.com.ar\/catalogo\/producto\/gelatina-exquisita-light-frutilla-x-25-gr\/","og_locale":"es_ES","og_type":"article","og_title":"Gelatina Exquisita Light Frutilla X 25 Gr - STATE GRID ARGENTINA - Cat\u00e1logo","og_description":"Eleg\u00ed la Gelatina Exquisita Light de frutilla x 25 g para disfrutar de un postre ligero y refrescante. Con su sabor a frutilla natural y textura suave, esta gelatina es la opci\u00f3n perfecta para saciar tus antojos dulces sin preocuparte por las calor\u00edas. Porque elegir Gelatina Exquisita Light Frutilla   Sabor a frutilla natural que deleita tu paladar.  Textura suave y ligera, ideal para cualquier momento del d\u00eda.  Versi\u00f3n light, perfecta para quienes cuidan su alimentaci\u00f3n.  F\u00e1cil de preparar, solo agreg\u00e1 agua y disfrut\u00e1.  Una opci\u00f3n deliciosa y refrescante para cualquier ocasi\u00f3n.","og_url":"https:\/\/stategridargentina.com.ar\/catalogo\/producto\/gelatina-exquisita-light-frutilla-x-25-gr\/","og_site_name":"STATE GRID ARGENTINA - Cat\u00e1logo","og_image":[{"width":1000,"height":1000,"url":"https:\/\/stategridargentina.com.ar\/catalogo\/wp-content\/uploads\/2025\/03\/2.webp","type":"image\/webp"}],"twitter_card":"summary_large_image","twitter_misc":{"Tiempo de lectura":"1 minuto"},"schema":{"@context":"https:\/\/schema.org","@graph":[{"@type":"WebPage","@id":"https:\/\/stategridargentina.com.ar\/catalogo\/producto\/gelatina-exquisita-light-frutilla-x-25-gr\/","url":"https:\/\/stategridargentina.com.ar\/catalogo\/producto\/gelatina-exquisita-light-frutilla-x-25-gr\/","name":"Gelatina Exquisita Light Frutilla X 25 Gr - STATE GRID ARGENTINA - Cat\u00e1logo","isPartOf":{"@id":"https:\/\/stategridargentina.com.ar\/catalogo\/#website"},"primaryImageOfPage":{"@id":"https:\/\/stategridargentina.com.ar\/catalogo\/producto\/gelatina-exquisita-light-frutilla-x-25-gr\/#primaryimage"},"image":{"@id":"https:\/\/stategridargentina.com.ar\/catalogo\/producto\/gelatina-exquisita-light-frutilla-x-25-gr\/#primaryimage"},"thumbnailUrl":"https:\/\/stategridargentina.com.ar\/catalogo\/wp-content\/uploads\/2025\/03\/2.webp","datePublished":"2025-03-26T17:43:56+00:00","breadcrumb":{"@id":"https:\/\/stategridargentina.com.ar\/catalogo\/producto\/gelatina-exquisita-light-frutilla-x-25-gr\/#breadcrumb"},"inLanguage":"es","potentialAction":[{"@type":"ReadAction","target":["https:\/\/stategridargentina.com.ar\/catalogo\/producto\/gelatina-exquisita-light-frutilla-x-25-gr\/"]}]},{"@type":"ImageObject","inLanguage":"es","@id":"https:\/\/stategridargentina.com.ar\/catalogo\/producto\/gelatina-exquisita-light-frutilla-x-25-gr\/#primaryimage","url":"https:\/\/stategridargentina.com.ar\/catalogo\/wp-content\/uploads\/2025\/03\/2.webp","contentUrl":"https:\/\/stategridargentina.com.ar\/catalogo\/wp-content\/uploads\/2025\/03\/2.webp","width":1000,"height":1000,"caption":"Gelatina Exquisita Light Frutilla X 25 Gr"},{"@type":"BreadcrumbList","@id":"https:\/\/stategridargentina.com.ar\/catalogo\/producto\/gelatina-exquisita-light-frutilla-x-25-gr\/#breadcrumb","itemListElement":[{"@type":"ListItem","position":1,"name":"Portada","item":"https:\/\/stategridargentina.com.ar\/catalogo\/"},{"@type":"ListItem","position":2,"name":"Catalogo","item":"https:\/\/stategridargentina.com.ar\/catalogo\/"},{"@type":"ListItem","position":3,"name":"Gelatina Exquisita Light Frutilla X 25 Gr"}]},{"@type":"WebSite","@id":"https:\/\/stategridargentina.com.ar\/catalogo\/#website","url":"https:\/\/stategridargentina.com.ar\/catalogo\/","name":"STATE GRID Catalogo","description":"","potentialAction":[{"@type":"SearchAction","target":{"@type":"EntryPoint","urlTemplate":"https:\/\/stategridargentina.com.ar\/catalogo\/?s={search_term_string}"},"query-input":{"@type":"PropertyValueSpecification","valueRequired":true,"valueName":"search_term_string"}}],"inLanguage":"es"}]}},"_links":{"self":[{"href":"https:\/\/stategridargentina.com.ar\/catalogo\/wp-json\/wp\/v2\/product\/5475","targetHints":{"allow":["GET"]}}],"collection":[{"href":"https:\/\/stategridargentina.com.ar\/catalogo\/wp-json\/wp\/v2\/product"}],"about":[{"href":"https:\/\/stategridargentina.com.ar\/catalogo\/wp-json\/wp\/v2\/types\/product"}],"wp:featuredmedia":[{"embeddable":true,"href":"https:\/\/stategridargentina.com.ar\/catalogo\/wp-json\/wp\/v2\/media\/5454"}],"wp:attachment":[{"href":"https:\/\/stategridargentina.com.ar\/catalogo\/wp-json\/wp\/v2\/media?parent=5475"}],"wp:term":[{"taxonomy":"product_cat","embeddable":true,"href":"https:\/\/stategridargentina.com.ar\/catalogo\/wp-json\/wp\/v2\/product_cat?post=5475"},{"taxonomy":"product_tag","embeddable":true,"href":"https:\/\/stategridargentina.com.ar\/catalogo\/wp-json\/wp\/v2\/product_tag?post=5475"}],"curies":[{"name":"wp","href":"https:\/\/api.w.org\/{rel}","templated":true}]}}