{"id":5473,"date":"2025-03-26T17:43:12","date_gmt":"2025-03-26T17:43:12","guid":{"rendered":"https:\/\/stategridargentina.com.ar\/catalogo\/?post_type=product&#038;p=5473"},"modified":"2025-03-26T17:43:13","modified_gmt":"2025-03-26T17:43:13","slug":"gelatina-light-cereza-x-25-gr-exquisita","status":"publish","type":"product","link":"https:\/\/stategridargentina.com.ar\/catalogo\/producto\/gelatina-light-cereza-x-25-gr-exquisita\/","title":{"rendered":"Gelatina Light Cereza X 25 Gr Exquisita"},"content":{"rendered":"<p>Descubre la <strong>Gelatina EXQUISITA Light Cereza<\/strong>, un deleite que despierta tus sentidos y te invita a disfrutar de momentos dulces sin culpa. Su vibrante y jugosa esencia de cereza envuelve tu paladar, brind\u00e1ndote una experiencia refrescante y ligera.<\/p>\n<h3>Caracter\u00edsticas del Producto:<\/h3>\n<ul>\n<li><strong>Esencia de cereza:<\/strong> Un sabor jugoso y vibrante que te encantar\u00e1.<\/li>\n<li><strong>Ligera y saludable:<\/strong> Ideal para esos d\u00edas en los que deseas consentirte sin remordimientos.<\/li>\n<li><strong>Postre refrescante:<\/strong> Perfecta para disfrutar en cualquier momento del d\u00eda.<\/li>\n<li><strong>Capricho sin culpa:<\/strong> Cada cucharada es un peque\u00f1o placer que te transporta a la frescura de un d\u00eda de verano.<\/li>\n<\/ul>\n<p>\u00a1Reg\u00e1late un momento de felicidad con cada bocado de esta deliciosa gelatina y haz que cada d\u00eda sea especial!<\/p>\n","protected":false},"excerpt":{"rendered":"<p>Descubre la <strong>Gelatina EXQUISITA Light Cereza<\/strong>, un deleite que despierta tus sentidos y te invita a disfrutar de momentos dulces sin culpa. Su vibrante y jugosa esencia de cereza envuelve tu paladar, brind\u00e1ndote una experiencia refrescante y ligera.<\/p>\n<h3>Caracter\u00edsticas del Producto:<\/h3>\n<ul>\n<li><strong>Esencia de cereza:<\/strong> Un sabor jugoso y vibrante que te encantar\u00e1.<\/li>\n<li><strong>Ligera y saludable:<\/strong> Ideal para esos d\u00edas en los que deseas consentirte sin remordimientos.<\/li>\n<li><strong>Postre refrescante:<\/strong> Perfecta para disfrutar en cualquier momento del d\u00eda.<\/li>\n<li><strong>Capricho sin culpa:<\/strong> Cada cucharada es un peque\u00f1o placer que te transporta a la frescura de un d\u00eda de verano.<\/li>\n<\/ul>\n<p>\u00a1Reg\u00e1late un momento de felicidad con cada bocado de esta deliciosa gelatina y haz que cada d\u00eda sea especial!<\/p>\n","protected":false},"featured_media":5453,"template":"","meta":{"_joinchat":[]},"product_cat":[226],"product_tag":[],"class_list":{"0":"post-5473","1":"product","2":"type-product","3":"status-publish","4":"has-post-thumbnail","6":"product_cat-gelatinas","8":"first","9":"instock","10":"shipping-taxable","11":"product-type-simple","12":"col-xs-6 col-sm-4","13":"col-md-3 col-lg-3","14":"un-4-cols"},"yoast_head":"<!-- This site is optimized with the Yoast SEO plugin v27.5 - https:\/\/yoast.com\/product\/yoast-seo-wordpress\/ -->\n<title>Gelatina Light Cereza X 25 Gr Exquisita - STATE GRID ARGENTINA - Cat\u00e1logo<\/title>\n<meta name=\"robots\" content=\"index, follow, max-snippet:-1, max-image-preview:large, max-video-preview:-1\" \/>\n<link rel=\"canonical\" href=\"https:\/\/stategridargentina.com.ar\/catalogo\/producto\/gelatina-light-cereza-x-25-gr-exquisita\/\" \/>\n<meta property=\"og:locale\" content=\"es_ES\" \/>\n<meta property=\"og:type\" content=\"article\" \/>\n<meta property=\"og:title\" content=\"Gelatina Light Cereza X 25 Gr Exquisita - STATE GRID ARGENTINA - Cat\u00e1logo\" \/>\n<meta property=\"og:description\" content=\"Descubre la Gelatina EXQUISITA Light Cereza, un deleite que despierta tus sentidos y te invita a disfrutar de momentos dulces sin culpa. Su vibrante y jugosa esencia de cereza envuelve tu paladar, brind\u00e1ndote una experiencia refrescante y ligera. Caracter\u00edsticas del Producto:   Esencia de cereza: Un sabor jugoso y vibrante que te encantar\u00e1.  Ligera y saludable: Ideal para esos d\u00edas en los que deseas consentirte sin remordimientos.  Postre refrescante: Perfecta para disfrutar en cualquier momento del d\u00eda.  Capricho sin culpa: Cada cucharada es un peque\u00f1o placer que te transporta a la frescura de un d\u00eda de verano.  \u00a1Reg\u00e1late un momento de felicidad con cada bocado de esta deliciosa gelatina y haz que cada d\u00eda sea especial!\" \/>\n<meta property=\"og:url\" content=\"https:\/\/stategridargentina.com.ar\/catalogo\/producto\/gelatina-light-cereza-x-25-gr-exquisita\/\" \/>\n<meta property=\"og:site_name\" content=\"STATE GRID ARGENTINA - Cat\u00e1logo\" \/>\n<meta property=\"article:modified_time\" content=\"2025-03-26T17:43:13+00:00\" \/>\n<meta property=\"og:image\" content=\"https:\/\/stategridargentina.com.ar\/catalogo\/wp-content\/uploads\/2025\/03\/1.webp\" \/>\n\t<meta property=\"og:image:width\" content=\"1000\" \/>\n\t<meta property=\"og:image:height\" content=\"1000\" \/>\n\t<meta property=\"og:image:type\" content=\"image\/webp\" \/>\n<meta name=\"twitter:card\" content=\"summary_large_image\" \/>\n<meta name=\"twitter:label1\" content=\"Tiempo de lectura\" \/>\n\t<meta name=\"twitter:data1\" content=\"1 minuto\" \/>\n<script type=\"application\/ld+json\" class=\"yoast-schema-graph\">{\"@context\":\"https:\\\/\\\/schema.org\",\"@graph\":[{\"@type\":\"WebPage\",\"@id\":\"https:\\\/\\\/stategridargentina.com.ar\\\/catalogo\\\/producto\\\/gelatina-light-cereza-x-25-gr-exquisita\\\/\",\"url\":\"https:\\\/\\\/stategridargentina.com.ar\\\/catalogo\\\/producto\\\/gelatina-light-cereza-x-25-gr-exquisita\\\/\",\"name\":\"Gelatina Light Cereza X 25 Gr Exquisita - STATE GRID ARGENTINA - Cat\u00e1logo\",\"isPartOf\":{\"@id\":\"https:\\\/\\\/stategridargentina.com.ar\\\/catalogo\\\/#website\"},\"primaryImageOfPage\":{\"@id\":\"https:\\\/\\\/stategridargentina.com.ar\\\/catalogo\\\/producto\\\/gelatina-light-cereza-x-25-gr-exquisita\\\/#primaryimage\"},\"image\":{\"@id\":\"https:\\\/\\\/stategridargentina.com.ar\\\/catalogo\\\/producto\\\/gelatina-light-cereza-x-25-gr-exquisita\\\/#primaryimage\"},\"thumbnailUrl\":\"https:\\\/\\\/stategridargentina.com.ar\\\/catalogo\\\/wp-content\\\/uploads\\\/2025\\\/03\\\/1.webp\",\"datePublished\":\"2025-03-26T17:43:12+00:00\",\"dateModified\":\"2025-03-26T17:43:13+00:00\",\"breadcrumb\":{\"@id\":\"https:\\\/\\\/stategridargentina.com.ar\\\/catalogo\\\/producto\\\/gelatina-light-cereza-x-25-gr-exquisita\\\/#breadcrumb\"},\"inLanguage\":\"es\",\"potentialAction\":[{\"@type\":\"ReadAction\",\"target\":[\"https:\\\/\\\/stategridargentina.com.ar\\\/catalogo\\\/producto\\\/gelatina-light-cereza-x-25-gr-exquisita\\\/\"]}]},{\"@type\":\"ImageObject\",\"inLanguage\":\"es\",\"@id\":\"https:\\\/\\\/stategridargentina.com.ar\\\/catalogo\\\/producto\\\/gelatina-light-cereza-x-25-gr-exquisita\\\/#primaryimage\",\"url\":\"https:\\\/\\\/stategridargentina.com.ar\\\/catalogo\\\/wp-content\\\/uploads\\\/2025\\\/03\\\/1.webp\",\"contentUrl\":\"https:\\\/\\\/stategridargentina.com.ar\\\/catalogo\\\/wp-content\\\/uploads\\\/2025\\\/03\\\/1.webp\",\"width\":1000,\"height\":1000,\"caption\":\"Gelatina Light Cereza X 25 Gr Exquisita\"},{\"@type\":\"BreadcrumbList\",\"@id\":\"https:\\\/\\\/stategridargentina.com.ar\\\/catalogo\\\/producto\\\/gelatina-light-cereza-x-25-gr-exquisita\\\/#breadcrumb\",\"itemListElement\":[{\"@type\":\"ListItem\",\"position\":1,\"name\":\"Portada\",\"item\":\"https:\\\/\\\/stategridargentina.com.ar\\\/catalogo\\\/\"},{\"@type\":\"ListItem\",\"position\":2,\"name\":\"Catalogo\",\"item\":\"https:\\\/\\\/stategridargentina.com.ar\\\/catalogo\\\/\"},{\"@type\":\"ListItem\",\"position\":3,\"name\":\"Gelatina Light Cereza X 25 Gr Exquisita\"}]},{\"@type\":\"WebSite\",\"@id\":\"https:\\\/\\\/stategridargentina.com.ar\\\/catalogo\\\/#website\",\"url\":\"https:\\\/\\\/stategridargentina.com.ar\\\/catalogo\\\/\",\"name\":\"STATE GRID Catalogo\",\"description\":\"\",\"potentialAction\":[{\"@type\":\"SearchAction\",\"target\":{\"@type\":\"EntryPoint\",\"urlTemplate\":\"https:\\\/\\\/stategridargentina.com.ar\\\/catalogo\\\/?s={search_term_string}\"},\"query-input\":{\"@type\":\"PropertyValueSpecification\",\"valueRequired\":true,\"valueName\":\"search_term_string\"}}],\"inLanguage\":\"es\"}]}<\/script>\n<!-- \/ Yoast SEO plugin. -->","yoast_head_json":{"title":"Gelatina Light Cereza X 25 Gr Exquisita - STATE GRID ARGENTINA - Cat\u00e1logo","robots":{"index":"index","follow":"follow","max-snippet":"max-snippet:-1","max-image-preview":"max-image-preview:large","max-video-preview":"max-video-preview:-1"},"canonical":"https:\/\/stategridargentina.com.ar\/catalogo\/producto\/gelatina-light-cereza-x-25-gr-exquisita\/","og_locale":"es_ES","og_type":"article","og_title":"Gelatina Light Cereza X 25 Gr Exquisita - STATE GRID ARGENTINA - Cat\u00e1logo","og_description":"Descubre la Gelatina EXQUISITA Light Cereza, un deleite que despierta tus sentidos y te invita a disfrutar de momentos dulces sin culpa. Su vibrante y jugosa esencia de cereza envuelve tu paladar, brind\u00e1ndote una experiencia refrescante y ligera. Caracter\u00edsticas del Producto:   Esencia de cereza: Un sabor jugoso y vibrante que te encantar\u00e1.  Ligera y saludable: Ideal para esos d\u00edas en los que deseas consentirte sin remordimientos.  Postre refrescante: Perfecta para disfrutar en cualquier momento del d\u00eda.  Capricho sin culpa: Cada cucharada es un peque\u00f1o placer que te transporta a la frescura de un d\u00eda de verano.  \u00a1Reg\u00e1late un momento de felicidad con cada bocado de esta deliciosa gelatina y haz que cada d\u00eda sea especial!","og_url":"https:\/\/stategridargentina.com.ar\/catalogo\/producto\/gelatina-light-cereza-x-25-gr-exquisita\/","og_site_name":"STATE GRID ARGENTINA - Cat\u00e1logo","article_modified_time":"2025-03-26T17:43:13+00:00","og_image":[{"width":1000,"height":1000,"url":"https:\/\/stategridargentina.com.ar\/catalogo\/wp-content\/uploads\/2025\/03\/1.webp","type":"image\/webp"}],"twitter_card":"summary_large_image","twitter_misc":{"Tiempo de lectura":"1 minuto"},"schema":{"@context":"https:\/\/schema.org","@graph":[{"@type":"WebPage","@id":"https:\/\/stategridargentina.com.ar\/catalogo\/producto\/gelatina-light-cereza-x-25-gr-exquisita\/","url":"https:\/\/stategridargentina.com.ar\/catalogo\/producto\/gelatina-light-cereza-x-25-gr-exquisita\/","name":"Gelatina Light Cereza X 25 Gr Exquisita - STATE GRID ARGENTINA - Cat\u00e1logo","isPartOf":{"@id":"https:\/\/stategridargentina.com.ar\/catalogo\/#website"},"primaryImageOfPage":{"@id":"https:\/\/stategridargentina.com.ar\/catalogo\/producto\/gelatina-light-cereza-x-25-gr-exquisita\/#primaryimage"},"image":{"@id":"https:\/\/stategridargentina.com.ar\/catalogo\/producto\/gelatina-light-cereza-x-25-gr-exquisita\/#primaryimage"},"thumbnailUrl":"https:\/\/stategridargentina.com.ar\/catalogo\/wp-content\/uploads\/2025\/03\/1.webp","datePublished":"2025-03-26T17:43:12+00:00","dateModified":"2025-03-26T17:43:13+00:00","breadcrumb":{"@id":"https:\/\/stategridargentina.com.ar\/catalogo\/producto\/gelatina-light-cereza-x-25-gr-exquisita\/#breadcrumb"},"inLanguage":"es","potentialAction":[{"@type":"ReadAction","target":["https:\/\/stategridargentina.com.ar\/catalogo\/producto\/gelatina-light-cereza-x-25-gr-exquisita\/"]}]},{"@type":"ImageObject","inLanguage":"es","@id":"https:\/\/stategridargentina.com.ar\/catalogo\/producto\/gelatina-light-cereza-x-25-gr-exquisita\/#primaryimage","url":"https:\/\/stategridargentina.com.ar\/catalogo\/wp-content\/uploads\/2025\/03\/1.webp","contentUrl":"https:\/\/stategridargentina.com.ar\/catalogo\/wp-content\/uploads\/2025\/03\/1.webp","width":1000,"height":1000,"caption":"Gelatina Light Cereza X 25 Gr Exquisita"},{"@type":"BreadcrumbList","@id":"https:\/\/stategridargentina.com.ar\/catalogo\/producto\/gelatina-light-cereza-x-25-gr-exquisita\/#breadcrumb","itemListElement":[{"@type":"ListItem","position":1,"name":"Portada","item":"https:\/\/stategridargentina.com.ar\/catalogo\/"},{"@type":"ListItem","position":2,"name":"Catalogo","item":"https:\/\/stategridargentina.com.ar\/catalogo\/"},{"@type":"ListItem","position":3,"name":"Gelatina Light Cereza X 25 Gr Exquisita"}]},{"@type":"WebSite","@id":"https:\/\/stategridargentina.com.ar\/catalogo\/#website","url":"https:\/\/stategridargentina.com.ar\/catalogo\/","name":"STATE GRID Catalogo","description":"","potentialAction":[{"@type":"SearchAction","target":{"@type":"EntryPoint","urlTemplate":"https:\/\/stategridargentina.com.ar\/catalogo\/?s={search_term_string}"},"query-input":{"@type":"PropertyValueSpecification","valueRequired":true,"valueName":"search_term_string"}}],"inLanguage":"es"}]}},"_links":{"self":[{"href":"https:\/\/stategridargentina.com.ar\/catalogo\/wp-json\/wp\/v2\/product\/5473","targetHints":{"allow":["GET"]}}],"collection":[{"href":"https:\/\/stategridargentina.com.ar\/catalogo\/wp-json\/wp\/v2\/product"}],"about":[{"href":"https:\/\/stategridargentina.com.ar\/catalogo\/wp-json\/wp\/v2\/types\/product"}],"wp:featuredmedia":[{"embeddable":true,"href":"https:\/\/stategridargentina.com.ar\/catalogo\/wp-json\/wp\/v2\/media\/5453"}],"wp:attachment":[{"href":"https:\/\/stategridargentina.com.ar\/catalogo\/wp-json\/wp\/v2\/media?parent=5473"}],"wp:term":[{"taxonomy":"product_cat","embeddable":true,"href":"https:\/\/stategridargentina.com.ar\/catalogo\/wp-json\/wp\/v2\/product_cat?post=5473"},{"taxonomy":"product_tag","embeddable":true,"href":"https:\/\/stategridargentina.com.ar\/catalogo\/wp-json\/wp\/v2\/product_tag?post=5473"}],"curies":[{"name":"wp","href":"https:\/\/api.w.org\/{rel}","templated":true}]}}