{"id":5425,"date":"2025-03-26T12:26:23","date_gmt":"2025-03-26T12:26:23","guid":{"rendered":"https:\/\/stategridargentina.com.ar\/catalogo\/?post_type=product&#038;p=5425"},"modified":"2025-03-26T12:26:23","modified_gmt":"2025-03-26T12:26:23","slug":"gaseosa-pepsi-black-2-l","status":"publish","type":"product","link":"https:\/\/stategridargentina.com.ar\/catalogo\/producto\/gaseosa-pepsi-black-2-l\/","title":{"rendered":"Gaseosa Pepsi Black 2 L"},"content":{"rendered":"<article>Disfruta del sabor intenso y refrescante de la Gaseosa <strong>PEPSI<\/strong> Black en su presentaci\u00f3n de 2 litros. Una elecci\u00f3n perfecta para acompa\u00f1ar tus momentos especiales con su sabor \u00fanico y su frescura incomparable.<\/p>\n<p>Reducida en azucares, envase botella 2000 centimetros cubicos.<\/p>\n<\/article>\n<div>\n<div class=\"v-c_descripcion_subtitle\">Ingredientes<\/div>\n<article>Agua carbonatada, colorante caramelo iv (ins 150d), acidulante \u00e1cido fosf\u00f3rico (ins 338), acidulante \u00e1cido c\u00edtrico (ins 330), edulcorante aspartamo (ins 951), edulcorante acesulfame k (ins 950), aromatizante sabores naturales, fenilalanina, cafe\u00edna<\/article>\n<\/div>\n","protected":false},"excerpt":{"rendered":"<article>Disfruta del sabor intenso y refrescante de la Gaseosa <strong>PEPSI<\/strong> Black en su presentaci\u00f3n de 2 litros. Una elecci\u00f3n perfecta para acompa\u00f1ar tus momentos especiales con su sabor \u00fanico y su frescura incomparable.<\/p>\n<p>Reducida en azucares, envase botella 2000 centimetros cubicos.<\/p>\n<\/article>\n<div>\n<div class=\"v-c_descripcion_subtitle\">Ingredientes<\/div>\n<article>Agua carbonatada, colorante caramelo iv (ins 150d), acidulante \u00e1cido fosf\u00f3rico (ins 338), acidulante \u00e1cido c\u00edtrico (ins 330), edulcorante aspartamo (ins 951), edulcorante acesulfame k (ins 950), aromatizante sabores naturales, fenilalanina, cafe\u00edna<\/article>\n<\/div>\n","protected":false},"featured_media":5401,"template":"","meta":{"_joinchat":[]},"product_cat":[225],"product_tag":[],"class_list":{"0":"post-5425","1":"product","2":"type-product","3":"status-publish","4":"has-post-thumbnail","6":"product_cat-gaseosas","8":"first","9":"instock","10":"shipping-taxable","11":"product-type-simple","12":"col-xs-6 col-sm-4","13":"col-md-3 col-lg-3","14":"un-4-cols"},"yoast_head":"<!-- This site is optimized with the Yoast SEO plugin v27.5 - https:\/\/yoast.com\/product\/yoast-seo-wordpress\/ -->\n<title>Gaseosa Pepsi Black 2 L - STATE GRID ARGENTINA - Cat\u00e1logo<\/title>\n<meta name=\"robots\" content=\"index, follow, max-snippet:-1, max-image-preview:large, max-video-preview:-1\" \/>\n<link rel=\"canonical\" href=\"https:\/\/stategridargentina.com.ar\/catalogo\/producto\/gaseosa-pepsi-black-2-l\/\" \/>\n<meta property=\"og:locale\" content=\"es_ES\" \/>\n<meta property=\"og:type\" content=\"article\" \/>\n<meta property=\"og:title\" content=\"Gaseosa Pepsi Black 2 L - STATE GRID ARGENTINA - Cat\u00e1logo\" \/>\n<meta property=\"og:description\" content=\"Disfruta del sabor intenso y refrescante de la Gaseosa PEPSI Black en su presentaci\u00f3n de 2 litros. Una elecci\u00f3n perfecta para acompa\u00f1ar tus momentos especiales con su sabor \u00fanico y su frescura incomparable.  Reducida en azucares, envase botella 2000 centimetros cubicos.    Ingredientes Agua carbonatada, colorante caramelo iv (ins 150d), acidulante \u00e1cido fosf\u00f3rico (ins 338), acidulante \u00e1cido c\u00edtrico (ins 330), edulcorante aspartamo (ins 951), edulcorante acesulfame k (ins 950), aromatizante sabores naturales, fenilalanina, cafe\u00edna\" \/>\n<meta property=\"og:url\" content=\"https:\/\/stategridargentina.com.ar\/catalogo\/producto\/gaseosa-pepsi-black-2-l\/\" \/>\n<meta property=\"og:site_name\" content=\"STATE GRID ARGENTINA - Cat\u00e1logo\" \/>\n<meta property=\"og:image\" content=\"https:\/\/stategridargentina.com.ar\/catalogo\/wp-content\/uploads\/2025\/03\/6-11.jpg\" \/>\n\t<meta property=\"og:image:width\" content=\"1000\" \/>\n\t<meta property=\"og:image:height\" content=\"1000\" \/>\n\t<meta property=\"og:image:type\" content=\"image\/jpeg\" \/>\n<meta name=\"twitter:card\" content=\"summary_large_image\" \/>\n<meta name=\"twitter:label1\" content=\"Tiempo de lectura\" \/>\n\t<meta name=\"twitter:data1\" content=\"1 minuto\" \/>\n<script type=\"application\/ld+json\" class=\"yoast-schema-graph\">{\"@context\":\"https:\\\/\\\/schema.org\",\"@graph\":[{\"@type\":\"WebPage\",\"@id\":\"https:\\\/\\\/stategridargentina.com.ar\\\/catalogo\\\/producto\\\/gaseosa-pepsi-black-2-l\\\/\",\"url\":\"https:\\\/\\\/stategridargentina.com.ar\\\/catalogo\\\/producto\\\/gaseosa-pepsi-black-2-l\\\/\",\"name\":\"Gaseosa Pepsi Black 2 L - STATE GRID ARGENTINA - Cat\u00e1logo\",\"isPartOf\":{\"@id\":\"https:\\\/\\\/stategridargentina.com.ar\\\/catalogo\\\/#website\"},\"primaryImageOfPage\":{\"@id\":\"https:\\\/\\\/stategridargentina.com.ar\\\/catalogo\\\/producto\\\/gaseosa-pepsi-black-2-l\\\/#primaryimage\"},\"image\":{\"@id\":\"https:\\\/\\\/stategridargentina.com.ar\\\/catalogo\\\/producto\\\/gaseosa-pepsi-black-2-l\\\/#primaryimage\"},\"thumbnailUrl\":\"https:\\\/\\\/stategridargentina.com.ar\\\/catalogo\\\/wp-content\\\/uploads\\\/2025\\\/03\\\/6-11.jpg\",\"datePublished\":\"2025-03-26T12:26:23+00:00\",\"breadcrumb\":{\"@id\":\"https:\\\/\\\/stategridargentina.com.ar\\\/catalogo\\\/producto\\\/gaseosa-pepsi-black-2-l\\\/#breadcrumb\"},\"inLanguage\":\"es\",\"potentialAction\":[{\"@type\":\"ReadAction\",\"target\":[\"https:\\\/\\\/stategridargentina.com.ar\\\/catalogo\\\/producto\\\/gaseosa-pepsi-black-2-l\\\/\"]}]},{\"@type\":\"ImageObject\",\"inLanguage\":\"es\",\"@id\":\"https:\\\/\\\/stategridargentina.com.ar\\\/catalogo\\\/producto\\\/gaseosa-pepsi-black-2-l\\\/#primaryimage\",\"url\":\"https:\\\/\\\/stategridargentina.com.ar\\\/catalogo\\\/wp-content\\\/uploads\\\/2025\\\/03\\\/6-11.jpg\",\"contentUrl\":\"https:\\\/\\\/stategridargentina.com.ar\\\/catalogo\\\/wp-content\\\/uploads\\\/2025\\\/03\\\/6-11.jpg\",\"width\":1000,\"height\":1000,\"caption\":\"Gaseosa Pepsi Black 2 L\"},{\"@type\":\"BreadcrumbList\",\"@id\":\"https:\\\/\\\/stategridargentina.com.ar\\\/catalogo\\\/producto\\\/gaseosa-pepsi-black-2-l\\\/#breadcrumb\",\"itemListElement\":[{\"@type\":\"ListItem\",\"position\":1,\"name\":\"Portada\",\"item\":\"https:\\\/\\\/stategridargentina.com.ar\\\/catalogo\\\/\"},{\"@type\":\"ListItem\",\"position\":2,\"name\":\"Catalogo\",\"item\":\"https:\\\/\\\/stategridargentina.com.ar\\\/catalogo\\\/\"},{\"@type\":\"ListItem\",\"position\":3,\"name\":\"Gaseosa Pepsi Black 2 L\"}]},{\"@type\":\"WebSite\",\"@id\":\"https:\\\/\\\/stategridargentina.com.ar\\\/catalogo\\\/#website\",\"url\":\"https:\\\/\\\/stategridargentina.com.ar\\\/catalogo\\\/\",\"name\":\"STATE GRID Catalogo\",\"description\":\"\",\"potentialAction\":[{\"@type\":\"SearchAction\",\"target\":{\"@type\":\"EntryPoint\",\"urlTemplate\":\"https:\\\/\\\/stategridargentina.com.ar\\\/catalogo\\\/?s={search_term_string}\"},\"query-input\":{\"@type\":\"PropertyValueSpecification\",\"valueRequired\":true,\"valueName\":\"search_term_string\"}}],\"inLanguage\":\"es\"}]}<\/script>\n<!-- \/ Yoast SEO plugin. -->","yoast_head_json":{"title":"Gaseosa Pepsi Black 2 L - STATE GRID ARGENTINA - Cat\u00e1logo","robots":{"index":"index","follow":"follow","max-snippet":"max-snippet:-1","max-image-preview":"max-image-preview:large","max-video-preview":"max-video-preview:-1"},"canonical":"https:\/\/stategridargentina.com.ar\/catalogo\/producto\/gaseosa-pepsi-black-2-l\/","og_locale":"es_ES","og_type":"article","og_title":"Gaseosa Pepsi Black 2 L - STATE GRID ARGENTINA - Cat\u00e1logo","og_description":"Disfruta del sabor intenso y refrescante de la Gaseosa PEPSI Black en su presentaci\u00f3n de 2 litros. Una elecci\u00f3n perfecta para acompa\u00f1ar tus momentos especiales con su sabor \u00fanico y su frescura incomparable.  Reducida en azucares, envase botella 2000 centimetros cubicos.    Ingredientes Agua carbonatada, colorante caramelo iv (ins 150d), acidulante \u00e1cido fosf\u00f3rico (ins 338), acidulante \u00e1cido c\u00edtrico (ins 330), edulcorante aspartamo (ins 951), edulcorante acesulfame k (ins 950), aromatizante sabores naturales, fenilalanina, cafe\u00edna","og_url":"https:\/\/stategridargentina.com.ar\/catalogo\/producto\/gaseosa-pepsi-black-2-l\/","og_site_name":"STATE GRID ARGENTINA - Cat\u00e1logo","og_image":[{"width":1000,"height":1000,"url":"https:\/\/stategridargentina.com.ar\/catalogo\/wp-content\/uploads\/2025\/03\/6-11.jpg","type":"image\/jpeg"}],"twitter_card":"summary_large_image","twitter_misc":{"Tiempo de lectura":"1 minuto"},"schema":{"@context":"https:\/\/schema.org","@graph":[{"@type":"WebPage","@id":"https:\/\/stategridargentina.com.ar\/catalogo\/producto\/gaseosa-pepsi-black-2-l\/","url":"https:\/\/stategridargentina.com.ar\/catalogo\/producto\/gaseosa-pepsi-black-2-l\/","name":"Gaseosa Pepsi Black 2 L - STATE GRID ARGENTINA - Cat\u00e1logo","isPartOf":{"@id":"https:\/\/stategridargentina.com.ar\/catalogo\/#website"},"primaryImageOfPage":{"@id":"https:\/\/stategridargentina.com.ar\/catalogo\/producto\/gaseosa-pepsi-black-2-l\/#primaryimage"},"image":{"@id":"https:\/\/stategridargentina.com.ar\/catalogo\/producto\/gaseosa-pepsi-black-2-l\/#primaryimage"},"thumbnailUrl":"https:\/\/stategridargentina.com.ar\/catalogo\/wp-content\/uploads\/2025\/03\/6-11.jpg","datePublished":"2025-03-26T12:26:23+00:00","breadcrumb":{"@id":"https:\/\/stategridargentina.com.ar\/catalogo\/producto\/gaseosa-pepsi-black-2-l\/#breadcrumb"},"inLanguage":"es","potentialAction":[{"@type":"ReadAction","target":["https:\/\/stategridargentina.com.ar\/catalogo\/producto\/gaseosa-pepsi-black-2-l\/"]}]},{"@type":"ImageObject","inLanguage":"es","@id":"https:\/\/stategridargentina.com.ar\/catalogo\/producto\/gaseosa-pepsi-black-2-l\/#primaryimage","url":"https:\/\/stategridargentina.com.ar\/catalogo\/wp-content\/uploads\/2025\/03\/6-11.jpg","contentUrl":"https:\/\/stategridargentina.com.ar\/catalogo\/wp-content\/uploads\/2025\/03\/6-11.jpg","width":1000,"height":1000,"caption":"Gaseosa Pepsi Black 2 L"},{"@type":"BreadcrumbList","@id":"https:\/\/stategridargentina.com.ar\/catalogo\/producto\/gaseosa-pepsi-black-2-l\/#breadcrumb","itemListElement":[{"@type":"ListItem","position":1,"name":"Portada","item":"https:\/\/stategridargentina.com.ar\/catalogo\/"},{"@type":"ListItem","position":2,"name":"Catalogo","item":"https:\/\/stategridargentina.com.ar\/catalogo\/"},{"@type":"ListItem","position":3,"name":"Gaseosa Pepsi Black 2 L"}]},{"@type":"WebSite","@id":"https:\/\/stategridargentina.com.ar\/catalogo\/#website","url":"https:\/\/stategridargentina.com.ar\/catalogo\/","name":"STATE GRID Catalogo","description":"","potentialAction":[{"@type":"SearchAction","target":{"@type":"EntryPoint","urlTemplate":"https:\/\/stategridargentina.com.ar\/catalogo\/?s={search_term_string}"},"query-input":{"@type":"PropertyValueSpecification","valueRequired":true,"valueName":"search_term_string"}}],"inLanguage":"es"}]}},"_links":{"self":[{"href":"https:\/\/stategridargentina.com.ar\/catalogo\/wp-json\/wp\/v2\/product\/5425","targetHints":{"allow":["GET"]}}],"collection":[{"href":"https:\/\/stategridargentina.com.ar\/catalogo\/wp-json\/wp\/v2\/product"}],"about":[{"href":"https:\/\/stategridargentina.com.ar\/catalogo\/wp-json\/wp\/v2\/types\/product"}],"wp:featuredmedia":[{"embeddable":true,"href":"https:\/\/stategridargentina.com.ar\/catalogo\/wp-json\/wp\/v2\/media\/5401"}],"wp:attachment":[{"href":"https:\/\/stategridargentina.com.ar\/catalogo\/wp-json\/wp\/v2\/media?parent=5425"}],"wp:term":[{"taxonomy":"product_cat","embeddable":true,"href":"https:\/\/stategridargentina.com.ar\/catalogo\/wp-json\/wp\/v2\/product_cat?post=5425"},{"taxonomy":"product_tag","embeddable":true,"href":"https:\/\/stategridargentina.com.ar\/catalogo\/wp-json\/wp\/v2\/product_tag?post=5425"}],"curies":[{"name":"wp","href":"https:\/\/api.w.org\/{rel}","templated":true}]}}