{"id":5375,"date":"2025-03-25T17:37:53","date_gmt":"2025-03-25T17:37:53","guid":{"rendered":"https:\/\/stategridargentina.com.ar\/catalogo\/?post_type=product&#038;p=5375"},"modified":"2025-03-25T17:37:54","modified_gmt":"2025-03-25T17:37:54","slug":"pan-de-mesa-salvado-la-perla-350-gr","status":"publish","type":"product","link":"https:\/\/stategridargentina.com.ar\/catalogo\/producto\/pan-de-mesa-salvado-la-perla-350-gr\/","title":{"rendered":"Pan De Mesa Salvado La Perla 350 Gr"},"content":{"rendered":"<div class=\"view-conditions_descripcion\">\n<div>\n<div class=\"v-c_descripcion_subtitle\">Ingredientes<\/div>\n<article>Harina 000, hierro, \u00e1cido f\u00f3lico, tiamina b1, riboflavina b2, niacina, agua, salvado de trigo, az\u00facar, aceite vegetal, levadura, sal, conservante propionato de calcio, emulsionante monoestearato de glicerilo, mejorador \u00e1cido asc\u00f3rbico<\/article>\n<\/div>\n<\/div>\n","protected":false},"excerpt":{"rendered":"<div class=\"view-conditions_descripcion\">\n<div>\n<div class=\"v-c_descripcion_subtitle\">Ingredientes<\/div>\n<article>Harina 000, hierro, \u00e1cido f\u00f3lico, tiamina b1, riboflavina b2, niacina, agua, salvado de trigo, az\u00facar, aceite vegetal, levadura, sal, conservante propionato de calcio, emulsionante monoestearato de glicerilo, mejorador \u00e1cido asc\u00f3rbico<\/article>\n<\/div>\n<\/div>\n","protected":false},"featured_media":5350,"template":"","meta":{"_joinchat":[]},"product_cat":[224],"product_tag":[],"class_list":{"0":"post-5375","1":"product","2":"type-product","3":"status-publish","4":"has-post-thumbnail","6":"product_cat-pan-lacteados","8":"first","9":"instock","10":"shipping-taxable","11":"product-type-simple","12":"col-xs-6 col-sm-4","13":"col-md-3 col-lg-3","14":"un-4-cols"},"yoast_head":"<!-- This site is optimized with the Yoast SEO plugin v27.4 - https:\/\/yoast.com\/product\/yoast-seo-wordpress\/ -->\n<title>Pan De Mesa Salvado La Perla 350 Gr - STATE GRID ARGENTINA - Cat\u00e1logo<\/title>\n<meta name=\"robots\" content=\"index, follow, max-snippet:-1, max-image-preview:large, max-video-preview:-1\" \/>\n<link rel=\"canonical\" href=\"https:\/\/stategridargentina.com.ar\/catalogo\/producto\/pan-de-mesa-salvado-la-perla-350-gr\/\" \/>\n<meta property=\"og:locale\" content=\"es_ES\" \/>\n<meta property=\"og:type\" content=\"article\" \/>\n<meta property=\"og:title\" content=\"Pan De Mesa Salvado La Perla 350 Gr - STATE GRID ARGENTINA - Cat\u00e1logo\" \/>\n<meta property=\"og:description\" content=\"Ingredientes Harina 000, hierro, \u00e1cido f\u00f3lico, tiamina b1, riboflavina b2, niacina, agua, salvado de trigo, az\u00facar, aceite vegetal, levadura, sal, conservante propionato de calcio, emulsionante monoestearato de glicerilo, mejorador \u00e1cido asc\u00f3rbico\" \/>\n<meta property=\"og:url\" content=\"https:\/\/stategridargentina.com.ar\/catalogo\/producto\/pan-de-mesa-salvado-la-perla-350-gr\/\" \/>\n<meta property=\"og:site_name\" content=\"STATE GRID ARGENTINA - Cat\u00e1logo\" \/>\n<meta property=\"article:modified_time\" content=\"2025-03-25T17:37:54+00:00\" \/>\n<meta property=\"og:image\" content=\"https:\/\/stategridargentina.com.ar\/catalogo\/wp-content\/uploads\/2025\/03\/9-10.jpg\" \/>\n\t<meta property=\"og:image:width\" content=\"1000\" \/>\n\t<meta property=\"og:image:height\" content=\"1000\" \/>\n\t<meta property=\"og:image:type\" content=\"image\/jpeg\" \/>\n<meta name=\"twitter:card\" content=\"summary_large_image\" \/>\n<meta name=\"twitter:label1\" content=\"Tiempo de lectura\" \/>\n\t<meta name=\"twitter:data1\" content=\"1 minuto\" \/>\n<script type=\"application\/ld+json\" class=\"yoast-schema-graph\">{\"@context\":\"https:\\\/\\\/schema.org\",\"@graph\":[{\"@type\":\"WebPage\",\"@id\":\"https:\\\/\\\/stategridargentina.com.ar\\\/catalogo\\\/producto\\\/pan-de-mesa-salvado-la-perla-350-gr\\\/\",\"url\":\"https:\\\/\\\/stategridargentina.com.ar\\\/catalogo\\\/producto\\\/pan-de-mesa-salvado-la-perla-350-gr\\\/\",\"name\":\"Pan De Mesa Salvado La Perla 350 Gr - STATE GRID ARGENTINA - Cat\u00e1logo\",\"isPartOf\":{\"@id\":\"https:\\\/\\\/stategridargentina.com.ar\\\/catalogo\\\/#website\"},\"primaryImageOfPage\":{\"@id\":\"https:\\\/\\\/stategridargentina.com.ar\\\/catalogo\\\/producto\\\/pan-de-mesa-salvado-la-perla-350-gr\\\/#primaryimage\"},\"image\":{\"@id\":\"https:\\\/\\\/stategridargentina.com.ar\\\/catalogo\\\/producto\\\/pan-de-mesa-salvado-la-perla-350-gr\\\/#primaryimage\"},\"thumbnailUrl\":\"https:\\\/\\\/stategridargentina.com.ar\\\/catalogo\\\/wp-content\\\/uploads\\\/2025\\\/03\\\/9-10.jpg\",\"datePublished\":\"2025-03-25T17:37:53+00:00\",\"dateModified\":\"2025-03-25T17:37:54+00:00\",\"breadcrumb\":{\"@id\":\"https:\\\/\\\/stategridargentina.com.ar\\\/catalogo\\\/producto\\\/pan-de-mesa-salvado-la-perla-350-gr\\\/#breadcrumb\"},\"inLanguage\":\"es\",\"potentialAction\":[{\"@type\":\"ReadAction\",\"target\":[\"https:\\\/\\\/stategridargentina.com.ar\\\/catalogo\\\/producto\\\/pan-de-mesa-salvado-la-perla-350-gr\\\/\"]}]},{\"@type\":\"ImageObject\",\"inLanguage\":\"es\",\"@id\":\"https:\\\/\\\/stategridargentina.com.ar\\\/catalogo\\\/producto\\\/pan-de-mesa-salvado-la-perla-350-gr\\\/#primaryimage\",\"url\":\"https:\\\/\\\/stategridargentina.com.ar\\\/catalogo\\\/wp-content\\\/uploads\\\/2025\\\/03\\\/9-10.jpg\",\"contentUrl\":\"https:\\\/\\\/stategridargentina.com.ar\\\/catalogo\\\/wp-content\\\/uploads\\\/2025\\\/03\\\/9-10.jpg\",\"width\":1000,\"height\":1000,\"caption\":\"Pan De Mesa Salvado La Perla 350 Gr\"},{\"@type\":\"BreadcrumbList\",\"@id\":\"https:\\\/\\\/stategridargentina.com.ar\\\/catalogo\\\/producto\\\/pan-de-mesa-salvado-la-perla-350-gr\\\/#breadcrumb\",\"itemListElement\":[{\"@type\":\"ListItem\",\"position\":1,\"name\":\"Portada\",\"item\":\"https:\\\/\\\/stategridargentina.com.ar\\\/catalogo\\\/\"},{\"@type\":\"ListItem\",\"position\":2,\"name\":\"Catalogo\",\"item\":\"https:\\\/\\\/stategridargentina.com.ar\\\/catalogo\\\/\"},{\"@type\":\"ListItem\",\"position\":3,\"name\":\"Pan De Mesa Salvado La Perla 350 Gr\"}]},{\"@type\":\"WebSite\",\"@id\":\"https:\\\/\\\/stategridargentina.com.ar\\\/catalogo\\\/#website\",\"url\":\"https:\\\/\\\/stategridargentina.com.ar\\\/catalogo\\\/\",\"name\":\"STATE GRID Catalogo\",\"description\":\"\",\"potentialAction\":[{\"@type\":\"SearchAction\",\"target\":{\"@type\":\"EntryPoint\",\"urlTemplate\":\"https:\\\/\\\/stategridargentina.com.ar\\\/catalogo\\\/?s={search_term_string}\"},\"query-input\":{\"@type\":\"PropertyValueSpecification\",\"valueRequired\":true,\"valueName\":\"search_term_string\"}}],\"inLanguage\":\"es\"}]}<\/script>\n<!-- \/ Yoast SEO plugin. -->","yoast_head_json":{"title":"Pan De Mesa Salvado La Perla 350 Gr - STATE GRID ARGENTINA - Cat\u00e1logo","robots":{"index":"index","follow":"follow","max-snippet":"max-snippet:-1","max-image-preview":"max-image-preview:large","max-video-preview":"max-video-preview:-1"},"canonical":"https:\/\/stategridargentina.com.ar\/catalogo\/producto\/pan-de-mesa-salvado-la-perla-350-gr\/","og_locale":"es_ES","og_type":"article","og_title":"Pan De Mesa Salvado La Perla 350 Gr - STATE GRID ARGENTINA - Cat\u00e1logo","og_description":"Ingredientes Harina 000, hierro, \u00e1cido f\u00f3lico, tiamina b1, riboflavina b2, niacina, agua, salvado de trigo, az\u00facar, aceite vegetal, levadura, sal, conservante propionato de calcio, emulsionante monoestearato de glicerilo, mejorador \u00e1cido asc\u00f3rbico","og_url":"https:\/\/stategridargentina.com.ar\/catalogo\/producto\/pan-de-mesa-salvado-la-perla-350-gr\/","og_site_name":"STATE GRID ARGENTINA - Cat\u00e1logo","article_modified_time":"2025-03-25T17:37:54+00:00","og_image":[{"width":1000,"height":1000,"url":"https:\/\/stategridargentina.com.ar\/catalogo\/wp-content\/uploads\/2025\/03\/9-10.jpg","type":"image\/jpeg"}],"twitter_card":"summary_large_image","twitter_misc":{"Tiempo de lectura":"1 minuto"},"schema":{"@context":"https:\/\/schema.org","@graph":[{"@type":"WebPage","@id":"https:\/\/stategridargentina.com.ar\/catalogo\/producto\/pan-de-mesa-salvado-la-perla-350-gr\/","url":"https:\/\/stategridargentina.com.ar\/catalogo\/producto\/pan-de-mesa-salvado-la-perla-350-gr\/","name":"Pan De Mesa Salvado La Perla 350 Gr - STATE GRID ARGENTINA - Cat\u00e1logo","isPartOf":{"@id":"https:\/\/stategridargentina.com.ar\/catalogo\/#website"},"primaryImageOfPage":{"@id":"https:\/\/stategridargentina.com.ar\/catalogo\/producto\/pan-de-mesa-salvado-la-perla-350-gr\/#primaryimage"},"image":{"@id":"https:\/\/stategridargentina.com.ar\/catalogo\/producto\/pan-de-mesa-salvado-la-perla-350-gr\/#primaryimage"},"thumbnailUrl":"https:\/\/stategridargentina.com.ar\/catalogo\/wp-content\/uploads\/2025\/03\/9-10.jpg","datePublished":"2025-03-25T17:37:53+00:00","dateModified":"2025-03-25T17:37:54+00:00","breadcrumb":{"@id":"https:\/\/stategridargentina.com.ar\/catalogo\/producto\/pan-de-mesa-salvado-la-perla-350-gr\/#breadcrumb"},"inLanguage":"es","potentialAction":[{"@type":"ReadAction","target":["https:\/\/stategridargentina.com.ar\/catalogo\/producto\/pan-de-mesa-salvado-la-perla-350-gr\/"]}]},{"@type":"ImageObject","inLanguage":"es","@id":"https:\/\/stategridargentina.com.ar\/catalogo\/producto\/pan-de-mesa-salvado-la-perla-350-gr\/#primaryimage","url":"https:\/\/stategridargentina.com.ar\/catalogo\/wp-content\/uploads\/2025\/03\/9-10.jpg","contentUrl":"https:\/\/stategridargentina.com.ar\/catalogo\/wp-content\/uploads\/2025\/03\/9-10.jpg","width":1000,"height":1000,"caption":"Pan De Mesa Salvado La Perla 350 Gr"},{"@type":"BreadcrumbList","@id":"https:\/\/stategridargentina.com.ar\/catalogo\/producto\/pan-de-mesa-salvado-la-perla-350-gr\/#breadcrumb","itemListElement":[{"@type":"ListItem","position":1,"name":"Portada","item":"https:\/\/stategridargentina.com.ar\/catalogo\/"},{"@type":"ListItem","position":2,"name":"Catalogo","item":"https:\/\/stategridargentina.com.ar\/catalogo\/"},{"@type":"ListItem","position":3,"name":"Pan De Mesa Salvado La Perla 350 Gr"}]},{"@type":"WebSite","@id":"https:\/\/stategridargentina.com.ar\/catalogo\/#website","url":"https:\/\/stategridargentina.com.ar\/catalogo\/","name":"STATE GRID Catalogo","description":"","potentialAction":[{"@type":"SearchAction","target":{"@type":"EntryPoint","urlTemplate":"https:\/\/stategridargentina.com.ar\/catalogo\/?s={search_term_string}"},"query-input":{"@type":"PropertyValueSpecification","valueRequired":true,"valueName":"search_term_string"}}],"inLanguage":"es"}]}},"_links":{"self":[{"href":"https:\/\/stategridargentina.com.ar\/catalogo\/wp-json\/wp\/v2\/product\/5375","targetHints":{"allow":["GET"]}}],"collection":[{"href":"https:\/\/stategridargentina.com.ar\/catalogo\/wp-json\/wp\/v2\/product"}],"about":[{"href":"https:\/\/stategridargentina.com.ar\/catalogo\/wp-json\/wp\/v2\/types\/product"}],"wp:featuredmedia":[{"embeddable":true,"href":"https:\/\/stategridargentina.com.ar\/catalogo\/wp-json\/wp\/v2\/media\/5350"}],"wp:attachment":[{"href":"https:\/\/stategridargentina.com.ar\/catalogo\/wp-json\/wp\/v2\/media?parent=5375"}],"wp:term":[{"taxonomy":"product_cat","embeddable":true,"href":"https:\/\/stategridargentina.com.ar\/catalogo\/wp-json\/wp\/v2\/product_cat?post=5375"},{"taxonomy":"product_tag","embeddable":true,"href":"https:\/\/stategridargentina.com.ar\/catalogo\/wp-json\/wp\/v2\/product_tag?post=5375"}],"curies":[{"name":"wp","href":"https:\/\/api.w.org\/{rel}","templated":true}]}}