{"id":5104,"date":"2025-03-23T13:07:23","date_gmt":"2025-03-23T13:07:23","guid":{"rendered":"https:\/\/stategridargentina.com.ar\/catalogo\/?post_type=product&#038;p=5104"},"modified":"2025-03-23T13:07:23","modified_gmt":"2025-03-23T13:07:23","slug":"bizcochuelo-mama-cocina-limon-vitamina-d-x540g","status":"publish","type":"product","link":"https:\/\/stategridargentina.com.ar\/catalogo\/producto\/bizcochuelo-mama-cocina-limon-vitamina-d-x540g\/","title":{"rendered":"Bizcochuelo Mama Cocina Limon Vitamina D X540g"},"content":{"rendered":"<div class=\"view-conditions_descripcion\">\n<div>\n<div class=\"v-c_descripcion_subtitle\">Ingredientes<\/div>\n<article>Harina de trigo 0000, sulfato ferroso, nicotinamida, tiamina, \u00e1cido f\u00f3lico, riboflavina, az\u00facar, aceite girasol de alto oleico, sal, leudante qu\u00edmico ins 500 ii, leudante qu\u00edmico ins 501 ii, leudante qu\u00edmico ins 541 i, emulsionante ins 472b, emulsionante ins 477, saborizante\/aromatizante, estabilizante ins 412, vitamina d3 (colecalciferol), derivados de trigo, derivados de leche, derivados de soja<\/article>\n<\/div>\n<\/div>\n","protected":false},"excerpt":{"rendered":"<div class=\"view-conditions_descripcion\">\n<div>\n<div class=\"v-c_descripcion_subtitle\">Ingredientes<\/div>\n<article>Harina de trigo 0000, sulfato ferroso, nicotinamida, tiamina, \u00e1cido f\u00f3lico, riboflavina, az\u00facar, aceite girasol de alto oleico, sal, leudante qu\u00edmico ins 500 ii, leudante qu\u00edmico ins 501 ii, leudante qu\u00edmico ins 541 i, emulsionante ins 472b, emulsionante ins 477, saborizante\/aromatizante, estabilizante ins 412, vitamina d3 (colecalciferol), derivados de trigo, derivados de leche, derivados de soja<\/article>\n<\/div>\n<\/div>\n","protected":false},"featured_media":5067,"template":"","meta":{"_joinchat":[]},"product_cat":[218],"product_tag":[],"class_list":{"0":"post-5104","1":"product","2":"type-product","3":"status-publish","4":"has-post-thumbnail","6":"product_cat-bizcochuelos","8":"first","9":"instock","10":"shipping-taxable","11":"product-type-simple","12":"col-xs-6 col-sm-4","13":"col-md-3 col-lg-3","14":"un-4-cols"},"yoast_head":"<!-- This site is optimized with the Yoast SEO plugin v27.5 - https:\/\/yoast.com\/product\/yoast-seo-wordpress\/ -->\n<title>Bizcochuelo Mama Cocina Limon Vitamina D X540g - STATE GRID ARGENTINA - Cat\u00e1logo<\/title>\n<meta name=\"robots\" content=\"index, follow, max-snippet:-1, max-image-preview:large, max-video-preview:-1\" \/>\n<link rel=\"canonical\" href=\"https:\/\/stategridargentina.com.ar\/catalogo\/producto\/bizcochuelo-mama-cocina-limon-vitamina-d-x540g\/\" \/>\n<meta property=\"og:locale\" content=\"es_ES\" \/>\n<meta property=\"og:type\" content=\"article\" \/>\n<meta property=\"og:title\" content=\"Bizcochuelo Mama Cocina Limon Vitamina D X540g - STATE GRID ARGENTINA - Cat\u00e1logo\" \/>\n<meta property=\"og:description\" content=\"Ingredientes Harina de trigo 0000, sulfato ferroso, nicotinamida, tiamina, \u00e1cido f\u00f3lico, riboflavina, az\u00facar, aceite girasol de alto oleico, sal, leudante qu\u00edmico ins 500 ii, leudante qu\u00edmico ins 501 ii, leudante qu\u00edmico ins 541 i, emulsionante ins 472b, emulsionante ins 477, saborizante\/aromatizante, estabilizante ins 412, vitamina d3 (colecalciferol), derivados de trigo, derivados de leche, derivados de soja\" \/>\n<meta property=\"og:url\" content=\"https:\/\/stategridargentina.com.ar\/catalogo\/producto\/bizcochuelo-mama-cocina-limon-vitamina-d-x540g\/\" \/>\n<meta property=\"og:site_name\" content=\"STATE GRID ARGENTINA - Cat\u00e1logo\" \/>\n<meta property=\"og:image\" content=\"https:\/\/stategridargentina.com.ar\/catalogo\/wp-content\/uploads\/2025\/03\/19-5.jpg\" \/>\n\t<meta property=\"og:image:width\" content=\"1000\" \/>\n\t<meta property=\"og:image:height\" content=\"1000\" \/>\n\t<meta property=\"og:image:type\" content=\"image\/jpeg\" \/>\n<meta name=\"twitter:card\" content=\"summary_large_image\" \/>\n<meta name=\"twitter:label1\" content=\"Tiempo de lectura\" \/>\n\t<meta name=\"twitter:data1\" content=\"1 minuto\" \/>\n<script type=\"application\/ld+json\" class=\"yoast-schema-graph\">{\"@context\":\"https:\\\/\\\/schema.org\",\"@graph\":[{\"@type\":\"WebPage\",\"@id\":\"https:\\\/\\\/stategridargentina.com.ar\\\/catalogo\\\/producto\\\/bizcochuelo-mama-cocina-limon-vitamina-d-x540g\\\/\",\"url\":\"https:\\\/\\\/stategridargentina.com.ar\\\/catalogo\\\/producto\\\/bizcochuelo-mama-cocina-limon-vitamina-d-x540g\\\/\",\"name\":\"Bizcochuelo Mama Cocina Limon Vitamina D X540g - STATE GRID ARGENTINA - Cat\u00e1logo\",\"isPartOf\":{\"@id\":\"https:\\\/\\\/stategridargentina.com.ar\\\/catalogo\\\/#website\"},\"primaryImageOfPage\":{\"@id\":\"https:\\\/\\\/stategridargentina.com.ar\\\/catalogo\\\/producto\\\/bizcochuelo-mama-cocina-limon-vitamina-d-x540g\\\/#primaryimage\"},\"image\":{\"@id\":\"https:\\\/\\\/stategridargentina.com.ar\\\/catalogo\\\/producto\\\/bizcochuelo-mama-cocina-limon-vitamina-d-x540g\\\/#primaryimage\"},\"thumbnailUrl\":\"https:\\\/\\\/stategridargentina.com.ar\\\/catalogo\\\/wp-content\\\/uploads\\\/2025\\\/03\\\/19-5.jpg\",\"datePublished\":\"2025-03-23T13:07:23+00:00\",\"breadcrumb\":{\"@id\":\"https:\\\/\\\/stategridargentina.com.ar\\\/catalogo\\\/producto\\\/bizcochuelo-mama-cocina-limon-vitamina-d-x540g\\\/#breadcrumb\"},\"inLanguage\":\"es\",\"potentialAction\":[{\"@type\":\"ReadAction\",\"target\":[\"https:\\\/\\\/stategridargentina.com.ar\\\/catalogo\\\/producto\\\/bizcochuelo-mama-cocina-limon-vitamina-d-x540g\\\/\"]}]},{\"@type\":\"ImageObject\",\"inLanguage\":\"es\",\"@id\":\"https:\\\/\\\/stategridargentina.com.ar\\\/catalogo\\\/producto\\\/bizcochuelo-mama-cocina-limon-vitamina-d-x540g\\\/#primaryimage\",\"url\":\"https:\\\/\\\/stategridargentina.com.ar\\\/catalogo\\\/wp-content\\\/uploads\\\/2025\\\/03\\\/19-5.jpg\",\"contentUrl\":\"https:\\\/\\\/stategridargentina.com.ar\\\/catalogo\\\/wp-content\\\/uploads\\\/2025\\\/03\\\/19-5.jpg\",\"width\":1000,\"height\":1000,\"caption\":\"Bizcochuelo Mama Cocina Limon Vitamina D X540g\"},{\"@type\":\"BreadcrumbList\",\"@id\":\"https:\\\/\\\/stategridargentina.com.ar\\\/catalogo\\\/producto\\\/bizcochuelo-mama-cocina-limon-vitamina-d-x540g\\\/#breadcrumb\",\"itemListElement\":[{\"@type\":\"ListItem\",\"position\":1,\"name\":\"Portada\",\"item\":\"https:\\\/\\\/stategridargentina.com.ar\\\/catalogo\\\/\"},{\"@type\":\"ListItem\",\"position\":2,\"name\":\"Catalogo\",\"item\":\"https:\\\/\\\/stategridargentina.com.ar\\\/catalogo\\\/\"},{\"@type\":\"ListItem\",\"position\":3,\"name\":\"Bizcochuelo Mama Cocina Limon Vitamina D X540g\"}]},{\"@type\":\"WebSite\",\"@id\":\"https:\\\/\\\/stategridargentina.com.ar\\\/catalogo\\\/#website\",\"url\":\"https:\\\/\\\/stategridargentina.com.ar\\\/catalogo\\\/\",\"name\":\"STATE GRID Catalogo\",\"description\":\"\",\"potentialAction\":[{\"@type\":\"SearchAction\",\"target\":{\"@type\":\"EntryPoint\",\"urlTemplate\":\"https:\\\/\\\/stategridargentina.com.ar\\\/catalogo\\\/?s={search_term_string}\"},\"query-input\":{\"@type\":\"PropertyValueSpecification\",\"valueRequired\":true,\"valueName\":\"search_term_string\"}}],\"inLanguage\":\"es\"}]}<\/script>\n<!-- \/ Yoast SEO plugin. -->","yoast_head_json":{"title":"Bizcochuelo Mama Cocina Limon Vitamina D X540g - STATE GRID ARGENTINA - Cat\u00e1logo","robots":{"index":"index","follow":"follow","max-snippet":"max-snippet:-1","max-image-preview":"max-image-preview:large","max-video-preview":"max-video-preview:-1"},"canonical":"https:\/\/stategridargentina.com.ar\/catalogo\/producto\/bizcochuelo-mama-cocina-limon-vitamina-d-x540g\/","og_locale":"es_ES","og_type":"article","og_title":"Bizcochuelo Mama Cocina Limon Vitamina D X540g - STATE GRID ARGENTINA - Cat\u00e1logo","og_description":"Ingredientes Harina de trigo 0000, sulfato ferroso, nicotinamida, tiamina, \u00e1cido f\u00f3lico, riboflavina, az\u00facar, aceite girasol de alto oleico, sal, leudante qu\u00edmico ins 500 ii, leudante qu\u00edmico ins 501 ii, leudante qu\u00edmico ins 541 i, emulsionante ins 472b, emulsionante ins 477, saborizante\/aromatizante, estabilizante ins 412, vitamina d3 (colecalciferol), derivados de trigo, derivados de leche, derivados de soja","og_url":"https:\/\/stategridargentina.com.ar\/catalogo\/producto\/bizcochuelo-mama-cocina-limon-vitamina-d-x540g\/","og_site_name":"STATE GRID ARGENTINA - Cat\u00e1logo","og_image":[{"width":1000,"height":1000,"url":"https:\/\/stategridargentina.com.ar\/catalogo\/wp-content\/uploads\/2025\/03\/19-5.jpg","type":"image\/jpeg"}],"twitter_card":"summary_large_image","twitter_misc":{"Tiempo de lectura":"1 minuto"},"schema":{"@context":"https:\/\/schema.org","@graph":[{"@type":"WebPage","@id":"https:\/\/stategridargentina.com.ar\/catalogo\/producto\/bizcochuelo-mama-cocina-limon-vitamina-d-x540g\/","url":"https:\/\/stategridargentina.com.ar\/catalogo\/producto\/bizcochuelo-mama-cocina-limon-vitamina-d-x540g\/","name":"Bizcochuelo Mama Cocina Limon Vitamina D X540g - STATE GRID ARGENTINA - Cat\u00e1logo","isPartOf":{"@id":"https:\/\/stategridargentina.com.ar\/catalogo\/#website"},"primaryImageOfPage":{"@id":"https:\/\/stategridargentina.com.ar\/catalogo\/producto\/bizcochuelo-mama-cocina-limon-vitamina-d-x540g\/#primaryimage"},"image":{"@id":"https:\/\/stategridargentina.com.ar\/catalogo\/producto\/bizcochuelo-mama-cocina-limon-vitamina-d-x540g\/#primaryimage"},"thumbnailUrl":"https:\/\/stategridargentina.com.ar\/catalogo\/wp-content\/uploads\/2025\/03\/19-5.jpg","datePublished":"2025-03-23T13:07:23+00:00","breadcrumb":{"@id":"https:\/\/stategridargentina.com.ar\/catalogo\/producto\/bizcochuelo-mama-cocina-limon-vitamina-d-x540g\/#breadcrumb"},"inLanguage":"es","potentialAction":[{"@type":"ReadAction","target":["https:\/\/stategridargentina.com.ar\/catalogo\/producto\/bizcochuelo-mama-cocina-limon-vitamina-d-x540g\/"]}]},{"@type":"ImageObject","inLanguage":"es","@id":"https:\/\/stategridargentina.com.ar\/catalogo\/producto\/bizcochuelo-mama-cocina-limon-vitamina-d-x540g\/#primaryimage","url":"https:\/\/stategridargentina.com.ar\/catalogo\/wp-content\/uploads\/2025\/03\/19-5.jpg","contentUrl":"https:\/\/stategridargentina.com.ar\/catalogo\/wp-content\/uploads\/2025\/03\/19-5.jpg","width":1000,"height":1000,"caption":"Bizcochuelo Mama Cocina Limon Vitamina D X540g"},{"@type":"BreadcrumbList","@id":"https:\/\/stategridargentina.com.ar\/catalogo\/producto\/bizcochuelo-mama-cocina-limon-vitamina-d-x540g\/#breadcrumb","itemListElement":[{"@type":"ListItem","position":1,"name":"Portada","item":"https:\/\/stategridargentina.com.ar\/catalogo\/"},{"@type":"ListItem","position":2,"name":"Catalogo","item":"https:\/\/stategridargentina.com.ar\/catalogo\/"},{"@type":"ListItem","position":3,"name":"Bizcochuelo Mama Cocina Limon Vitamina D X540g"}]},{"@type":"WebSite","@id":"https:\/\/stategridargentina.com.ar\/catalogo\/#website","url":"https:\/\/stategridargentina.com.ar\/catalogo\/","name":"STATE GRID Catalogo","description":"","potentialAction":[{"@type":"SearchAction","target":{"@type":"EntryPoint","urlTemplate":"https:\/\/stategridargentina.com.ar\/catalogo\/?s={search_term_string}"},"query-input":{"@type":"PropertyValueSpecification","valueRequired":true,"valueName":"search_term_string"}}],"inLanguage":"es"}]}},"_links":{"self":[{"href":"https:\/\/stategridargentina.com.ar\/catalogo\/wp-json\/wp\/v2\/product\/5104","targetHints":{"allow":["GET"]}}],"collection":[{"href":"https:\/\/stategridargentina.com.ar\/catalogo\/wp-json\/wp\/v2\/product"}],"about":[{"href":"https:\/\/stategridargentina.com.ar\/catalogo\/wp-json\/wp\/v2\/types\/product"}],"wp:featuredmedia":[{"embeddable":true,"href":"https:\/\/stategridargentina.com.ar\/catalogo\/wp-json\/wp\/v2\/media\/5067"}],"wp:attachment":[{"href":"https:\/\/stategridargentina.com.ar\/catalogo\/wp-json\/wp\/v2\/media?parent=5104"}],"wp:term":[{"taxonomy":"product_cat","embeddable":true,"href":"https:\/\/stategridargentina.com.ar\/catalogo\/wp-json\/wp\/v2\/product_cat?post=5104"},{"taxonomy":"product_tag","embeddable":true,"href":"https:\/\/stategridargentina.com.ar\/catalogo\/wp-json\/wp\/v2\/product_tag?post=5104"}],"curies":[{"name":"wp","href":"https:\/\/api.w.org\/{rel}","templated":true}]}}