{"id":5100,"date":"2025-03-23T13:05:41","date_gmt":"2025-03-23T13:05:41","guid":{"rendered":"https:\/\/stategridargentina.com.ar\/catalogo\/?post_type=product&#038;p=5100"},"modified":"2025-03-23T13:05:41","modified_gmt":"2025-03-23T13:05:41","slug":"1-minuto-de-vainilla-con-chips-exquisita-x60-gr","status":"publish","type":"product","link":"https:\/\/stategridargentina.com.ar\/catalogo\/producto\/1-minuto-de-vainilla-con-chips-exquisita-x60-gr\/","title":{"rendered":"1 Minuto De Vainilla Con Chips Exquisita X60 Gr"},"content":{"rendered":"<div>\n<div class=\"v-c_descripcion_subtitle\">Ingredientes<\/div>\n<article>Az\u00facar, harina de trigo enriquecida, sulfato ferroso como hierro, niacina, vitamina b1, \u00e1cido f\u00f3lico, vitamina b2, trocitos sabor chocolate, grasa vacuna, almid\u00f3n, aceite de girasol alto oleico, glucosa, leche descremada en polvo, alb\u00famina, sal, emulsionante mono y di\u00e9steres de 1.2 propilenglicol, lecitina, polioxietilen sorbit\u00e1n monoestearato, goma x\u00e1ntica, antiaglutinante di\u00f3xido de silicio, leudante qu\u00edmico bicarbonato de sodio, leudante qu\u00edmico fosfato monoc\u00e1lcico, aromatizante\/saborizante, colorante tartrazina, colorante amarillo ocaso, sulfitos, leche, derivados de trigo, derivados de soja, derivados de huevo, tartrazina<\/article>\n<\/div>\n","protected":false},"excerpt":{"rendered":"<div>\n<div class=\"v-c_descripcion_subtitle\">Ingredientes<\/div>\n<article>Az\u00facar, harina de trigo enriquecida, sulfato ferroso como hierro, niacina, vitamina b1, \u00e1cido f\u00f3lico, vitamina b2, trocitos sabor chocolate, grasa vacuna, almid\u00f3n, aceite de girasol alto oleico, glucosa, leche descremada en polvo, alb\u00famina, sal, emulsionante mono y di\u00e9steres de 1.2 propilenglicol, lecitina, polioxietilen sorbit\u00e1n monoestearato, goma x\u00e1ntica, antiaglutinante di\u00f3xido de silicio, leudante qu\u00edmico bicarbonato de sodio, leudante qu\u00edmico fosfato monoc\u00e1lcico, aromatizante\/saborizante, colorante tartrazina, colorante amarillo ocaso, sulfitos, leche, derivados de trigo, derivados de soja, derivados de huevo, tartrazina<\/article>\n<\/div>\n","protected":false},"featured_media":5065,"template":"","meta":{"_joinchat":[]},"product_cat":[218],"product_tag":[],"class_list":{"0":"post-5100","1":"product","2":"type-product","3":"status-publish","4":"has-post-thumbnail","6":"product_cat-bizcochuelos","8":"first","9":"instock","10":"shipping-taxable","11":"product-type-simple","12":"col-xs-6 col-sm-4","13":"col-md-3 col-lg-3","14":"un-4-cols"},"yoast_head":"<!-- This site is optimized with the Yoast SEO plugin v27.5 - https:\/\/yoast.com\/product\/yoast-seo-wordpress\/ -->\n<title>1 Minuto De Vainilla Con Chips Exquisita X60 Gr - STATE GRID ARGENTINA - Cat\u00e1logo<\/title>\n<meta name=\"robots\" content=\"index, follow, max-snippet:-1, max-image-preview:large, max-video-preview:-1\" \/>\n<link rel=\"canonical\" href=\"https:\/\/stategridargentina.com.ar\/catalogo\/producto\/1-minuto-de-vainilla-con-chips-exquisita-x60-gr\/\" \/>\n<meta property=\"og:locale\" content=\"es_ES\" \/>\n<meta property=\"og:type\" content=\"article\" \/>\n<meta property=\"og:title\" content=\"1 Minuto De Vainilla Con Chips Exquisita X60 Gr - STATE GRID ARGENTINA - Cat\u00e1logo\" \/>\n<meta property=\"og:description\" content=\"Ingredientes Az\u00facar, harina de trigo enriquecida, sulfato ferroso como hierro, niacina, vitamina b1, \u00e1cido f\u00f3lico, vitamina b2, trocitos sabor chocolate, grasa vacuna, almid\u00f3n, aceite de girasol alto oleico, glucosa, leche descremada en polvo, alb\u00famina, sal, emulsionante mono y di\u00e9steres de 1.2 propilenglicol, lecitina, polioxietilen sorbit\u00e1n monoestearato, goma x\u00e1ntica, antiaglutinante di\u00f3xido de silicio, leudante qu\u00edmico bicarbonato de sodio, leudante qu\u00edmico fosfato monoc\u00e1lcico, aromatizante\/saborizante, colorante tartrazina, colorante amarillo ocaso, sulfitos, leche, derivados de trigo, derivados de soja, derivados de huevo, tartrazina\" \/>\n<meta property=\"og:url\" content=\"https:\/\/stategridargentina.com.ar\/catalogo\/producto\/1-minuto-de-vainilla-con-chips-exquisita-x60-gr\/\" \/>\n<meta property=\"og:site_name\" content=\"STATE GRID ARGENTINA - Cat\u00e1logo\" \/>\n<meta property=\"og:image\" content=\"https:\/\/stategridargentina.com.ar\/catalogo\/wp-content\/uploads\/2025\/03\/17-5.jpg\" \/>\n\t<meta property=\"og:image:width\" content=\"1000\" \/>\n\t<meta property=\"og:image:height\" content=\"1000\" \/>\n\t<meta property=\"og:image:type\" content=\"image\/jpeg\" \/>\n<meta name=\"twitter:card\" content=\"summary_large_image\" \/>\n<meta name=\"twitter:label1\" content=\"Tiempo de lectura\" \/>\n\t<meta name=\"twitter:data1\" content=\"1 minuto\" \/>\n<script type=\"application\/ld+json\" class=\"yoast-schema-graph\">{\"@context\":\"https:\\\/\\\/schema.org\",\"@graph\":[{\"@type\":\"WebPage\",\"@id\":\"https:\\\/\\\/stategridargentina.com.ar\\\/catalogo\\\/producto\\\/1-minuto-de-vainilla-con-chips-exquisita-x60-gr\\\/\",\"url\":\"https:\\\/\\\/stategridargentina.com.ar\\\/catalogo\\\/producto\\\/1-minuto-de-vainilla-con-chips-exquisita-x60-gr\\\/\",\"name\":\"1 Minuto De Vainilla Con Chips Exquisita X60 Gr - STATE GRID ARGENTINA - Cat\u00e1logo\",\"isPartOf\":{\"@id\":\"https:\\\/\\\/stategridargentina.com.ar\\\/catalogo\\\/#website\"},\"primaryImageOfPage\":{\"@id\":\"https:\\\/\\\/stategridargentina.com.ar\\\/catalogo\\\/producto\\\/1-minuto-de-vainilla-con-chips-exquisita-x60-gr\\\/#primaryimage\"},\"image\":{\"@id\":\"https:\\\/\\\/stategridargentina.com.ar\\\/catalogo\\\/producto\\\/1-minuto-de-vainilla-con-chips-exquisita-x60-gr\\\/#primaryimage\"},\"thumbnailUrl\":\"https:\\\/\\\/stategridargentina.com.ar\\\/catalogo\\\/wp-content\\\/uploads\\\/2025\\\/03\\\/17-5.jpg\",\"datePublished\":\"2025-03-23T13:05:41+00:00\",\"breadcrumb\":{\"@id\":\"https:\\\/\\\/stategridargentina.com.ar\\\/catalogo\\\/producto\\\/1-minuto-de-vainilla-con-chips-exquisita-x60-gr\\\/#breadcrumb\"},\"inLanguage\":\"es\",\"potentialAction\":[{\"@type\":\"ReadAction\",\"target\":[\"https:\\\/\\\/stategridargentina.com.ar\\\/catalogo\\\/producto\\\/1-minuto-de-vainilla-con-chips-exquisita-x60-gr\\\/\"]}]},{\"@type\":\"ImageObject\",\"inLanguage\":\"es\",\"@id\":\"https:\\\/\\\/stategridargentina.com.ar\\\/catalogo\\\/producto\\\/1-minuto-de-vainilla-con-chips-exquisita-x60-gr\\\/#primaryimage\",\"url\":\"https:\\\/\\\/stategridargentina.com.ar\\\/catalogo\\\/wp-content\\\/uploads\\\/2025\\\/03\\\/17-5.jpg\",\"contentUrl\":\"https:\\\/\\\/stategridargentina.com.ar\\\/catalogo\\\/wp-content\\\/uploads\\\/2025\\\/03\\\/17-5.jpg\",\"width\":1000,\"height\":1000,\"caption\":\"1 Minuto De Vainilla Con Chips Exquisita X60 Gr\"},{\"@type\":\"BreadcrumbList\",\"@id\":\"https:\\\/\\\/stategridargentina.com.ar\\\/catalogo\\\/producto\\\/1-minuto-de-vainilla-con-chips-exquisita-x60-gr\\\/#breadcrumb\",\"itemListElement\":[{\"@type\":\"ListItem\",\"position\":1,\"name\":\"Portada\",\"item\":\"https:\\\/\\\/stategridargentina.com.ar\\\/catalogo\\\/\"},{\"@type\":\"ListItem\",\"position\":2,\"name\":\"Catalogo\",\"item\":\"https:\\\/\\\/stategridargentina.com.ar\\\/catalogo\\\/\"},{\"@type\":\"ListItem\",\"position\":3,\"name\":\"1 Minuto De Vainilla Con Chips Exquisita X60 Gr\"}]},{\"@type\":\"WebSite\",\"@id\":\"https:\\\/\\\/stategridargentina.com.ar\\\/catalogo\\\/#website\",\"url\":\"https:\\\/\\\/stategridargentina.com.ar\\\/catalogo\\\/\",\"name\":\"STATE GRID Catalogo\",\"description\":\"\",\"potentialAction\":[{\"@type\":\"SearchAction\",\"target\":{\"@type\":\"EntryPoint\",\"urlTemplate\":\"https:\\\/\\\/stategridargentina.com.ar\\\/catalogo\\\/?s={search_term_string}\"},\"query-input\":{\"@type\":\"PropertyValueSpecification\",\"valueRequired\":true,\"valueName\":\"search_term_string\"}}],\"inLanguage\":\"es\"}]}<\/script>\n<!-- \/ Yoast SEO plugin. -->","yoast_head_json":{"title":"1 Minuto De Vainilla Con Chips Exquisita X60 Gr - STATE GRID ARGENTINA - Cat\u00e1logo","robots":{"index":"index","follow":"follow","max-snippet":"max-snippet:-1","max-image-preview":"max-image-preview:large","max-video-preview":"max-video-preview:-1"},"canonical":"https:\/\/stategridargentina.com.ar\/catalogo\/producto\/1-minuto-de-vainilla-con-chips-exquisita-x60-gr\/","og_locale":"es_ES","og_type":"article","og_title":"1 Minuto De Vainilla Con Chips Exquisita X60 Gr - STATE GRID ARGENTINA - Cat\u00e1logo","og_description":"Ingredientes Az\u00facar, harina de trigo enriquecida, sulfato ferroso como hierro, niacina, vitamina b1, \u00e1cido f\u00f3lico, vitamina b2, trocitos sabor chocolate, grasa vacuna, almid\u00f3n, aceite de girasol alto oleico, glucosa, leche descremada en polvo, alb\u00famina, sal, emulsionante mono y di\u00e9steres de 1.2 propilenglicol, lecitina, polioxietilen sorbit\u00e1n monoestearato, goma x\u00e1ntica, antiaglutinante di\u00f3xido de silicio, leudante qu\u00edmico bicarbonato de sodio, leudante qu\u00edmico fosfato monoc\u00e1lcico, aromatizante\/saborizante, colorante tartrazina, colorante amarillo ocaso, sulfitos, leche, derivados de trigo, derivados de soja, derivados de huevo, tartrazina","og_url":"https:\/\/stategridargentina.com.ar\/catalogo\/producto\/1-minuto-de-vainilla-con-chips-exquisita-x60-gr\/","og_site_name":"STATE GRID ARGENTINA - Cat\u00e1logo","og_image":[{"width":1000,"height":1000,"url":"https:\/\/stategridargentina.com.ar\/catalogo\/wp-content\/uploads\/2025\/03\/17-5.jpg","type":"image\/jpeg"}],"twitter_card":"summary_large_image","twitter_misc":{"Tiempo de lectura":"1 minuto"},"schema":{"@context":"https:\/\/schema.org","@graph":[{"@type":"WebPage","@id":"https:\/\/stategridargentina.com.ar\/catalogo\/producto\/1-minuto-de-vainilla-con-chips-exquisita-x60-gr\/","url":"https:\/\/stategridargentina.com.ar\/catalogo\/producto\/1-minuto-de-vainilla-con-chips-exquisita-x60-gr\/","name":"1 Minuto De Vainilla Con Chips Exquisita X60 Gr - STATE GRID ARGENTINA - Cat\u00e1logo","isPartOf":{"@id":"https:\/\/stategridargentina.com.ar\/catalogo\/#website"},"primaryImageOfPage":{"@id":"https:\/\/stategridargentina.com.ar\/catalogo\/producto\/1-minuto-de-vainilla-con-chips-exquisita-x60-gr\/#primaryimage"},"image":{"@id":"https:\/\/stategridargentina.com.ar\/catalogo\/producto\/1-minuto-de-vainilla-con-chips-exquisita-x60-gr\/#primaryimage"},"thumbnailUrl":"https:\/\/stategridargentina.com.ar\/catalogo\/wp-content\/uploads\/2025\/03\/17-5.jpg","datePublished":"2025-03-23T13:05:41+00:00","breadcrumb":{"@id":"https:\/\/stategridargentina.com.ar\/catalogo\/producto\/1-minuto-de-vainilla-con-chips-exquisita-x60-gr\/#breadcrumb"},"inLanguage":"es","potentialAction":[{"@type":"ReadAction","target":["https:\/\/stategridargentina.com.ar\/catalogo\/producto\/1-minuto-de-vainilla-con-chips-exquisita-x60-gr\/"]}]},{"@type":"ImageObject","inLanguage":"es","@id":"https:\/\/stategridargentina.com.ar\/catalogo\/producto\/1-minuto-de-vainilla-con-chips-exquisita-x60-gr\/#primaryimage","url":"https:\/\/stategridargentina.com.ar\/catalogo\/wp-content\/uploads\/2025\/03\/17-5.jpg","contentUrl":"https:\/\/stategridargentina.com.ar\/catalogo\/wp-content\/uploads\/2025\/03\/17-5.jpg","width":1000,"height":1000,"caption":"1 Minuto De Vainilla Con Chips Exquisita X60 Gr"},{"@type":"BreadcrumbList","@id":"https:\/\/stategridargentina.com.ar\/catalogo\/producto\/1-minuto-de-vainilla-con-chips-exquisita-x60-gr\/#breadcrumb","itemListElement":[{"@type":"ListItem","position":1,"name":"Portada","item":"https:\/\/stategridargentina.com.ar\/catalogo\/"},{"@type":"ListItem","position":2,"name":"Catalogo","item":"https:\/\/stategridargentina.com.ar\/catalogo\/"},{"@type":"ListItem","position":3,"name":"1 Minuto De Vainilla Con Chips Exquisita X60 Gr"}]},{"@type":"WebSite","@id":"https:\/\/stategridargentina.com.ar\/catalogo\/#website","url":"https:\/\/stategridargentina.com.ar\/catalogo\/","name":"STATE GRID Catalogo","description":"","potentialAction":[{"@type":"SearchAction","target":{"@type":"EntryPoint","urlTemplate":"https:\/\/stategridargentina.com.ar\/catalogo\/?s={search_term_string}"},"query-input":{"@type":"PropertyValueSpecification","valueRequired":true,"valueName":"search_term_string"}}],"inLanguage":"es"}]}},"_links":{"self":[{"href":"https:\/\/stategridargentina.com.ar\/catalogo\/wp-json\/wp\/v2\/product\/5100","targetHints":{"allow":["GET"]}}],"collection":[{"href":"https:\/\/stategridargentina.com.ar\/catalogo\/wp-json\/wp\/v2\/product"}],"about":[{"href":"https:\/\/stategridargentina.com.ar\/catalogo\/wp-json\/wp\/v2\/types\/product"}],"wp:featuredmedia":[{"embeddable":true,"href":"https:\/\/stategridargentina.com.ar\/catalogo\/wp-json\/wp\/v2\/media\/5065"}],"wp:attachment":[{"href":"https:\/\/stategridargentina.com.ar\/catalogo\/wp-json\/wp\/v2\/media?parent=5100"}],"wp:term":[{"taxonomy":"product_cat","embeddable":true,"href":"https:\/\/stategridargentina.com.ar\/catalogo\/wp-json\/wp\/v2\/product_cat?post=5100"},{"taxonomy":"product_tag","embeddable":true,"href":"https:\/\/stategridargentina.com.ar\/catalogo\/wp-json\/wp\/v2\/product_tag?post=5100"}],"curies":[{"name":"wp","href":"https:\/\/api.w.org\/{rel}","templated":true}]}}