{"id":4932,"date":"2025-03-13T17:53:25","date_gmt":"2025-03-13T17:53:25","guid":{"rendered":"https:\/\/stategridargentina.com.ar\/catalogo\/?post_type=product&#038;p=4932"},"modified":"2025-03-13T17:54:34","modified_gmt":"2025-03-13T17:54:34","slug":"bebida-lactea-vain-la-serenisima-sachet-900ml","status":"publish","type":"product","link":"https:\/\/stategridargentina.com.ar\/catalogo\/producto\/bebida-lactea-vain-la-serenisima-sachet-900ml\/","title":{"rendered":"Bebida Lactea Vain La Serenisima Sachet 900ml"},"content":{"rendered":"<div class=\"view-conditions_descripcion\">\n<div>\n<div class=\"v-c_descripcion_subtitle\">Ingredientes<\/div>\n<article>Leche parcialmente descremada reducida en lactosa fortificada en calcio, preparado de vainilla, s\u00f3lidos l\u00e1cteos, maltodextrina, az\u00facar, vitamina c, regulador de acidez \u00e1cido l\u00e1ctico, regulador de acidez \u00e1cido m\u00e1lico, saborizante, estabilizante goma gellan, estabilizante carboximetilcelulosa, estabilizante pectina, leche<\/article>\n<\/div>\n<\/div>\n","protected":false},"excerpt":{"rendered":"<div class=\"view-conditions_descripcion\">\n<div>\n<div class=\"v-c_descripcion_subtitle\">Ingredientes<\/div>\n<article>Leche parcialmente descremada reducida en lactosa fortificada en calcio, preparado de vainilla, s\u00f3lidos l\u00e1cteos, maltodextrina, az\u00facar, vitamina c, regulador de acidez \u00e1cido l\u00e1ctico, regulador de acidez \u00e1cido m\u00e1lico, saborizante, estabilizante goma gellan, estabilizante carboximetilcelulosa, estabilizante pectina, leche<\/article>\n<\/div>\n<\/div>\n","protected":false},"featured_media":4904,"template":"","meta":{"_joinchat":[]},"product_cat":[215],"product_tag":[],"class_list":{"0":"post-4932","1":"product","2":"type-product","3":"status-publish","4":"has-post-thumbnail","6":"product_cat-leches","8":"first","9":"instock","10":"shipping-taxable","11":"product-type-simple","12":"col-xs-6 col-sm-4","13":"col-md-3 col-lg-3","14":"un-4-cols"},"yoast_head":"<!-- This site is optimized with the Yoast SEO plugin v27.5 - https:\/\/yoast.com\/product\/yoast-seo-wordpress\/ -->\n<title>Bebida Lactea Vain La Serenisima Sachet 900ml - STATE GRID ARGENTINA - Cat\u00e1logo<\/title>\n<meta name=\"robots\" content=\"index, follow, max-snippet:-1, max-image-preview:large, max-video-preview:-1\" \/>\n<link rel=\"canonical\" href=\"https:\/\/stategridargentina.com.ar\/catalogo\/producto\/bebida-lactea-vain-la-serenisima-sachet-900ml\/\" \/>\n<meta property=\"og:locale\" content=\"es_ES\" \/>\n<meta property=\"og:type\" content=\"article\" \/>\n<meta property=\"og:title\" content=\"Bebida Lactea Vain La Serenisima Sachet 900ml - STATE GRID ARGENTINA - Cat\u00e1logo\" \/>\n<meta property=\"og:description\" content=\"Ingredientes Leche parcialmente descremada reducida en lactosa fortificada en calcio, preparado de vainilla, s\u00f3lidos l\u00e1cteos, maltodextrina, az\u00facar, vitamina c, regulador de acidez \u00e1cido l\u00e1ctico, regulador de acidez \u00e1cido m\u00e1lico, saborizante, estabilizante goma gellan, estabilizante carboximetilcelulosa, estabilizante pectina, leche\" \/>\n<meta property=\"og:url\" content=\"https:\/\/stategridargentina.com.ar\/catalogo\/producto\/bebida-lactea-vain-la-serenisima-sachet-900ml\/\" \/>\n<meta property=\"og:site_name\" content=\"STATE GRID ARGENTINA - Cat\u00e1logo\" \/>\n<meta property=\"article:modified_time\" content=\"2025-03-13T17:54:34+00:00\" \/>\n<meta property=\"og:image\" content=\"https:\/\/stategridargentina.com.ar\/catalogo\/wp-content\/uploads\/2025\/03\/56.webp\" \/>\n\t<meta property=\"og:image:width\" content=\"1000\" \/>\n\t<meta property=\"og:image:height\" content=\"1000\" \/>\n\t<meta property=\"og:image:type\" content=\"image\/webp\" \/>\n<meta name=\"twitter:card\" content=\"summary_large_image\" \/>\n<meta name=\"twitter:label1\" content=\"Tiempo de lectura\" \/>\n\t<meta name=\"twitter:data1\" content=\"1 minuto\" \/>\n<script type=\"application\/ld+json\" class=\"yoast-schema-graph\">{\"@context\":\"https:\\\/\\\/schema.org\",\"@graph\":[{\"@type\":\"WebPage\",\"@id\":\"https:\\\/\\\/stategridargentina.com.ar\\\/catalogo\\\/producto\\\/bebida-lactea-vain-la-serenisima-sachet-900ml\\\/\",\"url\":\"https:\\\/\\\/stategridargentina.com.ar\\\/catalogo\\\/producto\\\/bebida-lactea-vain-la-serenisima-sachet-900ml\\\/\",\"name\":\"Bebida Lactea Vain La Serenisima Sachet 900ml - STATE GRID ARGENTINA - Cat\u00e1logo\",\"isPartOf\":{\"@id\":\"https:\\\/\\\/stategridargentina.com.ar\\\/catalogo\\\/#website\"},\"primaryImageOfPage\":{\"@id\":\"https:\\\/\\\/stategridargentina.com.ar\\\/catalogo\\\/producto\\\/bebida-lactea-vain-la-serenisima-sachet-900ml\\\/#primaryimage\"},\"image\":{\"@id\":\"https:\\\/\\\/stategridargentina.com.ar\\\/catalogo\\\/producto\\\/bebida-lactea-vain-la-serenisima-sachet-900ml\\\/#primaryimage\"},\"thumbnailUrl\":\"https:\\\/\\\/stategridargentina.com.ar\\\/catalogo\\\/wp-content\\\/uploads\\\/2025\\\/03\\\/56.webp\",\"datePublished\":\"2025-03-13T17:53:25+00:00\",\"dateModified\":\"2025-03-13T17:54:34+00:00\",\"breadcrumb\":{\"@id\":\"https:\\\/\\\/stategridargentina.com.ar\\\/catalogo\\\/producto\\\/bebida-lactea-vain-la-serenisima-sachet-900ml\\\/#breadcrumb\"},\"inLanguage\":\"es\",\"potentialAction\":[{\"@type\":\"ReadAction\",\"target\":[\"https:\\\/\\\/stategridargentina.com.ar\\\/catalogo\\\/producto\\\/bebida-lactea-vain-la-serenisima-sachet-900ml\\\/\"]}]},{\"@type\":\"ImageObject\",\"inLanguage\":\"es\",\"@id\":\"https:\\\/\\\/stategridargentina.com.ar\\\/catalogo\\\/producto\\\/bebida-lactea-vain-la-serenisima-sachet-900ml\\\/#primaryimage\",\"url\":\"https:\\\/\\\/stategridargentina.com.ar\\\/catalogo\\\/wp-content\\\/uploads\\\/2025\\\/03\\\/56.webp\",\"contentUrl\":\"https:\\\/\\\/stategridargentina.com.ar\\\/catalogo\\\/wp-content\\\/uploads\\\/2025\\\/03\\\/56.webp\",\"width\":1000,\"height\":1000},{\"@type\":\"BreadcrumbList\",\"@id\":\"https:\\\/\\\/stategridargentina.com.ar\\\/catalogo\\\/producto\\\/bebida-lactea-vain-la-serenisima-sachet-900ml\\\/#breadcrumb\",\"itemListElement\":[{\"@type\":\"ListItem\",\"position\":1,\"name\":\"Portada\",\"item\":\"https:\\\/\\\/stategridargentina.com.ar\\\/catalogo\\\/\"},{\"@type\":\"ListItem\",\"position\":2,\"name\":\"Catalogo\",\"item\":\"https:\\\/\\\/stategridargentina.com.ar\\\/catalogo\\\/\"},{\"@type\":\"ListItem\",\"position\":3,\"name\":\"Bebida Lactea Vain La Serenisima Sachet 900ml\"}]},{\"@type\":\"WebSite\",\"@id\":\"https:\\\/\\\/stategridargentina.com.ar\\\/catalogo\\\/#website\",\"url\":\"https:\\\/\\\/stategridargentina.com.ar\\\/catalogo\\\/\",\"name\":\"STATE GRID Catalogo\",\"description\":\"\",\"potentialAction\":[{\"@type\":\"SearchAction\",\"target\":{\"@type\":\"EntryPoint\",\"urlTemplate\":\"https:\\\/\\\/stategridargentina.com.ar\\\/catalogo\\\/?s={search_term_string}\"},\"query-input\":{\"@type\":\"PropertyValueSpecification\",\"valueRequired\":true,\"valueName\":\"search_term_string\"}}],\"inLanguage\":\"es\"}]}<\/script>\n<!-- \/ Yoast SEO plugin. -->","yoast_head_json":{"title":"Bebida Lactea Vain La Serenisima Sachet 900ml - STATE GRID ARGENTINA - Cat\u00e1logo","robots":{"index":"index","follow":"follow","max-snippet":"max-snippet:-1","max-image-preview":"max-image-preview:large","max-video-preview":"max-video-preview:-1"},"canonical":"https:\/\/stategridargentina.com.ar\/catalogo\/producto\/bebida-lactea-vain-la-serenisima-sachet-900ml\/","og_locale":"es_ES","og_type":"article","og_title":"Bebida Lactea Vain La Serenisima Sachet 900ml - STATE GRID ARGENTINA - Cat\u00e1logo","og_description":"Ingredientes Leche parcialmente descremada reducida en lactosa fortificada en calcio, preparado de vainilla, s\u00f3lidos l\u00e1cteos, maltodextrina, az\u00facar, vitamina c, regulador de acidez \u00e1cido l\u00e1ctico, regulador de acidez \u00e1cido m\u00e1lico, saborizante, estabilizante goma gellan, estabilizante carboximetilcelulosa, estabilizante pectina, leche","og_url":"https:\/\/stategridargentina.com.ar\/catalogo\/producto\/bebida-lactea-vain-la-serenisima-sachet-900ml\/","og_site_name":"STATE GRID ARGENTINA - Cat\u00e1logo","article_modified_time":"2025-03-13T17:54:34+00:00","og_image":[{"width":1000,"height":1000,"url":"https:\/\/stategridargentina.com.ar\/catalogo\/wp-content\/uploads\/2025\/03\/56.webp","type":"image\/webp"}],"twitter_card":"summary_large_image","twitter_misc":{"Tiempo de lectura":"1 minuto"},"schema":{"@context":"https:\/\/schema.org","@graph":[{"@type":"WebPage","@id":"https:\/\/stategridargentina.com.ar\/catalogo\/producto\/bebida-lactea-vain-la-serenisima-sachet-900ml\/","url":"https:\/\/stategridargentina.com.ar\/catalogo\/producto\/bebida-lactea-vain-la-serenisima-sachet-900ml\/","name":"Bebida Lactea Vain La Serenisima Sachet 900ml - STATE GRID ARGENTINA - Cat\u00e1logo","isPartOf":{"@id":"https:\/\/stategridargentina.com.ar\/catalogo\/#website"},"primaryImageOfPage":{"@id":"https:\/\/stategridargentina.com.ar\/catalogo\/producto\/bebida-lactea-vain-la-serenisima-sachet-900ml\/#primaryimage"},"image":{"@id":"https:\/\/stategridargentina.com.ar\/catalogo\/producto\/bebida-lactea-vain-la-serenisima-sachet-900ml\/#primaryimage"},"thumbnailUrl":"https:\/\/stategridargentina.com.ar\/catalogo\/wp-content\/uploads\/2025\/03\/56.webp","datePublished":"2025-03-13T17:53:25+00:00","dateModified":"2025-03-13T17:54:34+00:00","breadcrumb":{"@id":"https:\/\/stategridargentina.com.ar\/catalogo\/producto\/bebida-lactea-vain-la-serenisima-sachet-900ml\/#breadcrumb"},"inLanguage":"es","potentialAction":[{"@type":"ReadAction","target":["https:\/\/stategridargentina.com.ar\/catalogo\/producto\/bebida-lactea-vain-la-serenisima-sachet-900ml\/"]}]},{"@type":"ImageObject","inLanguage":"es","@id":"https:\/\/stategridargentina.com.ar\/catalogo\/producto\/bebida-lactea-vain-la-serenisima-sachet-900ml\/#primaryimage","url":"https:\/\/stategridargentina.com.ar\/catalogo\/wp-content\/uploads\/2025\/03\/56.webp","contentUrl":"https:\/\/stategridargentina.com.ar\/catalogo\/wp-content\/uploads\/2025\/03\/56.webp","width":1000,"height":1000},{"@type":"BreadcrumbList","@id":"https:\/\/stategridargentina.com.ar\/catalogo\/producto\/bebida-lactea-vain-la-serenisima-sachet-900ml\/#breadcrumb","itemListElement":[{"@type":"ListItem","position":1,"name":"Portada","item":"https:\/\/stategridargentina.com.ar\/catalogo\/"},{"@type":"ListItem","position":2,"name":"Catalogo","item":"https:\/\/stategridargentina.com.ar\/catalogo\/"},{"@type":"ListItem","position":3,"name":"Bebida Lactea Vain La Serenisima Sachet 900ml"}]},{"@type":"WebSite","@id":"https:\/\/stategridargentina.com.ar\/catalogo\/#website","url":"https:\/\/stategridargentina.com.ar\/catalogo\/","name":"STATE GRID Catalogo","description":"","potentialAction":[{"@type":"SearchAction","target":{"@type":"EntryPoint","urlTemplate":"https:\/\/stategridargentina.com.ar\/catalogo\/?s={search_term_string}"},"query-input":{"@type":"PropertyValueSpecification","valueRequired":true,"valueName":"search_term_string"}}],"inLanguage":"es"}]}},"_links":{"self":[{"href":"https:\/\/stategridargentina.com.ar\/catalogo\/wp-json\/wp\/v2\/product\/4932","targetHints":{"allow":["GET"]}}],"collection":[{"href":"https:\/\/stategridargentina.com.ar\/catalogo\/wp-json\/wp\/v2\/product"}],"about":[{"href":"https:\/\/stategridargentina.com.ar\/catalogo\/wp-json\/wp\/v2\/types\/product"}],"wp:featuredmedia":[{"embeddable":true,"href":"https:\/\/stategridargentina.com.ar\/catalogo\/wp-json\/wp\/v2\/media\/4904"}],"wp:attachment":[{"href":"https:\/\/stategridargentina.com.ar\/catalogo\/wp-json\/wp\/v2\/media?parent=4932"}],"wp:term":[{"taxonomy":"product_cat","embeddable":true,"href":"https:\/\/stategridargentina.com.ar\/catalogo\/wp-json\/wp\/v2\/product_cat?post=4932"},{"taxonomy":"product_tag","embeddable":true,"href":"https:\/\/stategridargentina.com.ar\/catalogo\/wp-json\/wp\/v2\/product_tag?post=4932"}],"curies":[{"name":"wp","href":"https:\/\/api.w.org\/{rel}","templated":true}]}}