{"id":4873,"date":"2025-03-13T12:55:14","date_gmt":"2025-03-13T12:55:14","guid":{"rendered":"https:\/\/stategridargentina.com.ar\/catalogo\/?post_type=product&#038;p=4873"},"modified":"2025-03-13T12:55:15","modified_gmt":"2025-03-13T12:55:15","slug":"bebida-lactea-a-b-leche-ent-ls-sense-caramel-brik-1l","status":"publish","type":"product","link":"https:\/\/stategridargentina.com.ar\/catalogo\/producto\/bebida-lactea-a-b-leche-ent-ls-sense-caramel-brik-1l\/","title":{"rendered":"Bebida Lactea A B\/ Leche Ent Ls Sense Caramel Brik 1l"},"content":{"rendered":"<p>Leche entera, dulce de leche, caf\u00e9, colorante caramelo, colorante amarillo ocaso, aromatizante id\u00e9ntico al natural caramelo, agua, s\u00f3lidos l\u00e1cteos, jarabe de sacarosa, almid\u00f3n, sal, calcio, vitamina a, vitamina d, regulador de acidez bicarbonato de sodio, regulador de acidez hidr\u00f3xido de sodio, estabilizante goma gellan, edulcorante sucralosa, leche<\/p>\n","protected":false},"excerpt":{"rendered":"<p>Leche entera, dulce de leche, caf\u00e9, colorante caramelo, colorante amarillo ocaso, aromatizante id\u00e9ntico al natural caramelo, agua, s\u00f3lidos l\u00e1cteos, jarabe de sacarosa, almid\u00f3n, sal, calcio, vitamina a, vitamina d, regulador de acidez bicarbonato de sodio, regulador de acidez hidr\u00f3xido de sodio, estabilizante goma gellan, edulcorante sucralosa, leche<\/p>\n","protected":false},"featured_media":4819,"template":"","meta":{"_joinchat":[]},"product_cat":[215],"product_tag":[],"class_list":{"0":"post-4873","1":"product","2":"type-product","3":"status-publish","4":"has-post-thumbnail","6":"product_cat-leches","8":"first","9":"instock","10":"shipping-taxable","11":"product-type-simple","12":"col-xs-6 col-sm-4","13":"col-md-3 col-lg-3","14":"un-4-cols"},"yoast_head":"<!-- This site is optimized with the Yoast SEO plugin v27.5 - https:\/\/yoast.com\/product\/yoast-seo-wordpress\/ -->\n<title>Bebida Lactea A B\/ Leche Ent Ls Sense Caramel Brik 1l - STATE GRID ARGENTINA - Cat\u00e1logo<\/title>\n<meta name=\"robots\" content=\"index, follow, max-snippet:-1, max-image-preview:large, max-video-preview:-1\" \/>\n<link rel=\"canonical\" href=\"https:\/\/stategridargentina.com.ar\/catalogo\/producto\/bebida-lactea-a-b-leche-ent-ls-sense-caramel-brik-1l\/\" \/>\n<meta property=\"og:locale\" content=\"es_ES\" \/>\n<meta property=\"og:type\" content=\"article\" \/>\n<meta property=\"og:title\" content=\"Bebida Lactea A B\/ Leche Ent Ls Sense Caramel Brik 1l - STATE GRID ARGENTINA - Cat\u00e1logo\" \/>\n<meta property=\"og:description\" content=\"Leche entera, dulce de leche, caf\u00e9, colorante caramelo, colorante amarillo ocaso, aromatizante id\u00e9ntico al natural caramelo, agua, s\u00f3lidos l\u00e1cteos, jarabe de sacarosa, almid\u00f3n, sal, calcio, vitamina a, vitamina d, regulador de acidez bicarbonato de sodio, regulador de acidez hidr\u00f3xido de sodio, estabilizante goma gellan, edulcorante sucralosa, leche\" \/>\n<meta property=\"og:url\" content=\"https:\/\/stategridargentina.com.ar\/catalogo\/producto\/bebida-lactea-a-b-leche-ent-ls-sense-caramel-brik-1l\/\" \/>\n<meta property=\"og:site_name\" content=\"STATE GRID ARGENTINA - Cat\u00e1logo\" \/>\n<meta property=\"article:modified_time\" content=\"2025-03-13T12:55:15+00:00\" \/>\n<meta property=\"og:image\" content=\"https:\/\/stategridargentina.com.ar\/catalogo\/wp-content\/uploads\/2025\/03\/33-1.jpg\" \/>\n\t<meta property=\"og:image:width\" content=\"1000\" \/>\n\t<meta property=\"og:image:height\" content=\"1000\" \/>\n\t<meta property=\"og:image:type\" content=\"image\/jpeg\" \/>\n<meta name=\"twitter:card\" content=\"summary_large_image\" \/>\n<meta name=\"twitter:label1\" content=\"Tiempo de lectura\" \/>\n\t<meta name=\"twitter:data1\" content=\"1 minuto\" \/>\n<script type=\"application\/ld+json\" class=\"yoast-schema-graph\">{\"@context\":\"https:\\\/\\\/schema.org\",\"@graph\":[{\"@type\":\"WebPage\",\"@id\":\"https:\\\/\\\/stategridargentina.com.ar\\\/catalogo\\\/producto\\\/bebida-lactea-a-b-leche-ent-ls-sense-caramel-brik-1l\\\/\",\"url\":\"https:\\\/\\\/stategridargentina.com.ar\\\/catalogo\\\/producto\\\/bebida-lactea-a-b-leche-ent-ls-sense-caramel-brik-1l\\\/\",\"name\":\"Bebida Lactea A B\\\/ Leche Ent Ls Sense Caramel Brik 1l - STATE GRID ARGENTINA - Cat\u00e1logo\",\"isPartOf\":{\"@id\":\"https:\\\/\\\/stategridargentina.com.ar\\\/catalogo\\\/#website\"},\"primaryImageOfPage\":{\"@id\":\"https:\\\/\\\/stategridargentina.com.ar\\\/catalogo\\\/producto\\\/bebida-lactea-a-b-leche-ent-ls-sense-caramel-brik-1l\\\/#primaryimage\"},\"image\":{\"@id\":\"https:\\\/\\\/stategridargentina.com.ar\\\/catalogo\\\/producto\\\/bebida-lactea-a-b-leche-ent-ls-sense-caramel-brik-1l\\\/#primaryimage\"},\"thumbnailUrl\":\"https:\\\/\\\/stategridargentina.com.ar\\\/catalogo\\\/wp-content\\\/uploads\\\/2025\\\/03\\\/33-1.jpg\",\"datePublished\":\"2025-03-13T12:55:14+00:00\",\"dateModified\":\"2025-03-13T12:55:15+00:00\",\"breadcrumb\":{\"@id\":\"https:\\\/\\\/stategridargentina.com.ar\\\/catalogo\\\/producto\\\/bebida-lactea-a-b-leche-ent-ls-sense-caramel-brik-1l\\\/#breadcrumb\"},\"inLanguage\":\"es\",\"potentialAction\":[{\"@type\":\"ReadAction\",\"target\":[\"https:\\\/\\\/stategridargentina.com.ar\\\/catalogo\\\/producto\\\/bebida-lactea-a-b-leche-ent-ls-sense-caramel-brik-1l\\\/\"]}]},{\"@type\":\"ImageObject\",\"inLanguage\":\"es\",\"@id\":\"https:\\\/\\\/stategridargentina.com.ar\\\/catalogo\\\/producto\\\/bebida-lactea-a-b-leche-ent-ls-sense-caramel-brik-1l\\\/#primaryimage\",\"url\":\"https:\\\/\\\/stategridargentina.com.ar\\\/catalogo\\\/wp-content\\\/uploads\\\/2025\\\/03\\\/33-1.jpg\",\"contentUrl\":\"https:\\\/\\\/stategridargentina.com.ar\\\/catalogo\\\/wp-content\\\/uploads\\\/2025\\\/03\\\/33-1.jpg\",\"width\":1000,\"height\":1000,\"caption\":\"Bebida Lactea A B\\\/ Leche Ent Ls Sense Caramel Brik 1l\"},{\"@type\":\"BreadcrumbList\",\"@id\":\"https:\\\/\\\/stategridargentina.com.ar\\\/catalogo\\\/producto\\\/bebida-lactea-a-b-leche-ent-ls-sense-caramel-brik-1l\\\/#breadcrumb\",\"itemListElement\":[{\"@type\":\"ListItem\",\"position\":1,\"name\":\"Portada\",\"item\":\"https:\\\/\\\/stategridargentina.com.ar\\\/catalogo\\\/\"},{\"@type\":\"ListItem\",\"position\":2,\"name\":\"Catalogo\",\"item\":\"https:\\\/\\\/stategridargentina.com.ar\\\/catalogo\\\/\"},{\"@type\":\"ListItem\",\"position\":3,\"name\":\"Bebida Lactea A B\\\/ Leche Ent Ls Sense Caramel Brik 1l\"}]},{\"@type\":\"WebSite\",\"@id\":\"https:\\\/\\\/stategridargentina.com.ar\\\/catalogo\\\/#website\",\"url\":\"https:\\\/\\\/stategridargentina.com.ar\\\/catalogo\\\/\",\"name\":\"STATE GRID Catalogo\",\"description\":\"\",\"potentialAction\":[{\"@type\":\"SearchAction\",\"target\":{\"@type\":\"EntryPoint\",\"urlTemplate\":\"https:\\\/\\\/stategridargentina.com.ar\\\/catalogo\\\/?s={search_term_string}\"},\"query-input\":{\"@type\":\"PropertyValueSpecification\",\"valueRequired\":true,\"valueName\":\"search_term_string\"}}],\"inLanguage\":\"es\"}]}<\/script>\n<!-- \/ Yoast SEO plugin. -->","yoast_head_json":{"title":"Bebida Lactea A B\/ Leche Ent Ls Sense Caramel Brik 1l - STATE GRID ARGENTINA - Cat\u00e1logo","robots":{"index":"index","follow":"follow","max-snippet":"max-snippet:-1","max-image-preview":"max-image-preview:large","max-video-preview":"max-video-preview:-1"},"canonical":"https:\/\/stategridargentina.com.ar\/catalogo\/producto\/bebida-lactea-a-b-leche-ent-ls-sense-caramel-brik-1l\/","og_locale":"es_ES","og_type":"article","og_title":"Bebida Lactea A B\/ Leche Ent Ls Sense Caramel Brik 1l - STATE GRID ARGENTINA - Cat\u00e1logo","og_description":"Leche entera, dulce de leche, caf\u00e9, colorante caramelo, colorante amarillo ocaso, aromatizante id\u00e9ntico al natural caramelo, agua, s\u00f3lidos l\u00e1cteos, jarabe de sacarosa, almid\u00f3n, sal, calcio, vitamina a, vitamina d, regulador de acidez bicarbonato de sodio, regulador de acidez hidr\u00f3xido de sodio, estabilizante goma gellan, edulcorante sucralosa, leche","og_url":"https:\/\/stategridargentina.com.ar\/catalogo\/producto\/bebida-lactea-a-b-leche-ent-ls-sense-caramel-brik-1l\/","og_site_name":"STATE GRID ARGENTINA - Cat\u00e1logo","article_modified_time":"2025-03-13T12:55:15+00:00","og_image":[{"width":1000,"height":1000,"url":"https:\/\/stategridargentina.com.ar\/catalogo\/wp-content\/uploads\/2025\/03\/33-1.jpg","type":"image\/jpeg"}],"twitter_card":"summary_large_image","twitter_misc":{"Tiempo de lectura":"1 minuto"},"schema":{"@context":"https:\/\/schema.org","@graph":[{"@type":"WebPage","@id":"https:\/\/stategridargentina.com.ar\/catalogo\/producto\/bebida-lactea-a-b-leche-ent-ls-sense-caramel-brik-1l\/","url":"https:\/\/stategridargentina.com.ar\/catalogo\/producto\/bebida-lactea-a-b-leche-ent-ls-sense-caramel-brik-1l\/","name":"Bebida Lactea A B\/ Leche Ent Ls Sense Caramel Brik 1l - STATE GRID ARGENTINA - Cat\u00e1logo","isPartOf":{"@id":"https:\/\/stategridargentina.com.ar\/catalogo\/#website"},"primaryImageOfPage":{"@id":"https:\/\/stategridargentina.com.ar\/catalogo\/producto\/bebida-lactea-a-b-leche-ent-ls-sense-caramel-brik-1l\/#primaryimage"},"image":{"@id":"https:\/\/stategridargentina.com.ar\/catalogo\/producto\/bebida-lactea-a-b-leche-ent-ls-sense-caramel-brik-1l\/#primaryimage"},"thumbnailUrl":"https:\/\/stategridargentina.com.ar\/catalogo\/wp-content\/uploads\/2025\/03\/33-1.jpg","datePublished":"2025-03-13T12:55:14+00:00","dateModified":"2025-03-13T12:55:15+00:00","breadcrumb":{"@id":"https:\/\/stategridargentina.com.ar\/catalogo\/producto\/bebida-lactea-a-b-leche-ent-ls-sense-caramel-brik-1l\/#breadcrumb"},"inLanguage":"es","potentialAction":[{"@type":"ReadAction","target":["https:\/\/stategridargentina.com.ar\/catalogo\/producto\/bebida-lactea-a-b-leche-ent-ls-sense-caramel-brik-1l\/"]}]},{"@type":"ImageObject","inLanguage":"es","@id":"https:\/\/stategridargentina.com.ar\/catalogo\/producto\/bebida-lactea-a-b-leche-ent-ls-sense-caramel-brik-1l\/#primaryimage","url":"https:\/\/stategridargentina.com.ar\/catalogo\/wp-content\/uploads\/2025\/03\/33-1.jpg","contentUrl":"https:\/\/stategridargentina.com.ar\/catalogo\/wp-content\/uploads\/2025\/03\/33-1.jpg","width":1000,"height":1000,"caption":"Bebida Lactea A B\/ Leche Ent Ls Sense Caramel Brik 1l"},{"@type":"BreadcrumbList","@id":"https:\/\/stategridargentina.com.ar\/catalogo\/producto\/bebida-lactea-a-b-leche-ent-ls-sense-caramel-brik-1l\/#breadcrumb","itemListElement":[{"@type":"ListItem","position":1,"name":"Portada","item":"https:\/\/stategridargentina.com.ar\/catalogo\/"},{"@type":"ListItem","position":2,"name":"Catalogo","item":"https:\/\/stategridargentina.com.ar\/catalogo\/"},{"@type":"ListItem","position":3,"name":"Bebida Lactea A B\/ Leche Ent Ls Sense Caramel Brik 1l"}]},{"@type":"WebSite","@id":"https:\/\/stategridargentina.com.ar\/catalogo\/#website","url":"https:\/\/stategridargentina.com.ar\/catalogo\/","name":"STATE GRID Catalogo","description":"","potentialAction":[{"@type":"SearchAction","target":{"@type":"EntryPoint","urlTemplate":"https:\/\/stategridargentina.com.ar\/catalogo\/?s={search_term_string}"},"query-input":{"@type":"PropertyValueSpecification","valueRequired":true,"valueName":"search_term_string"}}],"inLanguage":"es"}]}},"_links":{"self":[{"href":"https:\/\/stategridargentina.com.ar\/catalogo\/wp-json\/wp\/v2\/product\/4873","targetHints":{"allow":["GET"]}}],"collection":[{"href":"https:\/\/stategridargentina.com.ar\/catalogo\/wp-json\/wp\/v2\/product"}],"about":[{"href":"https:\/\/stategridargentina.com.ar\/catalogo\/wp-json\/wp\/v2\/types\/product"}],"wp:featuredmedia":[{"embeddable":true,"href":"https:\/\/stategridargentina.com.ar\/catalogo\/wp-json\/wp\/v2\/media\/4819"}],"wp:attachment":[{"href":"https:\/\/stategridargentina.com.ar\/catalogo\/wp-json\/wp\/v2\/media?parent=4873"}],"wp:term":[{"taxonomy":"product_cat","embeddable":true,"href":"https:\/\/stategridargentina.com.ar\/catalogo\/wp-json\/wp\/v2\/product_cat?post=4873"},{"taxonomy":"product_tag","embeddable":true,"href":"https:\/\/stategridargentina.com.ar\/catalogo\/wp-json\/wp\/v2\/product_tag?post=4873"}],"curies":[{"name":"wp","href":"https:\/\/api.w.org\/{rel}","templated":true}]}}