{"id":4708,"date":"2025-03-11T13:54:40","date_gmt":"2025-03-11T13:54:40","guid":{"rendered":"https:\/\/stategridargentina.com.ar\/catalogo\/?post_type=product&#038;p=4708"},"modified":"2025-03-11T16:57:44","modified_gmt":"2025-03-11T16:57:44","slug":"harina-000-vit-x-1-kg-favorita","status":"publish","type":"product","link":"https:\/\/stategridargentina.com.ar\/catalogo\/producto\/harina-000-vit-x-1-kg-favorita\/","title":{"rendered":"Harina 000 Vit X 1 Kg Favorita"},"content":{"rendered":"<p>Caracter\u00edsticas Destacadas<\/p>\n<p>Tipo de Producto<br \/>\nHarina de Trigo<\/p>\n<p>Pa\u00eds de Origen<br \/>\nArgentina<\/p>\n<p>Contenido Neto<br \/>\n1000 Gr<\/p>\n<p>Contiene Az\u00facar<br \/>\nNo<\/p>\n<p>Envase<br \/>\nBolsa<\/p>\n<p>Formato<br \/>\nPolvo<\/p>\n<p>Origen<br \/>\nNacional<\/p>\n<p>Pack-Unitario<br \/>\nUnitario<\/p>\n","protected":false},"excerpt":{"rendered":"<p>Caracter\u00edsticas Destacadas<\/p>\n<p>Tipo de Producto<br \/>\nHarina de Trigo<\/p>\n<p>Pa\u00eds de Origen<br \/>\nArgentina<\/p>\n<p>Contenido Neto<br \/>\n1000 Gr<\/p>\n<p>Contiene Az\u00facar<br \/>\nNo<\/p>\n<p>Envase<br \/>\nBolsa<\/p>\n<p>Formato<br \/>\nPolvo<\/p>\n<p>Origen<br \/>\nNacional<\/p>\n<p>Pack-Unitario<br \/>\nUnitario<\/p>\n","protected":false},"featured_media":4709,"template":"","meta":{"_joinchat":[]},"product_cat":[213],"product_tag":[],"class_list":{"0":"post-4708","1":"product","2":"type-product","3":"status-publish","4":"has-post-thumbnail","6":"product_cat-harinas","8":"first","9":"instock","10":"shipping-taxable","11":"product-type-simple","12":"col-xs-6 col-sm-4","13":"col-md-3 col-lg-3","14":"un-4-cols"},"yoast_head":"<!-- This site is optimized with the Yoast SEO plugin v27.5 - https:\/\/yoast.com\/product\/yoast-seo-wordpress\/ -->\n<title>Harina 000 Vit X 1 Kg Favorita - STATE GRID ARGENTINA - Cat\u00e1logo<\/title>\n<meta name=\"robots\" content=\"index, follow, max-snippet:-1, max-image-preview:large, max-video-preview:-1\" \/>\n<link rel=\"canonical\" href=\"https:\/\/stategridargentina.com.ar\/catalogo\/producto\/harina-000-vit-x-1-kg-favorita\/\" \/>\n<meta property=\"og:locale\" content=\"es_ES\" \/>\n<meta property=\"og:type\" content=\"article\" \/>\n<meta property=\"og:title\" content=\"Harina 000 Vit X 1 Kg Favorita - STATE GRID ARGENTINA - Cat\u00e1logo\" \/>\n<meta property=\"og:description\" content=\"Caracter\u00edsticas Destacadas  Tipo de Producto Harina de Trigo  Pa\u00eds de Origen Argentina  Contenido Neto 1000 Gr  Contiene Az\u00facar No  Envase Bolsa  Formato Polvo  Origen Nacional  Pack-Unitario Unitario\" \/>\n<meta property=\"og:url\" content=\"https:\/\/stategridargentina.com.ar\/catalogo\/producto\/harina-000-vit-x-1-kg-favorita\/\" \/>\n<meta property=\"og:site_name\" content=\"STATE GRID ARGENTINA - Cat\u00e1logo\" \/>\n<meta property=\"article:modified_time\" content=\"2025-03-11T16:57:44+00:00\" \/>\n<meta property=\"og:image\" content=\"https:\/\/stategridargentina.com.ar\/catalogo\/wp-content\/uploads\/2025\/03\/8-1.jpg\" \/>\n\t<meta property=\"og:image:width\" content=\"1000\" \/>\n\t<meta property=\"og:image:height\" content=\"1000\" \/>\n\t<meta property=\"og:image:type\" content=\"image\/jpeg\" \/>\n<meta name=\"twitter:card\" content=\"summary_large_image\" \/>\n<meta name=\"twitter:label1\" content=\"Tiempo de lectura\" \/>\n\t<meta name=\"twitter:data1\" content=\"1 minuto\" \/>\n<script type=\"application\/ld+json\" class=\"yoast-schema-graph\">{\"@context\":\"https:\\\/\\\/schema.org\",\"@graph\":[{\"@type\":\"WebPage\",\"@id\":\"https:\\\/\\\/stategridargentina.com.ar\\\/catalogo\\\/producto\\\/harina-000-vit-x-1-kg-favorita\\\/\",\"url\":\"https:\\\/\\\/stategridargentina.com.ar\\\/catalogo\\\/producto\\\/harina-000-vit-x-1-kg-favorita\\\/\",\"name\":\"Harina 000 Vit X 1 Kg Favorita - STATE GRID ARGENTINA - Cat\u00e1logo\",\"isPartOf\":{\"@id\":\"https:\\\/\\\/stategridargentina.com.ar\\\/catalogo\\\/#website\"},\"primaryImageOfPage\":{\"@id\":\"https:\\\/\\\/stategridargentina.com.ar\\\/catalogo\\\/producto\\\/harina-000-vit-x-1-kg-favorita\\\/#primaryimage\"},\"image\":{\"@id\":\"https:\\\/\\\/stategridargentina.com.ar\\\/catalogo\\\/producto\\\/harina-000-vit-x-1-kg-favorita\\\/#primaryimage\"},\"thumbnailUrl\":\"https:\\\/\\\/stategridargentina.com.ar\\\/catalogo\\\/wp-content\\\/uploads\\\/2025\\\/03\\\/8-1.jpg\",\"datePublished\":\"2025-03-11T13:54:40+00:00\",\"dateModified\":\"2025-03-11T16:57:44+00:00\",\"breadcrumb\":{\"@id\":\"https:\\\/\\\/stategridargentina.com.ar\\\/catalogo\\\/producto\\\/harina-000-vit-x-1-kg-favorita\\\/#breadcrumb\"},\"inLanguage\":\"es\",\"potentialAction\":[{\"@type\":\"ReadAction\",\"target\":[\"https:\\\/\\\/stategridargentina.com.ar\\\/catalogo\\\/producto\\\/harina-000-vit-x-1-kg-favorita\\\/\"]}]},{\"@type\":\"ImageObject\",\"inLanguage\":\"es\",\"@id\":\"https:\\\/\\\/stategridargentina.com.ar\\\/catalogo\\\/producto\\\/harina-000-vit-x-1-kg-favorita\\\/#primaryimage\",\"url\":\"https:\\\/\\\/stategridargentina.com.ar\\\/catalogo\\\/wp-content\\\/uploads\\\/2025\\\/03\\\/8-1.jpg\",\"contentUrl\":\"https:\\\/\\\/stategridargentina.com.ar\\\/catalogo\\\/wp-content\\\/uploads\\\/2025\\\/03\\\/8-1.jpg\",\"width\":1000,\"height\":1000,\"caption\":\"Harina 000 Vit X 1 Kg Favorita\"},{\"@type\":\"BreadcrumbList\",\"@id\":\"https:\\\/\\\/stategridargentina.com.ar\\\/catalogo\\\/producto\\\/harina-000-vit-x-1-kg-favorita\\\/#breadcrumb\",\"itemListElement\":[{\"@type\":\"ListItem\",\"position\":1,\"name\":\"Portada\",\"item\":\"https:\\\/\\\/stategridargentina.com.ar\\\/catalogo\\\/\"},{\"@type\":\"ListItem\",\"position\":2,\"name\":\"Catalogo\",\"item\":\"https:\\\/\\\/stategridargentina.com.ar\\\/catalogo\\\/\"},{\"@type\":\"ListItem\",\"position\":3,\"name\":\"Harina 000 Vit X 1 Kg Favorita\"}]},{\"@type\":\"WebSite\",\"@id\":\"https:\\\/\\\/stategridargentina.com.ar\\\/catalogo\\\/#website\",\"url\":\"https:\\\/\\\/stategridargentina.com.ar\\\/catalogo\\\/\",\"name\":\"STATE GRID Catalogo\",\"description\":\"\",\"potentialAction\":[{\"@type\":\"SearchAction\",\"target\":{\"@type\":\"EntryPoint\",\"urlTemplate\":\"https:\\\/\\\/stategridargentina.com.ar\\\/catalogo\\\/?s={search_term_string}\"},\"query-input\":{\"@type\":\"PropertyValueSpecification\",\"valueRequired\":true,\"valueName\":\"search_term_string\"}}],\"inLanguage\":\"es\"}]}<\/script>\n<!-- \/ Yoast SEO plugin. -->","yoast_head_json":{"title":"Harina 000 Vit X 1 Kg Favorita - STATE GRID ARGENTINA - Cat\u00e1logo","robots":{"index":"index","follow":"follow","max-snippet":"max-snippet:-1","max-image-preview":"max-image-preview:large","max-video-preview":"max-video-preview:-1"},"canonical":"https:\/\/stategridargentina.com.ar\/catalogo\/producto\/harina-000-vit-x-1-kg-favorita\/","og_locale":"es_ES","og_type":"article","og_title":"Harina 000 Vit X 1 Kg Favorita - STATE GRID ARGENTINA - Cat\u00e1logo","og_description":"Caracter\u00edsticas Destacadas  Tipo de Producto Harina de Trigo  Pa\u00eds de Origen Argentina  Contenido Neto 1000 Gr  Contiene Az\u00facar No  Envase Bolsa  Formato Polvo  Origen Nacional  Pack-Unitario Unitario","og_url":"https:\/\/stategridargentina.com.ar\/catalogo\/producto\/harina-000-vit-x-1-kg-favorita\/","og_site_name":"STATE GRID ARGENTINA - Cat\u00e1logo","article_modified_time":"2025-03-11T16:57:44+00:00","og_image":[{"width":1000,"height":1000,"url":"https:\/\/stategridargentina.com.ar\/catalogo\/wp-content\/uploads\/2025\/03\/8-1.jpg","type":"image\/jpeg"}],"twitter_card":"summary_large_image","twitter_misc":{"Tiempo de lectura":"1 minuto"},"schema":{"@context":"https:\/\/schema.org","@graph":[{"@type":"WebPage","@id":"https:\/\/stategridargentina.com.ar\/catalogo\/producto\/harina-000-vit-x-1-kg-favorita\/","url":"https:\/\/stategridargentina.com.ar\/catalogo\/producto\/harina-000-vit-x-1-kg-favorita\/","name":"Harina 000 Vit X 1 Kg Favorita - STATE GRID ARGENTINA - Cat\u00e1logo","isPartOf":{"@id":"https:\/\/stategridargentina.com.ar\/catalogo\/#website"},"primaryImageOfPage":{"@id":"https:\/\/stategridargentina.com.ar\/catalogo\/producto\/harina-000-vit-x-1-kg-favorita\/#primaryimage"},"image":{"@id":"https:\/\/stategridargentina.com.ar\/catalogo\/producto\/harina-000-vit-x-1-kg-favorita\/#primaryimage"},"thumbnailUrl":"https:\/\/stategridargentina.com.ar\/catalogo\/wp-content\/uploads\/2025\/03\/8-1.jpg","datePublished":"2025-03-11T13:54:40+00:00","dateModified":"2025-03-11T16:57:44+00:00","breadcrumb":{"@id":"https:\/\/stategridargentina.com.ar\/catalogo\/producto\/harina-000-vit-x-1-kg-favorita\/#breadcrumb"},"inLanguage":"es","potentialAction":[{"@type":"ReadAction","target":["https:\/\/stategridargentina.com.ar\/catalogo\/producto\/harina-000-vit-x-1-kg-favorita\/"]}]},{"@type":"ImageObject","inLanguage":"es","@id":"https:\/\/stategridargentina.com.ar\/catalogo\/producto\/harina-000-vit-x-1-kg-favorita\/#primaryimage","url":"https:\/\/stategridargentina.com.ar\/catalogo\/wp-content\/uploads\/2025\/03\/8-1.jpg","contentUrl":"https:\/\/stategridargentina.com.ar\/catalogo\/wp-content\/uploads\/2025\/03\/8-1.jpg","width":1000,"height":1000,"caption":"Harina 000 Vit X 1 Kg Favorita"},{"@type":"BreadcrumbList","@id":"https:\/\/stategridargentina.com.ar\/catalogo\/producto\/harina-000-vit-x-1-kg-favorita\/#breadcrumb","itemListElement":[{"@type":"ListItem","position":1,"name":"Portada","item":"https:\/\/stategridargentina.com.ar\/catalogo\/"},{"@type":"ListItem","position":2,"name":"Catalogo","item":"https:\/\/stategridargentina.com.ar\/catalogo\/"},{"@type":"ListItem","position":3,"name":"Harina 000 Vit X 1 Kg Favorita"}]},{"@type":"WebSite","@id":"https:\/\/stategridargentina.com.ar\/catalogo\/#website","url":"https:\/\/stategridargentina.com.ar\/catalogo\/","name":"STATE GRID Catalogo","description":"","potentialAction":[{"@type":"SearchAction","target":{"@type":"EntryPoint","urlTemplate":"https:\/\/stategridargentina.com.ar\/catalogo\/?s={search_term_string}"},"query-input":{"@type":"PropertyValueSpecification","valueRequired":true,"valueName":"search_term_string"}}],"inLanguage":"es"}]}},"_links":{"self":[{"href":"https:\/\/stategridargentina.com.ar\/catalogo\/wp-json\/wp\/v2\/product\/4708","targetHints":{"allow":["GET"]}}],"collection":[{"href":"https:\/\/stategridargentina.com.ar\/catalogo\/wp-json\/wp\/v2\/product"}],"about":[{"href":"https:\/\/stategridargentina.com.ar\/catalogo\/wp-json\/wp\/v2\/types\/product"}],"wp:featuredmedia":[{"embeddable":true,"href":"https:\/\/stategridargentina.com.ar\/catalogo\/wp-json\/wp\/v2\/media\/4709"}],"wp:attachment":[{"href":"https:\/\/stategridargentina.com.ar\/catalogo\/wp-json\/wp\/v2\/media?parent=4708"}],"wp:term":[{"taxonomy":"product_cat","embeddable":true,"href":"https:\/\/stategridargentina.com.ar\/catalogo\/wp-json\/wp\/v2\/product_cat?post=4708"},{"taxonomy":"product_tag","embeddable":true,"href":"https:\/\/stategridargentina.com.ar\/catalogo\/wp-json\/wp\/v2\/product_tag?post=4708"}],"curies":[{"name":"wp","href":"https:\/\/api.w.org\/{rel}","templated":true}]}}